{"id":30,"date":"2021-05-18T10:22:06","date_gmt":"2021-05-18T13:22:06","guid":{"rendered":"https:\/\/www.sescpr.com.br\/xadrez\/?page_id=30"},"modified":"2026-02-13T11:21:06","modified_gmt":"2026-02-13T14:21:06","slug":"o-circuito","status":"publish","type":"page","link":"https:\/\/www.sescpr.com.br\/xadrez\/o-circuito\/","title":{"rendered":"O Circuito"},"content":{"rendered":"\n<h4 class=\"wp-block-heading has-text-align-center\" style=\"font-size:28px\">O Circuito Sesc de Xadrez \u00e9 o maior torneio da modalidade no Estado do Paran\u00e1.<\/h4>\n\n\n\n<p class=\"has-text-align-center\">Iniciado em 2018, o Circuito Sesc de Xadrez aconteceu em 8 cidades paranaenses, como piloto visando a expans\u00e3o no n\u00ba de etapas e participantes.<\/p>\n\n\n\n<p class=\"has-text-align-center\">Em 2019, triplicamos tamanho do torneio, que passou a acontecer em 24 cidades, atingindo todas as regi\u00f5es do estado. <\/p>\n\n\n\n<p class=\"has-text-align-center\">Em 2021, diante dos desafios da Pandemia da Covid-19, nos reinventamos e  transformamos o j\u00e1 ent\u00e3o maior Circuito de Xadrez do Paran\u00e1 em um dos maiores Torneios de Xadrez On-line do Brasil, atingindo mais de 4.100 participantes.<\/p>\n\n\n\n<p class=\"has-text-align-center\">Desde 2023, o Circuito Sesc de Xadrez conta com 27 etapas em todas as regi\u00f5es do Estado do Paran\u00e1.<\/p>\n\n\n\n<p class=\"has-text-align-center\"><a href=\"https:\/\/www.sescpr.com.br\/xadrez\/classificacao-final-2025\/\" data-type=\"link\" data-id=\"https:\/\/www.sescpr.com.br\/xadrez\/classificacao-final-2025\/\">Clique aqui<\/a> para conhecer  os Vencedores de 2025<\/p>\n\n\n\n<p class=\"has-text-align-center\"><a href=\"https:\/\/www.sescpr.com.br\/xadrez\/calendario\/\" target=\"_blank\" rel=\"noreferrer noopener\">Clique aqu<\/a>i para conferir o calend\u00e1rio 2026.<\/p>\n\n\n\n<p class=\"has-text-align-center\"><a href=\"https:\/\/www.sescpr.com.br\/xadrez\/regulamento\/\">Clique aqui <\/a>para conferir o <strong>regulamento <\/strong>da competi\u00e7\u00e3o<\/p>\n\n\n\n<p class=\"has-text-align-center\"><br>As inscri\u00e7\u00f5es para as etapas de 2026 iniciar\u00e3o em fevereiro. Fique ligado e boa sorte!<\/p>\n\n\n\n<p class=\"has-text-align-center\" style=\"font-size:28px\"><\/p>\n","protected":false},"excerpt":{"rendered":"<p>O Circuito Sesc de Xadrez \u00e9 o maior torneio da modalidade no Estado do Paran\u00e1. Iniciado em 2018, o Circuito Sesc de Xadrez aconteceu em 8 cidades paranaenses, como piloto visando a expans\u00e3o no n\u00ba de etapas e participantes. Em 2019, triplicamos tamanho do torneio, que passou a acontecer em 24 cidades, atingindo todas as [&hellip;]<\/p>\n","protected":false},"author":734,"featured_media":0,"parent":0,"menu_order":0,"comment_status":"closed","ping_status":"closed","template":"","meta":{"footnotes":""},"_links":{"self":[{"href":"https:\/\/www.sescpr.com.br\/xadrez\/wp-json\/wp\/v2\/pages\/30"}],"collection":[{"href":"https:\/\/www.sescpr.com.br\/xadrez\/wp-json\/wp\/v2\/pages"}],"about":[{"href":"https:\/\/www.sescpr.com.br\/xadrez\/wp-json\/wp\/v2\/types\/page"}],"author":[{"embeddable":true,"href":"https:\/\/www.sescpr.com.br\/xadrez\/wp-json\/wp\/v2\/users\/734"}],"replies":[{"embeddable":true,"href":"https:\/\/www.sescpr.com.br\/xadrez\/wp-json\/wp\/v2\/comments?post=30"}],"version-history":[{"count":1,"href":"https:\/\/www.sescpr.com.br\/xadrez\/wp-json\/wp\/v2\/pages\/30\/revisions"}],"predecessor-version":[{"id":924,"href":"https:\/\/www.sescpr.com.br\/xadrez\/wp-json\/wp\/v2\/pages\/30\/revisions\/924"}],"wp:attachment":[{"href":"https:\/\/www.sescpr.com.br\/xadrez\/wp-json\/wp\/v2\/media?parent=30"}],"curies":[{"name":"wp","href":"https:\/\/api.w.org\/{rel}","templated":true}]}}