{"id":990,"date":"2019-03-08T17:57:56","date_gmt":"2019-03-08T20:57:56","guid":{"rendered":"https:\/\/www.sescpr.com.br\/triathlon\/?page_id=990"},"modified":"2026-01-26T09:19:22","modified_gmt":"2026-01-26T12:19:22","slug":"assessorias-e-grupos-montagem-de-tendas","status":"publish","type":"page","link":"https:\/\/www.sescpr.com.br\/triathlon\/assessorias-e-grupos-montagem-de-tendas\/","title":{"rendered":"Assessorias e Grupos"},"content":{"rendered":"\n<h2 class=\"wp-block-heading\">Montagem de Tendas<\/h2>\n\n\n\n<p>A coordena\u00e7\u00e3o e organiza\u00e7\u00e3o do espa\u00e7o reservado para tendas de assessorias\/grupos ser\u00e1 de responsabilidade do&nbsp;Sesc&nbsp;Paran\u00e1, com a devida autoriza\u00e7\u00e3o da Prefeitura Municipal de Matinhos.<\/p>\n\n\n\n<p>Sendo assim, seguem, abaixo, as informa\u00e7\u00f5es sobre a utiliza\u00e7\u00e3o dos espa\u00e7os:<\/p>\n\n\n\n<ul>\n<li>A reserva dos espa\u00e7os estar\u00e1 dispon\u00edvel a partir do dia\u00a0<strong>05\/02\/2026\u00a0(quinta-feira)<\/strong>, das <strong>9h \u00e0s 12h<\/strong> e das <strong>13h30 \u00e0s 17h<\/strong>, e se dar\u00e1 <strong>atrav\u00e9s de recebimento da solicita\u00e7\u00e3o atrav\u00e9s do e-mail <strong>eventos.caioba@sescpr<\/strong>.com.br.<\/strong><\/li>\n\n\n\n<li>O comprovante de pagamento da taxa e a c\u00f3pia do registro no CREF (Conselho Regional de Educa\u00e7\u00e3o F\u00edsica) do respons\u00e1vel t\u00e9cnico pela assessoria\/grupo dever\u00e3o ser encaminhados por e-mail para <strong>eventos.caioba@sescpr.com.br<\/strong>. Caso o envio n\u00e3o seja efetivado dentro do prazo de&nbsp;5&nbsp;(cinco) dias, automaticamente a reserva ser\u00e1 cancelada.<\/li>\n\n\n\n<li>O espa\u00e7o dispon\u00edvel para a tenda ser\u00e1 de 3 m x 3 m e a venda ser\u00e1 limitada a, no m\u00e1ximo,&nbsp;2&nbsp;(dois) espa\u00e7os por assessoria\/grupo.<\/li>\n\n\n\n<li>Dias e hor\u00e1rios de montagem:\n<ul>\n<li>Dia&nbsp;14&nbsp;de mar\u00e7o de 2026: 14h \u00e0s 16h<\/li>\n\n\n\n<li>Dia&nbsp;15&nbsp;de mar\u00e7o de 2026: 4h \u00e0s 5h&nbsp;<\/li>\n<\/ul>\n<\/li>\n\n\n\n<li>A desmontagem poder\u00e1 ser realizada somente ap\u00f3s o encerramento da prova, com a chegada de todos os atletas.<\/li>\n\n\n\n<li>N\u00e3o ser\u00e1 permitida a montagem de tendas\/estruturas fora dos dias, hor\u00e1rios e locais estabelecidos pelo&nbsp;Sesc&nbsp;Paran\u00e1. O acompanhamento&nbsp;da mesma&nbsp;ser\u00e1 realizado pelo Coordenador do&nbsp;Sesc&nbsp;no local, com a anu\u00eancia da Prefeitura Municipal de Matinhos e o apoio da Pol\u00edcia Militar do Paran\u00e1.<\/li>\n\n\n\n<li>Valores: <ul><li><strong>Setor amarelo e vermelho: R$250,00<\/strong> (por espa\u00e7o);<\/li><li><strong>Setor verde: R$190,00<\/strong> (por espa\u00e7o);<\/li><li><strong>Setor azul: R$155,00<\/strong> (por espa\u00e7o);<\/li><\/ul><\/li>\n<\/ul>\n\n\n\n<ul>\n<li>A organiza\u00e7\u00e3o reserva o direto de alterar os locais conforme necessidade t\u00e9cnica, sem aviso pr\u00e9vio.<\/li>\n\n\n\n<li>Croqui do espa\u00e7o:<\/li>\n<\/ul>\n\n\n\n<figure class=\"wp-block-image size-full\"><a href=\"https:\/\/www.sescpr.com.br\/triathlon\/wp-content\/uploads\/sites\/45\/2026\/01\/Asset-3@1200x-100-scaled.jpg\" target=\"_blank\" rel=\"noreferrer noopener\"><img loading=\"lazy\" decoding=\"async\" width=\"2560\" height=\"1440\" src=\"https:\/\/www.sescpr.com.br\/triathlon\/wp-content\/uploads\/sites\/45\/2026\/01\/Asset-3@1200x-100-scaled.jpg\" alt=\"\" class=\"wp-image-4076\" srcset=\"https:\/\/www.sescpr.com.br\/triathlon\/wp-content\/uploads\/sites\/45\/2026\/01\/Asset-3@1200x-100-scaled.jpg 2560w, https:\/\/www.sescpr.com.br\/triathlon\/wp-content\/uploads\/sites\/45\/2026\/01\/Asset-3@1200x-100-300x169.jpg 300w, https:\/\/www.sescpr.com.br\/triathlon\/wp-content\/uploads\/sites\/45\/2026\/01\/Asset-3@1200x-100-1024x576.jpg 1024w, https:\/\/www.sescpr.com.br\/triathlon\/wp-content\/uploads\/sites\/45\/2026\/01\/Asset-3@1200x-100-768x432.jpg 768w, https:\/\/www.sescpr.com.br\/triathlon\/wp-content\/uploads\/sites\/45\/2026\/01\/Asset-3@1200x-100-1536x864.jpg 1536w, https:\/\/www.sescpr.com.br\/triathlon\/wp-content\/uploads\/sites\/45\/2026\/01\/Asset-3@1200x-100-2048x1152.jpg 2048w\" sizes=\"(max-width: 2560px) 100vw, 2560px\" \/><\/a><\/figure>\n","protected":false},"excerpt":{"rendered":"<p>Montagem de Tendas A coordena\u00e7\u00e3o e organiza\u00e7\u00e3o do espa\u00e7o reservado para tendas de assessorias\/grupos ser\u00e1 de responsabilidade do&nbsp;Sesc&nbsp;Paran\u00e1, com a devida autoriza\u00e7\u00e3o da Prefeitura Municipal de Matinhos. Sendo assim, seguem, abaixo, as informa\u00e7\u00f5es sobre a utiliza\u00e7\u00e3o dos espa\u00e7os: [&#8230;]<\/p>\n<p><a class=\"btn btn-secondary understrap-read-more-link\" href=\"https:\/\/www.sescpr.com.br\/triathlon\/assessorias-e-grupos-montagem-de-tendas\/\">Read More&#8230;<span class=\"screen-reader-text\"> from Assessorias e Grupos<\/span><\/a><\/p>\n","protected":false},"author":10,"featured_media":0,"parent":0,"menu_order":0,"comment_status":"closed","ping_status":"closed","template":"","meta":{"footnotes":""},"_links":{"self":[{"href":"https:\/\/www.sescpr.com.br\/triathlon\/wp-json\/wp\/v2\/pages\/990"}],"collection":[{"href":"https:\/\/www.sescpr.com.br\/triathlon\/wp-json\/wp\/v2\/pages"}],"about":[{"href":"https:\/\/www.sescpr.com.br\/triathlon\/wp-json\/wp\/v2\/types\/page"}],"author":[{"embeddable":true,"href":"https:\/\/www.sescpr.com.br\/triathlon\/wp-json\/wp\/v2\/users\/10"}],"replies":[{"embeddable":true,"href":"https:\/\/www.sescpr.com.br\/triathlon\/wp-json\/wp\/v2\/comments?post=990"}],"version-history":[{"count":18,"href":"https:\/\/www.sescpr.com.br\/triathlon\/wp-json\/wp\/v2\/pages\/990\/revisions"}],"predecessor-version":[{"id":4075,"href":"https:\/\/www.sescpr.com.br\/triathlon\/wp-json\/wp\/v2\/pages\/990\/revisions\/4075"}],"wp:attachment":[{"href":"https:\/\/www.sescpr.com.br\/triathlon\/wp-json\/wp\/v2\/media?parent=990"}],"curies":[{"name":"wp","href":"https:\/\/api.w.org\/{rel}","templated":true}]}}