{"id":289,"date":"2013-11-08T16:58:15","date_gmt":"2013-11-08T16:58:15","guid":{"rendered":"https:\/\/www.sescpr.com.br\/triathlon\/?page_id=289"},"modified":"2025-11-19T13:40:24","modified_gmt":"2025-11-19T16:40:24","slug":"sobre-o-sesc-triathlon","status":"publish","type":"page","link":"https:\/\/www.sescpr.com.br\/triathlon\/sobre-o-sesc-triathlon\/","title":{"rendered":"Sobre o Sesc Triathlon"},"content":{"rendered":"\n<p>O Sesc Paran\u00e1 desenvolve desde 1989 o Sesc Triathlon, competi\u00e7\u00e3o que engloba tr\u00eas modalidades esportivas: Nata\u00e7\u00e3o, Ciclismo e Corrida. Tem como objetivo incentivar e estimular a pr\u00e1tica de atividades f\u00edsicas por meio de uma prova festiva, de elevada qualidade t\u00e9cnica e grande repercuss\u00e3o nacional.<\/p>\n\n\n\n<p>A primeira edi\u00e7\u00e3o do Sesc Triathlon no Paran\u00e1 foi realizada na dist\u00e2ncia <em>short<\/em>, com 750 m para a nata\u00e7\u00e3o, 20 km para o ciclismo e 5 km para corrida, dist\u00e2ncias que correspondem \u00e0 metade das oficiais do Triathlon Ol\u00edmpico.<\/p>\n\n\n\n<p>Na sua 10\u00aa edi\u00e7\u00e3o, o Triathlon passou a ter duas provas: a Ol\u00edmpica, com as dist\u00e2ncias 1,5 km para a nata\u00e7\u00e3o, 40 km para o ciclismo e 10 km para a corrida, somente para os atletas da Elite; os Amadores continuaram a competir com o percurso s<em>hort<\/em>.<\/p>\n\n\n\n<p>Em 2013, na 25\u00aa edi\u00e7\u00e3o do Sesc Triathlon em Caiob\u00e1 foi implantada a categoria Amador Ol\u00edmpico, que foi disputada nas mesmas dist\u00e2ncias da categoria Elite por atletas que queriam novos desafios, mantendo a mesma sincronia de sempre, nos tempos e hor\u00e1rios de <em>check-in<\/em>, largadas e chegadas.<\/p>\n\n\n\n<p>Em 2019 foi feita a inclus\u00e3o da categoria revezamento em trios, mantendo a formata\u00e7\u00e3o desde ent\u00e3o.<\/p>\n\n\n\n<p>Em 2020 a prova teve seu recorde de participantes: 1.450 triatletas.<\/p>\n\n\n\n<p>Somente em 2021 que a 32\u00aa edi\u00e7\u00e3o n\u00e3o foi realizada devido \u00e0 pandemia do coronav\u00edrus.<\/p>\n\n\n\n<p>Em 2024,\u00a0a prova foi marcada pela sua 35\u00aa edi\u00e7\u00e3o e com recorde de participantes: 1.500 triatletas.\u00a0<\/p>\n\n\n\n<p>O Sesc Triathlon Caiob\u00e1 \u00e9 a prova com maior tradi\u00e7\u00e3o e uma das mais antigas em atividade na atualidade.<\/p>\n\n\n\n<p>Historicamente, a procura para a participa\u00e7\u00e3o no evento \u00e9 grande, fazendo com que as inscri\u00e7\u00f5es se encerrem um poucos minutos.<\/p>\n\n\n\n<hr class=\"wp-block-separator has-alpha-channel-opacity\"\/>\n\n\n\n<h2 class=\"wp-block-heading\">Caiob\u00e1<\/h2>\n\n\n\n<p>Localizado no munic\u00edpio de Matinhos \u2013 litoral paranaense \u2013 a 3 metros de altitude e a 111 km de Curitiba, o Balne\u00e1rio de Caiob\u00e1 conta com algumas das mais belas praias do sul do pa\u00eds. Suas praias Mansa, Bela, Brava e dos Amores s\u00e3o muito procuradas. Destaca-se tamb\u00e9m a Ilha das Tartarugas ou do Farol, pequena e recoberta por rica flora, conhecida tamb\u00e9m pelo farol existente no local, que orienta os barcos que adentram na ba\u00eda.<\/p>\n\n\n\n<p>As condi\u00e7\u00f5es clim\u00e1ticas previstas para Caiob\u00e1 na \u00e9poca do Triathlon podem variar de 20\u00baC a 35\u00baC, com possibilidade de chuvas e geralmente mar calmo.<\/p>\n","protected":false},"excerpt":{"rendered":"<p>O Sesc Paran\u00e1 desenvolve desde 1989 o Sesc Triathlon, competi\u00e7\u00e3o que engloba tr\u00eas modalidades esportivas: Nata\u00e7\u00e3o, Ciclismo e Corrida. Tem como objetivo incentivar e estimular a pr\u00e1tica de atividades f\u00edsicas por meio de uma prova festiva, de elevada qualidade t\u00e9cnica e grande repercuss\u00e3o nacional. A primeira edi\u00e7\u00e3o do Sesc Triathlon no Paran\u00e1 foi realizada na [&#8230;]<\/p>\n<p><a class=\"btn btn-secondary understrap-read-more-link\" href=\"https:\/\/www.sescpr.com.br\/triathlon\/sobre-o-sesc-triathlon\/\">Read More&#8230;<span class=\"screen-reader-text\"> from Sobre o Sesc Triathlon<\/span><\/a><\/p>\n","protected":false},"author":10,"featured_media":0,"parent":0,"menu_order":0,"comment_status":"closed","ping_status":"closed","template":"","meta":{"footnotes":""},"_links":{"self":[{"href":"https:\/\/www.sescpr.com.br\/triathlon\/wp-json\/wp\/v2\/pages\/289"}],"collection":[{"href":"https:\/\/www.sescpr.com.br\/triathlon\/wp-json\/wp\/v2\/pages"}],"about":[{"href":"https:\/\/www.sescpr.com.br\/triathlon\/wp-json\/wp\/v2\/types\/page"}],"author":[{"embeddable":true,"href":"https:\/\/www.sescpr.com.br\/triathlon\/wp-json\/wp\/v2\/users\/10"}],"replies":[{"embeddable":true,"href":"https:\/\/www.sescpr.com.br\/triathlon\/wp-json\/wp\/v2\/comments?post=289"}],"version-history":[{"count":13,"href":"https:\/\/www.sescpr.com.br\/triathlon\/wp-json\/wp\/v2\/pages\/289\/revisions"}],"predecessor-version":[{"id":4029,"href":"https:\/\/www.sescpr.com.br\/triathlon\/wp-json\/wp\/v2\/pages\/289\/revisions\/4029"}],"wp:attachment":[{"href":"https:\/\/www.sescpr.com.br\/triathlon\/wp-json\/wp\/v2\/media?parent=289"}],"curies":[{"name":"wp","href":"https:\/\/api.w.org\/{rel}","templated":true}]}}