{"id":1754,"date":"2022-08-20T08:53:46","date_gmt":"2022-08-20T11:53:46","guid":{"rendered":"https:\/\/www.sescpr.com.br\/semanaliteraria\/?page_id=1754"},"modified":"2025-10-20T16:17:25","modified_gmt":"2025-10-20T19:17:25","slug":"programacao","status":"publish","type":"page","link":"https:\/\/www.sescpr.com.br\/semanaliteraria\/programacao\/","title":{"rendered":"Programa\u00e7\u00e3o"},"content":{"rendered":"\n<h2 class=\"wp-block-heading mt-5 mb-3 decoration typewriter text-primary text-center\">Programa\u00e7\u00e3o  al\u00e9m da Semana<\/h2>\n\n\n\n<div style=\"height:1em\" aria-hidden=\"true\" class=\"wp-block-spacer\"><\/div>\n\n\n\r\n    <div class=\"row position-relative\" style=\"z-index: 1;\">\r\n        \r\n<div class=\"ncv-menu col-12 col-md-3 position-relative overflow-visible\">\r\n    <div class=\"ncv-menu-mobile-bar d-md-none bg-primary mb-4\"\r\n        style=\"margin-left: calc((var(--bs-gutter-x) * -0.5)); margin-right: calc((var(--bs-gutter-x) * -0.5)); width: 100vw;\">\r\n        <button class=\"btn btn-primary mx-auto d-block\" onclick=\"ncvToogleNaveBar(event, this)\">\r\n            <span class=\"label-show\">Filtrar <\/span>\r\n            <span class=\"label-hide d-none\">Ocultar Filtro<\/span>\r\n            <span class=\"d-inline-block ms-1\" style=\"width: 1em;\">\r\n                <svg xmlns=\"http:\/\/www.w3.org\/2000\/svg\" viewBox=\"0 0 512 512\"><!--!Font Awesome Free 6.7.2 by @fontawesome - https:\/\/fontawesome.com License - https:\/\/fontawesome.com\/license\/free Copyright 2025 Fonticons, Inc.--><path d=\"M3.9 54.9C10.5 40.9 24.5 32 40 32l432 0c15.5 0 29.5 8.9 36.1 22.9s4.6 30.5-5.2 42.5L320 320.9 320 448c0 12.1-6.8 23.2-17.7 28.6s-23.8 4.3-33.5-3l-64-48c-8.1-6-12.8-15.5-12.8-25.6l0-79.1L9 97.3C-.7 85.4-2.8 68.8 3.9 54.9z\"\/><\/svg>            <\/span>\r\n        <\/button>\r\n    <\/div>\r\n\r\n    <form id=\"ncv-nav-bar\" method=\"get\" class=\"d-none d-md-block sticky-top m-lg-0\">\r\n        <div class=\"bg-white w-100 p-4 shadow rounded\">\r\n            <div class=\"view ncv-menu-view\">\r\n                                                                                    <div class=\"view-item mb-3\">\r\n                            <h4 class=\"view-header\" style=\"max-width: none;\">\r\n                                                                    <span>Cidades<\/span>\r\n                                                            <\/h4>\r\n                            <div id=\"ncv-nav-bar-t-0\"\r\n                                class=\"view-collapse  \"\r\n                                data-bs-parent=\"#ncv-nav-bar\">\r\n                                <div class=\"view-body p-0\"\r\n                                    style=\"max-height: auto; min-height: auto; overflow-y: auto;\">\r\n                                    <select class=\"form-select form-select-lg mb-3\" name=\"t_cidade\" onchange=\"this.form.submit()\"><option value=\"\">Selecione uma cidade<\/option><option  value=\"apucarana\">Apucarana<\/option><option  value=\"arapongas\">Arapongas<\/option><option  value=\"bela-vista-do-paraiso\">Bela Vista do Para\u00edso<\/option><option  value=\"campo-largo\">Campo Largo<\/option><option  value=\"campo-magro\">Campo Magro<\/option><option  value=\"cascavel\">Cascavel<\/option><option  value=\"cornelio-procopio\">Corn\u00e9lio Proc\u00f3pio<\/option><option  value=\"curitiba\">Curitiba<\/option><option  value=\"foz-do-iguacu\">Foz do Igua\u00e7u<\/option><option  value=\"francisco-beltrao\">Francisco Beltr\u00e3o<\/option><option  value=\"guarapuava\">Guarapuava<\/option><option  value=\"ivaipora\">Ivaipor\u00e3<\/option><option  value=\"jacarezinho\">Jacarezinho<\/option><option  value=\"londrina\">Londrina<\/option><option  value=\"marechal-candido-rondon\">Marechal C\u00e2ndido Rondon<\/option><option  value=\"maringa\">Maring\u00e1<\/option><option  value=\"matinhos\">Matinhos<\/option><option  value=\"medianeira\">Medianeira<\/option><option  value=\"nova-londrina\">Nova Londrina<\/option><option  value=\"palmas\">Palmas<\/option><option  value=\"paranagua\">Paranagu\u00e1<\/option><option  value=\"paranavai\">Paranava\u00ed<\/option><option  value=\"pato-branco\">Pato Branco<\/option><option  value=\"ponta-grossa\">Ponta Grossa<\/option><option  value=\"rio-negro\">Rio Negro<\/option><option  value=\"santo-antonio-da-platina\">Santo Ant\u00f4nio da Platina<\/option><option  value=\"sao-jose-dos-pinhais\">S\u00e3o Jos\u00e9 dos Pinhais<\/option><option  value=\"toledo\">Toledo<\/option><option  value=\"umuarama\">Umuarama<\/option><option  value=\"uniao-da-vitoria\">Uni\u00e3o da Vit\u00f3ria<\/option><\/select>                                <\/div>\r\n                            <\/div>\r\n                        <\/div>\r\n                                                <\/div>\r\n                    <\/div>\r\n    <\/form>\r\n<\/div>\r\n\r\n<script>\r\n    function ncvClearFind(e) {\r\n        const form = e.target.closest('form');\r\n        form.querySelectorAll(\"input[type='checkbox']\").forEach(elem => elem.checked = false);\r\n    }\r\n\r\n    function ncvToogleNaveBar(e, btn) {\r\n        e.preventDefault();\r\n        const content = btn.closest('.ncv-menu');\r\n        const navBar = content.querySelector(\"#ncv-nav-bar\");\r\n        const labelHide = btn.querySelector('.label-hide');\r\n        btn.querySelector('.label-show').classList.toggle('d-none');\r\n        if (labelHide) labelHide.classList.toggle('d-none');\r\n        navBar.classList.toggle(\"d-none\");\r\n    }\r\n<\/script>\r\n\r\n\r\n        <div class=\"col-12 col-md-9\">\r\n        \r\n        <section class=\"w-100 sescpr-ncv \" id=\"nci-6a002eeeb170c\">\r\n            <div class=\"w-100 rows-and-cards curso\">\r\n                <ul class=\"sescpr-ncv-grid-container posts-content list-unstyled row row-cols-md-2 row-cols-xl-3 g-2 g-md-3\">\r\n                                                <li class=\"load-cards pe-none\">\r\n        <div class=\"card overflow-hidden\" aria-hidden=\"true\">\r\n            <div class=\"card-head col-4 col-lg-12 placeholder-glow p-3 p-lg-0 \" style=\"height: 200px;\">\r\n                <div class=\"placeholder w-100 h-100\"><\/div>\r\n            <\/div>\r\n            <div class=\"card-body col-8 col-lg-12\">\r\n                <h5 class=\"card-title placeholder-glow\">\r\n                    <span class=\"placeholder col-6\"><\/span>\r\n                <\/h5>\r\n                <p class=\"card-text placeholder-glow\">\r\n                    <span class=\"placeholder col-7\"><\/span>\r\n                    <span class=\"placeholder col-4\"><\/span>\r\n                    <span class=\"placeholder col-6\"><\/span>\r\n                    <span class=\"placeholder col-8\"><\/span>\r\n                <\/p>\r\n                <p href=\"#\" tabindex=\"-1\" class=\"btn btn-primary disabled placeholder col-6\"><\/p>\r\n            <\/div>\r\n        <\/div>\r\n    <\/li>\r\n                                                <li class=\"load-cards pe-none\">\r\n        <div class=\"card overflow-hidden\" aria-hidden=\"true\">\r\n            <div class=\"card-head col-4 col-lg-12 placeholder-glow p-3 p-lg-0 \" style=\"height: 200px;\">\r\n                <div class=\"placeholder w-100 h-100\"><\/div>\r\n            <\/div>\r\n            <div class=\"card-body col-8 col-lg-12\">\r\n                <h5 class=\"card-title placeholder-glow\">\r\n                    <span class=\"placeholder col-6\"><\/span>\r\n                <\/h5>\r\n                <p class=\"card-text placeholder-glow\">\r\n                    <span class=\"placeholder col-7\"><\/span>\r\n                    <span class=\"placeholder col-4\"><\/span>\r\n                    <span class=\"placeholder col-6\"><\/span>\r\n                    <span class=\"placeholder col-8\"><\/span>\r\n                <\/p>\r\n                <p href=\"#\" tabindex=\"-1\" class=\"btn btn-primary disabled placeholder col-6\"><\/p>\r\n            <\/div>\r\n        <\/div>\r\n    <\/li>\r\n                                                <li class=\"load-cards pe-none\">\r\n        <div class=\"card overflow-hidden\" aria-hidden=\"true\">\r\n            <div class=\"card-head col-4 col-lg-12 placeholder-glow p-3 p-lg-0 \" style=\"height: 200px;\">\r\n                <div class=\"placeholder w-100 h-100\"><\/div>\r\n            <\/div>\r\n            <div class=\"card-body col-8 col-lg-12\">\r\n                <h5 class=\"card-title placeholder-glow\">\r\n                    <span class=\"placeholder col-6\"><\/span>\r\n                <\/h5>\r\n                <p class=\"card-text placeholder-glow\">\r\n                    <span class=\"placeholder col-7\"><\/span>\r\n                    <span class=\"placeholder col-4\"><\/span>\r\n                    <span class=\"placeholder col-6\"><\/span>\r\n                    <span class=\"placeholder col-8\"><\/span>\r\n                <\/p>\r\n                <p href=\"#\" tabindex=\"-1\" class=\"btn btn-primary disabled placeholder col-6\"><\/p>\r\n            <\/div>\r\n        <\/div>\r\n    <\/li>\r\n                                    <\/ul>\r\n            <\/div>\r\n            <div class=\"ncv-veja-mais-container w-100 d-flex justify-content-center\">\r\n                <div>\r\n                    <!-- Bot\u00e3o \"Veja mais\" ser\u00e1 inserido via JS -->\r\n                <\/div>\r\n            <\/div>\r\n        <\/section>\r\n\r\n                <\/div> <!-- fecha .col -->\r\n    <\/div> <!-- fecha .row -->\r\n\r\n    <script>\r\n        document.addEventListener(\"DOMContentLoaded\", function() {\r\n            sescNcvNewRequest();\r\n\r\n            function sescNcvNewRequest() {\r\n                const postId = 3498;\r\n                const page = 0;\r\n                const container = document.querySelector('#nci-6a002eeeb170c');\r\n                const postsPerPage = 27;\r\n                const newRequest = new SescNcvRequeste(container, null, postsPerPage, postId, page, \"grid\");\r\n\r\n                \r\n                newRequest.requestPots();\r\n            }\r\n        });\r\n\r\n        function loadMorePots(button) {\r\n            button.setAttribute(\"disabled\", true);\r\n\r\n            const postId = 3498;\r\n            const page = button.getAttribute('data-page');\r\n            const container = document.querySelector('#nci-6a002eeeb170c');\r\n            const postsPerPage = 27;\r\n            const loadingCard = '<li class=\"load-cards pe-none\"> <div class=\"card overflow-hidden\" aria-hidden=\"true\"> <div class=\"card-head col-4 col-lg-12 placeholder-glow p-3 p-lg-0 \" style=\"height: 200px;\"> <div class=\"placeholder w-100 h-100\"><\/div> <\/div> <div class=\"card-body col-8 col-lg-12\"> <h5 class=\"card-title placeholder-glow\"> <span class=\"placeholder col-6\"><\/span> <\/h5> <p class=\"card-text placeholder-glow\"> <span class=\"placeholder col-7\"><\/span> <span class=\"placeholder col-4\"><\/span> <span class=\"placeholder col-6\"><\/span> <span class=\"placeholder col-8\"><\/span> <\/p> <p href=\"#\" tabindex=\"-1\" class=\"btn btn-primary disabled placeholder col-6\"><\/p> <\/div> <\/div> <\/li>';\r\n\r\n            const newRequest = new SescNcvRequeste(container, loadingCard, postsPerPage, postId, page, \"grid\");\r\n\r\n            \r\n            newRequest.loadMorePots();\r\n        }\r\n    <\/script>\r\n","protected":false},"excerpt":{"rendered":"<p>Programa\u00e7\u00e3o al\u00e9m da Semana<\/p>\n","protected":false},"author":10,"featured_media":0,"parent":0,"menu_order":0,"comment_status":"closed","ping_status":"closed","template":"","meta":{"footnotes":""},"yoast_head":"<!-- This site is optimized with the Yoast SEO plugin v19.10 - https:\/\/yoast.com\/wordpress\/plugins\/seo\/ -->\n<title>Confira a programa\u00e7\u00e3o da 44\u00aa Semana Liter\u00e1ria Sesc PR e Feira do Livro<\/title>\n<meta name=\"description\" content=\"Evento gratuito re\u00fane bate-papo com escritores, programa\u00e7\u00e3o infantil, shows e muito mais\" \/>\n<meta name=\"robots\" content=\"index, follow, max-snippet:-1, max-image-preview:large, max-video-preview:-1\" \/>\n<link rel=\"canonical\" href=\"https:\/\/www.sescpr.com.br\/semanaliteraria\/programacao\/\" \/>\n<meta property=\"og:locale\" content=\"pt_BR\" \/>\n<meta property=\"og:type\" content=\"article\" \/>\n<meta property=\"og:title\" content=\"Confira a programa\u00e7\u00e3o da 44\u00aa Semana Liter\u00e1ria Sesc PR e Feira do Livro\" \/>\n<meta property=\"og:description\" content=\"Evento gratuito re\u00fane bate-papo com escritores, programa\u00e7\u00e3o infantil, shows e muito mais\" \/>\n<meta property=\"og:url\" content=\"https:\/\/www.sescpr.com.br\/semanaliteraria\/programacao\/\" \/>\n<meta property=\"og:site_name\" content=\"44\u00aa Semana Liter\u00e1ria e Feira do Livro do Sesc PR\" \/>\n<meta property=\"article:modified_time\" content=\"2025-10-20T19:17:25+00:00\" \/>\n<meta property=\"og:image\" content=\"https:\/\/www.sescpr.com.br\/semanaliteraria\/wp-content\/uploads\/sites\/24\/2025\/05\/logo.png\" \/>\n\t<meta property=\"og:image:width\" content=\"960\" \/>\n\t<meta property=\"og:image:height\" content=\"648\" \/>\n\t<meta property=\"og:image:type\" content=\"image\/png\" \/>\n<meta name=\"twitter:card\" content=\"summary_large_image\" \/>\n<meta name=\"twitter:title\" content=\"Confira a programa\u00e7\u00e3o da 44\u00aa Semana Liter\u00e1ria Sesc PR e Feira do Livro\" \/>\n<meta name=\"twitter:description\" content=\"Evento gratuito re\u00fane bate-papo com escritores, programa\u00e7\u00e3o infantil, shows e muito mais\" \/>\n<meta name=\"twitter:image\" content=\"https:\/\/www.sescpr.com.br\/semanaliteraria\/wp-content\/uploads\/sites\/24\/2025\/05\/logo.png\" \/>\n<script type=\"application\/ld+json\" class=\"yoast-schema-graph\">{\"@context\":\"https:\/\/schema.org\",\"@graph\":[{\"@type\":\"WebPage\",\"@id\":\"https:\/\/www.sescpr.com.br\/semanaliteraria\/programacao\/\",\"url\":\"https:\/\/www.sescpr.com.br\/semanaliteraria\/programacao\/\",\"name\":\"Confira a programa\u00e7\u00e3o da 44\u00aa Semana Liter\u00e1ria Sesc PR e Feira do Livro\",\"isPartOf\":{\"@id\":\"https:\/\/www.sescpr.com.br\/semanaliteraria\/#website\"},\"datePublished\":\"2022-08-20T11:53:46+00:00\",\"dateModified\":\"2025-10-20T19:17:25+00:00\",\"description\":\"Evento gratuito re\u00fane bate-papo com escritores, programa\u00e7\u00e3o infantil, shows e muito mais\",\"breadcrumb\":{\"@id\":\"https:\/\/www.sescpr.com.br\/semanaliteraria\/programacao\/#breadcrumb\"},\"inLanguage\":\"pt-BR\",\"potentialAction\":[{\"@type\":\"ReadAction\",\"target\":[\"https:\/\/www.sescpr.com.br\/semanaliteraria\/programacao\/\"]}]},{\"@type\":\"BreadcrumbList\",\"@id\":\"https:\/\/www.sescpr.com.br\/semanaliteraria\/programacao\/#breadcrumb\",\"itemListElement\":[{\"@type\":\"ListItem\",\"position\":1,\"name\":\"In\u00edcio\",\"item\":\"https:\/\/www.sescpr.com.br\/semanaliteraria\/\"},{\"@type\":\"ListItem\",\"position\":2,\"name\":\"Programa\u00e7\u00e3o\"}]},{\"@type\":\"WebSite\",\"@id\":\"https:\/\/www.sescpr.com.br\/semanaliteraria\/#website\",\"url\":\"https:\/\/www.sescpr.com.br\/semanaliteraria\/\",\"name\":\"44\u00aa Semana Liter\u00e1ria e Feira do Livro do Sesc PR\",\"description\":\"Cidades Literarias\",\"potentialAction\":[{\"@type\":\"SearchAction\",\"target\":{\"@type\":\"EntryPoint\",\"urlTemplate\":\"https:\/\/www.sescpr.com.br\/semanaliteraria\/?s={search_term_string}\"},\"query-input\":\"required name=search_term_string\"}],\"inLanguage\":\"pt-BR\"}]}<\/script>\n<!-- \/ Yoast SEO plugin. -->","yoast_head_json":{"title":"Confira a programa\u00e7\u00e3o da 44\u00aa Semana Liter\u00e1ria Sesc PR e Feira do Livro","description":"Evento gratuito re\u00fane bate-papo com escritores, programa\u00e7\u00e3o infantil, shows e muito mais","robots":{"index":"index","follow":"follow","max-snippet":"max-snippet:-1","max-image-preview":"max-image-preview:large","max-video-preview":"max-video-preview:-1"},"canonical":"https:\/\/www.sescpr.com.br\/semanaliteraria\/programacao\/","og_locale":"pt_BR","og_type":"article","og_title":"Confira a programa\u00e7\u00e3o da 44\u00aa Semana Liter\u00e1ria Sesc PR e Feira do Livro","og_description":"Evento gratuito re\u00fane bate-papo com escritores, programa\u00e7\u00e3o infantil, shows e muito mais","og_url":"https:\/\/www.sescpr.com.br\/semanaliteraria\/programacao\/","og_site_name":"44\u00aa Semana Liter\u00e1ria e Feira do Livro do Sesc PR","article_modified_time":"2025-10-20T19:17:25+00:00","og_image":[{"width":960,"height":648,"url":"https:\/\/www.sescpr.com.br\/semanaliteraria\/wp-content\/uploads\/sites\/24\/2025\/05\/logo.png","type":"image\/png"}],"twitter_card":"summary_large_image","twitter_title":"Confira a programa\u00e7\u00e3o da 44\u00aa Semana Liter\u00e1ria Sesc PR e Feira do Livro","twitter_description":"Evento gratuito re\u00fane bate-papo com escritores, programa\u00e7\u00e3o infantil, shows e muito mais","twitter_image":"https:\/\/www.sescpr.com.br\/semanaliteraria\/wp-content\/uploads\/sites\/24\/2025\/05\/logo.png","schema":{"@context":"https:\/\/schema.org","@graph":[{"@type":"WebPage","@id":"https:\/\/www.sescpr.com.br\/semanaliteraria\/programacao\/","url":"https:\/\/www.sescpr.com.br\/semanaliteraria\/programacao\/","name":"Confira a programa\u00e7\u00e3o da 44\u00aa Semana Liter\u00e1ria Sesc PR e Feira do Livro","isPartOf":{"@id":"https:\/\/www.sescpr.com.br\/semanaliteraria\/#website"},"datePublished":"2022-08-20T11:53:46+00:00","dateModified":"2025-10-20T19:17:25+00:00","description":"Evento gratuito re\u00fane bate-papo com escritores, programa\u00e7\u00e3o infantil, shows e muito mais","breadcrumb":{"@id":"https:\/\/www.sescpr.com.br\/semanaliteraria\/programacao\/#breadcrumb"},"inLanguage":"pt-BR","potentialAction":[{"@type":"ReadAction","target":["https:\/\/www.sescpr.com.br\/semanaliteraria\/programacao\/"]}]},{"@type":"BreadcrumbList","@id":"https:\/\/www.sescpr.com.br\/semanaliteraria\/programacao\/#breadcrumb","itemListElement":[{"@type":"ListItem","position":1,"name":"In\u00edcio","item":"https:\/\/www.sescpr.com.br\/semanaliteraria\/"},{"@type":"ListItem","position":2,"name":"Programa\u00e7\u00e3o"}]},{"@type":"WebSite","@id":"https:\/\/www.sescpr.com.br\/semanaliteraria\/#website","url":"https:\/\/www.sescpr.com.br\/semanaliteraria\/","name":"44\u00aa Semana Liter\u00e1ria e Feira do Livro do Sesc PR","description":"Cidades Literarias","potentialAction":[{"@type":"SearchAction","target":{"@type":"EntryPoint","urlTemplate":"https:\/\/www.sescpr.com.br\/semanaliteraria\/?s={search_term_string}"},"query-input":"required name=search_term_string"}],"inLanguage":"pt-BR"}]}},"_links":{"self":[{"href":"https:\/\/www.sescpr.com.br\/semanaliteraria\/wp-json\/wp\/v2\/pages\/1754"}],"collection":[{"href":"https:\/\/www.sescpr.com.br\/semanaliteraria\/wp-json\/wp\/v2\/pages"}],"about":[{"href":"https:\/\/www.sescpr.com.br\/semanaliteraria\/wp-json\/wp\/v2\/types\/page"}],"author":[{"embeddable":true,"href":"https:\/\/www.sescpr.com.br\/semanaliteraria\/wp-json\/wp\/v2\/users\/10"}],"replies":[{"embeddable":true,"href":"https:\/\/www.sescpr.com.br\/semanaliteraria\/wp-json\/wp\/v2\/comments?post=1754"}],"version-history":[{"count":0,"href":"https:\/\/www.sescpr.com.br\/semanaliteraria\/wp-json\/wp\/v2\/pages\/1754\/revisions"}],"wp:attachment":[{"href":"https:\/\/www.sescpr.com.br\/semanaliteraria\/wp-json\/wp\/v2\/media?parent=1754"}],"curies":[{"name":"wp","href":"https:\/\/api.w.org\/{rel}","templated":true}]}}