{"id":381,"date":"2023-09-01T13:39:47","date_gmt":"2023-09-01T16:39:47","guid":{"rendered":"https:\/\/www.sescpr.com.br\/semanalgpd\/?page_id=381"},"modified":"2023-09-13T13:59:58","modified_gmt":"2023-09-13T16:59:58","slug":"home","status":"publish","type":"page","link":"https:\/\/www.sescpr.com.br\/semanalgpd\/","title":{"rendered":"home-provisorio"},"content":{"rendered":"\n<div class=\"wp-block-group top-bg text-center full-width full-height pt-5 pt-md-0 is-layout-constrained wp-block-group-is-layout-constrained\"><div class=\"wp-block-group__inner-container\">\n<div class=\"wp-block-columns container-md is-layout-flex wp-container-core-columns-layout-1 wp-block-columns-is-layout-flex\">\n<div class=\"wp-block-column d-flex align-items-center is-layout-flow wp-block-column-is-layout-flow\">\n<div class=\"wp-block-group is-layout-constrained wp-block-group-is-layout-constrained\"><div class=\"wp-block-group__inner-container\">\n<figure class=\"wp-block-image size-full\"><img loading=\"lazy\" decoding=\"async\" width=\"424\" height=\"296\" src=\"https:\/\/www.sescpr.com.br\/semanalgpd\/wp-content\/uploads\/sites\/141\/2021\/08\/sistemas.png\" alt=\"\" class=\"wp-image-224\" srcset=\"https:\/\/www.sescpr.com.br\/semanalgpd\/wp-content\/uploads\/sites\/141\/2021\/08\/sistemas.png 424w, https:\/\/www.sescpr.com.br\/semanalgpd\/wp-content\/uploads\/sites\/141\/2021\/08\/sistemas-300x209.png 300w\" sizes=\"(max-width: 424px) 100vw, 424px\" \/><\/figure>\n\n\n\n<p class=\"text-white\">O Sistema S est\u00e1 comprometido com a transpar\u00eancia, privacidade e prote\u00e7\u00e3o dos seus dados, e por isso preparou uma semana inteira de palestras dedicadas ao tema.<\/p>\n<\/div><\/div>\n<\/div>\n\n\n\n<div class=\"wp-block-column is-layout-flow wp-block-column-is-layout-flow\">\n\n\n\n\n\n\n    <table class=\"table\" style=\"border-spacing: 0 8px;\">\n        \n            <tr class=\"my-4 border-b \" style=\"vertical-align: middle;\">\n                <td class=\"\" style=\"width:15%\">\n                    <div class=\"d-flex align-items-center\">\n                        <div>\n                            <span class=\"texto-datas-top\"> 18\/09 <\/span><\/br>\n                            <span class=\"texto-as-top\" style=\"font-size: 16px;\"> \u00e0s <\/span><\/br>\n                            <span class=\"texto-horario-top\" style=\"font-size: 16px;\"> 09:00<\/span>\n                        <\/div>\n                    <\/div>\n                <\/td>\n                <td>\n                    <div class=\"py-3\">\n                                                    <a href=\"https:\/\/www.youtube.com\/watch?v=GDMu5YxsQR8\" style=\"text-decoration:none\">\n                                <h4 class=\"titulo_cards text-center text-secondary m-0\">\n                                    <svg xmlns=\" http:\/\/www.w3.org\/2000\/svg\" width=\"30\" height=\"30\" fill=\"#fff\" class=\"bi bi-youtube\" viewBox=\"0 0 16 16\" style=\"margin-right:8px\">\n                                        <path d=\"M8.051 1.999h.089c.822.003 4.987.033 6.11.335a2.01 2.01 0 0 1 1.415 1.42c.101.38.172.883.22 1.402l.01.104.022.26.008.104c.065.914.073 1.77.074 1.957v.075c-.001.194-.01 1.108-.082 2.06l-.008.105-.009.104c-.05.572-.124 1.14-.235 1.558a2.007 2.007 0 0 1-1.415 1.42c-1.16.312-5.569.334-6.18.335h-.142c-.309 0-1.587-.006-2.927-.052l-.17-.006-.087-.004-.171-.007-.171-.007c-1.11-.049-2.167-.128-2.654-.26a2.007 2.007 0 0 1-1.415-1.419c-.111-.417-.185-.986-.235-1.558L.09 9.82l-.008-.104A31.4 31.4 0 0 1 0 7.68v-.123c.002-.215.01-.958.064-1.778l.007-.103.003-.052.008-.104.022-.26.01-.104c.048-.519.119-1.023.22-1.402a2.007 2.007 0 0 1 1.415-1.42c.487-.13 1.544-.21 2.654-.26l.17-.007.172-.006.086-.003.171-.007A99.788 99.788 0 0 1 7.858 2h.193zM6.4 5.209v4.818l4.157-2.408L6.4 5.209z\" \/>\n                                    <\/svg>\n                                    Abertura                                <\/h4>\n                            \n\n\n                                                            <span class=\"text-white\"><strong>Um dia como DPO<\/strong><\/span>\n                                                <\/div>\n                <\/td>\n            <\/tr>\n        \n            <tr class=\"my-4 border-b \" style=\"vertical-align: middle;\">\n                <td class=\"\" style=\"width:15%\">\n                    <div class=\"d-flex align-items-center\">\n                        <div>\n                            <span class=\"texto-datas-top\"> 19\/09 <\/span><\/br>\n                            <span class=\"texto-as-top\" style=\"font-size: 16px;\"> \u00e0s <\/span><\/br>\n                            <span class=\"texto-horario-top\" style=\"font-size: 16px;\"> 09:00<\/span>\n                        <\/div>\n                    <\/div>\n                <\/td>\n                <td>\n                    <div class=\"py-3\">\n                                                    <a href=\"https:\/\/www.youtube.com\/watch?v=UajPBy86FNc\" style=\"text-decoration:none\">\n                                <h4 class=\"titulo_cards text-center text-secondary m-0\">\n                                    <svg xmlns=\" http:\/\/www.w3.org\/2000\/svg\" width=\"30\" height=\"30\" fill=\"#fff\" class=\"bi bi-youtube\" viewBox=\"0 0 16 16\" style=\"margin-right:8px\">\n                                        <path d=\"M8.051 1.999h.089c.822.003 4.987.033 6.11.335a2.01 2.01 0 0 1 1.415 1.42c.101.38.172.883.22 1.402l.01.104.022.26.008.104c.065.914.073 1.77.074 1.957v.075c-.001.194-.01 1.108-.082 2.06l-.008.105-.009.104c-.05.572-.124 1.14-.235 1.558a2.007 2.007 0 0 1-1.415 1.42c-1.16.312-5.569.334-6.18.335h-.142c-.309 0-1.587-.006-2.927-.052l-.17-.006-.087-.004-.171-.007-.171-.007c-1.11-.049-2.167-.128-2.654-.26a2.007 2.007 0 0 1-1.415-1.419c-.111-.417-.185-.986-.235-1.558L.09 9.82l-.008-.104A31.4 31.4 0 0 1 0 7.68v-.123c.002-.215.01-.958.064-1.778l.007-.103.003-.052.008-.104.022-.26.01-.104c.048-.519.119-1.023.22-1.402a2.007 2.007 0 0 1 1.415-1.42c.487-.13 1.544-.21 2.654-.26l.17-.007.172-.006.086-.003.171-.007A99.788 99.788 0 0 1 7.858 2h.193zM6.4 5.209v4.818l4.157-2.408L6.4 5.209z\" \/>\n                                    <\/svg>\n                                    A import\u00e2ncia da LGPD no combate aos Cibercrimes.                                <\/h4>\n                            \n\n\n                                                            <span class=\"text-white\">Palestrante: <strong>Dr. Vinicius Faria Zangirolani &#8211; Delegado da Pol\u00edcia Federal<\/strong><\/span>\n                                                <\/div>\n                <\/td>\n            <\/tr>\n        \n            <tr class=\"my-4 border-b \" style=\"vertical-align: middle;\">\n                <td class=\"\" style=\"width:15%\">\n                    <div class=\"d-flex align-items-center\">\n                        <div>\n                            <span class=\"texto-datas-top\"> 20\/09 <\/span><\/br>\n                            <span class=\"texto-as-top\" style=\"font-size: 16px;\"> \u00e0s <\/span><\/br>\n                            <span class=\"texto-horario-top\" style=\"font-size: 16px;\"> 09:00<\/span>\n                        <\/div>\n                    <\/div>\n                <\/td>\n                <td>\n                    <div class=\"py-3\">\n                                                    <a href=\"https:\/\/www.youtube.com\/watch?v=TDgNPwZbK-w\" style=\"text-decoration:none\">\n                                <h4 class=\"titulo_cards text-center text-secondary m-0\">\n                                    <svg xmlns=\" http:\/\/www.w3.org\/2000\/svg\" width=\"30\" height=\"30\" fill=\"#fff\" class=\"bi bi-youtube\" viewBox=\"0 0 16 16\" style=\"margin-right:8px\">\n                                        <path d=\"M8.051 1.999h.089c.822.003 4.987.033 6.11.335a2.01 2.01 0 0 1 1.415 1.42c.101.38.172.883.22 1.402l.01.104.022.26.008.104c.065.914.073 1.77.074 1.957v.075c-.001.194-.01 1.108-.082 2.06l-.008.105-.009.104c-.05.572-.124 1.14-.235 1.558a2.007 2.007 0 0 1-1.415 1.42c-1.16.312-5.569.334-6.18.335h-.142c-.309 0-1.587-.006-2.927-.052l-.17-.006-.087-.004-.171-.007-.171-.007c-1.11-.049-2.167-.128-2.654-.26a2.007 2.007 0 0 1-1.415-1.419c-.111-.417-.185-.986-.235-1.558L.09 9.82l-.008-.104A31.4 31.4 0 0 1 0 7.68v-.123c.002-.215.01-.958.064-1.778l.007-.103.003-.052.008-.104.022-.26.01-.104c.048-.519.119-1.023.22-1.402a2.007 2.007 0 0 1 1.415-1.42c.487-.13 1.544-.21 2.654-.26l.17-.007.172-.006.086-.003.171-.007A99.788 99.788 0 0 1 7.858 2h.193zM6.4 5.209v4.818l4.157-2.408L6.4 5.209z\" \/>\n                                    <\/svg>\n                                    LGPD e Cibercrimes, impacto no ambiente empresarial e nas rela\u00e7\u00f5es pessoais.                                <\/h4>\n                            \n\n\n                                                            <span class=\"text-white\">Palestrante: <strong>Prof. Luciano Vasconcelos<\/strong><\/span>\n                                                <\/div>\n                <\/td>\n            <\/tr>\n        \n            <tr class=\"my-4 border-b \" style=\"vertical-align: middle;\">\n                <td class=\"\" style=\"width:15%\">\n                    <div class=\"d-flex align-items-center\">\n                        <div>\n                            <span class=\"texto-datas-top\"> 21\/09 <\/span><\/br>\n                            <span class=\"texto-as-top\" style=\"font-size: 16px;\"> \u00e0s <\/span><\/br>\n                            <span class=\"texto-horario-top\" style=\"font-size: 16px;\"> 09:00<\/span>\n                        <\/div>\n                    <\/div>\n                <\/td>\n                <td>\n                    <div class=\"py-3\">\n                                                    <a href=\"https:\/\/www.youtube.com\/watch?v=JXB9ZQPSfPw\" style=\"text-decoration:none\">\n                                <h4 class=\"titulo_cards text-center text-secondary m-0\">\n                                    <svg xmlns=\" http:\/\/www.w3.org\/2000\/svg\" width=\"30\" height=\"30\" fill=\"#fff\" class=\"bi bi-youtube\" viewBox=\"0 0 16 16\" style=\"margin-right:8px\">\n                                        <path d=\"M8.051 1.999h.089c.822.003 4.987.033 6.11.335a2.01 2.01 0 0 1 1.415 1.42c.101.38.172.883.22 1.402l.01.104.022.26.008.104c.065.914.073 1.77.074 1.957v.075c-.001.194-.01 1.108-.082 2.06l-.008.105-.009.104c-.05.572-.124 1.14-.235 1.558a2.007 2.007 0 0 1-1.415 1.42c-1.16.312-5.569.334-6.18.335h-.142c-.309 0-1.587-.006-2.927-.052l-.17-.006-.087-.004-.171-.007-.171-.007c-1.11-.049-2.167-.128-2.654-.26a2.007 2.007 0 0 1-1.415-1.419c-.111-.417-.185-.986-.235-1.558L.09 9.82l-.008-.104A31.4 31.4 0 0 1 0 7.68v-.123c.002-.215.01-.958.064-1.778l.007-.103.003-.052.008-.104.022-.26.01-.104c.048-.519.119-1.023.22-1.402a2.007 2.007 0 0 1 1.415-1.42c.487-.13 1.544-.21 2.654-.26l.17-.007.172-.006.086-.003.171-.007A99.788 99.788 0 0 1 7.858 2h.193zM6.4 5.209v4.818l4.157-2.408L6.4 5.209z\" \/>\n                                    <\/svg>\n                                    Prote\u00e7\u00e3o de Dados \u2013 consci\u00eancia, cultura e san\u00e7\u00f5es.                                <\/h4>\n                            \n\n\n                                                            <span class=\"text-white\">Palestrante: <strong>Fabr\u00edcio Guimar\u00e3es Madruga Lopes &#8211; Coordenador Geral de Fiscaliza\u00e7\u00e3o da ANPD.<\/strong><\/span>\n                                                <\/div>\n                <\/td>\n            <\/tr>\n        \n            <tr class=\"my-4 border-b \" style=\"vertical-align: middle;\">\n                <td class=\"\" style=\"width:15%\">\n                    <div class=\"d-flex align-items-center\">\n                        <div>\n                            <span class=\"texto-datas-top\"> 22\/09 <\/span><\/br>\n                            <span class=\"texto-as-top\" style=\"font-size: 16px;\"> \u00e0s <\/span><\/br>\n                            <span class=\"texto-horario-top\" style=\"font-size: 16px;\"> 09:00<\/span>\n                        <\/div>\n                    <\/div>\n                <\/td>\n                <td>\n                    <div class=\"py-3\">\n                                                    <a href=\"https:\/\/www.youtube.com\/watch?v=ZLpzwzQj8L4\" style=\"text-decoration:none\">\n                                <h4 class=\"titulo_cards text-center text-secondary m-0\">\n                                    <svg xmlns=\" http:\/\/www.w3.org\/2000\/svg\" width=\"30\" height=\"30\" fill=\"#fff\" class=\"bi bi-youtube\" viewBox=\"0 0 16 16\" style=\"margin-right:8px\">\n                                        <path d=\"M8.051 1.999h.089c.822.003 4.987.033 6.11.335a2.01 2.01 0 0 1 1.415 1.42c.101.38.172.883.22 1.402l.01.104.022.26.008.104c.065.914.073 1.77.074 1.957v.075c-.001.194-.01 1.108-.082 2.06l-.008.105-.009.104c-.05.572-.124 1.14-.235 1.558a2.007 2.007 0 0 1-1.415 1.42c-1.16.312-5.569.334-6.18.335h-.142c-.309 0-1.587-.006-2.927-.052l-.17-.006-.087-.004-.171-.007-.171-.007c-1.11-.049-2.167-.128-2.654-.26a2.007 2.007 0 0 1-1.415-1.419c-.111-.417-.185-.986-.235-1.558L.09 9.82l-.008-.104A31.4 31.4 0 0 1 0 7.68v-.123c.002-.215.01-.958.064-1.778l.007-.103.003-.052.008-.104.022-.26.01-.104c.048-.519.119-1.023.22-1.402a2.007 2.007 0 0 1 1.415-1.42c.487-.13 1.544-.21 2.654-.26l.17-.007.172-.006.086-.003.171-.007A99.788 99.788 0 0 1 7.858 2h.193zM6.4 5.209v4.818l4.157-2.408L6.4 5.209z\" \/>\n                                    <\/svg>\n                                    Encerramento                                <\/h4>\n                            \n\n\n                                                            <span class=\"text-white\"><strong>Um ambiente de trabalho adequado \u00e0 LGPD<\/strong><\/span>\n                                                <\/div>\n                <\/td>\n            <\/tr>\n            <\/table>\n<\/table>\n<\/div>\n<\/div>\n<\/div><\/div>\n","protected":false},"excerpt":{"rendered":"<p>O Sistema S est\u00e1 comprometido com a transpar\u00eancia, privacidade e prote\u00e7\u00e3o dos seus dados, e por isso preparou uma semana inteira de palestras dedicadas ao tema. [&#8230;]<\/p>\n<p><a class=\"btn btn-secondary understrap-read-more-link\" href=\"https:\/\/www.sescpr.com.br\/semanalgpd\/programa\/encerramento\/\">Leia mais&#8230;<\/a><\/p>\n","protected":false},"author":734,"featured_media":0,"parent":0,"menu_order":0,"comment_status":"closed","ping_status":"closed","template":"","meta":{"footnotes":""},"_links":{"self":[{"href":"https:\/\/www.sescpr.com.br\/semanalgpd\/wp-json\/wp\/v2\/pages\/381"}],"collection":[{"href":"https:\/\/www.sescpr.com.br\/semanalgpd\/wp-json\/wp\/v2\/pages"}],"about":[{"href":"https:\/\/www.sescpr.com.br\/semanalgpd\/wp-json\/wp\/v2\/types\/page"}],"author":[{"embeddable":true,"href":"https:\/\/www.sescpr.com.br\/semanalgpd\/wp-json\/wp\/v2\/users\/734"}],"replies":[{"embeddable":true,"href":"https:\/\/www.sescpr.com.br\/semanalgpd\/wp-json\/wp\/v2\/comments?post=381"}],"version-history":[{"count":0,"href":"https:\/\/www.sescpr.com.br\/semanalgpd\/wp-json\/wp\/v2\/pages\/381\/revisions"}],"wp:attachment":[{"href":"https:\/\/www.sescpr.com.br\/semanalgpd\/wp-json\/wp\/v2\/media?parent=381"}],"curies":[{"name":"wp","href":"https:\/\/api.w.org\/{rel}","templated":true}]}}