{"id":182,"date":"2021-08-18T08:33:10","date_gmt":"2021-08-18T11:33:10","guid":{"rendered":"http:\/\/sescpr.dv\/semanalgpd\/?page_id=182"},"modified":"2023-10-20T17:56:08","modified_gmt":"2023-10-20T20:56:08","slug":"registro-de-participacao","status":"publish","type":"page","link":"https:\/\/www.sescpr.com.br\/semanalgpd\/registro-de-participacao\/","title":{"rendered":"Registro de Participa\u00e7\u00e3o"},"content":{"rendered":"\n<div style=\"height:50px\" aria-hidden=\"true\" class=\"wp-block-spacer\"><\/div>\n\n\n\n<h2 class=\"has-text-align-center wp-block-heading\">Registro de Participa\u00e7\u00e3o<\/h2>\n\n\n\n<h3 class=\"has-text-align-center wp-block-heading\">Prazo encerrado para o registro de participa\u00e7\u00e3o.\u00a0<\/h3>\n\n\n\n<p><\/p>\n","protected":false},"excerpt":{"rendered":"<p>Registro de Participa\u00e7\u00e3o Prazo encerrado para o registro de participa\u00e7\u00e3o.\u00a0 [&#8230;]<\/p>\n<p><a class=\"btn btn-secondary understrap-read-more-link\" href=\"https:\/\/www.sescpr.com.br\/semanalgpd\/registro-de-participacao\/\">Leia mais&#8230;<\/a><\/p>\n","protected":false},"author":5,"featured_media":0,"parent":0,"menu_order":0,"comment_status":"closed","ping_status":"closed","template":"","meta":{"footnotes":""},"_links":{"self":[{"href":"https:\/\/www.sescpr.com.br\/semanalgpd\/wp-json\/wp\/v2\/pages\/182"}],"collection":[{"href":"https:\/\/www.sescpr.com.br\/semanalgpd\/wp-json\/wp\/v2\/pages"}],"about":[{"href":"https:\/\/www.sescpr.com.br\/semanalgpd\/wp-json\/wp\/v2\/types\/page"}],"author":[{"embeddable":true,"href":"https:\/\/www.sescpr.com.br\/semanalgpd\/wp-json\/wp\/v2\/users\/5"}],"replies":[{"embeddable":true,"href":"https:\/\/www.sescpr.com.br\/semanalgpd\/wp-json\/wp\/v2\/comments?post=182"}],"version-history":[{"count":0,"href":"https:\/\/www.sescpr.com.br\/semanalgpd\/wp-json\/wp\/v2\/pages\/182\/revisions"}],"wp:attachment":[{"href":"https:\/\/www.sescpr.com.br\/semanalgpd\/wp-json\/wp\/v2\/media?parent=182"}],"curies":[{"name":"wp","href":"https:\/\/api.w.org\/{rel}","templated":true}]}}