{"id":104,"date":"2021-08-11T09:27:01","date_gmt":"2021-08-11T12:27:01","guid":{"rendered":"http:\/\/sescpr.dv\/semanalgpd\/?page_id=104"},"modified":"2023-09-13T14:10:35","modified_gmt":"2023-09-13T17:10:35","slug":"faq","status":"publish","type":"page","link":"https:\/\/www.sescpr.com.br\/semanalgpd\/faq\/","title":{"rendered":"FAQ"},"content":{"rendered":"\n<h2 class=\"mt-2 mt-md-3 wp-block-heading\">Perguntas Frequentes:<\/h2>\n\n\n\n<div class=\"wp-block-group mt-3 is-layout-constrained wp-block-group-is-layout-constrained\"><div class=\"wp-block-group__inner-container\">\n\t\t\t<div class=\"accordion sesc_faq\" id=\"accordionExample\">\n\t\t\t\t\t\t\t\n\t\t\t\t<div class=\"accordion-item\">\n\t\t\t\t\t<h2 class=\"accordion-header\" id=\"headingOne\">\n\t\t\t\t\t\t<button class=\"accordion-button\" type=\"button\" data-bs-toggle=\"collapse\" data-bs-target=\"#collapse-515\" aria-expanded=\"true\" aria-controls=\"collapse-515\">\n\t\t\t\t\t\t\t1 - Por quanto tempo as palestras ficar\u00e3o dispon\u00edveis?\t\t\t\t\t\t<\/button>\n\t\t\t\t\t<\/h2>\n\t\t\t\t\t<div id=\"collapse-515\" class=\"accordion-collapse collapse texto-top-b\" aria-labelledby=\"headingOne\" data-bs-parent=\"#accordionExample\">\n\t\t\t\t\t\t<div class=\"accordion-body\">\n\n\t\t\t\t\t\t\t<p style=\"text-align: center;\">As palestras ficar\u00e3o dispon\u00edveis no Youtube at\u00e9\u00a0<strong> 20\/10<\/strong>.<\/p>\r\n<p style=\"text-align: center;\">Ap\u00f3s assistir a palestra n\u00e3o esque\u00e7a de fazer o registro de sua participa\u00e7\u00e3o para receber seu certificado de participa\u00e7\u00e3o.<\/p>\n\t\t\t\t\t\t<\/div>\n\t\t\t\t\t<\/div>\n\t\t\t\t<\/div>\n\t\t\t\t\t\t\t\t\t\t\t\n\t\t\t\t<div class=\"accordion-item\">\n\t\t\t\t\t<h2 class=\"accordion-header\" id=\"headingOne\">\n\t\t\t\t\t\t<button class=\"accordion-button\" type=\"button\" data-bs-toggle=\"collapse\" data-bs-target=\"#collapse-512\" aria-expanded=\"true\" aria-controls=\"collapse-512\">\n\t\t\t\t\t\t\t2 - Onde terei acesso as respostas das minhas perguntas?\t\t\t\t\t\t<\/button>\n\t\t\t\t\t<\/h2>\n\t\t\t\t\t<div id=\"collapse-512\" class=\"accordion-collapse collapse texto-top-b\" aria-labelledby=\"headingOne\" data-bs-parent=\"#accordionExample\">\n\t\t\t\t\t\t<div class=\"accordion-body\">\n\n\t\t\t\t\t\t\t<p style=\"text-align: center;\">Se a sua pergunta for selecionado pelo palestrante, a resposta estar\u00e1 dispon\u00edvel nesta p\u00e1gina.<\/p>\n\n\t\t\t\t\t\t<\/div>\n\t\t\t\t\t<\/div>\n\t\t\t\t<\/div>\n\t\t\t\t\t\t\t\t\t\t\t\n\t\t\t\t<div class=\"accordion-item\">\n\t\t\t\t\t<h2 class=\"accordion-header\" id=\"headingOne\">\n\t\t\t\t\t\t<button class=\"accordion-button\" type=\"button\" data-bs-toggle=\"collapse\" data-bs-target=\"#collapse-508\" aria-expanded=\"true\" aria-controls=\"collapse-508\">\n\t\t\t\t\t\t\t3 - Como envio minhas perguntas?\t\t\t\t\t\t<\/button>\n\t\t\t\t\t<\/h2>\n\t\t\t\t\t<div id=\"collapse-508\" class=\"accordion-collapse collapse texto-top-b\" aria-labelledby=\"headingOne\" data-bs-parent=\"#accordionExample\">\n\t\t\t\t\t\t<div class=\"accordion-body\">\n\n\t\t\t\t\t\t\t<p style=\"text-align: center;\">Durante as palestras as perguntas dever\u00e3o ser encaminhadas atrav\u00e9s do formul\u00e1rio dispon\u00edvel em<\/p>\n<p style=\"text-align: center;\"><a href=\"https:\/\/www.sescpr.com.br\/semanalgpd\/perguntas\/\"> https:\/\/www.sescpr.com.br\/semanalgpd\/perguntas\/ <\/a><\/p>\n\n\t\t\t\t\t\t<\/div>\n\t\t\t\t\t<\/div>\n\t\t\t\t<\/div>\n\t\t\t\t\t\t\t\t\t\t\t\n\t\t\t\t<div class=\"accordion-item\">\n\t\t\t\t\t<h2 class=\"accordion-header\" id=\"headingOne\">\n\t\t\t\t\t\t<button class=\"accordion-button\" type=\"button\" data-bs-toggle=\"collapse\" data-bs-target=\"#collapse-503\" aria-expanded=\"true\" aria-controls=\"collapse-503\">\n\t\t\t\t\t\t\t4 - Como fa\u00e7o para registrar minha participa\u00e7\u00e3o?\t\t\t\t\t\t<\/button>\n\t\t\t\t\t<\/h2>\n\t\t\t\t\t<div id=\"collapse-503\" class=\"accordion-collapse collapse texto-top-b\" aria-labelledby=\"headingOne\" data-bs-parent=\"#accordionExample\">\n\t\t\t\t\t\t<div class=\"accordion-body\">\n\n\t\t\t\t\t\t\t<p style=\"text-align: center;\">O registro de participa\u00e7\u00e3o dever\u00e1 ser feito atrav\u00e9s do link:<\/p>\n<p style=\"text-align: center;\"><a href=\"https:\/\/www.sescpr.com.br\/semanalgpd\/registro-de-participacao\/ \">\u00a0https:\/\/www.sescpr.com.br\/semanalgpd\/registro-de-participacao\/<\/a><\/p>\n<p style=\"text-align: center;\">e ficar\u00e1 dispon\u00edvel <b>at\u00e9 o dia 20\/10<\/b>.<\/p>\n\n\t\t\t\t\t\t<\/div>\n\t\t\t\t\t<\/div>\n\t\t\t\t<\/div>\n\t\t\t\t\t\t\t\t\t<\/div>\n\n\t\n\n<\/div><\/div>\n","protected":false},"excerpt":{"rendered":"<p>Perguntas Frequentes: [&#8230;]<\/p>\n<p><a class=\"btn btn-secondary understrap-read-more-link\" href=\"https:\/\/www.sescpr.com.br\/semanalgpd\/sesc_faq_\/como-faco-para-registrar-minha-participacao\/\">Leia mais&#8230;<\/a><\/p>\n","protected":false},"author":5,"featured_media":0,"parent":0,"menu_order":0,"comment_status":"closed","ping_status":"closed","template":"","meta":{"footnotes":""},"_links":{"self":[{"href":"https:\/\/www.sescpr.com.br\/semanalgpd\/wp-json\/wp\/v2\/pages\/104"}],"collection":[{"href":"https:\/\/www.sescpr.com.br\/semanalgpd\/wp-json\/wp\/v2\/pages"}],"about":[{"href":"https:\/\/www.sescpr.com.br\/semanalgpd\/wp-json\/wp\/v2\/types\/page"}],"author":[{"embeddable":true,"href":"https:\/\/www.sescpr.com.br\/semanalgpd\/wp-json\/wp\/v2\/users\/5"}],"replies":[{"embeddable":true,"href":"https:\/\/www.sescpr.com.br\/semanalgpd\/wp-json\/wp\/v2\/comments?post=104"}],"version-history":[{"count":0,"href":"https:\/\/www.sescpr.com.br\/semanalgpd\/wp-json\/wp\/v2\/pages\/104\/revisions"}],"wp:attachment":[{"href":"https:\/\/www.sescpr.com.br\/semanalgpd\/wp-json\/wp\/v2\/media?parent=104"}],"curies":[{"name":"wp","href":"https:\/\/api.w.org\/{rel}","templated":true}]}}