{"id":5,"date":"2025-03-27T14:16:16","date_gmt":"2025-03-27T17:16:16","guid":{"rendered":"https:\/\/www.sescpr.com.br\/sabadofamilia\/?page_id=5"},"modified":"2025-03-27T14:16:59","modified_gmt":"2025-03-27T17:16:59","slug":"em-breve","status":"publish","type":"page","link":"https:\/\/www.sescpr.com.br\/sabadofamilia\/em-breve\/","title":{"rendered":"Programa\u00e7\u00e3o em breve!"},"content":{"rendered":"\n<p class=\"has-text-align-center\">Divers\u00e3o, aprendizado e bem-estar para toda a fam\u00edlia! Participe do Sesc S\u00e1bado em Fam\u00edlia e aproveite atividades especiais a cada m\u00eas.<\/p>\n","protected":false},"excerpt":{"rendered":"<p>Divers\u00e3o, aprendizado e bem-estar para toda a fam\u00edlia! Participe do Sesc S\u00e1bado em Fam\u00edlia e aproveite atividades especiais a cada m\u00eas. [&#8230;]<\/p>\n<p><a class=\"btn btn-secondary sabfam-read-more-link\" href=\"https:\/\/www.sescpr.com.br\/sabadofamilia\/em-breve\/\">Read More&#8230;<span class=\"screen-reader-text\"> from Programa\u00e7\u00e3o em breve!<\/span><\/a><\/p>\n","protected":false},"author":10,"featured_media":0,"parent":0,"menu_order":0,"comment_status":"closed","ping_status":"closed","template":"","meta":{"_acf_changed":false,"footnotes":""},"acf":[],"_links":{"self":[{"href":"https:\/\/www.sescpr.com.br\/sabadofamilia\/wp-json\/wp\/v2\/pages\/5"}],"collection":[{"href":"https:\/\/www.sescpr.com.br\/sabadofamilia\/wp-json\/wp\/v2\/pages"}],"about":[{"href":"https:\/\/www.sescpr.com.br\/sabadofamilia\/wp-json\/wp\/v2\/types\/page"}],"author":[{"embeddable":true,"href":"https:\/\/www.sescpr.com.br\/sabadofamilia\/wp-json\/wp\/v2\/users\/10"}],"replies":[{"embeddable":true,"href":"https:\/\/www.sescpr.com.br\/sabadofamilia\/wp-json\/wp\/v2\/comments?post=5"}],"version-history":[{"count":2,"href":"https:\/\/www.sescpr.com.br\/sabadofamilia\/wp-json\/wp\/v2\/pages\/5\/revisions"}],"predecessor-version":[{"id":8,"href":"https:\/\/www.sescpr.com.br\/sabadofamilia\/wp-json\/wp\/v2\/pages\/5\/revisions\/8"}],"wp:attachment":[{"href":"https:\/\/www.sescpr.com.br\/sabadofamilia\/wp-json\/wp\/v2\/media?parent=5"}],"curies":[{"name":"wp","href":"https:\/\/api.w.org\/{rel}","templated":true}]}}