{"id":9265,"date":"2024-01-12T17:13:34","date_gmt":"2024-01-12T20:13:34","guid":{"rendered":"https:\/\/www.sescpr.com.br\/material-escolar\/?page_id=9265"},"modified":"2026-01-27T08:23:01","modified_gmt":"2026-01-27T11:23:01","slug":"onde-doar","status":"publish","type":"page","link":"https:\/\/www.sescpr.com.br\/material-escolar\/onde-doar\/","title":{"rendered":"Postos de Arrecada\u00e7\u00e3o"},"content":{"rendered":"\n<div class=\"wp-block-group full-width my-5 py-2 is-layout-constrained wp-block-group-is-layout-constrained\"><div class=\"wp-block-group__inner-container\">\n<div class=\"wp-block-group container pt-xxl-5 is-layout-constrained wp-block-group-is-layout-constrained\"><div class=\"wp-block-group__inner-container\">    <style> #sesc-69ffc6f9737e5 .sescpr-col-simple-content{display:flex !important;flex-direction:column !important;width:100% !important;} #sesc-69ffc6f9737e5 .image-simple{object-fit:cover !important;width:100% !important;display:block !important;position:relative !important;} #sesc-69ffc6f9737e5 .image-simple.size-variable{object-fit:scale-down !important;object-position:center center !important;height:50vh !important;} #sesc-69ffc6f9737e5 .sesc-col-1{width:100% !important;display:flex !important;flex-direction:column !important;align-items:center !important;justify-content:center !important;background:transparent !important;} #sesc-69ffc6f9737e5 .sesc-col-2{display:flex !important;align-items:center !important;width:100% !important;background:transparent !important;} @media (min-width: 992px) {  #sesc-69ffc6f9737e5 .image-simple.size-variable{height:50vh !important;} #sesc-69ffc6f9737e5 .sescpr-col-simple-content{flex-direction:row !important;} #sesc-69ffc6f9737e5 .sesc-col-1{width:50% !important;} #sesc-69ffc6f9737e5 .sesc-col-2{width:50% !important;}}<\/style>\n\n    <div id=\"sesc-69ffc6f9737e5\" class=\"\">\n\n        <div class=\"sescpr-col-simple-content\">\n\n            <div class=\"sesc-col-1\">\n                <img decoding=\"async\" src=\"https:\/\/www.sescpr.com.br\/material-escolar\/wp-content\/uploads\/sites\/174\/2026\/01\/elemento_material-escolar-Asset-1@2x.png\" width=\"1797\" width=\"1797\" heigth=\"1039\" alt=\"elemento_material escolar Asset 1@2x\" class=\"image-simple d-none d-md-block img-hidde-mob\" loading=\"lazy\" \/>\n                            <\/div>\n\n            <div class=\"sesc-col-2\" style=\"z-index:2;\">\n                <div class=\"p-2 p-md-4\">\n                    \n<div>\n<div class=\"wp-block-group has-white-color has-text-color has-link-color wp-elements-c2e9940d3b83c4953e153dcee4b5d53f is-layout-constrained wp-block-group-is-layout-constrained\"><div class=\"wp-block-group__inner-container\">\n<h2 class=\"wp-block-heading\"><strong><strong>Deixe sua doa\u00e7\u00e3o nas caixas identificadas com o cartaz da campanha!<\/strong><\/strong><\/h2>\n\n\n\n<p><br>H\u00e1 pontos de coleta nas unidades do Sesc PR e Senac PR, em condom\u00ednios filiados ao Sindicato da Habita\u00e7\u00e3o e Condom\u00ednios (Secovi-PR) e empresas do comercio parceiras espalhadas em mais de 30 munic\u00edpios no Paran\u00e1!<\/p>\n<\/div><\/div>\n<\/div>\n                <\/div>\n            <\/div>\n        <\/div>\n\n    <\/div>\n\n<\/div><\/div>\n<\/div><\/div>\n\n\n\n<div class=\"wp-block-group container my-5 py-3 is-layout-constrained wp-block-group-is-layout-constrained\"><div class=\"wp-block-group__inner-container\">\n<div class=\"wp-block-columns select-cidade-posto-arrecadacao is-layout-flex wp-container-core-columns-layout-1 wp-block-columns-is-layout-flex\">\n<div class=\"wp-block-column is-layout-flow wp-block-column-is-layout-flow\">\r\n        <h5 class=\"text-center mt-5\">Pesquise a cidade e confira abaixo onde fazer sua doa\u00e7\u00e3o:<\/h5>\r\n        <select id=\"sesc_select_cidades\" name=\"todas_cidades\" class=\"form-select mt-3 mx-auto d-block form-select\">\r\n            <option value=\"\">Selecione...<\/option>\r\n            <option value=\"2850\">Almirante Tamandar\u00e9<\/option><option value=\"1791\">Alvorada do Sul<\/option><option value=\"2601\">Antonina<\/option><option value=\"49\">Apucarana<\/option><option value=\"1818\">Arapongas<\/option><option value=\"2826\">Arauc\u00e1ria<\/option><option value=\"1794\">Bela Vista do Para\u00edso<\/option><option value=\"52\">Campo Mour\u00e3o<\/option><option value=\"55\">Cascavel<\/option><option value=\"2853\">Colombo<\/option><option value=\"58\">Corn\u00e9lio Proc\u00f3pio<\/option><option value=\"61\">Curitiba<\/option><option value=\"1743\">Fazenda Rio Grande<\/option><option value=\"64\">Foz do Igua\u00e7u<\/option><option value=\"67\">Francisco Beltr\u00e3o<\/option><option value=\"70\">Guarapuava<\/option><option value=\"73\">Ivaipor\u00e3<\/option><option value=\"76\">Jacarezinho<\/option><option value=\"79\">Londrina<\/option><option value=\"1016\">Marechal C\u00e2ndido Rondon<\/option><option value=\"85\">Maring\u00e1<\/option><option value=\"88\">Matinhos<\/option><option value=\"91\">Medianeira<\/option><option value=\"2649\">Nova Londrina<\/option><option value=\"94\">Palmas<\/option><option value=\"97\">Paranagu\u00e1<\/option><option value=\"100\">Paranava\u00ed<\/option><option value=\"103\">Pato Branco<\/option><option value=\"1746\">Pinhais<\/option><option value=\"106\">Ponta Grossa<\/option><option value=\"2148\">Prudent\u00f3polis<\/option><option value=\"109\">Rio Negro<\/option><option value=\"1028\">Santo Ant\u00f4nio da Platina<\/option><option value=\"115\">S\u00e3o Jos\u00e9 dos Pinhais<\/option><option value=\"2274\">S\u00e3o Mateus do Sul<\/option><option value=\"118\">Toledo<\/option><option value=\"121\">Umuarama<\/option><option value=\"124\">Uni\u00e3o da Vit\u00f3ria<\/option>        <\/select>\r\n        <div id=\"sesc_retorna_pontos_coleta\"><\/div>\r\n\r\n    \r\n    \n<\/div>\n<\/div>\n<\/div><\/div>\n","protected":false},"excerpt":{"rendered":"<p> [&#8230;]<\/p>\n<p><a class=\"btn btn-secondary understrap-read-more-link\" href=\"https:\/\/www.sescpr.com.br\/material-escolar\/onde-doar\/\">Read More&#8230;<span class=\"screen-reader-text\"> from Postos de Arrecada\u00e7\u00e3o<\/span><\/a><\/p>\n","protected":false},"author":2607,"featured_media":0,"parent":0,"menu_order":0,"comment_status":"closed","ping_status":"closed","template":"page-templates\/fullwidthpage.php","meta":{"footnotes":""},"_links":{"self":[{"href":"https:\/\/www.sescpr.com.br\/material-escolar\/wp-json\/wp\/v2\/pages\/9265"}],"collection":[{"href":"https:\/\/www.sescpr.com.br\/material-escolar\/wp-json\/wp\/v2\/pages"}],"about":[{"href":"https:\/\/www.sescpr.com.br\/material-escolar\/wp-json\/wp\/v2\/types\/page"}],"author":[{"embeddable":true,"href":"https:\/\/www.sescpr.com.br\/material-escolar\/wp-json\/wp\/v2\/users\/2607"}],"replies":[{"embeddable":true,"href":"https:\/\/www.sescpr.com.br\/material-escolar\/wp-json\/wp\/v2\/comments?post=9265"}],"version-history":[{"count":0,"href":"https:\/\/www.sescpr.com.br\/material-escolar\/wp-json\/wp\/v2\/pages\/9265\/revisions"}],"wp:attachment":[{"href":"https:\/\/www.sescpr.com.br\/material-escolar\/wp-json\/wp\/v2\/media?parent=9265"}],"curies":[{"name":"wp","href":"https:\/\/api.w.org\/{rel}","templated":true}]}}