{"id":14041,"date":"2025-01-17T09:41:57","date_gmt":"2025-01-17T12:41:57","guid":{"rendered":"https:\/\/www.sescpr.com.br\/material-escolar\/?page_id=14041"},"modified":"2026-01-29T08:12:10","modified_gmt":"2026-01-29T11:12:10","slug":"sobre","status":"publish","type":"page","link":"https:\/\/www.sescpr.com.br\/material-escolar\/sobre\/","title":{"rendered":"Sobre"},"content":{"rendered":"<style> #sesc-block-img-bg69ed5160dad31 .block{position:relative !important;z-index:1 !important;display:flex !important;width:100% !important;align-items:center !important;min-height:inherit !important;} #sesc-block-img-bg69ed5160dad31 .block-bg-img{width:100% !important;height:100% !important;position:absolute !important;top:0 !important;left:0 !important;z-index:-1 !important;background-size:cover !important;background-repeat:no-repeat !important;background-image:url(\"https:\/\/www.sescpr.com.br\/material-escolar\/wp-content\/uploads\/sites\/174\/2025\/01\/campanha-material-escolar-sesc-2025-1.jpg\") !important;background-position:bottom center !important;background-attachment:initial !important;opacity:1 !important;} @media (min-width: 992px) {  #sesc-block-img-bg69ed5160dad31 .block{align-items:center !important;min-height:inherit !important;} #sesc-block-img-bg69ed5160dad31 .block-bg-img{background-position:center center !important;background-size:cover !important;}}<\/style>    <section id=\"sesc-block-img-bg69ed5160dad31\" class=\"p-0 my-0 full-width\" style=\"position: relative; z-index: 1\">\r\n        <div style=\"background:linear-gradient(135deg,rgb(201,179,120) 0%,rgba(155,81,224,0) 100%);\" class=\"has-background p-0 my-0 wp-block-sesc-block-block-img-bg\">\r\n\r\n            <div class=\"block\">\r\n                <div class=\"block-bg-img\"><\/div>\r\n                <div style=\"z-index: 1; width: 100%\">\r\n                    \n<div>\n<div class=\"wp-block-columns alignfull are-vertically-aligned-center container m-0 h-100 p-0 is-layout-flex wp-container-core-columns-layout-1 wp-block-columns-is-layout-flex\">\n<div class=\"wp-block-column is-vertically-aligned-center p-5 has-background is-layout-flow wp-block-column-is-layout-flow\" style=\"background:linear-gradient(90deg,rgba(0,0,0,0.81) 0%,rgba(0,0,0,0) 98%);flex-basis:60%\">\n<div class=\"wp-block-group ps-md-5 is-layout-constrained wp-block-group-is-layout-constrained\"><div class=\"wp-block-group__inner-container\">\n<div style=\"height:80px\" aria-hidden=\"true\" class=\"wp-block-spacer d-none d-md-block\"><\/div>\n\n\n\n<h2 class=\"wp-block-heading mb-5 text-shadow text-giga has-white-color has-text-color has-link-color wp-elements-b1351eb1310de8aee820d790936738d7\">H\u00e1 8 anos distribuindo sorrisos e solidariedade!\u00a0<\/h2>\n\n\n\n<div style=\"height:80px\" aria-hidden=\"true\" class=\"wp-block-spacer d-none d-md-block\"><\/div>\n<\/div><\/div>\n<\/div>\n\n\n\n<div class=\"wp-block-column is-vertically-aligned-center d-none d-md-block is-layout-flow wp-block-column-is-layout-flow\"><\/div>\n<\/div>\n<\/div>\n\r\n                <\/div>\r\n            <\/div>\r\n        <\/div>\r\n\r\n    <\/section>\r\n\r\n\n\n\n<div class=\"wp-block-group container my-5 py-4 is-layout-constrained wp-block-group-is-layout-constrained\"><div class=\"wp-block-group__inner-container\">\n<p class=\"has-text-align-left px-3 mb-5 lh-base fs-4 text-center has-gray-dark-color has-text-color has-link-color wp-elements-f7b5f72bc7e12c59a8ab8d5ba338295b\">A <strong>Campanha do Material Escolar Sesc Paran\u00e1 <\/strong>e<strong> RPC<\/strong> promove alegria e solidariedade ao arrecadar materiais escolares novos e usados em bom estado, destinados a crian\u00e7as em situa\u00e7\u00e3o de vulnerabilidade social.<\/p>\n\n\n\n<p class=\"has-text-align-center px-3 lh-base fs-4 has-gray-dark-color has-text-color has-link-color wp-elements-6125f3276a6da9221e1ccadcb45c279f\">Nosso prop\u00f3sito \u00e9 simples: <\/p>\n\n\n\n<p class=\"has-text-align-center px-3 mb-5 lh-base fs-4 has-gray-dark-color has-text-color has-link-color wp-elements-36034d2e278fca9dc5d4943508ccdd38\">Garantir que o ano letivo dessas crian\u00e7as aconte\u00e7a com dignidade e esperan\u00e7a.<\/p>\n<\/div><\/div>\n\n\n\n<div class=\"wp-block-group my-5 py-4 is-layout-constrained wp-block-group-is-layout-constrained\"><div class=\"wp-block-group__inner-container\">\n<div class=\"wp-block-group rounded overflow-hidden bg-card shadow-sm is-layout-constrained wp-block-group-is-layout-constrained\"><div class=\"wp-block-group__inner-container\">    <style> #sesc-69ed5160db381 .sescpr-col-simple-content{display:flex !important;flex-direction:column-reverse !important;width:100% !important;} #sesc-69ed5160db381 .image-simple{object-fit:cover !important;width:100% !important;display:block !important;position:relative !important;} #sesc-69ed5160db381 .image-simple.size-variable{object-fit:contain !important;object-position:center right !important;height:50vh !important;} #sesc-69ed5160db381 .sesc-col-1{width:100% !important;display:flex !important;flex-direction:column !important;align-items:center !important;justify-content:center !important;background:transparent !important;} #sesc-69ed5160db381 .sesc-col-2{display:flex !important;align-items:center !important;width:100% !important;background:transparent !important;} @media (min-width: 992px) {  #sesc-69ed5160db381 .image-simple.size-variable{height:40vh !important;} #sesc-69ed5160db381 .sescpr-col-simple-content{flex-direction:row-reverse !important;} #sesc-69ed5160db381 .sesc-col-1{width:50% !important;} #sesc-69ed5160db381 .sesc-col-2{width:50% !important;}}<\/style>\n\n    <div id=\"sesc-69ed5160db381\" class=\"\">\n\n        <div class=\"sescpr-col-simple-content\">\n\n            <div class=\"sesc-col-1\">\n                <img decoding=\"async\" src=\"https:\/\/www.sescpr.com.br\/material-escolar\/wp-content\/uploads\/sites\/174\/2025\/01\/Pequeno-Principe-05-1.jpg\" width=\"799\" width=\"799\" heigth=\"533\" alt=\"Pequeno Principe 05\" class=\"image-simple rounded overflow-hidden\" loading=\"lazy\" \/>\n                            <\/div>\n\n            <div class=\"sesc-col-2\" style=\"z-index:2;\">\n                <div class=\"p-2 p-md-4\">\n                    \n<div>\n<div class=\"wp-block-group p-4 is-layout-constrained wp-block-group-is-layout-constrained\"><div class=\"wp-block-group__inner-container\">\n<h2 class=\"wp-block-heading mb-4 has-gray-dark-color has-text-color has-link-color wp-elements-ae5792ce9cf3200fd7455f1e0cfac202\">Resultados que levam felicidade!&nbsp;<\/h2>\n\n\n\n<p>A Campanha mobiliza comunidades em mais de 30 munic\u00edpios do Paran\u00e1, com postos de arrecada\u00e7\u00e3o em empresas, escolas e condom\u00ednios. <\/p>\n\n\n\n<p>Sua ajuda \u00e9 fundamental: doe materiais escolares \u2014 como cadernos, l\u00e1pis, r\u00e9guas e livros liter\u00e1rios \u2014 novos ou usados em bom estado e contribua diretamente para o aprendizado de uma crian\u00e7a.&nbsp;<\/p>\n\n\n\n<p>Juntos, podemos fazer a diferen\u00e7a, promovendo dignidade, esperan\u00e7a e um futuro melhor para milhares de crian\u00e7as.&nbsp;&nbsp;<\/p>\n<\/div><\/div>\n<\/div>\n                <\/div>\n            <\/div>\n        <\/div>\n\n    <\/div>\n\n<\/div><\/div>\n<\/div><\/div>\n\n\n\n<div class=\"wp-block-group my-5 py-4 is-layout-constrained wp-block-group-is-layout-constrained\"><div class=\"wp-block-group__inner-container\">    <style> #sesc-69ed5160db952 .sescpr-col-simple-content{display:flex !important;flex-direction:column !important;width:100% !important;} #sesc-69ed5160db952 .image-simple{object-fit:cover !important;width:100% !important;display:block !important;position:relative !important;} #sesc-69ed5160db952 .image-simple.size-variable{object-fit:contain !important;object-position:center right !important;height:50vh !important;} #sesc-69ed5160db952 .sesc-col-1{width:100% !important;display:flex !important;flex-direction:column !important;align-items:center !important;justify-content:center !important;background:transparent !important;} #sesc-69ed5160db952 .sesc-col-2{display:flex !important;align-items:center !important;width:100% !important;background:transparent !important;} @media (min-width: 992px) {  #sesc-69ed5160db952 .image-simple.size-variable{height:30vh !important;} #sesc-69ed5160db952 .sescpr-col-simple-content{flex-direction:row !important;} #sesc-69ed5160db952 .sesc-col-1{width:41.666666666667% !important;} #sesc-69ed5160db952 .sesc-col-2{width:58.333333333333% !important;}}<\/style>\n\n    <div id=\"sesc-69ed5160db952\" class=\"\">\n\n        <div class=\"sescpr-col-simple-content\">\n\n            <div class=\"sesc-col-1\">\n                <img decoding=\"async\" src=\"https:\/\/www.sescpr.com.br\/material-escolar\/wp-content\/uploads\/sites\/174\/2025\/01\/sesc-material-escolar-parceirps-1.png\" width=\"1024\" width=\"1024\" heigth=\"1033\" alt=\"sesc-material-escolar-parceirps (1)\" class=\"image-simple size-variable \" loading=\"lazy\" \/>\n                            <\/div>\n\n            <div class=\"sesc-col-2\" style=\"z-index:2;\">\n                <div class=\"p-2 p-md-4\">\n                    \n<div>\n<div class=\"wp-block-columns is-layout-flex wp-container-core-columns-layout-2 wp-block-columns-is-layout-flex\">\n<div class=\"wp-block-column is-layout-flow wp-block-column-is-layout-flow\" style=\"flex-basis:80%\">\n<h2 class=\"wp-block-heading text-black pt-3 mb-4 has-gray-dark-color has-text-color has-link-color wp-elements-46960a1083b633be471305f8fdf513f9\">Institui\u00e7\u00f5es parceiras<\/h2>\n\n\n\n<p class=\"text-black has-gray-dark-color has-text-color has-link-color wp-elements-cb3db8458ab03809bdc7f671d1a37d30\">A Campanha do Material Escolar \u00e9 uma realiza\u00e7\u00e3o do Sistema Fecom\u00e9rcio Sesc Senac Paran\u00e1 e RPC, em parceria com o Ex\u00e9rcito Brasileiro, C\u00e2mara da Mulher Empreendedora e Gestora de Neg\u00f3cios, a Associa\u00e7\u00e3o dos Not\u00e1rios e Registradores do Estado do Paran\u00e1 e os sindicatos empresariais filiados \u00e0 Fecom\u00e9rcio.&nbsp;<\/p>\n<\/div>\n\n\n\n<div class=\"wp-block-column d-none d-md-block is-layout-flow wp-block-column-is-layout-flow\" style=\"flex-basis:33.33%\"><\/div>\n<\/div>\n<\/div>\n                <\/div>\n            <\/div>\n        <\/div>\n\n    <\/div>\n\n<\/div><\/div>\n\n\n\n<div class=\"wp-block-group my-5 py-4 is-layout-constrained wp-block-group-is-layout-constrained\"><div class=\"wp-block-group__inner-container\">\n<div class=\"wp-block-group rounded overflow-hidden bg-card shadow-sm is-layout-constrained wp-block-group-is-layout-constrained\"><div class=\"wp-block-group__inner-container\">    <style> #sesc-69ed5160dbdfe .sescpr-col-simple-content{display:flex !important;flex-direction:column !important;width:100% !important;} #sesc-69ed5160dbdfe .image-simple{object-fit:cover !important;width:100% !important;display:block !important;position:relative !important;} #sesc-69ed5160dbdfe .image-simple.size-variable{object-fit:scale-down !important;object-position:center center !important;height:50vh !important;} #sesc-69ed5160dbdfe .sesc-col-1{width:100% !important;display:flex !important;flex-direction:column !important;align-items:center !important;justify-content:center !important;background:transparent !important;} #sesc-69ed5160dbdfe .sesc-col-2{display:flex !important;align-items:center !important;width:100% !important;background:transparent !important;} @media (min-width: 992px) {  #sesc-69ed5160dbdfe .image-simple.size-variable{height:50vh !important;} #sesc-69ed5160dbdfe .sescpr-col-simple-content{flex-direction:row !important;} #sesc-69ed5160dbdfe .sesc-col-1{width:50% !important;} #sesc-69ed5160dbdfe .sesc-col-2{width:50% !important;}}<\/style>\n\n    <div id=\"sesc-69ed5160dbdfe\" class=\"\">\n\n        <div class=\"sescpr-col-simple-content\">\n\n            <div class=\"sesc-col-1\">\n                <img decoding=\"async\" src=\"https:\/\/www.sescpr.com.br\/material-escolar\/wp-content\/uploads\/sites\/174\/2025\/01\/Acolhimento-e-responsabilidade-na-dist-de-doacoes.jpg\" width=\"800\" width=\"800\" heigth=\"600\" alt=\"Acolhimento e responsabilidade na dist de doa\u00e7\u00f5es\" class=\"image-simple rounded overflow-hidden \" loading=\"lazy\" \/>\n                            <\/div>\n\n            <div class=\"sesc-col-2\" style=\"z-index:2;\">\n                <div class=\"p-2 p-md-4 border-radius: 10px\">\n                    \n<div>\n<div class=\"wp-block-group px-2 is-layout-constrained wp-block-group-is-layout-constrained\"><div class=\"wp-block-group__inner-container\">\n<h2 class=\"wp-block-heading mb-4 has-gray-dark-color has-text-color has-link-color wp-elements-36cda3e629c703b6f3efe1a5bf35a543\">Acolhimento e responsabilidade na distribui\u00e7\u00e3o das doa\u00e7\u00f5es<\/h2>\n\n\n\n<p><strong>Cada doa\u00e7\u00e3o \u00e9 tratada com responsabilidade e cuidado, desde a separa\u00e7\u00e3o at\u00e9 a entrega<\/strong>. A distribui\u00e7\u00e3o das arrecada\u00e7\u00f5es ocorre por meio de parcerias com institui\u00e7\u00f5es e em brech\u00f3s sociais organizados pelas unidades do Sesc Paran\u00e1.&nbsp;<\/p>\n\n\n\n<p>Todas as institui\u00e7\u00f5es beneficiadas est\u00e3o devidamente registradas em conselhos municipais de defesa de direitos. <\/p>\n<\/div><\/div>\n<\/div>\n                <\/div>\n            <\/div>\n        <\/div>\n\n    <\/div>\n\n<\/div><\/div>\n<\/div><\/div>\n\n\n\n<div class=\"wp-block-group my-5 py-4 is-layout-constrained wp-block-group-is-layout-constrained\"><div class=\"wp-block-group__inner-container\">    <style> #sescpr-carousel-69ed5160dc21a .img-carrosel{width:100% !important;background-size:cover !important;background-repeat:no-repeat !important;object-fit:cover !important;} #sescpr-carousel-69ed5160dc21a .block-content{width:100% !important;height:auto !important;overflow:hidden !important;} #sescpr-carousel-69ed5160dc21a .splide__slide{height:30vh !important;} @media (min-width: 992px) {  #sescpr-carousel-69ed5160dc21a .splide__track{height:80vh !important;} #sescpr-carousel-69ed5160dc21a .img-carrosel{height:80vh !important;} #sescpr-carousel-69ed5160dc21a .block-content{height:80vh !important;}}<\/style>\n    <div id=\"sescpr-carousel-69ed5160dc21a\" class=\"sescpr-carousel  \">\n        <!-- COM SPLIDE -->\n                    <section id=\"splide-carrossel-69ed5160dc21a\" class=\"splide block-content\" role=\"group\" aria-label=\"\">\n                <div class=\"splide__track\">\n                    <ul class=\"splide__list\">\n                                                    <li class=\"splide__slide\">\n                                <div alt=\"\" class=\"img-carrosel\" style=\"background-image: url(https:\/\/www.sescpr.com.br\/material-escolar\/wp-content\/uploads\/sites\/174\/2025\/01\/300-kits-Arrecadacao-interna-2.jpeg); background-position:center center; width: 100%; height: 100%\"><\/div>                            <\/li>\n                                                    <li class=\"splide__slide\">\n                                <div alt=\"\" class=\"img-carrosel\" style=\"background-image: url(https:\/\/www.sescpr.com.br\/material-escolar\/wp-content\/uploads\/sites\/174\/2025\/01\/Entrega-02-ICAB-2.jpg); background-position:center center; width: 100%; height: 100%\"><\/div>                            <\/li>\n                                                    <li class=\"splide__slide\">\n                                <div alt=\"\" class=\"img-carrosel\" style=\"background-image: url(https:\/\/www.sescpr.com.br\/material-escolar\/wp-content\/uploads\/sites\/174\/2025\/01\/Entrega-de-doacoes-Cooperesiduos2-2.jpeg); background-position:center center; width: 100%; height: 100%\"><\/div>                            <\/li>\n                                                    <li class=\"splide__slide\">\n                                <div alt=\"\" class=\"img-carrosel\" style=\"background-image: url(https:\/\/www.sescpr.com.br\/material-escolar\/wp-content\/uploads\/sites\/174\/2025\/01\/ENTREGA-SICREDI-1-2.jpeg); background-position:center center; width: 100%; height: 100%\"><\/div>                            <\/li>\n                                                    <li class=\"splide__slide\">\n                                <div alt=\"\" class=\"img-carrosel\" style=\"background-image: url(https:\/\/www.sescpr.com.br\/material-escolar\/wp-content\/uploads\/sites\/174\/2026\/01\/Rede-de-Solidariedade.jpg); background-position:center center; width: 100%; height: 100%\"><\/div>                            <\/li>\n                                                    <li class=\"splide__slide\">\n                                <div alt=\"\" class=\"img-carrosel\" style=\"background-image: url(https:\/\/www.sescpr.com.br\/material-escolar\/wp-content\/uploads\/sites\/174\/2026\/01\/Rede-de-solidariedade-II-1.jpeg); background-position:center center; width: 100%; height: 100%\"><\/div>                            <\/li>\n                                            <\/ul>\n                <\/div>\n            <\/section>\n                    <\/section>\n    <\/div>\n            <script>\n            document.addEventListener('DOMContentLoaded', function() {\n                    new Splide('#splide-carrossel-69ed5160dc21a', {\n                        type: 'loop',\n                        autoplay: true,\n                        interval: 5000,\n                        perPage: 1,\n                        lazyLoad: true,\n                        resetProgress: true,\n                        cover: false,\n                        speed: 800,\n                        pauseOnHover: true,\n                        breakpoints: {\n                            576: {\n                                perPage: 1,\n                            },\n                        }\n                    }).mount();\n                }\n\n            );\n        <\/script>\n    <\/div><\/div>\n\n\n\n<div class=\"wp-block-group my-5 py-4 is-layout-constrained wp-block-group-is-layout-constrained\"><div class=\"wp-block-group__inner-container\">\n<div class=\"wp-block-group position-relative z-0 rounded overflow-hidden shadow-sm is-layout-constrained wp-block-group-is-layout-constrained\"><div class=\"wp-block-group__inner-container\">\n    <style>\n        #sesc-69ed5160dd6be {\n            z-index: 2\n        }\n\n        #sesc-69ed5160dd6be .img-full {\n            object-fit: cover;\n            z-index: -1;\n            height: 100%;\n            height: !important;\n        }\n\n        #sesc-69ed5160dd6be .col-bg {\n            z-index: 2;\n            background: ;background:#ffffffb5        }\n\n        @media (min-width: 576px) {\n            #sesc-69ed5160dd6be {\n                height: !important;\n            }\n\n            #sesc-69ed5160dd6be .img-full {\n                height: !important;\n                position: absolute;\n                top: 0;\n                left: 0;\n            }\n\n        }\n    <\/style>\n\n    <div id=\"sesc-69ed5160dd6be\" class=\"sescpr-colfull-img overflow-hidden w-100 \">\n\n        <div class=\"w-100 h-100 d-md-flex position-relative col-12 col-md-7 flex-column flex-md-row \">\n            <img decoding=\"async\" src=\"https:\/\/www.sescpr.com.br\/material-escolar\/wp-content\/uploads\/sites\/174\/2025\/01\/temnosescpr.jpg\" class=\"w-100 d-md-block img-full\" style=\"object-position: center center; object-fit: cover\">\n\n            <div class=\"col-bg position-relative col-12 col-md-5 d-flex align-items-center p-2 p-md-5\">\n                <div class=\"p-2 p-md-4\">\n                    \n<div>\n<div class=\"wp-block-group p-3 px-5 has-white-color has-text-color has-background has-link-color wp-elements-844ef77bf817152101ac9cbd8f382dc5 is-layout-constrained wp-block-group-is-layout-constrained\" style=\"background-color:#e3a302d9\"><div class=\"wp-block-group__inner-container\">\n<h2 class=\"wp-block-heading text-black has-white-color has-text-color has-link-color wp-elements-22cbd7dbd6f82e7806cf5a24d3d004bf\">Tudo que faz bem tem no Sesc Paran\u00e1<\/h2>\n\n\n\n<p class=\"text-black\">O Sesc mobiliza institui\u00e7\u00f5es sociais e coletivos para garantir direitos humanos, promover cidadania ativa e contribuir com o desenvolvimento de comunidades.<\/p>\n\n\n    <a href=\"https:\/\/www.sescpr.com.br\/area-de-atuacao\/acao-social\/\" class=\"btn px-4 py-3 mx-auto d-block btn-dark \" style=\"max-width: max-content; min-width: 100px\">\r\n        Conhe\u00e7a a a\u00e7\u00e3o social do Sesc PR    <\/a>\r\n\r\n<\/div><\/div>\n<\/div>\n                <\/div>\n            <\/div>\n        <\/div>\n\n\n\n\n    <\/div>\n<\/div><\/div>\n<\/div><\/div>\n","protected":false},"excerpt":{"rendered":"<p>A Campanha do Material Escolar Sesc Paran\u00e1 e RPC promove alegria e solidariedade ao arrecadar materiais escolares novos e usados em bom estado, destinados a crian\u00e7as em situa\u00e7\u00e3o de vulnerabilidade social. Nosso prop\u00f3sito \u00e9 simples: Garantir que o ano letivo dessas crian\u00e7as aconte\u00e7a com dignidade e esperan\u00e7a. [&#8230;]<\/p>\n<p><a class=\"btn btn-secondary understrap-read-more-link\" href=\"https:\/\/www.sescpr.com.br\/material-escolar\/sobre\/\">Read More&#8230;<span class=\"screen-reader-text\"> from Sobre<\/span><\/a><\/p>\n","protected":false},"author":1448,"featured_media":0,"parent":0,"menu_order":0,"comment_status":"closed","ping_status":"closed","template":"","meta":{"footnotes":""},"_links":{"self":[{"href":"https:\/\/www.sescpr.com.br\/material-escolar\/wp-json\/wp\/v2\/pages\/14041"}],"collection":[{"href":"https:\/\/www.sescpr.com.br\/material-escolar\/wp-json\/wp\/v2\/pages"}],"about":[{"href":"https:\/\/www.sescpr.com.br\/material-escolar\/wp-json\/wp\/v2\/types\/page"}],"author":[{"embeddable":true,"href":"https:\/\/www.sescpr.com.br\/material-escolar\/wp-json\/wp\/v2\/users\/1448"}],"replies":[{"embeddable":true,"href":"https:\/\/www.sescpr.com.br\/material-escolar\/wp-json\/wp\/v2\/comments?post=14041"}],"version-history":[{"count":0,"href":"https:\/\/www.sescpr.com.br\/material-escolar\/wp-json\/wp\/v2\/pages\/14041\/revisions"}],"wp:attachment":[{"href":"https:\/\/www.sescpr.com.br\/material-escolar\/wp-json\/wp\/v2\/media?parent=14041"}],"curies":[{"name":"wp","href":"https:\/\/api.w.org\/{rel}","templated":true}]}}