{"id":13974,"date":"2025-01-17T07:30:00","date_gmt":"2025-01-17T10:30:00","guid":{"rendered":"https:\/\/www.sescpr.com.br\/material-escolar\/?page_id=13974"},"modified":"2026-02-23T17:22:43","modified_gmt":"2026-02-23T20:22:43","slug":"home","status":"publish","type":"page","link":"https:\/\/www.sescpr.com.br\/material-escolar\/","title":{"rendered":"home"},"content":{"rendered":"<style> #sesc-block-img-bg69ed3dd43e57c .block{position:relative !important;z-index:1 !important;display:flex !important;width:100% !important;align-items:center !important;min-height:70vh !important;} #sesc-block-img-bg69ed3dd43e57c .block-bg-img{width:100% !important;height:100% !important;position:absolute !important;top:0 !important;left:0 !important;z-index:-1 !important;background-size:contain !important;background-repeat:no-repeat !important;background-image:url(\"https:\/\/www.sescpr.com.br\/material-escolar\/wp-content\/uploads\/sites\/174\/2026\/01\/elemento_material-escolar-Asset-10@2x-1.png\") !important;background-position:top center !important;background-attachment:initial !important;opacity:0.2 !important;} @media (min-width: 992px) {  #sesc-block-img-bg69ed3dd43e57c .block{align-items:flex-end !important;min-height:80vh !important;} #sesc-block-img-bg69ed3dd43e57c .block-bg-img{background-position:center center !important;background-size:contain !important;}}<\/style>    <section id=\"sesc-block-img-bg69ed3dd43e57c\" class=\"container-xxl\" style=\"position: relative; z-index: 1\">\r\n        <div class=\"container-xxl wp-block-sesc-block-block-img-bg\">\r\n\r\n            <div class=\"block\">\r\n                <div class=\"block-bg-img\"><\/div>\r\n                <div style=\"z-index: 1; width: 100%\">\r\n                    \n<div>\n<div class=\"wp-block-columns container-xxl my-0 p-0 is-layout-flex wp-container-core-columns-layout-1 wp-block-columns-is-layout-flex\">\n<div class=\"wp-block-column is-vertically-aligned-bottom p-0 m-0 ps-md-5 ms-md-5 has-base-2-background-color has-background is-layout-flow wp-block-column-is-layout-flow\" style=\"flex-basis:66.66%\">\n<figure class=\"wp-block-image alignwide size-full mt-0 mt-md-3\"><img loading=\"lazy\" decoding=\"async\" width=\"2606\" height=\"2602\" src=\"https:\/\/www.sescpr.com.br\/material-escolar\/wp-content\/uploads\/sites\/174\/2026\/01\/Ativo-14.png\" alt=\"\" class=\"wp-image-14951\" srcset=\"https:\/\/www.sescpr.com.br\/material-escolar\/wp-content\/uploads\/sites\/174\/2026\/01\/Ativo-14.png 2606w, https:\/\/www.sescpr.com.br\/material-escolar\/wp-content\/uploads\/sites\/174\/2026\/01\/Ativo-14-300x300.png 300w, https:\/\/www.sescpr.com.br\/material-escolar\/wp-content\/uploads\/sites\/174\/2026\/01\/Ativo-14-1024x1022.png 1024w, https:\/\/www.sescpr.com.br\/material-escolar\/wp-content\/uploads\/sites\/174\/2026\/01\/Ativo-14-150x150.png 150w, https:\/\/www.sescpr.com.br\/material-escolar\/wp-content\/uploads\/sites\/174\/2026\/01\/Ativo-14-768x767.png 768w, https:\/\/www.sescpr.com.br\/material-escolar\/wp-content\/uploads\/sites\/174\/2026\/01\/Ativo-14-1536x1534.png 1536w, https:\/\/www.sescpr.com.br\/material-escolar\/wp-content\/uploads\/sites\/174\/2026\/01\/Ativo-14-2048x2045.png 2048w\" sizes=\"(max-width: 2606px) 100vw, 2606px\" \/><\/figure>\n<\/div>\n\n\n\n<div class=\"wp-block-column is-vertically-aligned-center px-3 px-md-5 pt-3 has-base-2-background-color has-background is-layout-flow wp-block-column-is-layout-flow\" style=\"flex-basis:33.33%\">\n<div class=\"wp-block-group position-relative px-3 mxw-300 mx-auto is-layout-constrained wp-block-group-is-layout-constrained\"><div class=\"wp-block-group__inner-container\">\n<div class=\"wp-block-group rounded-3 overflow-hidden is-layout-constrained wp-block-group-is-layout-constrained\"><div class=\"wp-block-group__inner-container\">\n<div class=\"wp-block-group p-3 m-0 position-relative bg-white has-background is-layout-constrained wp-block-group-is-layout-constrained\"><div class=\"wp-block-group__inner-container\">\n<div style=\"height:35px\" aria-hidden=\"true\" class=\"wp-block-spacer\"><\/div>\n\n\n\n<p class=\"has-text-align-center\"><strong>Ajude na educa\u00e7\u00e3o<br>de uma crian\u00e7a!<\/strong><\/p>\n\n\n\n<p class=\"has-text-align-center\">Leve sua doa\u00e7\u00e3o a um ponto de coleta at\u00e9 27 de mar\u00e7o<\/p>\n\n\n\n<p><\/p>\n<\/div><\/div>\n\n\n\n<div class=\"wp-block-group bg-terciario m-0 p-3 bg-success has-background is-layout-constrained wp-block-group-is-layout-constrained\"><div class=\"wp-block-group__inner-container\">\n<div class=\"wp-block-group d-flex justify-content-center is-layout-constrained wp-block-group-is-layout-constrained\"><div class=\"wp-block-group__inner-container\"><div class=\"\">\r\n    <a class=\"btn btn-lg btn-secondary mb-4 px-5\"\r\n        href=\"https:\/\/www.sescpr.com.br\/material-escolar\/sobre\/\" role=\"button\">Saiba mais<\/a>\r\n<\/div><\/div><\/div>\n<\/div><\/div>\n<\/div><\/div>\n\n\n<div class=\"wp-block-image img-selo\">\n<figure class=\"aligncenter size-full is-resized\"><img decoding=\"async\" src=\"http:\/\/localhost\/wordpress\/agasalho\/wp-content\/uploads\/sites\/21\/2024\/05\/selo-cda.png\" alt=\"\" class=\"wp-image-9257\" style=\"width:95px;height:auto\"\/><\/figure><\/div><\/div><\/div>\n<\/div>\n<\/div>\n<\/div>\n\r\n                <\/div>\r\n            <\/div>\r\n        <\/div>\r\n\r\n    <\/section>\r\n\r\n\n\n\n<div class=\"wp-block-group full-width py-5 is-layout-constrained wp-block-group-is-layout-constrained\"><div class=\"wp-block-group__inner-container\"><div class=\"container-xxl\">\r\n    <div class=\"row row-cols-1 row-cols-md-3 g-5\">\r\n        <div class=\"col\">\r\n            <div class=\"card h-100 card-home bg-card\">\r\n                <img decoding=\"async\" src=\"https:\/\/www.sescpr.com.br\/material-escolar\/wp-content\/uploads\/sites\/174\/2025\/01\/b1.jpg\" class=\"card-img-home\" alt=\"...\">\r\n                <div class=\"card-body\">\r\n                    <h5 class=\"card-title text-center\"><strong>Promova dignidade<\/strong><\/h5>\r\n                    <p class=\"card-text\">Sua contribui\u00e7\u00e3o leva esperan\u00e7a a milhares de crian\u00e7as e ajuda a garantir um ano letivo mais digno.<\/p>\r\n                <\/div>\r\n            <\/div>\r\n        <\/div>\r\n        <div class=\"col\">\r\n            <div class=\"card h-100 card-home bg-card\">\r\n                <img decoding=\"async\" src=\"https:\/\/www.sescpr.com.br\/material-escolar\/wp-content\/uploads\/sites\/174\/2026\/01\/Pratique-a-solidariedade-ou-carrossel.jpeg\" class=\"card-img-home\" alt=\"...\">\r\n                <div class=\"card-body\">\r\n                    <h5 class=\"card-title text-center\"><strong>Pratique a solidariedade<\/strong><\/h5>\r\n                    <p class=\"card-text\">Junte-se a essa corrente do bem e ofere\u00e7a oportunidades a crian\u00e7as que desejam estudar com mais dignidade.<\/p>\r\n                <\/div>\r\n            <\/div>\r\n        <\/div>\r\n        <div class=\"col\">\r\n            <div class=\"card h-100 card-home bg-card\">\r\n                <img decoding=\"async\" src=\"https:\/\/www.sescpr.com.br\/material-escolar\/wp-content\/uploads\/sites\/174\/2026\/01\/Apoie-Instituicoes-sociais-1.jpeg\" class=\"card-img-home\" alt=\"...\">\r\n                <div class=\"card-body\">\r\n                    <h5 class=\"card-title text-center\"><strong>Apoie Institui\u00e7\u00f5es Sociais <\/strong><\/h5>\r\n                    <p class=\"card-text\">Ao doar, voc\u00ea fortalece muitas institui\u00e7\u00f5es sociais no Paran\u00e1, que atuam diariamente no cuidado e na educa\u00e7\u00e3o de crian\u00e7as em situa\u00e7\u00e3o de vulnerabilidade.<\/p>\r\n                <\/div>\r\n            <\/div>\r\n        <\/div>\r\n    <\/div>\r\n<\/div><\/div><\/div>\n\n\n\n\n\n\n\n<div>\n<div class=\"wp-block-group my-5 is-layout-constrained wp-block-group-is-layout-constrained\"><div class=\"wp-block-group__inner-container\"><link rel=\"stylesheet\" href=\"https:\/\/use.typekit.net\/imq0okh.css\">\n\n<style>\n    #arrecadometro-material .text-quant {\n        font-family: Chalky-Regular, Chalky;\n        font-size: 110px;\n        fill: #fff;\n    }\n\n    #arrecadometro-material .number-quant {\n        font-family: \"cabin-sketch-bold\", 'Cabin Sketch';\n        font-size: 150px;\n        font-weight: 700;\n        fill: #fff;\n    }\n<\/style>\n\n\n\n\n\n<div id=\"arrecadometro-material\" class=\"teste m-0 p-0 count-conteiner\">\n\n    <svg id=\"material-desktop\" xmlns=\"http:\/\/www.w3.org\/2000\/svg\" xmlns:xlink=\"http:\/\/www.w3.org\/1999\/xlink\"\n        version=\"1.1\" viewBox=\"0 0 2048 948\" class=\"rounded overflow-hidden\">\n        <g id=\"fundo\">\n            <image id=\"Camada_11\" data-name=\"Camada_1\" width=\"2048\" height=\"948\" transform=\"translate(-.31 -.44)\"\n                xlink:href=\"https:\/\/www.sescpr.com.br\/material-escolar\/wp-content\/themes\/campanhas_v1\/blocks\/arrecadometro-material-escolar\/fundo_arrecadometro.jpg\" \/>\n        <\/g>\n        <text class=\"text-quant\" transform=\"translate(764.74 366.52)\">\n            <tspan x=\"0\" y=\"0\">J\u00e1 arrecadamos            <\/tspan>\n        <\/text>\n        <text class=\"text-quant number-quant\" transform=\"translate(20 18)\">\n            <tspan id=\"count-desktop\" x=\"50%\" y=\"52%\" text-anchor=\"middle\">0<\/tspan>\n        <\/text>\n        <text class=\"text-quant\" transform=\"translate(873.81 625.2)\">\n            <tspan x=\"0\" y=\"0\">materiais<\/tspan>\n        <\/text>\n\n    <\/svg>\n\n    <script>\n        let total = 155625;\n        let stepTime = 30;\n        let duration = 1000;\n        let steps = duration \/ stepTime;\n        let increment = total \/ steps;\n        let currentValue = 0;\n        let started = false;\n\n        function startCount(elem) {\n            if (started) return;\n            started = true;\n\n            let count = setInterval(function () {\n                currentValue += increment;\n                if (currentValue >= total) {\n                    currentValue = total;\n                    clearInterval(count);\n                }\n                elem.textContent = Math.floor(currentValue).toLocaleString('pt-BR');\n            }, stepTime);\n        }\n\n        \/\/ Create an IntersectionObserver\n        const observer = new IntersectionObserver((entries, observer) => {\n            entries.forEach(entry => {\n                if (entry.isIntersecting) {\n                    startCount(entry.target);\n                    observer.unobserve(entry.target); \/\/ Stop observing once started\n                }\n            });\n        }, {\n            threshold: 0.5 \/\/ Trigger when at least 50% of the element is visible\n        });\n\n        observer.observe(document.getElementById('count-desktop'));\n    <\/script>\n\n\n<\/div><\/div><\/div>\n<\/div>\n\n\n\n<div class=\"wp-block-group mt-md-5 py-md-5 full-width is-layout-flow wp-block-group-is-layout-flow\"><div class=\"wp-block-group__inner-container\">\n<div class=\"wp-block-columns container-xxl is-layout-flex wp-container-core-columns-layout-3 wp-block-columns-is-layout-flex\">\n<div class=\"wp-block-column is-layout-flow wp-block-column-is-layout-flow\" style=\"flex-basis:66.66%\">    <style> #sescpr-carousel-69ed3dd442950 .img-carrosel{width:100% !important;background-size:cover !important;background-repeat:no-repeat !important;object-fit:cover !important;} #sescpr-carousel-69ed3dd442950 .block-content{width:100% !important;height:auto !important;overflow:hidden !important;} #sescpr-carousel-69ed3dd442950 .splide__slide{height:30vh !important;} @media (min-width: 992px) {  #sescpr-carousel-69ed3dd442950 .splide__track{height:45vh !important;} #sescpr-carousel-69ed3dd442950 .img-carrosel{height:45vh !important;} #sescpr-carousel-69ed3dd442950 .block-content{height:45vh !important;}}<\/style>\n    <div id=\"sescpr-carousel-69ed3dd442950\" class=\"sescpr-carousel rounded \">\n        <!-- COM SPLIDE -->\n                    <section id=\"splide-carrossel-69ed3dd442950\" class=\"splide block-content\" role=\"group\" aria-label=\"\">\n                <div class=\"splide__track\">\n                    <ul class=\"splide__list\">\n                                                    <li class=\"splide__slide\">\n                                <div alt=\"\" class=\"img-carrosel\" style=\"background-image: url(https:\/\/www.sescpr.com.br\/material-escolar\/wp-content\/uploads\/sites\/174\/2025\/01\/300-kits-Arrecadacao-interna-1.jpeg); background-position:center center; width: 100%; height: 100%\"><\/div>                            <\/li>\n                                                    <li class=\"splide__slide\">\n                                <div alt=\"\" class=\"img-carrosel\" style=\"background-image: url(https:\/\/www.sescpr.com.br\/material-escolar\/wp-content\/uploads\/sites\/174\/2025\/01\/Entrega-02-ICAB-1.jpg); background-position:center center; width: 100%; height: 100%\"><\/div>                            <\/li>\n                                                    <li class=\"splide__slide\">\n                                <div alt=\"\" class=\"img-carrosel\" style=\"background-image: url(https:\/\/www.sescpr.com.br\/material-escolar\/wp-content\/uploads\/sites\/174\/2025\/01\/Entrega-de-doacoes-Cooperesiduos2-1.jpeg); background-position:center center; width: 100%; height: 100%\"><\/div>                            <\/li>\n                                                    <li class=\"splide__slide\">\n                                <div alt=\"\" class=\"img-carrosel\" style=\"background-image: url(https:\/\/www.sescpr.com.br\/material-escolar\/wp-content\/uploads\/sites\/174\/2025\/01\/ENTREGA-SICREDI-1-1.jpeg); background-position:center center; width: 100%; height: 100%\"><\/div>                            <\/li>\n                                                    <li class=\"splide__slide\">\n                                <div alt=\"\" class=\"img-carrosel\" style=\"background-image: url(https:\/\/www.sescpr.com.br\/material-escolar\/wp-content\/uploads\/sites\/174\/2025\/01\/Pequeno-Principe-05-1.jpg); background-position:center center; width: 100%; height: 100%\"><\/div>                            <\/li>\n                                                    <li class=\"splide__slide\">\n                                <div alt=\"\" class=\"img-carrosel\" style=\"background-image: url(https:\/\/www.sescpr.com.br\/material-escolar\/wp-content\/uploads\/sites\/174\/2026\/01\/Rede-de-solidariedade-II-1.jpeg); background-position:center center; width: 100%; height: 100%\"><\/div>                            <\/li>\n                                                    <li class=\"splide__slide\">\n                                <div alt=\"\" class=\"img-carrosel\" style=\"background-image: url(https:\/\/www.sescpr.com.br\/material-escolar\/wp-content\/uploads\/sites\/174\/2026\/01\/Rede-de-Solidariedade.jpg); background-position:center center; width: 100%; height: 100%\"><\/div>                            <\/li>\n                                            <\/ul>\n                <\/div>\n            <\/section>\n                    <\/section>\n    <\/div>\n            <script>\n            document.addEventListener('DOMContentLoaded', function() {\n                    new Splide('#splide-carrossel-69ed3dd442950', {\n                        type: 'loop',\n                        autoplay: true,\n                        interval: 5000,\n                        perPage: 1,\n                        lazyLoad: true,\n                        resetProgress: true,\n                        cover: false,\n                        speed: 800,\n                        pauseOnHover: true,\n                        breakpoints: {\n                            576: {\n                                perPage: 1,\n                            },\n                        }\n                    }).mount();\n                }\n\n            );\n        <\/script>\n    <\/div>\n\n\n\n<div class=\"wp-block-column is-vertically-aligned-center is-layout-flow wp-block-column-is-layout-flow\" style=\"flex-basis:50%\">\n<div class=\"wp-block-group px-2 pe-md-5 is-layout-constrained wp-block-group-is-layout-constrained\"><div class=\"wp-block-group__inner-container\">\n<h2 class=\"wp-block-heading has-text-align-center text-dark pt-3 mb-3\">Rede de solidariedade<\/h2>\n\n\n\n<p class=\"has-text-align-center\">Al\u00e9m de levar alegria, sua doa\u00e7\u00e3o fortalece a rede de prote\u00e7\u00e3o de crian\u00e7as e adolescentes em todo o Paran\u00e1.<\/p>\n\n\n\n<p class=\"has-text-align-center\">Todos os materiais escolares arrecadados s\u00e3o distribu\u00eddos em parceria com institui\u00e7\u00f5es sociais que atuam na promo\u00e7\u00e3o de direitos b\u00e1sicos \u2014 como educa\u00e7\u00e3o, sa\u00fade e alimenta\u00e7\u00e3o \u2014 para crian\u00e7as em situa\u00e7\u00e3o de vulnerabilidade social.<\/p>\n<\/div><\/div>\n<\/div>\n<\/div>\n<\/div><\/div>\n\n\n\n<div class=\"wp-block-group bg-dark py-2 py-md-5 full-width has-background is-layout-flow wp-block-group-is-layout-flow\" style=\"background:linear-gradient(180deg,rgb(5,31,109) 0%,rgb(107,137,229) 100%)\"><div class=\"wp-block-group__inner-container\">    <style> #sesc-69ed3dd443fd3 .sescpr-col-simple-content{display:flex !important;flex-direction:column-reverse !important;width:100% !important;} #sesc-69ed3dd443fd3 .image-simple{object-fit:cover !important;width:100% !important;display:block !important;position:relative !important;} #sesc-69ed3dd443fd3 .image-simple.size-variable{object-fit:scale-down !important;object-position:center center !important;height:50vh !important;} #sesc-69ed3dd443fd3 .sesc-col-1{width:100% !important;display:flex !important;flex-direction:column !important;align-items:center !important;justify-content:center !important;background:transparent !important;} #sesc-69ed3dd443fd3 .sesc-col-2{display:flex !important;align-items:center !important;width:100% !important;background:transparent !important;} @media (min-width: 992px) {  #sesc-69ed3dd443fd3 .image-simple.size-variable{height:50vh !important;} #sesc-69ed3dd443fd3 .sescpr-col-simple-content{flex-direction:row-reverse !important;} #sesc-69ed3dd443fd3 .sesc-col-1{width:50% !important;} #sesc-69ed3dd443fd3 .sesc-col-2{width:50% !important;}}<\/style>\n\n    <div id=\"sesc-69ed3dd443fd3\" class=\"container\">\n\n        <div class=\"sescpr-col-simple-content\">\n\n            <div class=\"sesc-col-1\">\n                <img decoding=\"async\" src=\"https:\/\/www.sescpr.com.br\/material-escolar\/wp-content\/uploads\/sites\/174\/2026\/01\/elemento_material-escolar-Asset-1@2x.png\" width=\"1797\" width=\"1797\" heigth=\"1039\" alt=\"elemento_material escolar Asset 1@2x\" class=\"image-simple \" loading=\"lazy\" \/>\n                            <\/div>\n\n            <div class=\"sesc-col-2\" style=\"z-index:2;\">\n                <div class=\"p-2 p-md-4\">\n                    \n<div>\n<div class=\"wp-block-group text-center is-layout-constrained wp-block-group-is-layout-constrained\"><div class=\"wp-block-group__inner-container\">\n<h2 class=\"wp-block-heading pt-3 mb-5 has-white-color has-text-color has-link-color wp-elements-c41be044ae8e8b5ca5d8bb1cb45e9c69\"><strong>Juntos, transformamos futuros<\/strong><\/h2>\n\n\n\n<p class=\"mb-5 has-white-color has-text-color has-link-color wp-elements-afcb7f949cc5671c2738c6826fc266cf\">A Campanha do Material Escolar possui postos de arrecada\u00e7\u00e3o em todo o estado do Paran\u00e1. Encontre o ponto mais pr\u00f3ximo de voc\u00ea e fa\u00e7a a sua doa\u00e7\u00e3o.<\/p>\n\n\n<\/div><\/div>\n<\/div>\n                <\/div>\n            <\/div>\n        <\/div>\n\n    <\/div>\n\n<\/div><\/div>\n\n\n\n<div class=\"wp-block-group py-2 py-md-5 full-width has-background is-layout-flow wp-block-group-is-layout-flow\" style=\"background-color:#ffffffcf\"><div class=\"wp-block-group__inner-container\">\n<div class=\"wp-block-columns col-12 container-xxl is-layout-flex wp-container-core-columns-layout-4 wp-block-columns-is-layout-flex\">\n<div class=\"wp-block-column is-vertically-aligned-center d-flex flex-column justify-content-around w-100 is-layout-flow wp-block-column-is-layout-flow\" style=\"flex-basis:50%\">\n<h2 class=\"wp-block-heading has-text-align-center text-dark\">Impacto social<\/h2>\n\n\n\n<p class=\"has-text-align-center pt-3\">H\u00e1 8 anos, a Campanha do Material Escolar Sesc PR une esfor\u00e7os e parcerias para transformar o ano letivo de milhares de crian\u00e7as paranaenses.<br><br>Conhe\u00e7a o impacto da Campanha na vida de crian\u00e7as em situa\u00e7\u00e3o de vulnerabilidade.<\/p>\n\n\n<div class=\"text-center mt-4\">\r\n    <a class=\"btn btn-lg btn-secondary mb-4 px-5\"\r\n        href=\"http:\/\/www.sescpr.com.br\/material-escolar\/sobre\" role=\"button\">Saiba mais<\/a>\r\n<\/div><\/div>\n\n\n\n<div class=\"wp-block-column is-vertically-aligned-center is-layout-flow wp-block-column-is-layout-flow\" style=\"flex-basis:50%\">\n<figure class=\"wp-block-image alignwide size-full\"><img loading=\"lazy\" decoding=\"async\" width=\"620\" height=\"360\" src=\"https:\/\/www.sescpr.com.br\/material-escolar\/wp-content\/uploads\/sites\/174\/2026\/01\/arrecadacao-2025.png\" alt=\"\" class=\"wp-image-15019\" srcset=\"https:\/\/www.sescpr.com.br\/material-escolar\/wp-content\/uploads\/sites\/174\/2026\/01\/arrecadacao-2025.png 620w, https:\/\/www.sescpr.com.br\/material-escolar\/wp-content\/uploads\/sites\/174\/2026\/01\/arrecadacao-2025-300x174.png 300w\" sizes=\"(max-width: 620px) 100vw, 620px\" \/><\/figure>\n<\/div>\n<\/div>\n<\/div><\/div>\n\n\n","protected":false},"excerpt":{"rendered":"<p>Rede de solidariedade Al\u00e9m de levar alegria, sua doa\u00e7\u00e3o fortalece a rede de prote\u00e7\u00e3o de crian\u00e7as e adolescentes em todo o Paran\u00e1. Todos os materiais escolares arrecadados s\u00e3o distribu\u00eddos em parceria com institui\u00e7\u00f5es sociais que atuam na promo\u00e7\u00e3o de direitos b\u00e1sicos \u2014 como educa\u00e7\u00e3o, sa\u00fade e alimenta\u00e7\u00e3o \u2014 para crian\u00e7as em situa\u00e7\u00e3o de vulnerabilidade social. [&#8230;]<\/p>\n<p><a class=\"btn btn-secondary understrap-read-more-link\" href=\"https:\/\/www.sescpr.com.br\/material-escolar\/\">Read More&#8230;<span class=\"screen-reader-text\"> from home<\/span><\/a><\/p>\n","protected":false},"author":1448,"featured_media":0,"parent":0,"menu_order":0,"comment_status":"closed","ping_status":"closed","template":"","meta":{"footnotes":""},"_links":{"self":[{"href":"https:\/\/www.sescpr.com.br\/material-escolar\/wp-json\/wp\/v2\/pages\/13974"}],"collection":[{"href":"https:\/\/www.sescpr.com.br\/material-escolar\/wp-json\/wp\/v2\/pages"}],"about":[{"href":"https:\/\/www.sescpr.com.br\/material-escolar\/wp-json\/wp\/v2\/types\/page"}],"author":[{"embeddable":true,"href":"https:\/\/www.sescpr.com.br\/material-escolar\/wp-json\/wp\/v2\/users\/1448"}],"replies":[{"embeddable":true,"href":"https:\/\/www.sescpr.com.br\/material-escolar\/wp-json\/wp\/v2\/comments?post=13974"}],"version-history":[{"count":2,"href":"https:\/\/www.sescpr.com.br\/material-escolar\/wp-json\/wp\/v2\/pages\/13974\/revisions"}],"predecessor-version":[{"id":15028,"href":"https:\/\/www.sescpr.com.br\/material-escolar\/wp-json\/wp\/v2\/pages\/13974\/revisions\/15028"}],"wp:attachment":[{"href":"https:\/\/www.sescpr.com.br\/material-escolar\/wp-json\/wp\/v2\/media?parent=13974"}],"curies":[{"name":"wp","href":"https:\/\/api.w.org\/{rel}","templated":true}]}}