{"id":52,"date":"2015-01-20T14:22:30","date_gmt":"2015-01-20T16:22:30","guid":{"rendered":"http:\/\/wwwt.sescpr.com.br\/maratonafoz\/?page_id=36"},"modified":"2023-03-24T16:00:11","modified_gmt":"2023-03-24T19:00:11","slug":"regulamentos","status":"publish","type":"page","link":"https:\/\/www.sescpr.com.br\/maratona\/regulamentos\/","title":{"rendered":"Regulamento"},"content":{"rendered":"\n<h2 class=\"has-text-align-center mt-5 wp-block-heading\">Em breve<\/h2>\n\n\n\n<p class=\"has-text-align-center mt-5\">O regulamento deste ano j\u00e1 est\u00e1 em fase final de elabora\u00e7\u00e3o. Voc\u00ea poder\u00e1 conferir todos os detalhes da edi\u00e7\u00e3o antes da abertura das inscri\u00e7\u00f5es, marcada para o dia 4 de abril.<\/p>\n","protected":false},"excerpt":{"rendered":"<p>Em breve O regulamento deste ano j\u00e1 est\u00e1 em fase final de elabora\u00e7\u00e3o. Voc\u00ea poder\u00e1 conferir todos os detalhes da edi\u00e7\u00e3o antes da abertura das inscri\u00e7\u00f5es, marcada para o dia 4 de abril. [&#8230;]<\/p>\n<p><a class=\"btn btn-secondary understrap-read-more-link\" href=\"https:\/\/www.sescpr.com.br\/maratona\/regulamentos\/\">Read More&#8230;<span class=\"screen-reader-text\"> from Regulamento<\/span><\/a><\/p>\n","protected":false},"author":10,"featured_media":0,"parent":0,"menu_order":9,"comment_status":"open","ping_status":"closed","template":"","meta":{"footnotes":""},"_links":{"self":[{"href":"https:\/\/www.sescpr.com.br\/maratona\/wp-json\/wp\/v2\/pages\/52"}],"collection":[{"href":"https:\/\/www.sescpr.com.br\/maratona\/wp-json\/wp\/v2\/pages"}],"about":[{"href":"https:\/\/www.sescpr.com.br\/maratona\/wp-json\/wp\/v2\/types\/page"}],"author":[{"embeddable":true,"href":"https:\/\/www.sescpr.com.br\/maratona\/wp-json\/wp\/v2\/users\/10"}],"replies":[{"embeddable":true,"href":"https:\/\/www.sescpr.com.br\/maratona\/wp-json\/wp\/v2\/comments?post=52"}],"version-history":[{"count":18,"href":"https:\/\/www.sescpr.com.br\/maratona\/wp-json\/wp\/v2\/pages\/52\/revisions"}],"predecessor-version":[{"id":2300,"href":"https:\/\/www.sescpr.com.br\/maratona\/wp-json\/wp\/v2\/pages\/52\/revisions\/2300"}],"wp:attachment":[{"href":"https:\/\/www.sescpr.com.br\/maratona\/wp-json\/wp\/v2\/media?parent=52"}],"curies":[{"name":"wp","href":"https:\/\/api.w.org\/{rel}","templated":true}]}}