{"id":1464,"date":"2022-03-30T17:27:24","date_gmt":"2022-03-30T20:27:24","guid":{"rendered":"https:\/\/www.sescpr.com.br\/maratona\/?page_id=1464"},"modified":"2022-09-09T09:26:34","modified_gmt":"2022-09-09T12:26:34","slug":"o-evento","status":"publish","type":"page","link":"https:\/\/www.sescpr.com.br\/maratona\/o-evento\/","title":{"rendered":"O Evento"},"content":{"rendered":"<h2>13\u00aa Maratona Internacional de Foz do Igua\u00e7u Sesc PR<\/h2>\n<h3>25 de setembro de 2022<\/h3>\n<p>A Maratona Internacional de Foz do Igua\u00e7u Sesc PR n\u00e3o tem a inten\u00e7\u00e3o de ser reconhecida apenas como uma competi\u00e7\u00e3o, pois al\u00e9m de coroar o trabalho f\u00edsico, t\u00e9cnico e t\u00e1tico dos corredores, pretende favorecer o interc\u00e2mbio social e cultural entre os participantes, a evolu\u00e7\u00e3o profissional constante dos funcion\u00e1rios do Sesc e institui\u00e7\u00f5es parceiras e ainda fomentar o com\u00e9rcio e o turismo local, bem como valorizar os atletas vinculados ao com\u00e9rcio (empres\u00e1rios, comerci\u00e1rios, dependentes e sindicatos do com\u00e9rcio).<\/p>\n<p>A prova, uma iniciativa do Sesc PR, integrante do Sistema Fecom\u00e9rcio Sesc Senac PR, ser\u00e1 realizada no dia 24 de setembro. \u00a0A maratona \u00e9 dividida nas categorias: Cadeirante, Atleta com Defici\u00eancia (AcD), Elite Feminina e Masculina, Comerci\u00e1rios e Faixa et\u00e1ria masculina e feminina. Segundo o regulamento da maratona, todos os atletas dever\u00e3o completar a prova no tempo m\u00e1ximo de seis horas, podendo assim desfrutar de toda a seguran\u00e7a, infraestrutura e atendimento m\u00e9dico. Os atletas ter\u00e3o \u00e0 sua disposi\u00e7\u00e3o, guarda-volumes, banheiros qu\u00edmicos, frutas, isot\u00f4nicos, \u00f4nibus de resgate, \u00e1gua, al\u00e9m de placas de sinaliza\u00e7\u00e3o, policiamento, ambul\u00e2ncias e atendimento m\u00e9dico na chegada da prova.<\/p>\n<p>Preocupada com o bem-estar dos atletas desde a primeira edi\u00e7\u00e3o, equipes fazem a recep\u00e7\u00e3o dos corredores na rodovi\u00e1ria e no aeroporto de Foz do Igua\u00e7u e o traslado at\u00e9 os principais hot\u00e9is da cidade. Para realizar a Maratona Internacional de Foz do Igua\u00e7u Sesc PR o atleta precisa apresentar de atestado m\u00e9dico, com isso, tanto corredores e comiss\u00e3o organizadora est\u00e3o certificados da aptid\u00e3o para a pr\u00e1tica esportiva.<\/p>\n<p>&nbsp;<\/p>\n<h2>\u00daltimos campe\u00f5es<\/h2>\n<h4>12\u00aa Maratona Internacional de Foz do Igua\u00e7u 2019<\/h4>\n<ul>\n<li>Masculino 1\u00ba lugar: Ant\u00f4nio Souza Dias \u2013 2h22:32<\/li>\n<li>Feminino 1\u00ba lugar: \u00a0Teseginesh M. Legesse \u2013 2h44min40s<\/li>\n<\/ul>\n<p>Maratona de Revezamento<\/p>\n<ul>\n<li>Masculino 1\u00ba lugar: \u00a0 Carlos Henrique de Souza e Luiz Gustavo Elger \u2013 2h21min28s<\/li>\n<li>Feminino 1\u00ba lugar:\u00a0Simoniely Lilian Serathiuk e Rozelene Rodrigues Padilha &#8211; 3h01min35s<\/li>\n<\/ul>\n<p>Maratona de Revezamento Misto<\/p>\n<ul>\n<li>Adriana Sutil da Costa e Roberto Rodrigues de Oliveira &#8211; 2h44min00s<\/li>\n<\/ul>\n<h4>11\u00aa Maratona Internacional de Foz do Igua\u00e7u 2018<\/h4>\n<ul>\n<li>Masculino 1\u00ba lugar: Laurindo Nunes Neto \u2013 2h25min01s<\/li>\n<li>Feminino 1\u00ba lugar: \u00a0Priscilla Lorchima \u2013 2h49min01s<\/li>\n<\/ul>\n<p>Maratona de Revezamento<\/p>\n<ul>\n<li>Masculino 1\u00ba lugar: \u00a0 Jeferson Vagner de Souza e Carlos Henrique de Souza \u2013 2h32min39s<\/li>\n<li>Feminino 1\u00ba lugar: \u00a0Paula Maria Tete Ramos Schmidt e Luciana Teodoro da Cunha Santos \u2013 3h22min00s<\/li>\n<\/ul>\n<p>Maratona de Revezamento Misto<\/p>\n<ul>\n<li>Ariadenes de Sousa Soares e Romario Lino dos Santos &#8211; 2h56min25s<\/li>\n<\/ul>\n<h4>10\u00aa Maratona Internacional de Foz do Igua\u00e7u 2017<\/h4>\n<ul>\n<li>Masculino 1\u00ba lugar: Edson Amaro Arruda dos Santos \u2013 2h20min59s<\/li>\n<li>Feminino 1\u00ba lugar: Ednah Muhwana \u2013 2h43min25s<\/li>\n<\/ul>\n<p>Maratona de Revezamento<\/p>\n<ul>\n<li>Masculino 1\u00ba lugar: \u00a0 Carlos Henrique de Souza e Jeferson Vagner de Souza \u2013 2h26min59s<\/li>\n<li>Feminino 1\u00ba lugar: \u00a0Cleonice Arcangelo Nogaroli e Ana Aparecida da Costa \u2013 3h28min07s<\/li>\n<\/ul>\n<p>Maratona de Revezamento Misto<\/p>\n<ul>\n<li>Adriane Lorenzato e Robson Roberto Ramos &#8211; 2h24min26s<\/li>\n<\/ul>\n<h4>9\u00aa Maratona Internacional de Foz do Igua\u00e7u 2016<\/h4>\n<ul>\n<li>Masculino\u00a01\u00ba lugar: David Kiprotich Bowen\u00a0\u2013 2h20min44s<\/li>\n<li>Feminino\u00a01\u00ba lugar: \u00a0Priscilla Lorchima \u2013 2h47min24s<\/li>\n<\/ul>\n<p>Maratona de Revezamento<\/p>\n<ul>\n<li>Masculino\u00a01\u00ba lugar: \u00a0 Victor Santos Gomes e\u00a0Wallace Dias Macedo \u2013 2h27min01s<\/li>\n<li>Feminino\u00a01\u00ba lugar: \u00a0Sirlei Batista do Amaral\u00a0e Renata Moreno dos Santos\u00a0\u2013 3h05min09s<\/li>\n<\/ul>\n<p>Maratona de Revezamento Misto<\/p>\n<ul>\n<li>Janete de Souza Silva\u00a0e Jo\u00e3o Maria Grecencio da Silva\u00a0&#8211; 3h01min17s<\/li>\n<\/ul>\n<h4>8\u00aa Maratona Internacional de Foz do Igua\u00e7u 2015<\/h4>\n<ul>\n<li>Masculino\u00a01\u00ba lugar: \u00a0Elijah Kipkemel Kemboi \u2013 2h21min39s<\/li>\n<li>Feminino\u00a01\u00ba lugar: \u00a0Jacklyne Chemwek Rionoripo\u00a0\u2013 2h51min55s<\/li>\n<\/ul>\n<p>Maratona de Revezamento<\/p>\n<ul>\n<li>Masculino\u00a01\u00ba lugar: \u00a0 Rodrigo Alves de Oliveira\u00a0e Abdiel Renango \u2013 2h32min50s<\/li>\n<li>Feminino\u00a01\u00ba lugar: \u00a0Ana Fl\u00e1via Alves Giannasi\u00a0e Cassiana Colletes Costa Curta \u2013 3h29min16s<\/li>\n<\/ul>\n<p>Maratona de Revezamento Misto<\/p>\n<ul>\n<li>Nicole Barreto\u00a0e Ramon Lopez &#8211; 3h10min10s<\/li>\n<\/ul>\n<h4>7\u00aa Maratona Internacional de Foz do Igua\u00e7u 2013<\/h4>\n<ul>\n<li>Masculino\u00a01\u00ba lugar: \u00a0Jo\u00e3o Marcos Fonseca (Jo\u00e3o Gari) \u2013 2h19min58s<\/li>\n<li>Feminino\u00a01\u00ba lugar: \u00a0Leah Jerotich \u2013 2h51min20s<\/li>\n<\/ul>\n<p>Maratona de Revezamento<\/p>\n<ul>\n<li>Masculino\u00a01\u00ba lugar: \u00a0 Rudinei Presotto Nunes e Jhon Cleiton Lisboa \u2013 2h33min30s<\/li>\n<li>Feminino\u00a01\u00ba lugar: \u00a0Angelica Pronsati e Keila Cristiane Trindade Mariano \u2013 3h07min18s<\/li>\n<\/ul>\n<p>Maratona de Revezamento Misto<\/p>\n<ul>\n<li>Marcelo dos Santos e Shelen Rodrigues &#8211; 2h56min21s<\/li>\n<\/ul>\n<h4>\u00a06\u00aa Maratona Internacional de Foz do Igua\u00e7u 2012<\/h4>\n<ul>\n<li>Masculino\u00a01\u00ba lugar: David Kiprotich Bowem \u2013 2h20min08s<\/li>\n<li>Feminino\u00a01\u00ba lugar: Ednah Mukhwana \u2013 2h43min55s<\/li>\n<\/ul>\n<p>Maratona de Revezamento<\/p>\n<ul>\n<li>Masculino\u00a01\u00ba lugar:\u00a0 Edson Pedro e Jorge Alexandre \u2013 2h48min27s<\/li>\n<li>Feminino\u00a01\u00ba lugar:\u00a0 Elda Beatriz Ay e Aldo Gonzalez \u2013 3h03min36s<\/li>\n<\/ul>\n<h4>5\u00aa Maratona Internacional de Foz do Igua\u00e7u 2011<\/h4>\n<ul>\n<li>Masculino\u00a01\u00ba lugar: Sammy Kibet Rotich \u2013 2h19min31s<\/li>\n<li>Feminino\u00a01\u00ba lugar: Ednah Mukhwana \u2013 2h47min49s<\/li>\n<\/ul>\n<h4>4\u00aa Maratona Internacional de Foz do Igua\u00e7u 2010<\/h4>\n<ul>\n<li>Masculino\u00a01\u00ba lugar: Jo\u00e3o Marcos Fonseca \u2013 2h20min44s<\/li>\n<li>Feminino\u00a01\u00ba lugar: Ilda Alves dos Santos \u2013 2h55min26s<\/li>\n<\/ul>\n<h4>3\u00aa Maratona Internacional de Foz do Igua\u00e7u 2009<\/h4>\n<ul>\n<li>Masculino 1\u00ba lugar: Marcos Antonio Pereira \u2013 2h22min20s<\/li>\n<li>Feminino 1\u00ba lugar: Jacqueline Chebor \u2013 2h52min06s<\/li>\n<\/ul>\n<h4>2\u00aa Maratona Internacional de Foz do Igua\u00e7u 2008<\/h4>\n<ul>\n<li>Masculino\u00a01\u00ba lugar: Charles Kipngetich Korir \u2013 2h19min01s<\/li>\n<li>Feminino\u00a01\u00ba lugar: Rosa Jussara Barbosa \u2013 2h51min45s<\/li>\n<\/ul>\n<h4>1\u00aa Maratona Internacional de Foz do Igua\u00e7u 2007<\/h4>\n<ul>\n<li>Masculino 1\u00ba lugar: Charles Kipngetich Korir \u2013 2h20min18s<\/li>\n<li>Feminino 1\u00ba lugar:\u00a0Ilaine Wandscheer \u2013 2h48m02s<\/li>\n<\/ul>\n<p>&nbsp;<\/p>\n<h2>Um pouco mais sobre Maratonas<\/h2>\n<p>&nbsp;<\/p>\n<h4>Defini\u00e7\u00e3o de Maratona<\/h4>\n<p>A maratona \u00e9 a mais longa, desgastante e uma das mais dif\u00edceis e emocionantes provas do atletismo ol\u00edmpico. Ela \u00e9 disputada na dist\u00e2ncia de 42.195m (42,195km) desde 1908. \u00c9 tradicionalmente o \u00faltimo evento dos Jogos Ol\u00edmpicos de Ver\u00e3o.<\/p>\n<h4>Origem da prova \u2013 Na Hist\u00f3ria<\/h4>\n<p>No ano de 490 a.C. quando os soldados atenienses partiram para a plan\u00edcie de Marath\u00f3nas para combater os persas na Primeira Guerra M\u00e9dica, suas mulheres ficaram ansiosas pelo resultado porque os inimigos tinham jurado que, depois da batalha, marchariam sobre Atenas, violariam suas mulheres e sacrificariam seus filhos.<\/p>\n<p>Ao saberem dessa amea\u00e7a, os gregos deram ordem a suas esposas para, se n\u00e3o recebessem a not\u00edcia da sua vit\u00f3ria em 24 horas, matar seus filhos e, em seguida, suicidarem-se.<\/p>\n<p>Os gregos ganharam a batalha, mas a luta levou mais tempo do que haviam pensado, de modo que temeram que elas executassem o plano. Para evitar isso, o general grego Milc\u00edades ordenou a seu melhor corredor, o soldado e atleta Fil\u00edpides, que corresse at\u00e9 Atenas, situada a cerca de 42km dali, para levar a not\u00edcia. Fil\u00edpides correu essa dist\u00e2ncia t\u00e3o rapidamente quanto p\u00f4de e, ao chegar, conseguiu dizer apenas &#8220;vencemos&#8221;, e caiu morto pelo esfor\u00e7o.<\/p>\n<p>No entanto, Her\u00f3doto conta que, na realidade, Fil\u00edpides foi enviado antes da batalha a Esparta e outras cidades gregas para pedir ajuda, e que tivera de correr duzentos e quarenta quil\u00f4metros em dois dias, voltando \u00e0 batalha com os refor\u00e7os necess\u00e1rios para vencer os persas<\/p>\n<p>Seja como for, cerca de 2400 anos mais tarde, em 1896, nos primeiros Jogos Ol\u00edmpicos da era moderna, Fil\u00edpides foi homenageado com a cria\u00e7\u00e3o dessa prova cuja dist\u00e2ncia era de 40km, mas que desde 1908 est\u00e1 estipulada em 42,195km.<\/p>\n<p>A maratona \u00e9 um s\u00edmbolo das Olimp\u00edadas.<\/p>\n<h4>Maratonas Certificadas e Homologadas no Brasil<\/h4>\n<h4>Internacionais:<\/h4>\n<ul>\n<li>Maratona Internacional de Foz do Igua\u00e7u Sesc Paran\u00e1<\/li>\n<li>Maratona Internacional de S\u00e3o Paulo<\/li>\n<li>Maratona Internacional de Porto Alegre<\/li>\n<li>Maratona Internacional Maur\u00edcio de Nassau \u2013 Recife &#8211; PE<\/li>\n<\/ul>\n<h4>Nacionais:<\/h4>\n<ul>\n<li>Maratona do Rio de Janeiro<\/li>\n<li>Maratona de Florian\u00f3polis<\/li>\n<li>Maratona de Fortaleza<\/li>\n<li>Maratona de Curitiba<\/li>\n<li>Rio Maratona Pr\u00f3-Adidas 42km<\/li>\n<\/ul>\n<h4>Maratonas na Hist\u00f3ria<\/h4>\n<p>Em 1896, durante os primeiros Jogos Ol\u00edmpicos da era moderna, Fil\u00edpides foi homenageado com a cria\u00e7\u00e3o da prova. No in\u00edcio, a dist\u00e2ncia a ser percorrida era de cerca de 40km, a mesma que separava Maratona de Atenas. O grego Spiridon Louis foi o primeiro campe\u00e3o ol\u00edmpico de maratona. Na edi\u00e7\u00e3o de Estocolmo 1912, o portugu\u00eas Francisco L\u00e1zaro morreu durante a prova.<\/p>\n<p>Nos Jogos de 1948 em Londres, a dist\u00e2ncia da maratona ol\u00edmpica foi estabelecida. At\u00e9 a\u00ed, a dist\u00e2ncia era vari\u00e1vel, embora sempre pr\u00f3xima dos 40 km. Para que a fam\u00edlia real brit\u00e2nica pudesse assistir ao in\u00edcio da prova do jardim do Pal\u00e1cio de Windsor, o comit\u00ea organizador aferiu a dist\u00e2ncia total em 42 195 metros, que continua at\u00e9 hoje.<\/p>\n<p>A mais antiga maratona anual do mundo \u00e9 a Maratona de Boston, nos Estados Unidos, disputada em todo feriado do Dia do Patriota, na terceira segunda-feira de abril, desde 1897.<\/p>\n<p>As maiores maratonas mundiais constituem o circuito World Marathon Majors (WMM), estabelecendo um pr\u00eamio no valor de um milh\u00e3o de d\u00f3lares para o melhor classificado feminino e masculino, no final da temporada.<\/p>\n<p>Pertencem ao WMM as maratonas de Boston, de Londres, de Berlim, de Chicago e de Nova Iorque.<\/p>\n<p>Atualmente, o recorde mundial pertence a Patrick Makau ao vencer em Berlim, em setembro de 2011, com o tempo de 2h03min38s. O recorde anterior pertencia ao et\u00edope Haile Gebrselassie, que no dia 28 de setembro de 2008, em Berlim, havia estabelecido o tempo de 2h03min59s.<\/p>\n<p>A primeira prova oficial de maratona feminina foi nos Campeonatos da Europa de Atletismo em Atenas em 1982, prova ganha pala atleta Rosa Mota.<br \/>\nA maratona feminina foi introduzida nos Jogos de Los Angeles em 1984. A portuguesa Rosa Mota ganhou a medalha de bronze e, quatro anos depois em Seul, alcan\u00e7ou a medalha de ouro.<\/p>\n<p>&nbsp;<\/p>\n","protected":false},"excerpt":{"rendered":"<p>13\u00aa Maratona Internacional de Foz do Igua\u00e7u Sesc PR 25 de setembro de 2022 A Maratona Internacional de Foz do Igua\u00e7u Sesc PR n\u00e3o tem a inten\u00e7\u00e3o de ser reconhecida apenas como uma competi\u00e7\u00e3o, pois al\u00e9m de coroar o trabalho f\u00edsico, t\u00e9cnico e t\u00e1tico dos corredores, pretende favorecer o interc\u00e2mbio social e cultural entre os [&#8230;]<\/p>\n<p><a class=\"btn btn-secondary understrap-read-more-link\" href=\"https:\/\/www.sescpr.com.br\/maratona\/o-evento\/\">Read More&#8230;<span class=\"screen-reader-text\"> from O Evento<\/span><\/a><\/p>\n","protected":false},"author":1148,"featured_media":0,"parent":0,"menu_order":0,"comment_status":"closed","ping_status":"closed","template":"page-templates\/comun.php","meta":{"footnotes":""},"_links":{"self":[{"href":"https:\/\/www.sescpr.com.br\/maratona\/wp-json\/wp\/v2\/pages\/1464"}],"collection":[{"href":"https:\/\/www.sescpr.com.br\/maratona\/wp-json\/wp\/v2\/pages"}],"about":[{"href":"https:\/\/www.sescpr.com.br\/maratona\/wp-json\/wp\/v2\/types\/page"}],"author":[{"embeddable":true,"href":"https:\/\/www.sescpr.com.br\/maratona\/wp-json\/wp\/v2\/users\/1148"}],"replies":[{"embeddable":true,"href":"https:\/\/www.sescpr.com.br\/maratona\/wp-json\/wp\/v2\/comments?post=1464"}],"version-history":[{"count":10,"href":"https:\/\/www.sescpr.com.br\/maratona\/wp-json\/wp\/v2\/pages\/1464\/revisions"}],"predecessor-version":[{"id":1947,"href":"https:\/\/www.sescpr.com.br\/maratona\/wp-json\/wp\/v2\/pages\/1464\/revisions\/1947"}],"wp:attachment":[{"href":"https:\/\/www.sescpr.com.br\/maratona\/wp-json\/wp\/v2\/media?parent=1464"}],"curies":[{"name":"wp","href":"https:\/\/api.w.org\/{rel}","templated":true}]}}