{"id":4860,"date":"2025-05-15T11:17:28","date_gmt":"2025-05-15T14:17:28","guid":{"rendered":"https:\/\/www.sescpr.com.br\/hotelcascavel\/?page_id=4860"},"modified":"2026-03-27T15:58:48","modified_gmt":"2026-03-27T18:58:48","slug":"estrutura","status":"publish","type":"page","link":"https:\/\/www.sescpr.com.br\/hotelcascavel\/estrutura\/","title":{"rendered":"Estrutura"},"content":{"rendered":"\n<div class=\"wp-block-columns alignfull mapa mt-5 pt-4 d-block d-xl-flex is-layout-flex wp-container-core-columns-layout-2 wp-block-columns-is-layout-flex\">\n<div class=\"wp-block-column is-vertically-aligned-center is-layout-flow wp-block-column-is-layout-flow\" style=\"flex-basis:66.66%\">\n<figure class=\"wp-block-image alignwide size-full\"><img loading=\"lazy\" decoding=\"async\" width=\"2000\" height=\"1322\" src=\"https:\/\/www.sescpr.com.br\/hotelcascavel\/wp-content\/uploads\/sites\/222\/2025\/05\/cascavel-mapa-icones-locais.png\" alt=\"\" class=\"wp-image-4861\" srcset=\"https:\/\/www.sescpr.com.br\/hotelcascavel\/wp-content\/uploads\/sites\/222\/2025\/05\/cascavel-mapa-icones-locais.png 2000w, https:\/\/www.sescpr.com.br\/hotelcascavel\/wp-content\/uploads\/sites\/222\/2025\/05\/cascavel-mapa-icones-locais-300x198.png 300w, https:\/\/www.sescpr.com.br\/hotelcascavel\/wp-content\/uploads\/sites\/222\/2025\/05\/cascavel-mapa-icones-locais-1024x677.png 1024w, https:\/\/www.sescpr.com.br\/hotelcascavel\/wp-content\/uploads\/sites\/222\/2025\/05\/cascavel-mapa-icones-locais-768x508.png 768w, https:\/\/www.sescpr.com.br\/hotelcascavel\/wp-content\/uploads\/sites\/222\/2025\/05\/cascavel-mapa-icones-locais-1536x1015.png 1536w\" sizes=\"(max-width: 2000px) 100vw, 2000px\" \/><\/figure>\n<\/div>\n\n\n\n<div class=\"wp-block-column is-vertically-aligned-center px-3 d-flex flex-column d-xl-block justify-content-center is-layout-flow wp-block-column-is-layout-flow\" style=\"flex-basis:33.33%\">\n<div class=\"wp-block-group col-12 col-xl-10 is-layout-constrained wp-block-group-is-layout-constrained\"><div class=\"wp-block-group__inner-container\">\n<h2 class=\"wp-block-heading\"><strong>Conhe\u00e7a NOSSa estrutura<\/strong><\/h2>\n\n\n\n<p>Explore nosso mapa e descubra todos os espa\u00e7os que preparamos para tornar sua estadia ainda mais especial. Visualize com facilidade cada ambiente do hotel, tudo pensado para proporcionar momentos inesquec\u00edveis de lazer, conforto e conex\u00e3o com a natureza, para voc\u00ea e sua fam\u00edlia.<\/p>\n\n\n\n<div class=\"wp-block-group mt-4 is-layout-constrained wp-block-group-is-layout-constrained\"><div class=\"wp-block-group__inner-container\">\n<ul class=\"entrada portaria\">\n<li>Portaria \/ \u00c1rea de Conserva\u00e7\u00e3o<\/li>\n<\/ul>\n\n\n\n<div class=\"wp-block-columns d-flex flex-nowrap map-list geral is-layout-flex wp-container-core-columns-layout-1 wp-block-columns-is-layout-flex\">\n<div class=\"wp-block-column pe-1 is-layout-flow wp-block-column-is-layout-flow\">\n<ul>\n<li>Estacionamento<\/li>\n\n\n\n<li>Recep\u00e7\u00e3o<\/li>\n\n\n\n<li>Apartamentos<\/li>\n\n\n\n<li>Cinema &#8211; Cine Sete Quedas<\/li>\n\n\n\n<li>Sala Multifuncional<\/li>\n\n\n\n<li>Brinquedoteca<\/li>\n\n\n\n<li>Sala de Jogos<\/li>\n\n\n\n<li>Loja de Artesanato Uiara<\/li>\n\n\n\n<li>Centro de Conven\u00e7\u00f5es Pl\u00ednio Destro<\/li>\n\n\n\n<li>Restaurante Rio Cascavel<\/li>\n\n\n\n<li>Cafeteria Rio Itarar\u00e9<\/li>\n\n\n\n<li>Bar Pororoca<\/li>\n<\/ul>\n<\/div>\n\n\n\n<div class=\"wp-block-column pe-1 is-layout-flow wp-block-column-is-layout-flow\">\n<ul>\n<li>Playground<\/li>\n\n\n\n<li>Academia<\/li>\n\n\n\n<li>Red\u00e1rio<\/li>\n\n\n\n<li>Lanchonete<\/li>\n\n\n\n<li>Piscina com borda infinita<\/li>\n\n\n\n<li>Piscina infantil<\/li>\n\n\n\n<li>Rampa acess\u00edvel<\/li>\n\n\n\n<li>Chal\u00e9s<\/li>\n\n\n\n<li>Campo de futebol<\/li>\n\n\n\n<li>Quadra de t\u00eanis<\/li>\n\n\n\n<li>Quadras de areia<\/li>\n\n\n\n<li>Gin\u00e1sio Poliesportivo Guarani<\/li>\n<\/ul>\n<\/div>\n<\/div>\n<\/div><\/div>\n<\/div><\/div>\n<\/div>\n<\/div>\n\n\n\n<div class=\"wp-block-columns alignfull mapa mt-5 d-block d-xl-flex flex-row-reverse is-layout-flex wp-container-core-columns-layout-3 wp-block-columns-is-layout-flex\">\n<div class=\"wp-block-column is-vertically-aligned-center is-layout-flow wp-block-column-is-layout-flow\" style=\"flex-basis:66.66%\">\n<figure class=\"wp-block-image alignwide size-full\"><img loading=\"lazy\" decoding=\"async\" width=\"2000\" height=\"1415\" src=\"https:\/\/www.sescpr.com.br\/hotelcascavel\/wp-content\/uploads\/sites\/222\/2025\/05\/hotel-cascavel-mapa-geral.jpg\" alt=\"\" class=\"wp-image-4903\" srcset=\"https:\/\/www.sescpr.com.br\/hotelcascavel\/wp-content\/uploads\/sites\/222\/2025\/05\/hotel-cascavel-mapa-geral.jpg 2000w, https:\/\/www.sescpr.com.br\/hotelcascavel\/wp-content\/uploads\/sites\/222\/2025\/05\/hotel-cascavel-mapa-geral-300x212.jpg 300w, https:\/\/www.sescpr.com.br\/hotelcascavel\/wp-content\/uploads\/sites\/222\/2025\/05\/hotel-cascavel-mapa-geral-1024x724.jpg 1024w, https:\/\/www.sescpr.com.br\/hotelcascavel\/wp-content\/uploads\/sites\/222\/2025\/05\/hotel-cascavel-mapa-geral-768x543.jpg 768w, https:\/\/www.sescpr.com.br\/hotelcascavel\/wp-content\/uploads\/sites\/222\/2025\/05\/hotel-cascavel-mapa-geral-1536x1087.jpg 1536w\" sizes=\"(max-width: 2000px) 100vw, 2000px\" \/><\/figure>\n<\/div>\n\n\n\n<div class=\"wp-block-column is-vertically-aligned-center px-3 entrada d-flex flex-column d-xl-block justify-content-center is-layout-flow wp-block-column-is-layout-flow\" style=\"flex-basis:33.33%\">\n<div class=\"wp-block-group alignwide col-12 col-lg-10 me-lg-2 is-vertical is-content-justification-center is-layout-flex wp-container-core-group-layout-4 wp-block-group-is-layout-flex\">\n<h2 class=\"wp-block-heading has-text-align-center\"><strong>Estrutura rodeada por natureza<\/strong><\/h2>\n\n\n\n<p>Explore nosso mapa ampliado e descubra os 170.000 m\u00b2 de natureza preservada ao redor do Sesc Cascavel Hotel Fazenda. Visualize a localiza\u00e7\u00e3o da portaria e da estrutura do hotel e aproveite este espa\u00e7o ideal para respirar ar puro, contemplar a biodiversidade e viver momentos \u00fanicos em meio \u00e0 natureza.<\/p>\n\n\n\n<div class=\"wp-block-group mt-4 d-block is-layout-constrained wp-block-group-is-layout-constrained\"><div class=\"wp-block-group__inner-container\">\n<ul>\n<li>Portaria<\/li>\n\n\n\n<li>\u00c1rea de Conserva\u00e7\u00e3o<\/li>\n\n\n\n<li>\u00c1reas de lazer e hospedagem do hotel<\/li>\n<\/ul>\n<\/div><\/div>\n<\/div>\n<\/div>\n<\/div>\n","protected":false},"excerpt":{"rendered":"<p>Conhe\u00e7a NOSSa estrutura Explore nosso mapa e descubra todos os espa\u00e7os que preparamos para tornar sua estadia ainda mais especial. Visualize com facilidade cada ambiente do hotel, tudo pensado para proporcionar momentos inesquec\u00edveis de lazer, conforto e conex\u00e3o com a natureza, para voc\u00ea e sua fam\u00edlia. Estrutura rodeada por natureza Explore nosso mapa ampliado e [&#8230;]<\/p>\n<p><small> <a class=\"btn btn-outline-primary p-0 px-3 rounded-1\" style=\"font-size: .8rem\"  href=\"https:\/\/www.sescpr.com.br\/hotelcascavel\/estrutura\/\">Leia mais.<span class=\"screen-reader-text\"> from Estrutura<\/span><\/a><\/small><\/p>\n","protected":false},"author":734,"featured_media":0,"parent":0,"menu_order":0,"comment_status":"closed","ping_status":"closed","template":"page-templates\/empty.php","meta":{"hoteis_localizacao_acomodacao":"","hoteis_galeria_imgs":[],"hoteis_cardapio":"","hoteis_administracao_restaurante":"","hoteis_localizacao_informacao":"","footnotes":""},"pp_force_visibility":null,"pp_subpost_visibility":null,"pp_inherited_force_visibility":null,"pp_inherited_subpost_visibility":null,"yoast_head":"<!-- This site is optimized with the Yoast SEO plugin v19.10 - https:\/\/yoast.com\/wordpress\/plugins\/seo\/ -->\n<title>Estrutura - Hotel Cascavel<\/title>\n<meta name=\"robots\" content=\"index, follow, max-snippet:-1, max-image-preview:large, max-video-preview:-1\" \/>\n<link rel=\"canonical\" href=\"https:\/\/www.sescpr.com.br\/hotelcascavel\/estrutura\/\" \/>\n<meta property=\"og:locale\" content=\"pt_BR\" \/>\n<meta property=\"og:type\" content=\"article\" \/>\n<meta property=\"og:title\" content=\"Estrutura - Hotel Cascavel\" \/>\n<meta property=\"og:description\" content=\"Conhe\u00e7a NOSSa estrutura Explore nosso mapa e descubra todos os espa\u00e7os que preparamos para tornar sua estadia ainda mais especial. Visualize com facilidade cada ambiente do hotel, tudo pensado para proporcionar momentos inesquec\u00edveis de lazer, conforto e conex\u00e3o com a natureza, para voc\u00ea e sua fam\u00edlia. Estrutura rodeada por natureza Explore nosso mapa ampliado e [...] Leia mais. from Estrutura\" \/>\n<meta property=\"og:url\" content=\"https:\/\/www.sescpr.com.br\/hotelcascavel\/estrutura\/\" \/>\n<meta property=\"og:site_name\" content=\"Hotel Cascavel\" \/>\n<meta property=\"article:modified_time\" content=\"2026-03-27T18:58:48+00:00\" \/>\n<meta property=\"og:image\" content=\"https:\/\/www.sescpr.com.br\/hotelcascavel\/wp-content\/uploads\/sites\/222\/2025\/05\/cascavel-mapa-icones-locais.png\" \/>\n<meta name=\"twitter:card\" content=\"summary_large_image\" \/>\n<meta name=\"twitter:label1\" content=\"Est. tempo de leitura\" \/>\n\t<meta name=\"twitter:data1\" content=\"1 minuto\" \/>\n<script type=\"application\/ld+json\" class=\"yoast-schema-graph\">{\"@context\":\"https:\/\/schema.org\",\"@graph\":[{\"@type\":\"WebPage\",\"@id\":\"https:\/\/www.sescpr.com.br\/hotelcascavel\/estrutura\/\",\"url\":\"https:\/\/www.sescpr.com.br\/hotelcascavel\/estrutura\/\",\"name\":\"Estrutura - Hotel Cascavel\",\"isPartOf\":{\"@id\":\"https:\/\/www.sescpr.com.br\/hotelcascavel\/#website\"},\"datePublished\":\"2025-05-15T14:17:28+00:00\",\"dateModified\":\"2026-03-27T18:58:48+00:00\",\"breadcrumb\":{\"@id\":\"https:\/\/www.sescpr.com.br\/hotelcascavel\/estrutura\/#breadcrumb\"},\"inLanguage\":\"pt-BR\",\"potentialAction\":[{\"@type\":\"ReadAction\",\"target\":[\"https:\/\/www.sescpr.com.br\/hotelcascavel\/estrutura\/\"]}]},{\"@type\":\"BreadcrumbList\",\"@id\":\"https:\/\/www.sescpr.com.br\/hotelcascavel\/estrutura\/#breadcrumb\",\"itemListElement\":[{\"@type\":\"ListItem\",\"position\":1,\"name\":\"In\u00edcio\",\"item\":\"https:\/\/www.sescpr.com.br\/hotelcascavel\/\"},{\"@type\":\"ListItem\",\"position\":2,\"name\":\"Estrutura\"}]},{\"@type\":\"WebSite\",\"@id\":\"https:\/\/www.sescpr.com.br\/hotelcascavel\/#website\",\"url\":\"https:\/\/www.sescpr.com.br\/hotelcascavel\/\",\"name\":\"Hotel Cascavel\",\"description\":\"Hotel Cascavel\",\"publisher\":{\"@id\":\"https:\/\/www.sescpr.com.br\/hotelcascavel\/#organization\"},\"potentialAction\":[{\"@type\":\"SearchAction\",\"target\":{\"@type\":\"EntryPoint\",\"urlTemplate\":\"https:\/\/www.sescpr.com.br\/hotelcascavel\/?s={search_term_string}\"},\"query-input\":\"required name=search_term_string\"}],\"inLanguage\":\"pt-BR\"},{\"@type\":\"Organization\",\"@id\":\"https:\/\/www.sescpr.com.br\/hotelcascavel\/#organization\",\"name\":\"Hotel Cascavel\",\"url\":\"https:\/\/www.sescpr.com.br\/hotelcascavel\/\",\"logo\":{\"@type\":\"ImageObject\",\"inLanguage\":\"pt-BR\",\"@id\":\"https:\/\/www.sescpr.com.br\/hotelcascavel\/#\/schema\/logo\/image\/\",\"url\":\"https:\/\/www.sescpr.com.br\/hotelcascavel\/wp-content\/uploads\/sites\/222\/2024\/01\/cropped-esboco.png\",\"contentUrl\":\"https:\/\/www.sescpr.com.br\/hotelcascavel\/wp-content\/uploads\/sites\/222\/2024\/01\/cropped-esboco.png\",\"width\":880,\"height\":615,\"caption\":\"Hotel Cascavel\"},\"image\":{\"@id\":\"https:\/\/www.sescpr.com.br\/hotelcascavel\/#\/schema\/logo\/image\/\"}}]}<\/script>\n<!-- \/ Yoast SEO plugin. -->","yoast_head_json":{"title":"Estrutura - Hotel Cascavel","robots":{"index":"index","follow":"follow","max-snippet":"max-snippet:-1","max-image-preview":"max-image-preview:large","max-video-preview":"max-video-preview:-1"},"canonical":"https:\/\/www.sescpr.com.br\/hotelcascavel\/estrutura\/","og_locale":"pt_BR","og_type":"article","og_title":"Estrutura - Hotel Cascavel","og_description":"Conhe\u00e7a NOSSa estrutura Explore nosso mapa e descubra todos os espa\u00e7os que preparamos para tornar sua estadia ainda mais especial. Visualize com facilidade cada ambiente do hotel, tudo pensado para proporcionar momentos inesquec\u00edveis de lazer, conforto e conex\u00e3o com a natureza, para voc\u00ea e sua fam\u00edlia. Estrutura rodeada por natureza Explore nosso mapa ampliado e [...] Leia mais. from Estrutura","og_url":"https:\/\/www.sescpr.com.br\/hotelcascavel\/estrutura\/","og_site_name":"Hotel Cascavel","article_modified_time":"2026-03-27T18:58:48+00:00","og_image":[{"url":"https:\/\/www.sescpr.com.br\/hotelcascavel\/wp-content\/uploads\/sites\/222\/2025\/05\/cascavel-mapa-icones-locais.png"}],"twitter_card":"summary_large_image","twitter_misc":{"Est. tempo de leitura":"1 minuto"},"schema":{"@context":"https:\/\/schema.org","@graph":[{"@type":"WebPage","@id":"https:\/\/www.sescpr.com.br\/hotelcascavel\/estrutura\/","url":"https:\/\/www.sescpr.com.br\/hotelcascavel\/estrutura\/","name":"Estrutura - Hotel Cascavel","isPartOf":{"@id":"https:\/\/www.sescpr.com.br\/hotelcascavel\/#website"},"datePublished":"2025-05-15T14:17:28+00:00","dateModified":"2026-03-27T18:58:48+00:00","breadcrumb":{"@id":"https:\/\/www.sescpr.com.br\/hotelcascavel\/estrutura\/#breadcrumb"},"inLanguage":"pt-BR","potentialAction":[{"@type":"ReadAction","target":["https:\/\/www.sescpr.com.br\/hotelcascavel\/estrutura\/"]}]},{"@type":"BreadcrumbList","@id":"https:\/\/www.sescpr.com.br\/hotelcascavel\/estrutura\/#breadcrumb","itemListElement":[{"@type":"ListItem","position":1,"name":"In\u00edcio","item":"https:\/\/www.sescpr.com.br\/hotelcascavel\/"},{"@type":"ListItem","position":2,"name":"Estrutura"}]},{"@type":"WebSite","@id":"https:\/\/www.sescpr.com.br\/hotelcascavel\/#website","url":"https:\/\/www.sescpr.com.br\/hotelcascavel\/","name":"Hotel Cascavel","description":"Hotel Cascavel","publisher":{"@id":"https:\/\/www.sescpr.com.br\/hotelcascavel\/#organization"},"potentialAction":[{"@type":"SearchAction","target":{"@type":"EntryPoint","urlTemplate":"https:\/\/www.sescpr.com.br\/hotelcascavel\/?s={search_term_string}"},"query-input":"required name=search_term_string"}],"inLanguage":"pt-BR"},{"@type":"Organization","@id":"https:\/\/www.sescpr.com.br\/hotelcascavel\/#organization","name":"Hotel Cascavel","url":"https:\/\/www.sescpr.com.br\/hotelcascavel\/","logo":{"@type":"ImageObject","inLanguage":"pt-BR","@id":"https:\/\/www.sescpr.com.br\/hotelcascavel\/#\/schema\/logo\/image\/","url":"https:\/\/www.sescpr.com.br\/hotelcascavel\/wp-content\/uploads\/sites\/222\/2024\/01\/cropped-esboco.png","contentUrl":"https:\/\/www.sescpr.com.br\/hotelcascavel\/wp-content\/uploads\/sites\/222\/2024\/01\/cropped-esboco.png","width":880,"height":615,"caption":"Hotel Cascavel"},"image":{"@id":"https:\/\/www.sescpr.com.br\/hotelcascavel\/#\/schema\/logo\/image\/"}}]}},"_links":{"self":[{"href":"https:\/\/www.sescpr.com.br\/hotelcascavel\/wp-json\/wp\/v2\/pages\/4860"}],"collection":[{"href":"https:\/\/www.sescpr.com.br\/hotelcascavel\/wp-json\/wp\/v2\/pages"}],"about":[{"href":"https:\/\/www.sescpr.com.br\/hotelcascavel\/wp-json\/wp\/v2\/types\/page"}],"author":[{"embeddable":true,"href":"https:\/\/www.sescpr.com.br\/hotelcascavel\/wp-json\/wp\/v2\/users\/734"}],"replies":[{"embeddable":true,"href":"https:\/\/www.sescpr.com.br\/hotelcascavel\/wp-json\/wp\/v2\/comments?post=4860"}],"version-history":[{"count":0,"href":"https:\/\/www.sescpr.com.br\/hotelcascavel\/wp-json\/wp\/v2\/pages\/4860\/revisions"}],"wp:attachment":[{"href":"https:\/\/www.sescpr.com.br\/hotelcascavel\/wp-json\/wp\/v2\/media?parent=4860"}],"curies":[{"name":"wp","href":"https:\/\/api.w.org\/{rel}","templated":true}]}}