{"id":1797,"date":"2024-05-15T10:57:43","date_gmt":"2024-05-15T13:57:43","guid":{"rendered":"https:\/\/www.sescpr.com.br\/hotelcascavel\/?page_id=1797"},"modified":"2025-01-31T14:48:39","modified_gmt":"2025-01-31T17:48:39","slug":"gastronomia","status":"publish","type":"page","link":"https:\/\/www.sescpr.com.br\/hotelcascavel\/gastronomia\/","title":{"rendered":"Gastronomia"},"content":{"rendered":"    <style> #sescpr-carousel-6a00a7b7d9765 .img-carrosel{width:100% !important;background-size:cover !important;background-repeat:no-repeat !important;object-fit:cover !important;} #sescpr-carousel-6a00a7b7d9765 .block-content{width:100% !important;height:auto !important;overflow:hidden !important;} #sescpr-carousel-6a00a7b7d9765 .splide__slide{height:35px !important;} @media (min-width: 992px) {  #sescpr-carousel-6a00a7b7d9765 .splide__track{height:70vh !important;} #sescpr-carousel-6a00a7b7d9765 .img-carrosel{height:70vh !important;} #sescpr-carousel-6a00a7b7d9765 .block-content{height:70vh !important;}}<\/style>\n    <div id=\"sescpr-carousel-6a00a7b7d9765\" class=\"sescpr-carousel  full-width\">\n        <!-- COM SPLIDE -->\n                    <section id=\"splide-carrossel-6a00a7b7d9765\" class=\"splide block-content\" role=\"group\" aria-label=\"\">\n                <div class=\"splide__track\">\n                    <ul class=\"splide__list\">\n                                                    <li class=\"splide__slide\">\n                                <div alt=\"\" class=\"img-carrosel\" style=\"background-image: url(https:\/\/www.sescpr.com.br\/hotelcascavel\/wp-content\/uploads\/sites\/222\/2024\/06\/cafehotelcascavel-1.jpg); background-position:center center; width: 100%; height: 100%\"><\/div>                            <\/li>\n                                                    <li class=\"splide__slide\">\n                                <div alt=\"\" class=\"img-carrosel\" style=\"background-image: url(https:\/\/www.sescpr.com.br\/hotelcascavel\/wp-content\/uploads\/sites\/222\/2024\/06\/restaurantecascavel-1.jpg); background-position:center center; width: 100%; height: 100%\"><\/div>                            <\/li>\n                                                    <li class=\"splide__slide\">\n                                <div alt=\"\" class=\"img-carrosel\" style=\"background-image: url(https:\/\/www.sescpr.com.br\/hotelcascavel\/wp-content\/uploads\/sites\/222\/2024\/06\/barhotelfazenda.jpg); background-position:center center; width: 100%; height: 100%\"><\/div>                            <\/li>\n                                                    <li class=\"splide__slide\">\n                                <div alt=\"\" class=\"img-carrosel\" style=\"background-image: url(https:\/\/www.sescpr.com.br\/hotelcascavel\/wp-content\/uploads\/sites\/222\/2024\/06\/barcascavelhotelfazenda-1.jpg); background-position:center center; width: 100%; height: 100%\"><\/div>                            <\/li>\n                                            <\/ul>\n                <\/div>\n            <\/section>\n                    <\/section>\n    <\/div>\n            <script>\n            document.addEventListener('DOMContentLoaded', function() {\n                    new Splide('#splide-carrossel-6a00a7b7d9765', {\n                        type: 'loop',\n                        autoplay: true,\n                        interval: 5000,\n                        perPage: 1,\n                        lazyLoad: true,\n                        resetProgress: true,\n                        cover: false,\n                        speed: 800,\n                        pauseOnHover: true,\n                        breakpoints: {\n                            576: {\n                                perPage: 1,\n                            },\n                        }\n                    }).mount();\n                }\n\n            );\n        <\/script>\n    \n\n\n<h1 class=\"wp-block-heading has-text-align-center h1 my-2 mt-md-5\">Gastronomia<\/h1>\n\n\n<style>\n.sesc-col-query-6a00a7b7da24f .splide__list{height: 25vh !important;}@media (min-width: 576px) {\n    .sesc-col-query-6a00a7b7da24f .splide__list{height: 100% !important;}.sesc-col-query-6a00a7b7da24f .splide__pagination{height: auto !important;}.sesc-col-query-6a00a7b7da24f{height: 60vh!important;}}\n<\/style>\n\n\n\n<div class=' '>\n\n<div id=\"restaurante-rio-cascavel\"\n    class=\"d-md-flex w-100 gap-5 sesc-col-query sesc-col-query-6a00a7b7da24f my-2 my-md-plus border-bottom pb-5 flex-row \">\n        <div class=\"col-12 col-md-6 img-content\">\n        \n<section class=\"splide h-100 w-100 splide2361\" role=\"group\" aria-label=\"Unimportant Content\">\n    <div class=\"splide__track h-100 w-100\">\n        <ul class=\"splide__list h-100 w-100\">\n                        <li class=\"splide__slide\"><img decoding=\"async\" class=\"rounded'\" src=\"https:\/\/www.sescpr.com.br\/hotelcascavel\/wp-content\/uploads\/sites\/222\/2024\/06\/restaurantecascavel-1.jpg\" alt=\"\" style=\"width: 100%; height: 100%; position: relative; object-fit: cover;\"><\/li>\n                        <li class=\"splide__slide\"><img decoding=\"async\" class=\"rounded'\" src=\"https:\/\/www.sescpr.com.br\/hotelcascavel\/wp-content\/uploads\/sites\/222\/2024\/06\/restaurantecascavelfazenda.jpg\" alt=\"\" style=\"width: 100%; height: 100%; position: relative; object-fit: cover;\"><\/li>\n                    <\/ul>\n    <\/div>\n<\/section>\n\n\n\n\n\n    <\/div>\n    \n    <div\n        class=\"overflow-auto col-12 col-md-6 d-flex flex-column  justify-content-center pt-4 pt-md-0 px-2 px-md-0\">\n        <div>\n                        \n                        <h2 class=\"\">Restaurante Rio Cascavel<\/h2>\n            \n\n        <\/div>\n\n        <div class=\"\">\n            <h4>Refei\u00e7\u00f5es inclusas em um ambiente inspirado na natureza<\/h4>\n<p>Viva uma experi\u00eancia gastron\u00f4mica \u00fanica no Restaurante Rio Cascavel, onde a beleza do Rio Cascavel inspira o ambiente e a culin\u00e1ria. Todas as refei\u00e7\u00f5es inclusas na hospedagem s\u00e3o servidas aqui, no sistema de buffet livre.<\/p>\n<h6>Hor\u00e1rios:<\/h6>\n<ul>\n<li><strong>Caf\u00e9 da Manh\u00e3: <\/strong>7h30 \u00e0s 10h<br \/>\nComece o dia com um delicioso caf\u00e9 da manh\u00e3. Desfrute de uma variedade de bolos, p\u00e3es, queijos, cereais e frutas frescas, acompanhados de bebidas quentes e frias.<\/li>\n<\/ul>\n<ul>\n<li><strong>Almo\u00e7o:<\/strong> 12h \u00e0s 14h<br \/>\nCard\u00e1pio tipicamente brasileiro com saladas frescas, pratos quentes, carnes e sobremesas irresist\u00edveis.<\/li>\n<\/ul>\n<ul>\n<li><strong>Jantar: <\/strong>19h \u00e0s 21h<br \/>\nPreparado com muito carinho, inclui op\u00e7\u00f5es de sopas reconfortantes para aquecer voc\u00ea nas noites frias em meio \u00e0 natureza.<\/li>\n<\/ul>\n        <\/div>\n\n\n            <\/div>\n<\/div>\n\n\n\n<script>\ndocument.addEventListener('DOMContentLoaded', function() {\n    new Splide('.splide2361', {\n        type: 'loop',\n        autoPlay: true,\n        perPage: 1,\n        arrow: true,\n        cover: true,\n        pagination: true\n    }).mount();\n}, false);\n<\/script>\n\n\n\n<div id=\"cafe-rio-itarare\"\n    class=\"d-md-flex w-100 gap-5 sesc-col-query sesc-col-query-6a00a7b7da24f my-2 my-md-plus border-bottom pb-5 flex-row-reverse \">\n        <div class=\"col-12 col-md-6 img-content\">\n        \n<section class=\"splide h-100 w-100 splide2394\" role=\"group\" aria-label=\"Unimportant Content\">\n    <div class=\"splide__track h-100 w-100\">\n        <ul class=\"splide__list h-100 w-100\">\n                        <li class=\"splide__slide\"><img decoding=\"async\" class=\"rounded'\" src=\"https:\/\/www.sescpr.com.br\/hotelcascavel\/wp-content\/uploads\/sites\/222\/2024\/06\/cafe1.jpg\" alt=\"\" style=\"width: 100%; height: 100%; position: relative; object-fit: cover;\"><\/li>\n                        <li class=\"splide__slide\"><img decoding=\"async\" class=\"rounded'\" src=\"https:\/\/www.sescpr.com.br\/hotelcascavel\/wp-content\/uploads\/sites\/222\/2024\/06\/cafehotelcascavel.jpg\" alt=\"\" style=\"width: 100%; height: 100%; position: relative; object-fit: cover;\"><\/li>\n                        <li class=\"splide__slide\"><img decoding=\"async\" class=\"rounded'\" src=\"https:\/\/www.sescpr.com.br\/hotelcascavel\/wp-content\/uploads\/sites\/222\/2024\/06\/cafehotelfazenda.jpg\" alt=\"\" style=\"width: 100%; height: 100%; position: relative; object-fit: cover;\"><\/li>\n                    <\/ul>\n    <\/div>\n<\/section>\n\n\n\n\n\n    <\/div>\n    \n    <div\n        class=\"overflow-auto col-12 col-md-6 d-flex flex-column  justify-content-center pt-4 pt-md-0 px-2 px-md-0\">\n        <div>\n                        \n                        <h2 class=\"\">Caf\u00e9 Rio Itarar\u00e9<\/h2>\n            \n\n        <\/div>\n\n        <div class=\"\">\n            <h4>Caf\u00e9s especiais e del\u00edcias de confeitaria para uma pausa aconchegante<\/h4>\n<p>Venha saborear nosso caf\u00e9 e mergulhe na experi\u00eancia inspirada na grandiosidade do Rio Itarar\u00e9. Aqui, voc\u00ea encontra uma sele\u00e7\u00e3o completa de caf\u00e9s, chocolates, doces e salgados perfeitos para uma pausa aconchegante durante o dia.<\/p>\n<p>O Rio Itarar\u00e9 possui 240 km de extens\u00e3o e esculpe paisagens impressionantes ao longo do seu curso.<\/p>\n        <\/div>\n\n\n            <\/div>\n<\/div>\n\n\n\n<script>\ndocument.addEventListener('DOMContentLoaded', function() {\n    new Splide('.splide2394', {\n        type: 'loop',\n        autoPlay: true,\n        perPage: 1,\n        arrow: true,\n        cover: true,\n        pagination: true\n    }).mount();\n}, false);\n<\/script>\n\n\n\n<div id=\"bar-pororoca\"\n    class=\"d-md-flex w-100 gap-5 sesc-col-query sesc-col-query-6a00a7b7da24f my-2 my-md-plus border-bottom pb-5 flex-row \">\n        <div class=\"col-12 col-md-6 img-content\">\n        \n<section class=\"splide h-100 w-100 splide2431\" role=\"group\" aria-label=\"Unimportant Content\">\n    <div class=\"splide__track h-100 w-100\">\n        <ul class=\"splide__list h-100 w-100\">\n                        <li class=\"splide__slide\"><img decoding=\"async\" class=\"rounded'\" src=\"https:\/\/www.sescpr.com.br\/hotelcascavel\/wp-content\/uploads\/sites\/222\/2024\/06\/BarPororoca.jpg\" alt=\"\" style=\"width: 100%; height: 100%; position: relative; object-fit: cover;\"><\/li>\n                        <li class=\"splide__slide\"><img decoding=\"async\" class=\"rounded'\" src=\"https:\/\/www.sescpr.com.br\/hotelcascavel\/wp-content\/uploads\/sites\/222\/2024\/06\/barhotelfazenda.jpg\" alt=\"\" style=\"width: 100%; height: 100%; position: relative; object-fit: cover;\"><\/li>\n                        <li class=\"splide__slide\"><img decoding=\"async\" class=\"rounded'\" src=\"https:\/\/www.sescpr.com.br\/hotelcascavel\/wp-content\/uploads\/sites\/222\/2024\/06\/barhotelcascavel.jpg\" alt=\"\" style=\"width: 100%; height: 100%; position: relative; object-fit: cover;\"><\/li>\n                        <li class=\"splide__slide\"><img decoding=\"async\" class=\"rounded'\" src=\"https:\/\/www.sescpr.com.br\/hotelcascavel\/wp-content\/uploads\/sites\/222\/2024\/06\/barcascavelhotelfazenda-1.jpg\" alt=\"\" style=\"width: 100%; height: 100%; position: relative; object-fit: cover;\"><\/li>\n                    <\/ul>\n    <\/div>\n<\/section>\n\n\n\n\n\n    <\/div>\n    \n    <div\n        class=\"overflow-auto col-12 col-md-6 d-flex flex-column  justify-content-center pt-4 pt-md-0 px-2 px-md-0\">\n        <div>\n                        \n                        <h2 class=\"\">Bar Pororoca<\/h2>\n            \n\n        <\/div>\n\n        <div class=\"\">\n            <h4>Drinks especiais inspirados no encontro entre tradi\u00e7\u00e3o e aventura<\/h4>\n<p>Para momentos de lazer e descontra\u00e7\u00e3o, o Bar Pororoca oferece uma grande variedade de bebidas, com destaque para a carta de vinhos e drinks especiais. \u00c9 o local ideal para relaxar e socializar.<\/p>\n<p>O fen\u00f4meno do encontro das \u00e1guas doces dos rios com o mar \u00e9 a inspira\u00e7\u00e3o para o nome do Bar Pororoca. Aqui o encontro entre tradi\u00e7\u00e3o e aventura cria momentos especiais.<\/p>\n        <\/div>\n\n\n            <\/div>\n<\/div>\n\n\n\n<script>\ndocument.addEventListener('DOMContentLoaded', function() {\n    new Splide('.splide2431', {\n        type: 'loop',\n        autoPlay: true,\n        perPage: 1,\n        arrow: true,\n        cover: true,\n        pagination: true\n    }).mount();\n}, false);\n<\/script>\n\n\n\n<div id=\"lanchonete\"\n    class=\"d-md-flex w-100 gap-5 sesc-col-query sesc-col-query-6a00a7b7da24f my-2 my-md-plus border-bottom pb-5 flex-row-reverse \">\n        <div class=\"col-12 col-md-6 img-content\">\n        \n<section class=\"splide h-100 w-100 splide2474\" role=\"group\" aria-label=\"Unimportant Content\">\n    <div class=\"splide__track h-100 w-100\">\n        <ul class=\"splide__list h-100 w-100\">\n                        <li class=\"splide__slide\"><img decoding=\"async\" class=\"rounded'\" src=\"https:\/\/www.sescpr.com.br\/hotelcascavel\/wp-content\/uploads\/sites\/222\/2024\/06\/caipirinha1.jpg\" alt=\"\" style=\"width: 100%; height: 100%; position: relative; object-fit: cover;\"><\/li>\n                        <li class=\"splide__slide\"><img decoding=\"async\" class=\"rounded'\" src=\"https:\/\/www.sescpr.com.br\/hotelcascavel\/wp-content\/uploads\/sites\/222\/2024\/06\/batatafrita1.jpg\" alt=\"\" style=\"width: 100%; height: 100%; position: relative; object-fit: cover;\"><\/li>\n                    <\/ul>\n    <\/div>\n<\/section>\n\n\n\n\n\n    <\/div>\n    \n    <div\n        class=\"overflow-auto col-12 col-md-6 d-flex flex-column  justify-content-center pt-4 pt-md-0 px-2 px-md-0\">\n        <div>\n                        \n                        <h2 class=\"\">Lanchonete<\/h2>\n            \n\n        <\/div>\n\n        <div class=\"\">\n            <h4>Drinks, bebidas e petiscos caprichados para saborear enquanto curte nossas piscinas<\/h4>\n<p>Nossa lanchonete, situada na \u00e1rea de lazer externa, serve lanches, por\u00e7\u00f5es e caipirinhas deliciosas \u00e0 beira da piscina. Aproveite a vista maravilhosa do hotel enquanto se delicia com nossas op\u00e7\u00f5es de petiscos.<\/p>\n        <\/div>\n\n\n            <\/div>\n<\/div>\n\n\n\n<script>\ndocument.addEventListener('DOMContentLoaded', function() {\n    new Splide('.splide2474', {\n        type: 'loop',\n        autoPlay: true,\n        perPage: 1,\n        arrow: true,\n        cover: true,\n        pagination: true\n    }).mount();\n}, false);\n<\/script>\n\n<\/div>\n\n\n<h2 class=\"wp-block-heading has-text-align-center\">Cart\u00e3o de consumo<\/h2>\n\n\n\n<p>Ap\u00f3s realizar o check-in, voc\u00ea vai receber um cart\u00e3o de consumo para utilizar na cafeteria, na lanchonete, no bar e na compra de bebidas no restaurante e demais itens avulsos. A compra antecipada dos cr\u00e9ditos \u00e9 feita na recep\u00e7\u00e3o. Os valores n\u00e3o utilizados podem ser resgatados no check-out. \u00c9 obrigat\u00f3rio a devolu\u00e7\u00e3o do cart\u00e3o de consumo, sendo cobrada taxa para a impress\u00e3o de uma segunda via do mesmo.<\/p>\n\n\n\n<div class=\"wp-block-group d-none is-layout-constrained wp-block-group-is-layout-constrained\"><div class=\"wp-block-group__inner-container\">            <div class=\"container row row-cols-md-2\">\r\n                                            <div class=\"p-2 m-0\" style=\"aspect-ratio: 4\/2;\" style=\"z-index: 2\">\r\n                    <a href=\"https:\/\/www.sescpr.com.br\/hotelcascavel\/\">\r\n                        <div class=\"position-relative w-100 h-100 border border-tertiary border-1 rounded overflow-hidden\">\r\n                            <img decoding=\"async\" src=\"https:\/\/www.sescpr.com.br\/hotelcascavel\/wp-content\/uploads\/sites\/222\/2024\/06\/fachada.jpg\" alt=\"\" class=\"position-absolute top-0 w-100 h-100\" style=\"object-fit: cover; z-index: -1\">\r\n                            <h4 class=\"w-100 text-center bg-tertiary py-1 py-md-2 position-absolute bottom-0 m-0 text-white\" style=\"z-index: 3\"> Home <\/h4>\r\n                        <\/div>\r\n                    <\/a>\r\n                <\/div>\r\n                    <\/div>\r\n    \r\n\r\n<\/div><\/div>\n","protected":false},"excerpt":{"rendered":"<p>Gastronomia Cart\u00e3o de consumo Ap\u00f3s realizar o check-in, voc\u00ea vai receber um cart\u00e3o de consumo para utilizar na cafeteria, na lanchonete, no bar e na compra de bebidas no restaurante e demais itens avulsos. A compra antecipada dos cr\u00e9ditos \u00e9 feita na recep\u00e7\u00e3o. Os valores n\u00e3o utilizados podem ser resgatados no check-out. \u00c9 obrigat\u00f3rio a [&#8230;]<\/p>\n<p><small> <a class=\"btn btn-outline-primary p-0 px-3 rounded-1\" style=\"font-size: .8rem\"  href=\"https:\/\/www.sescpr.com.br\/hotelcascavel\/gastronomia\/\">Leia mais.<span class=\"screen-reader-text\"> from Gastronomia<\/span><\/a><\/small><\/p>\n","protected":false},"author":734,"featured_media":3236,"parent":0,"menu_order":0,"comment_status":"closed","ping_status":"closed","template":"","meta":{"hoteis_localizacao_acomodacao":"","hoteis_galeria_imgs":[],"hoteis_cardapio":"","hoteis_administracao_restaurante":"","hoteis_localizacao_informacao":"","footnotes":""},"pp_force_visibility":null,"pp_subpost_visibility":null,"pp_inherited_force_visibility":null,"pp_inherited_subpost_visibility":null,"yoast_head":"<!-- This site is optimized with the Yoast SEO plugin v19.10 - https:\/\/yoast.com\/wordpress\/plugins\/seo\/ -->\n<title>Hotel Fazenda com pens\u00e3o completa em Cascavel, no Paran\u00e1<\/title>\n<meta name=\"description\" content=\"Experi\u00eancia gastron\u00f4mica completa, com caf\u00e9 da manh\u00e3, almo\u00e7o e jantar inclusos na hospedagem\" \/>\n<meta name=\"robots\" content=\"index, follow, max-snippet:-1, max-image-preview:large, max-video-preview:-1\" \/>\n<link rel=\"canonical\" href=\"https:\/\/www.sescpr.com.br\/hotelcascavel\/gastronomia\/\" \/>\n<meta property=\"og:locale\" content=\"pt_BR\" \/>\n<meta property=\"og:type\" content=\"article\" \/>\n<meta property=\"og:title\" content=\"Hotel Fazenda com pens\u00e3o completa em Cascavel, no Paran\u00e1\" \/>\n<meta property=\"og:description\" content=\"Experi\u00eancia gastron\u00f4mica completa, com caf\u00e9 da manh\u00e3, almo\u00e7o e jantar inclusos na hospedagem\" \/>\n<meta property=\"og:url\" content=\"https:\/\/www.sescpr.com.br\/hotelcascavel\/gastronomia\/\" \/>\n<meta property=\"og:site_name\" content=\"Hotel Cascavel\" \/>\n<meta property=\"article:modified_time\" content=\"2025-01-31T17:48:39+00:00\" \/>\n<meta property=\"og:image\" content=\"https:\/\/www.sescpr.com.br\/hotelcascavel\/wp-content\/uploads\/sites\/222\/2024\/06\/restaurantecascavel-1.jpg\" \/>\n\t<meta property=\"og:image:width\" content=\"1920\" \/>\n\t<meta property=\"og:image:height\" content=\"1282\" \/>\n\t<meta property=\"og:image:type\" content=\"image\/jpeg\" \/>\n<meta name=\"twitter:card\" content=\"summary_large_image\" \/>\n<meta name=\"twitter:title\" content=\"Hotel Fazenda com pens\u00e3o completa em Cascavel, no Paran\u00e1\" \/>\n<meta name=\"twitter:description\" content=\"Experi\u00eancia gastron\u00f4mica completa, com caf\u00e9 da manh\u00e3, almo\u00e7o e jantar inclusos na hospedagem\" \/>\n<meta name=\"twitter:image\" content=\"https:\/\/www.sescpr.com.br\/hotelcascavel\/wp-content\/uploads\/sites\/222\/2024\/06\/restaurantecascavel.jpg\" \/>\n<script type=\"application\/ld+json\" class=\"yoast-schema-graph\">{\"@context\":\"https:\/\/schema.org\",\"@graph\":[{\"@type\":\"WebPage\",\"@id\":\"https:\/\/www.sescpr.com.br\/hotelcascavel\/gastronomia\/\",\"url\":\"https:\/\/www.sescpr.com.br\/hotelcascavel\/gastronomia\/\",\"name\":\"Hotel Fazenda com pens\u00e3o completa em Cascavel, no Paran\u00e1\",\"isPartOf\":{\"@id\":\"https:\/\/www.sescpr.com.br\/hotelcascavel\/#website\"},\"datePublished\":\"2024-05-15T13:57:43+00:00\",\"dateModified\":\"2025-01-31T17:48:39+00:00\",\"description\":\"Experi\u00eancia gastron\u00f4mica completa, com caf\u00e9 da manh\u00e3, almo\u00e7o e jantar inclusos na hospedagem\",\"breadcrumb\":{\"@id\":\"https:\/\/www.sescpr.com.br\/hotelcascavel\/gastronomia\/#breadcrumb\"},\"inLanguage\":\"pt-BR\",\"potentialAction\":[{\"@type\":\"ReadAction\",\"target\":[\"https:\/\/www.sescpr.com.br\/hotelcascavel\/gastronomia\/\"]}]},{\"@type\":\"BreadcrumbList\",\"@id\":\"https:\/\/www.sescpr.com.br\/hotelcascavel\/gastronomia\/#breadcrumb\",\"itemListElement\":[{\"@type\":\"ListItem\",\"position\":1,\"name\":\"In\u00edcio\",\"item\":\"https:\/\/www.sescpr.com.br\/hotelcascavel\/\"},{\"@type\":\"ListItem\",\"position\":2,\"name\":\"Gastronomia\"}]},{\"@type\":\"WebSite\",\"@id\":\"https:\/\/www.sescpr.com.br\/hotelcascavel\/#website\",\"url\":\"https:\/\/www.sescpr.com.br\/hotelcascavel\/\",\"name\":\"Hotel Cascavel\",\"description\":\"Hotel Cascavel\",\"publisher\":{\"@id\":\"https:\/\/www.sescpr.com.br\/hotelcascavel\/#organization\"},\"potentialAction\":[{\"@type\":\"SearchAction\",\"target\":{\"@type\":\"EntryPoint\",\"urlTemplate\":\"https:\/\/www.sescpr.com.br\/hotelcascavel\/?s={search_term_string}\"},\"query-input\":\"required name=search_term_string\"}],\"inLanguage\":\"pt-BR\"},{\"@type\":\"Organization\",\"@id\":\"https:\/\/www.sescpr.com.br\/hotelcascavel\/#organization\",\"name\":\"Hotel Cascavel\",\"url\":\"https:\/\/www.sescpr.com.br\/hotelcascavel\/\",\"logo\":{\"@type\":\"ImageObject\",\"inLanguage\":\"pt-BR\",\"@id\":\"https:\/\/www.sescpr.com.br\/hotelcascavel\/#\/schema\/logo\/image\/\",\"url\":\"https:\/\/www.sescpr.com.br\/hotelcascavel\/wp-content\/uploads\/sites\/222\/2024\/01\/cropped-esboco.png\",\"contentUrl\":\"https:\/\/www.sescpr.com.br\/hotelcascavel\/wp-content\/uploads\/sites\/222\/2024\/01\/cropped-esboco.png\",\"width\":880,\"height\":615,\"caption\":\"Hotel Cascavel\"},\"image\":{\"@id\":\"https:\/\/www.sescpr.com.br\/hotelcascavel\/#\/schema\/logo\/image\/\"}}]}<\/script>\n<!-- \/ Yoast SEO plugin. -->","yoast_head_json":{"title":"Hotel Fazenda com pens\u00e3o completa em Cascavel, no Paran\u00e1","description":"Experi\u00eancia gastron\u00f4mica completa, com caf\u00e9 da manh\u00e3, almo\u00e7o e jantar inclusos na hospedagem","robots":{"index":"index","follow":"follow","max-snippet":"max-snippet:-1","max-image-preview":"max-image-preview:large","max-video-preview":"max-video-preview:-1"},"canonical":"https:\/\/www.sescpr.com.br\/hotelcascavel\/gastronomia\/","og_locale":"pt_BR","og_type":"article","og_title":"Hotel Fazenda com pens\u00e3o completa em Cascavel, no Paran\u00e1","og_description":"Experi\u00eancia gastron\u00f4mica completa, com caf\u00e9 da manh\u00e3, almo\u00e7o e jantar inclusos na hospedagem","og_url":"https:\/\/www.sescpr.com.br\/hotelcascavel\/gastronomia\/","og_site_name":"Hotel Cascavel","article_modified_time":"2025-01-31T17:48:39+00:00","og_image":[{"width":1920,"height":1282,"url":"https:\/\/www.sescpr.com.br\/hotelcascavel\/wp-content\/uploads\/sites\/222\/2024\/06\/restaurantecascavel-1.jpg","type":"image\/jpeg"}],"twitter_card":"summary_large_image","twitter_title":"Hotel Fazenda com pens\u00e3o completa em Cascavel, no Paran\u00e1","twitter_description":"Experi\u00eancia gastron\u00f4mica completa, com caf\u00e9 da manh\u00e3, almo\u00e7o e jantar inclusos na hospedagem","twitter_image":"https:\/\/www.sescpr.com.br\/hotelcascavel\/wp-content\/uploads\/sites\/222\/2024\/06\/restaurantecascavel.jpg","schema":{"@context":"https:\/\/schema.org","@graph":[{"@type":"WebPage","@id":"https:\/\/www.sescpr.com.br\/hotelcascavel\/gastronomia\/","url":"https:\/\/www.sescpr.com.br\/hotelcascavel\/gastronomia\/","name":"Hotel Fazenda com pens\u00e3o completa em Cascavel, no Paran\u00e1","isPartOf":{"@id":"https:\/\/www.sescpr.com.br\/hotelcascavel\/#website"},"datePublished":"2024-05-15T13:57:43+00:00","dateModified":"2025-01-31T17:48:39+00:00","description":"Experi\u00eancia gastron\u00f4mica completa, com caf\u00e9 da manh\u00e3, almo\u00e7o e jantar inclusos na hospedagem","breadcrumb":{"@id":"https:\/\/www.sescpr.com.br\/hotelcascavel\/gastronomia\/#breadcrumb"},"inLanguage":"pt-BR","potentialAction":[{"@type":"ReadAction","target":["https:\/\/www.sescpr.com.br\/hotelcascavel\/gastronomia\/"]}]},{"@type":"BreadcrumbList","@id":"https:\/\/www.sescpr.com.br\/hotelcascavel\/gastronomia\/#breadcrumb","itemListElement":[{"@type":"ListItem","position":1,"name":"In\u00edcio","item":"https:\/\/www.sescpr.com.br\/hotelcascavel\/"},{"@type":"ListItem","position":2,"name":"Gastronomia"}]},{"@type":"WebSite","@id":"https:\/\/www.sescpr.com.br\/hotelcascavel\/#website","url":"https:\/\/www.sescpr.com.br\/hotelcascavel\/","name":"Hotel Cascavel","description":"Hotel Cascavel","publisher":{"@id":"https:\/\/www.sescpr.com.br\/hotelcascavel\/#organization"},"potentialAction":[{"@type":"SearchAction","target":{"@type":"EntryPoint","urlTemplate":"https:\/\/www.sescpr.com.br\/hotelcascavel\/?s={search_term_string}"},"query-input":"required name=search_term_string"}],"inLanguage":"pt-BR"},{"@type":"Organization","@id":"https:\/\/www.sescpr.com.br\/hotelcascavel\/#organization","name":"Hotel Cascavel","url":"https:\/\/www.sescpr.com.br\/hotelcascavel\/","logo":{"@type":"ImageObject","inLanguage":"pt-BR","@id":"https:\/\/www.sescpr.com.br\/hotelcascavel\/#\/schema\/logo\/image\/","url":"https:\/\/www.sescpr.com.br\/hotelcascavel\/wp-content\/uploads\/sites\/222\/2024\/01\/cropped-esboco.png","contentUrl":"https:\/\/www.sescpr.com.br\/hotelcascavel\/wp-content\/uploads\/sites\/222\/2024\/01\/cropped-esboco.png","width":880,"height":615,"caption":"Hotel Cascavel"},"image":{"@id":"https:\/\/www.sescpr.com.br\/hotelcascavel\/#\/schema\/logo\/image\/"}}]}},"_links":{"self":[{"href":"https:\/\/www.sescpr.com.br\/hotelcascavel\/wp-json\/wp\/v2\/pages\/1797"}],"collection":[{"href":"https:\/\/www.sescpr.com.br\/hotelcascavel\/wp-json\/wp\/v2\/pages"}],"about":[{"href":"https:\/\/www.sescpr.com.br\/hotelcascavel\/wp-json\/wp\/v2\/types\/page"}],"author":[{"embeddable":true,"href":"https:\/\/www.sescpr.com.br\/hotelcascavel\/wp-json\/wp\/v2\/users\/734"}],"replies":[{"embeddable":true,"href":"https:\/\/www.sescpr.com.br\/hotelcascavel\/wp-json\/wp\/v2\/comments?post=1797"}],"version-history":[{"count":0,"href":"https:\/\/www.sescpr.com.br\/hotelcascavel\/wp-json\/wp\/v2\/pages\/1797\/revisions"}],"wp:featuredmedia":[{"embeddable":true,"href":"https:\/\/www.sescpr.com.br\/hotelcascavel\/wp-json\/wp\/v2\/media\/3236"}],"wp:attachment":[{"href":"https:\/\/www.sescpr.com.br\/hotelcascavel\/wp-json\/wp\/v2\/media?parent=1797"}],"curies":[{"name":"wp","href":"https:\/\/api.w.org\/{rel}","templated":true}]}}