{"id":1740,"date":"2024-05-15T10:14:49","date_gmt":"2024-05-15T13:14:49","guid":{"rendered":"https:\/\/www.sescpr.com.br\/hotelcascavel\/?page_id=1740"},"modified":"2024-06-26T15:37:44","modified_gmt":"2024-06-26T18:37:44","slug":"comodidades","status":"publish","type":"page","link":"https:\/\/www.sescpr.com.br\/hotelcascavel\/comodidades\/","title":{"rendered":"Comodidades"},"content":{"rendered":"\n    <style>\n        #sesc-69d75c7bd128d {\n            z-index: 2\n        }\n\n        #sesc-69d75c7bd128d .img-full {\n            object-fit: cover;\n            z-index: -1;\n            height: 100%;\n            height:30vh !important;\n        }\n\n        #sesc-69d75c7bd128d .col-bg {\n            z-index: 2;\n            background: ;background:linear-gradient(90deg,rgba(17,62,92,0) 0%,rgb(70,124,23) 20%)        }\n\n        @media (min-width: 576px) {\n            #sesc-69d75c7bd128d {\n                height:40vh !important;\n            }\n\n            #sesc-69d75c7bd128d .img-full {\n                height:40vh !important;\n                position: absolute;\n                top: 0;\n                left: 0;\n            }\n\n        }\n    <\/style>\n\n    <div id=\"sesc-69d75c7bd128d\" class=\"sescpr-colfull-img overflow-hidden full-width bg-primary\">\n\n        <div class=\"w-100 h-100 d-md-flex position-relative col-12 col-md-6 flex-column flex-md-row-reverse \">\n            <img decoding=\"async\" src=\"https:\/\/www.sescpr.com.br\/hotelcascavel\/wp-content\/uploads\/sites\/222\/2024\/06\/hotel-cascavel-fachada-lateral-1.jpg\" class=\"w-100 d-md-block img-full\" style=\"object-position: top left; object-fit: cover\">\n\n            <div class=\"col-bg position-relative col-12 col-md-6 d-flex align-items-center p-2 p-md-5\">\n                <div class=\"p-2 p-md-4\">\n                    \n<div>\n<div class=\"wp-block-group col-12 col-md-8 ms-md-5 ps-md-5 is-layout-constrained wp-block-group-is-layout-constrained\"><div class=\"wp-block-group__inner-container\">\n<h2 class=\"wp-block-heading mt-md-4 has-white-color has-text-color has-link-color wp-elements-65b858b92d9886954b768c3b80825549\">Comodidades<\/h2>\n\n\n\n<p class=\"has-white-color has-text-color has-link-color wp-elements-4bf4b91b17acab4cc942f9e8804c944e\">Conhe\u00e7a a estrutura e os servi\u00e7os oferecidos pelo Sesc Cascavel Hotel Fazenda para que voc\u00ea tenha uma estadia inesquec\u00edvel<\/p>\n<\/div><\/div>\n<\/div>\n                <\/div>\n            <\/div>\n        <\/div>\n\n\n\n\n    <\/div>\n\n\n<style>\n.sesc-col-query-69d75c7bd12e5 .splide__list{height: 30vh !important;}@media (min-width: 576px) {\n    .sesc-col-query-69d75c7bd12e5 .splide__list{height: 100% !important;}.sesc-col-query-69d75c7bd12e5 .splide__pagination{height: auto !important;}.sesc-col-query-69d75c7bd12e5{height: 70vh!important;}}\n<\/style>\n\n\n\n<div class=' mt-2 mt-md-5 '>\n\n<div id=\"recepcao-24h\"\n    class=\"d-md-flex w-100 gap-5 sesc-col-query sesc-col-query-69d75c7bd12e5 my-0 my-md-5 py-2 py-md-5 border-bottom  flex-row \">\n        <div class=\"col-12 col-md-6 img-content\">\n        <img decoding=\"async\" class=\"\" src=\"https:\/\/www.sescpr.com.br\/hotelcascavel\/wp-content\/uploads\/sites\/222\/2024\/06\/Recepcao24hHotelCascavel.jpg\" alt=\"\" style=\"width: 100%; height: 100%; position: relative; object-fit: cover;\" >    <\/div>\n    \n    <div\n        class=\"overflow-auto col-12 col-md-6 d-flex flex-column  justify-content-center pt-4 pt-md-0 px-2 px-md-0\">\n        <div>\n                        \n                        <h2 class=\"\">Recep\u00e7\u00e3o 24h<\/h2>\n            \n\n        <\/div>\n\n        <div class=\"align-items-center \">\n            <h4>Atendimento e assist\u00eancia a qualquer hora<\/h4>\n<p>Nossa equipe est\u00e1 \u00e0 disposi\u00e7\u00e3o para receber os h\u00f3spedes com respeito e empatia e ajud\u00e1-los a aproveitar cada minuto da hospedagem com informa\u00e7\u00f5es sobre a programa\u00e7\u00e3o e comodidades dispon\u00edveis no hotel e sobre as atra\u00e7\u00f5es tur\u00edsticas da regi\u00e3o.<\/p>\n        <\/div>\n\n\n            <\/div>\n<\/div>\n\n\n\n<script>\ndocument.addEventListener('DOMContentLoaded', function() {\n    new Splide('.splide3025', {\n        type: 'loop',\n        autoPlay: true,\n        perPage: 1,\n        arrow: true,\n        cover: true,\n        pagination: true\n    }).mount();\n}, false);\n<\/script>\n\n\n\n<div id=\"academia\"\n    class=\"d-md-flex w-100 gap-5 sesc-col-query sesc-col-query-69d75c7bd12e5 my-0 my-md-5 py-2 py-md-5 border-bottom  flex-row-reverse \">\n        <div class=\"col-12 col-md-6 img-content\">\n        <img decoding=\"async\" class=\"\" src=\"https:\/\/www.sescpr.com.br\/hotelcascavel\/wp-content\/uploads\/sites\/222\/2024\/05\/hotel-cascavel-academia-08.jpg\" alt=\"\" style=\"width: 100%; height: 100%; position: relative; object-fit: cover;\" >    <\/div>\n    \n    <div\n        class=\"overflow-auto col-12 col-md-6 d-flex flex-column  justify-content-center pt-4 pt-md-0 px-2 px-md-0\">\n        <div>\n                        \n                        <h2 class=\"\">Academia<\/h2>\n            \n\n        <\/div>\n\n        <div class=\"align-items-center \">\n            <h4>N\u00e3o perca o ritmo do cuidado com a sa\u00fade nas f\u00e9rias<\/h4>\n<p>A academia do Sesc Cascavel Hotel Fazenda est\u00e1 localizada em um espa\u00e7o privilegiado. Com uma vista incr\u00edvel, a academia oferece equipamentos e acess\u00f3rios modernos para um treino completo. Mantenha-se ativo mesmo no seu per\u00edodo de f\u00e9rias!<\/p>\n        <\/div>\n\n\n            <\/div>\n<\/div>\n\n\n\n<script>\ndocument.addEventListener('DOMContentLoaded', function() {\n    new Splide('.splide2855', {\n        type: 'loop',\n        autoPlay: true,\n        perPage: 1,\n        arrow: true,\n        cover: true,\n        pagination: true\n    }).mount();\n}, false);\n<\/script>\n\n\n\n<div id=\"estacionamento\"\n    class=\"d-md-flex w-100 gap-5 sesc-col-query sesc-col-query-69d75c7bd12e5 my-0 my-md-5 py-2 py-md-5 border-bottom  flex-row \">\n        <div class=\"col-12 col-md-6 img-content\">\n        <img decoding=\"async\" class=\"\" src=\"https:\/\/www.sescpr.com.br\/hotelcascavel\/wp-content\/uploads\/sites\/222\/2024\/06\/53789814050_00a7ddf039_o-scaled.jpg\" alt=\"\" style=\"width: 100%; height: 100%; position: relative; object-fit: cover;\" >    <\/div>\n    \n    <div\n        class=\"overflow-auto col-12 col-md-6 d-flex flex-column  justify-content-center pt-4 pt-md-0 px-2 px-md-0\">\n        <div>\n                        \n                        <h2 class=\"\">Estacionamento gratuito<\/h2>\n            \n\n        <\/div>\n\n        <div class=\"align-items-center \">\n            <h4>Praticidade e seguran\u00e7a para sua estadia<\/h4>\n<p>O Sesc Cascavel Hotel Fazenda oferece estacionamento gratuito com monitoramento 24 horas para h\u00f3spedes e convidados dos eventos realizados em nossas instala\u00e7\u00f5es. As vagas s\u00e3o descobertas e contam com esta\u00e7\u00e3o de carregamento para ve\u00edculos el\u00e9tricos.<\/p>\n        <\/div>\n\n\n            <\/div>\n<\/div>\n\n\n\n<script>\ndocument.addEventListener('DOMContentLoaded', function() {\n    new Splide('.splide3003', {\n        type: 'loop',\n        autoPlay: true,\n        perPage: 1,\n        arrow: true,\n        cover: true,\n        pagination: true\n    }).mount();\n}, false);\n<\/script>\n\n\n\n<div id=\"loja-de-artesanato\"\n    class=\"d-md-flex w-100 gap-5 sesc-col-query sesc-col-query-69d75c7bd12e5 my-0 my-md-5 py-2 py-md-5 border-bottom  flex-row-reverse \">\n        <div class=\"col-12 col-md-6 img-content\">\n        <img decoding=\"async\" class=\"\" src=\"https:\/\/www.sescpr.com.br\/hotelcascavel\/wp-content\/uploads\/sites\/222\/2024\/06\/LojaUiaraHotelCascavel.jpg\" alt=\"\" style=\"width: 100%; height: 100%; position: relative; object-fit: cover;\" >    <\/div>\n    \n    <div\n        class=\"overflow-auto col-12 col-md-6 d-flex flex-column  justify-content-center pt-4 pt-md-0 px-2 px-md-0\">\n        <div>\n                        \n                        <h2 class=\"\">Loja Uiara<\/h2>\n            \n\n        <\/div>\n\n        <div class=\"align-items-center \">\n            <h4><span data-contrast=\"auto\">Conhe\u00e7a a loja Uiara e leve para casa a ess\u00eancia do Sesc Cascavel Hotel Fazenda<\/span><span data-ccp-props=\"{&quot;201341983&quot;:0,&quot;335559739&quot;:200,&quot;335559740&quot;:276}\">\u00a0<\/span><\/h4>\n<p><span data-contrast=\"auto\">Descubra um universo de produtos artesanais \u00fanicos em nossa loja localizada no t\u00e9rreo do Hotel. Ela oferece uma variedade de itens que v\u00e3o tornar sua viagem ainda mais especial: lembran\u00e7as aut\u00eanticas para decorar sua casa, presentes exclusivos e itens colecion\u00e1veis encantadores.<\/span><span data-ccp-props=\"{&quot;201341983&quot;:0,&quot;335559739&quot;:200,&quot;335559740&quot;:276}\">\u00a0<\/span><\/p>\n<p><span data-contrast=\"auto\">Al\u00e9m de <em>souvenirs<\/em>, a Loja Uiara possui produtos essenciais para o dia a dia que podem facilitar e deixar sua estada mais confort\u00e1vel. Encontre desde conveni\u00eancias pr\u00e1ticas at\u00e9 pe\u00e7as que trazem funcionalidade, tudo com a qualidade e o charme do artesanato paranaense. Cada item \u00e9 criado por talentosos artistas e artes\u00e3os locais, refletindo a rica cultura do Paran\u00e1.<\/span><span data-ccp-props=\"{&quot;201341983&quot;:0,&quot;335559739&quot;:200,&quot;335559740&quot;:276}\">\u00a0<\/span><\/p>\n        <\/div>\n\n\n            <\/div>\n<\/div>\n\n\n\n<script>\ndocument.addEventListener('DOMContentLoaded', function() {\n    new Splide('.splide3014', {\n        type: 'loop',\n        autoPlay: true,\n        perPage: 1,\n        arrow: true,\n        cover: true,\n        pagination: true\n    }).mount();\n}, false);\n<\/script>\n\n\n\n<div id=\"acessivel-para-todos\"\n    class=\"d-md-flex w-100 gap-5 sesc-col-query sesc-col-query-69d75c7bd12e5 my-0 my-md-5 py-2 py-md-5 border-bottom  flex-row \">\n        <div class=\"col-12 col-md-6 img-content\">\n        <img decoding=\"async\" class=\"\" src=\"https:\/\/www.sescpr.com.br\/hotelcascavel\/wp-content\/uploads\/sites\/222\/2024\/06\/AcessibilidadeHotelCascavel.jpg\" alt=\"\" style=\"width: 100%; height: 100%; position: relative; object-fit: cover;\" >    <\/div>\n    \n    <div\n        class=\"overflow-auto col-12 col-md-6 d-flex flex-column  justify-content-center pt-4 pt-md-0 px-2 px-md-0\">\n        <div>\n                        \n                        <h2 class=\"\">Acess\u00edvel para todos<\/h2>\n            \n\n        <\/div>\n\n        <div class=\"align-items-center \">\n            <h4>Estadia confort\u00e1vel e inclusiva para todos<\/h4>\n<p>O Sesc Cascavel Hotel Fazenda prioriza a acessibilidade. A estrutura conta com placas indicativas com leitura em braile, acomoda\u00e7\u00f5es adaptadas \u00e0s necessidades de cadeirantes, elevadores e rampas de acesso.<\/p>\n        <\/div>\n\n\n            <\/div>\n<\/div>\n\n\n\n<script>\ndocument.addEventListener('DOMContentLoaded', function() {\n    new Splide('.splide3162', {\n        type: 'loop',\n        autoPlay: true,\n        perPage: 1,\n        arrow: true,\n        cover: true,\n        pagination: true\n    }).mount();\n}, false);\n<\/script>\n\n<\/div>\n\n            <div class=\"container row row-cols-md-3\">\r\n                                            <div class=\"p-2 m-0\" style=\"aspect-ratio: 4\/2;\" style=\"z-index: 2\">\r\n                    <a href=\"https:\/\/www.sescpr.com.br\/hotelcascavel\/gastronomia\/\">\r\n                        <div class=\"position-relative w-100 h-100 border border-tertiary border-1 rounded overflow-hidden\">\r\n                            <img decoding=\"async\" src=\"https:\/\/www.sescpr.com.br\/hotelcascavel\/wp-content\/uploads\/sites\/222\/2024\/06\/BarPororoca.jpg\" alt=\"\" class=\"position-absolute top-0 w-100 h-100\" style=\"object-fit: cover; z-index: -1\">\r\n                            <h4 class=\"w-100 text-center bg-tertiary py-1 py-md-2 position-absolute bottom-0 m-0 text-white\" style=\"z-index: 3\"> Gastronomia <\/h4>\r\n                        <\/div>\r\n                    <\/a>\r\n                <\/div>\r\n                                            <div class=\"p-2 m-0\" style=\"aspect-ratio: 4\/2;\" style=\"z-index: 2\">\r\n                    <a href=\"https:\/\/www.sescpr.com.br\/hotelcascavel\/acomodacoes\/\">\r\n                        <div class=\"position-relative w-100 h-100 border border-tertiary border-1 rounded overflow-hidden\">\r\n                            <img decoding=\"async\" src=\"https:\/\/www.sescpr.com.br\/hotelcascavel\/wp-content\/uploads\/sites\/222\/2024\/05\/apartamentosuperior1.jpg\" alt=\"\" class=\"position-absolute top-0 w-100 h-100\" style=\"object-fit: cover; z-index: -1\">\r\n                            <h4 class=\"w-100 text-center bg-tertiary py-1 py-md-2 position-absolute bottom-0 m-0 text-white\" style=\"z-index: 3\"> Acomoda\u00e7\u00f5es <\/h4>\r\n                        <\/div>\r\n                    <\/a>\r\n                <\/div>\r\n                                            <div class=\"p-2 m-0\" style=\"aspect-ratio: 4\/2;\" style=\"z-index: 2\">\r\n                    <a href=\"https:\/\/www.sescpr.com.br\/hotelcascavel\/recreacao\/\">\r\n                        <div class=\"position-relative w-100 h-100 border border-tertiary border-1 rounded overflow-hidden\">\r\n                            <img decoding=\"async\" src=\"https:\/\/www.sescpr.com.br\/hotelcascavel\/wp-content\/uploads\/sites\/222\/2024\/06\/RecreacaoSescCascavelHotelFazenda.jpg\" alt=\"\" class=\"position-absolute top-0 w-100 h-100\" style=\"object-fit: cover; z-index: -1\">\r\n                            <h4 class=\"w-100 text-center bg-tertiary py-1 py-md-2 position-absolute bottom-0 m-0 text-white\" style=\"z-index: 3\"> Recrea\u00e7\u00e3o <\/h4>\r\n                        <\/div>\r\n                    <\/a>\r\n                <\/div>\r\n                    <\/div>\r\n    \r\n\r\n","protected":false},"excerpt":{"rendered":"<p> [&#8230;]<\/p>\n<p><small> <a class=\"btn btn-outline-primary p-0 px-3 rounded-1\" style=\"font-size: .8rem\"  href=\"https:\/\/www.sescpr.com.br\/hotelcascavel\/comodidades\/\">Leia mais.<span class=\"screen-reader-text\"> from Comodidades<\/span><\/a><\/small><\/p>\n","protected":false},"author":734,"featured_media":3153,"parent":0,"menu_order":0,"comment_status":"closed","ping_status":"closed","template":"","meta":{"hoteis_localizacao_acomodacao":"","hoteis_galeria_imgs":[],"hoteis_cardapio":"","hoteis_administracao_restaurante":"","hoteis_localizacao_informacao":"","footnotes":""},"pp_force_visibility":null,"pp_subpost_visibility":null,"pp_inherited_force_visibility":null,"pp_inherited_subpost_visibility":null,"yoast_head":"<!-- This site is optimized with the Yoast SEO plugin v19.10 - https:\/\/yoast.com\/wordpress\/plugins\/seo\/ -->\n<title>Comodidades - Hotel Cascavel<\/title>\n<meta name=\"robots\" content=\"index, follow, max-snippet:-1, max-image-preview:large, max-video-preview:-1\" \/>\n<link rel=\"canonical\" href=\"https:\/\/www.sescpr.com.br\/hotelcascavel\/comodidades\/\" \/>\n<meta property=\"og:locale\" content=\"pt_BR\" \/>\n<meta property=\"og:type\" content=\"article\" \/>\n<meta property=\"og:title\" content=\"Comodidades - Hotel Cascavel\" \/>\n<meta property=\"og:description\" content=\"[...] Leia mais. from Comodidades\" \/>\n<meta property=\"og:url\" content=\"https:\/\/www.sescpr.com.br\/hotelcascavel\/comodidades\/\" \/>\n<meta property=\"og:site_name\" content=\"Hotel Cascavel\" \/>\n<meta property=\"article:modified_time\" content=\"2024-06-26T18:37:44+00:00\" \/>\n<meta property=\"og:image\" content=\"https:\/\/www.sescpr.com.br\/hotelcascavel\/wp-content\/uploads\/sites\/222\/2024\/06\/LojaUiaraHotelCascavel.jpg\" \/>\n\t<meta property=\"og:image:width\" content=\"1200\" \/>\n\t<meta property=\"og:image:height\" content=\"800\" \/>\n\t<meta property=\"og:image:type\" content=\"image\/jpeg\" \/>\n<meta name=\"twitter:card\" content=\"summary_large_image\" \/>\n<script type=\"application\/ld+json\" class=\"yoast-schema-graph\">{\"@context\":\"https:\/\/schema.org\",\"@graph\":[{\"@type\":\"WebPage\",\"@id\":\"https:\/\/www.sescpr.com.br\/hotelcascavel\/comodidades\/\",\"url\":\"https:\/\/www.sescpr.com.br\/hotelcascavel\/comodidades\/\",\"name\":\"Comodidades - Hotel Cascavel\",\"isPartOf\":{\"@id\":\"https:\/\/www.sescpr.com.br\/hotelcascavel\/#website\"},\"datePublished\":\"2024-05-15T13:14:49+00:00\",\"dateModified\":\"2024-06-26T18:37:44+00:00\",\"breadcrumb\":{\"@id\":\"https:\/\/www.sescpr.com.br\/hotelcascavel\/comodidades\/#breadcrumb\"},\"inLanguage\":\"pt-BR\",\"potentialAction\":[{\"@type\":\"ReadAction\",\"target\":[\"https:\/\/www.sescpr.com.br\/hotelcascavel\/comodidades\/\"]}]},{\"@type\":\"BreadcrumbList\",\"@id\":\"https:\/\/www.sescpr.com.br\/hotelcascavel\/comodidades\/#breadcrumb\",\"itemListElement\":[{\"@type\":\"ListItem\",\"position\":1,\"name\":\"In\u00edcio\",\"item\":\"https:\/\/www.sescpr.com.br\/hotelcascavel\/\"},{\"@type\":\"ListItem\",\"position\":2,\"name\":\"Comodidades\"}]},{\"@type\":\"WebSite\",\"@id\":\"https:\/\/www.sescpr.com.br\/hotelcascavel\/#website\",\"url\":\"https:\/\/www.sescpr.com.br\/hotelcascavel\/\",\"name\":\"Hotel Cascavel\",\"description\":\"Hotel Cascavel\",\"publisher\":{\"@id\":\"https:\/\/www.sescpr.com.br\/hotelcascavel\/#organization\"},\"potentialAction\":[{\"@type\":\"SearchAction\",\"target\":{\"@type\":\"EntryPoint\",\"urlTemplate\":\"https:\/\/www.sescpr.com.br\/hotelcascavel\/?s={search_term_string}\"},\"query-input\":\"required name=search_term_string\"}],\"inLanguage\":\"pt-BR\"},{\"@type\":\"Organization\",\"@id\":\"https:\/\/www.sescpr.com.br\/hotelcascavel\/#organization\",\"name\":\"Hotel Cascavel\",\"url\":\"https:\/\/www.sescpr.com.br\/hotelcascavel\/\",\"logo\":{\"@type\":\"ImageObject\",\"inLanguage\":\"pt-BR\",\"@id\":\"https:\/\/www.sescpr.com.br\/hotelcascavel\/#\/schema\/logo\/image\/\",\"url\":\"https:\/\/www.sescpr.com.br\/hotelcascavel\/wp-content\/uploads\/sites\/222\/2024\/01\/cropped-esboco.png\",\"contentUrl\":\"https:\/\/www.sescpr.com.br\/hotelcascavel\/wp-content\/uploads\/sites\/222\/2024\/01\/cropped-esboco.png\",\"width\":880,\"height\":615,\"caption\":\"Hotel Cascavel\"},\"image\":{\"@id\":\"https:\/\/www.sescpr.com.br\/hotelcascavel\/#\/schema\/logo\/image\/\"}}]}<\/script>\n<!-- \/ Yoast SEO plugin. -->","yoast_head_json":{"title":"Comodidades - Hotel Cascavel","robots":{"index":"index","follow":"follow","max-snippet":"max-snippet:-1","max-image-preview":"max-image-preview:large","max-video-preview":"max-video-preview:-1"},"canonical":"https:\/\/www.sescpr.com.br\/hotelcascavel\/comodidades\/","og_locale":"pt_BR","og_type":"article","og_title":"Comodidades - Hotel Cascavel","og_description":"[...] Leia mais. from Comodidades","og_url":"https:\/\/www.sescpr.com.br\/hotelcascavel\/comodidades\/","og_site_name":"Hotel Cascavel","article_modified_time":"2024-06-26T18:37:44+00:00","og_image":[{"width":1200,"height":800,"url":"https:\/\/www.sescpr.com.br\/hotelcascavel\/wp-content\/uploads\/sites\/222\/2024\/06\/LojaUiaraHotelCascavel.jpg","type":"image\/jpeg"}],"twitter_card":"summary_large_image","schema":{"@context":"https:\/\/schema.org","@graph":[{"@type":"WebPage","@id":"https:\/\/www.sescpr.com.br\/hotelcascavel\/comodidades\/","url":"https:\/\/www.sescpr.com.br\/hotelcascavel\/comodidades\/","name":"Comodidades - Hotel Cascavel","isPartOf":{"@id":"https:\/\/www.sescpr.com.br\/hotelcascavel\/#website"},"datePublished":"2024-05-15T13:14:49+00:00","dateModified":"2024-06-26T18:37:44+00:00","breadcrumb":{"@id":"https:\/\/www.sescpr.com.br\/hotelcascavel\/comodidades\/#breadcrumb"},"inLanguage":"pt-BR","potentialAction":[{"@type":"ReadAction","target":["https:\/\/www.sescpr.com.br\/hotelcascavel\/comodidades\/"]}]},{"@type":"BreadcrumbList","@id":"https:\/\/www.sescpr.com.br\/hotelcascavel\/comodidades\/#breadcrumb","itemListElement":[{"@type":"ListItem","position":1,"name":"In\u00edcio","item":"https:\/\/www.sescpr.com.br\/hotelcascavel\/"},{"@type":"ListItem","position":2,"name":"Comodidades"}]},{"@type":"WebSite","@id":"https:\/\/www.sescpr.com.br\/hotelcascavel\/#website","url":"https:\/\/www.sescpr.com.br\/hotelcascavel\/","name":"Hotel Cascavel","description":"Hotel Cascavel","publisher":{"@id":"https:\/\/www.sescpr.com.br\/hotelcascavel\/#organization"},"potentialAction":[{"@type":"SearchAction","target":{"@type":"EntryPoint","urlTemplate":"https:\/\/www.sescpr.com.br\/hotelcascavel\/?s={search_term_string}"},"query-input":"required name=search_term_string"}],"inLanguage":"pt-BR"},{"@type":"Organization","@id":"https:\/\/www.sescpr.com.br\/hotelcascavel\/#organization","name":"Hotel Cascavel","url":"https:\/\/www.sescpr.com.br\/hotelcascavel\/","logo":{"@type":"ImageObject","inLanguage":"pt-BR","@id":"https:\/\/www.sescpr.com.br\/hotelcascavel\/#\/schema\/logo\/image\/","url":"https:\/\/www.sescpr.com.br\/hotelcascavel\/wp-content\/uploads\/sites\/222\/2024\/01\/cropped-esboco.png","contentUrl":"https:\/\/www.sescpr.com.br\/hotelcascavel\/wp-content\/uploads\/sites\/222\/2024\/01\/cropped-esboco.png","width":880,"height":615,"caption":"Hotel Cascavel"},"image":{"@id":"https:\/\/www.sescpr.com.br\/hotelcascavel\/#\/schema\/logo\/image\/"}}]}},"_links":{"self":[{"href":"https:\/\/www.sescpr.com.br\/hotelcascavel\/wp-json\/wp\/v2\/pages\/1740"}],"collection":[{"href":"https:\/\/www.sescpr.com.br\/hotelcascavel\/wp-json\/wp\/v2\/pages"}],"about":[{"href":"https:\/\/www.sescpr.com.br\/hotelcascavel\/wp-json\/wp\/v2\/types\/page"}],"author":[{"embeddable":true,"href":"https:\/\/www.sescpr.com.br\/hotelcascavel\/wp-json\/wp\/v2\/users\/734"}],"replies":[{"embeddable":true,"href":"https:\/\/www.sescpr.com.br\/hotelcascavel\/wp-json\/wp\/v2\/comments?post=1740"}],"version-history":[{"count":0,"href":"https:\/\/www.sescpr.com.br\/hotelcascavel\/wp-json\/wp\/v2\/pages\/1740\/revisions"}],"wp:featuredmedia":[{"embeddable":true,"href":"https:\/\/www.sescpr.com.br\/hotelcascavel\/wp-json\/wp\/v2\/media\/3153"}],"wp:attachment":[{"href":"https:\/\/www.sescpr.com.br\/hotelcascavel\/wp-json\/wp\/v2\/media?parent=1740"}],"curies":[{"name":"wp","href":"https:\/\/api.w.org\/{rel}","templated":true}]}}