{"id":38,"date":"2021-08-02T15:27:33","date_gmt":"2021-08-02T18:27:33","guid":{"rendered":"http:\/\/sescpr.dv\/fornecedores\/?page_id=20"},"modified":"2024-10-08T16:58:18","modified_gmt":"2024-10-08T19:58:18","slug":"normas-e-instrucoes","status":"publish","type":"page","link":"https:\/\/www.sescpr.com.br\/fornecedores\/normas-e-instrucoes\/","title":{"rendered":"Normas e Instru\u00e7\u00f5es"},"content":{"rendered":"\n<p>Resolu\u00e7\u00e3o 1593\/2024 | Regulamento de Licita\u00e7\u00f5es e Contratos do Sesc PR &nbsp;<span class=\"wp-block-file d-inline-block\"><a class=\"wp-block-file__button text-dark\" href=\"https:\/\/www.sescpr.com.br\/wp-content\/uploads\/2024\/05\/resolucacaolicitacao2024.pdf\" download=\"\">Baixar<\/a><\/span><\/p>\n\n\n\n<p>C\u00f3digo de Conduta \u00c9tica para Fornecedores e Conveniados do Sesc PR \u00a0<span class=\"wp-block-file d-inline-block\"><a class=\"wp-block-file__button text-dark\" download=\"\" href=\"https:\/\/www.sescpr.com.br\/fornecedores\/wp-content\/uploads\/sites\/131\/2024\/10\/14714-Codigo-de-etica-para-fornecedores-2024.pdf\">Baixar<\/a><\/span><span class=\"wp-block-file d-inline-block\"><\/span><\/p>\n\n\n\n<p>Guia de Instru\u00e7\u00e3o para Participar das Licita\u00e7\u00f5es do Sesc PR &nbsp;<span class=\"wp-block-file d-inline-block\"><a class=\"wp-block-file__button text-dark\" download=\"\" data-wplink-edit=\"true\" href=\"https:\/\/www.sescpr.com.br\/wp-content\/uploads\/2024\/05\/guiainstrucao2024.pdf\">Baixar<\/a><\/span><\/p>\n","protected":false},"excerpt":{"rendered":"<p>Resolu\u00e7\u00e3o 1593\/2024 | Regulamento de Licita\u00e7\u00f5es e Contratos do Sesc PR &nbsp;Baixar C\u00f3digo de Conduta \u00c9tica para Fornecedores e Conveniados do Sesc PR \u00a0Baixar Guia de Instru\u00e7\u00e3o para Participar das Licita\u00e7\u00f5es do Sesc PR &nbsp;Baixar<\/p>\n","protected":false},"author":5,"featured_media":0,"parent":0,"menu_order":0,"comment_status":"closed","ping_status":"closed","template":"","meta":{"footnotes":""},"_links":{"self":[{"href":"https:\/\/www.sescpr.com.br\/fornecedores\/wp-json\/wp\/v2\/pages\/38"}],"collection":[{"href":"https:\/\/www.sescpr.com.br\/fornecedores\/wp-json\/wp\/v2\/pages"}],"about":[{"href":"https:\/\/www.sescpr.com.br\/fornecedores\/wp-json\/wp\/v2\/types\/page"}],"author":[{"embeddable":true,"href":"https:\/\/www.sescpr.com.br\/fornecedores\/wp-json\/wp\/v2\/users\/5"}],"replies":[{"embeddable":true,"href":"https:\/\/www.sescpr.com.br\/fornecedores\/wp-json\/wp\/v2\/comments?post=38"}],"version-history":[{"count":28,"href":"https:\/\/www.sescpr.com.br\/fornecedores\/wp-json\/wp\/v2\/pages\/38\/revisions"}],"predecessor-version":[{"id":443,"href":"https:\/\/www.sescpr.com.br\/fornecedores\/wp-json\/wp\/v2\/pages\/38\/revisions\/443"}],"wp:attachment":[{"href":"https:\/\/www.sescpr.com.br\/fornecedores\/wp-json\/wp\/v2\/media?parent=38"}],"curies":[{"name":"wp","href":"https:\/\/api.w.org\/{rel}","templated":true}]}}