{"id":26,"date":"2021-08-02T15:01:19","date_gmt":"2021-08-02T18:01:19","guid":{"rendered":"http:\/\/sescpr.dv\/fornecedores\/?page_id=15"},"modified":"2021-08-09T17:15:54","modified_gmt":"2021-08-09T20:15:54","slug":"faq","status":"publish","type":"page","link":"https:\/\/www.sescpr.com.br\/fornecedores\/faq\/","title":{"rendered":"FAQ"},"content":{"rendered":"<div class=\"accordion accordion-flush\" id=\"accordionFlushExample\">\n<div class=\"accordion-item\">\n<h2 class=\"accordion-header\" id=\"flush-headingOne\">\n      <button class=\"accordion-button fw-bold collapsed\" type=\"button\" data-bs-toggle=\"collapse\" data-bs-target=\"#flush-collapseOne\" aria-expanded=\"false\" aria-controls=\"flush-collapseOne\"><br \/>\n        Como funcionam as contrata\u00e7\u00f5es do Sesc Paran\u00e1?<br \/>\n      <\/button><\/h2>\n<div id=\"flush-collapseOne\" class=\"accordion-collapse collapse\" aria-labelledby=\"flush-headingOne\" data-bs-parent=\"#accordionFlushExample\">\n<div class=\"accordion-body\">O Sesc Paran\u00e1 realiza as contrata\u00e7\u00f5es atrav\u00e9s de Licita\u00e7\u00e3o, Dispensa de Licita\u00e7\u00e3o e Inexigibilidade.<\/p>\n<p>Para as licita\u00e7\u00f5es, o fornecedor dever\u00e1 entrar no site do Sesc Paran\u00e1 e verificar os editais que est\u00e3o publicados. Para participar, \u00e9 necess\u00e1rio entrar em contato com uma ag\u00eancia do Banco do Brasil e solicitar a chave de acesso do Programa Licita\u00e7\u00f5es-E.<\/p>\n<p>Todas as compras por Dispensa de Licita\u00e7\u00e3o ou Inexigibilidade tamb\u00e9m s\u00e3o feitas conforme regulamentos internos do Sesc, no qual s\u00e3o convidados diversos fornecedores cadastrados via e-mail para participar da Pesquisa de Pre\u00e7os; Eles lan\u00e7am o pre\u00e7o na \u00c1rea do Fornecedor e quando encerra o prazo da cota\u00e7\u00e3o, \u00e9 identificado o menor pre\u00e7o e formalizada a contrata\u00e7\u00e3o.<\/p><\/div>\n<\/div>\n<\/div>\n<div class=\"accordion-item\">\n<h2 class=\"accordion-header\" id=\"flush-headingTwo\">\n      <button class=\"accordion-button fw-bold collapsed\" type=\"button\" data-bs-toggle=\"collapse\" data-bs-target=\"#flush-collapseTwo\" aria-expanded=\"false\" aria-controls=\"flush-collapseTwo\"><br \/>\n        Como funciona a pol\u00edtica de pagamento do Sesc Paran\u00e1?<br \/>\n      <\/button><\/h2>\n<div id=\"flush-collapseTwo\" class=\"accordion-collapse collapse\" aria-labelledby=\"flush-headingTwo\" data-bs-parent=\"#accordionFlushExample\">\n<div class=\"accordion-body\">Para que o Sesc Paran\u00e1 possa efetuar o pagamento, o fornecedor deve executar o servi\u00e7o\/ entregar o produto, emitir Nota Fiscal e inserir os dados de sua conta corrente em nome da PJ. O pagamento \u00e9 feito em at\u00e9 05 dias.<\/div>\n<\/div>\n<\/div>\n<div class=\"accordion-item\">\n<h2 class=\"accordion-header\" id=\"flush-headingThree\">\n      <button class=\"accordion-button fw-bold collapsed\" type=\"button\" data-bs-toggle=\"collapse\" data-bs-target=\"#flush-collapseThree\" aria-expanded=\"false\" aria-controls=\"flush-collapseThree\"><br \/>\n        Como fa\u00e7o meu cadastro no Sesc Paran\u00e1?<br \/>\n      <\/button><\/h2>\n<div id=\"flush-collapseThree\" class=\"accordion-collapse collapse\" aria-labelledby=\"flush-headingThree\" data-bs-parent=\"#accordionFlushExample\">\n<div class=\"accordion-body\">Para realizar seu cadastro, <a href=\"https:\/\/www.sescpr.com.br\/fornecedores\/cadastro\/\">clique aqui<\/a> para enviar as informa\u00e7\u00f5es de sua empresa. Caso prefira, poder\u00e1 enviar um e-mail a <a href=\"mailto:fornecedores@sescpr.com.br\">fornecedores@sescpr.com.br<\/a> contendo CNPJ, Raz\u00e3o Social, e-mail, telefone, respons\u00e1vel pelo contato e portf\u00f3lio de produtos e servi\u00e7os.<\/div>\n<\/div>\n<\/div>\n<div class=\"accordion-item\">\n<h2 class=\"accordion-header\" id=\"flush-headingFour\">\n      <button class=\"accordion-button fw-bold collapsed\" type=\"button\" data-bs-toggle=\"collapse\" data-bs-target=\"#flush-collapseFour\" aria-expanded=\"false\" aria-controls=\"flush-collapseFour\"><br \/>\n       Finalizei meu cadastro. O que fa\u00e7o agora?<br \/>\n      <\/button><\/h2>\n<div id=\"flush-collapseFour\" class=\"accordion-collapse collapse\" aria-labelledby=\"flush-headingFour\" data-bs-parent=\"#accordionFlushExample\">\n<div class=\"accordion-body\">Agora voc\u00ea est\u00e1 cadastrado no banco de fornecedores do Sesc Paran\u00e1 e assim que tiver uma demanda para a contrata\u00e7\u00e3o do servi\u00e7o\/produto de acordo com o seu ramo de atua\u00e7\u00e3o, voc\u00ea estar\u00e1 apto a ser convidado para participar do Processo de Compras.<\/div>\n<\/div>\n<\/div>\n<div class=\"accordion-item\">\n<h2 class=\"accordion-header\" id=\"flush-headingFive\">\n      <button class=\"accordion-button fw-bold collapsed\" type=\"button\" data-bs-toggle=\"collapse\" data-bs-target=\"#flush-collapseFive\" aria-expanded=\"false\" aria-controls=\"flush-collapseFive\"><br \/>\n       O que o Sesc Paran\u00e1 contrata?<br \/>\n      <\/button><\/h2>\n<div id=\"flush-collapseFive\" class=\"accordion-collapse collapse\" aria-labelledby=\"flush-headingFive\" data-bs-parent=\"#accordionFlushExample\">\n<div class=\"accordion-body\">Para verificar alguns exemplos de contrata\u00e7\u00f5es realizadas pelo Sesc Paran\u00e1, <a href=\"https:\/\/www.sescpr.com.br\/fornecedores\/o-que-compramos\/\">clique aqui<\/a> ou acesse o Portal de Compras e clique no menu &#8220;O Que Compramos&#8221;.<\/div>\n<\/div>\n<\/div>\n<\/div>\n","protected":false},"excerpt":{"rendered":"<p>Como funcionam as contrata\u00e7\u00f5es do Sesc Paran\u00e1? O Sesc Paran\u00e1 realiza as contrata\u00e7\u00f5es atrav\u00e9s de Licita\u00e7\u00e3o, Dispensa de Licita\u00e7\u00e3o e Inexigibilidade. Para as licita\u00e7\u00f5es, o fornecedor dever\u00e1 entrar no site do Sesc Paran\u00e1 e verificar os editais que est\u00e3o publicados. Para participar, \u00e9 necess\u00e1rio entrar em contato com uma ag\u00eancia do Banco do Brasil e<\/p>\n","protected":false},"author":5,"featured_media":0,"parent":0,"menu_order":0,"comment_status":"closed","ping_status":"closed","template":"","meta":{"footnotes":""},"_links":{"self":[{"href":"https:\/\/www.sescpr.com.br\/fornecedores\/wp-json\/wp\/v2\/pages\/26"}],"collection":[{"href":"https:\/\/www.sescpr.com.br\/fornecedores\/wp-json\/wp\/v2\/pages"}],"about":[{"href":"https:\/\/www.sescpr.com.br\/fornecedores\/wp-json\/wp\/v2\/types\/page"}],"author":[{"embeddable":true,"href":"https:\/\/www.sescpr.com.br\/fornecedores\/wp-json\/wp\/v2\/users\/5"}],"replies":[{"embeddable":true,"href":"https:\/\/www.sescpr.com.br\/fornecedores\/wp-json\/wp\/v2\/comments?post=26"}],"version-history":[{"count":5,"href":"https:\/\/www.sescpr.com.br\/fornecedores\/wp-json\/wp\/v2\/pages\/26\/revisions"}],"predecessor-version":[{"id":246,"href":"https:\/\/www.sescpr.com.br\/fornecedores\/wp-json\/wp\/v2\/pages\/26\/revisions\/246"}],"wp:attachment":[{"href":"https:\/\/www.sescpr.com.br\/fornecedores\/wp-json\/wp\/v2\/media?parent=26"}],"curies":[{"name":"wp","href":"https:\/\/api.w.org\/{rel}","templated":true}]}}