{"id":2,"date":"2021-07-28T15:58:28","date_gmt":"2021-07-28T18:58:28","guid":{"rendered":"http:\/\/sescpr.dv\/fornecedores\/?page_id=2"},"modified":"2021-08-11T18:01:28","modified_gmt":"2021-08-11T21:01:28","slug":"o-que-compramos","status":"publish","type":"page","link":"https:\/\/www.sescpr.com.br\/fornecedores\/o-que-compramos\/","title":{"rendered":"O Que Compramos"},"content":{"rendered":"<h4>G\u00eaneros aliment\u00edcios:<\/h4>\n<ul>\n<li>Hortifrutigranjeiros;<\/li>\n<li>Frios, massas e latic\u00ednios;<\/li>\n<li>Panifica\u00e7\u00e3o;<\/li>\n<li>Salgados e polpas congeladas;<\/li>\n<li>Carnes e embutidos;<\/li>\n<li>Bebidas e sucos concentrados.<\/li>\n<\/ul>\n<h4>Servi\u00e7os de infraestrutura, projetos, obras novas e reformas:<\/h4>\n<ul>\n<li>Servi\u00e7os relativos a projetos, obras novas e reformas;<\/li>\n<li>Limpeza de caixa d\u2019\u00e1gua, caixa de gordura e de esgoto, jardinagem, dedetiza\u00e7\u00e3o;<\/li>\n<li>Revis\u00e3o e conserto de ve\u00edculos;<\/li>\n<li>Manuten\u00e7\u00f5es prediais: pintura, serralheria, marcenaria, vidra\u00e7aria e reformas em geral;<\/li>\n<li>Aquisi\u00e7\u00e3o e reforma de equipamentos e mobili\u00e1rios;<\/li>\n<li>Recarga de extintores e servi\u00e7o de preven\u00e7\u00e3o de inc\u00eandio;<\/li>\n<li>Materiais de constru\u00e7\u00e3o, hidr\u00e1ulicos, el\u00e9tricos e ferramentas;<\/li>\n<li>Materiais e servi\u00e7os em aparelhos odontol\u00f3gicos.<\/li>\n<\/ul>\n<h4>Servi\u00e7os e aquisi\u00e7\u00f5es para eventos:<\/h4>\n<ul>\n<li>Ornamenta\u00e7\u00e3o, sonoriza\u00e7\u00e3o e ilumina\u00e7\u00e3o;<\/li>\n<li>Materiais esportivos, de armarinhos e artigos diversos;<\/li>\n<li>Materiais de expediente e de inform\u00e1tica;<\/li>\n<li>Loca\u00e7\u00e3o de brinquedos, palcos, tendas e estruturas;<\/li>\n<li>Contrata\u00e7\u00e3o de monitores e palestrantes;<\/li>\n<li>Contrata\u00e7\u00f5es art\u00edsticas em geral;<\/li>\n<li>Uniformes e medalhas;<\/li>\n<li>Conv\u00eanios e contrata\u00e7\u00e3o de hot\u00e9is, servi\u00e7os tur\u00edsticos e fretamento.<\/li>\n<\/ul>\n","protected":false},"excerpt":{"rendered":"<p>G\u00eaneros aliment\u00edcios: Hortifrutigranjeiros; Frios, massas e latic\u00ednios; Panifica\u00e7\u00e3o; Salgados e polpas congeladas; Carnes e embutidos; Bebidas e sucos concentrados. Servi\u00e7os de infraestrutura, projetos, obras novas e reformas: Servi\u00e7os relativos a projetos, obras novas e reformas; Limpeza de caixa d\u2019\u00e1gua, caixa de gordura e de esgoto, jardinagem, dedetiza\u00e7\u00e3o; Revis\u00e3o e conserto de ve\u00edculos; Manuten\u00e7\u00f5es prediais: pintura,<\/p>\n","protected":false},"author":5,"featured_media":0,"parent":0,"menu_order":0,"comment_status":"closed","ping_status":"open","template":"","meta":{"footnotes":""},"_links":{"self":[{"href":"https:\/\/www.sescpr.com.br\/fornecedores\/wp-json\/wp\/v2\/pages\/2"}],"collection":[{"href":"https:\/\/www.sescpr.com.br\/fornecedores\/wp-json\/wp\/v2\/pages"}],"about":[{"href":"https:\/\/www.sescpr.com.br\/fornecedores\/wp-json\/wp\/v2\/types\/page"}],"author":[{"embeddable":true,"href":"https:\/\/www.sescpr.com.br\/fornecedores\/wp-json\/wp\/v2\/users\/5"}],"replies":[{"embeddable":true,"href":"https:\/\/www.sescpr.com.br\/fornecedores\/wp-json\/wp\/v2\/comments?post=2"}],"version-history":[{"count":3,"href":"https:\/\/www.sescpr.com.br\/fornecedores\/wp-json\/wp\/v2\/pages\/2\/revisions"}],"predecessor-version":[{"id":267,"href":"https:\/\/www.sescpr.com.br\/fornecedores\/wp-json\/wp\/v2\/pages\/2\/revisions\/267"}],"wp:attachment":[{"href":"https:\/\/www.sescpr.com.br\/fornecedores\/wp-json\/wp\/v2\/media?parent=2"}],"curies":[{"name":"wp","href":"https:\/\/api.w.org\/{rel}","templated":true}]}}