{"id":248,"date":"2023-08-17T10:32:11","date_gmt":"2023-08-17T13:32:11","guid":{"rendered":"https:\/\/www.sescpr.com.br\/credencial\/?page_id=248"},"modified":"2023-12-15T14:38:13","modified_gmt":"2023-12-15T17:38:13","slug":"para-empresas","status":"publish","type":"page","link":"https:\/\/www.sescpr.com.br\/credencial\/para-empresas\/","title":{"rendered":"Solicita\u00e7\u00e3o de visita para empresas"},"content":{"rendered":"\r\n\r\n\n<div class=\"wpcf7 no-js\" id=\"wpcf7-f244-o1\" lang=\"pt-BR\" dir=\"ltr\">\n<div class=\"screen-reader-response\"><p role=\"status\" aria-live=\"polite\" aria-atomic=\"true\"><\/p> <ul><\/ul><\/div>\n<form action=\"\/credencial\/wp-json\/wp\/v2\/pages\/248#wpcf7-f244-o1\" method=\"post\" class=\"wpcf7-form init\" aria-label=\"Formul\u00e1rios de contato\" novalidate=\"novalidate\" data-status=\"init\">\n<div style=\"display: none;\">\n<input type=\"hidden\" name=\"_wpcf7\" value=\"244\" \/>\n<input type=\"hidden\" name=\"_wpcf7_version\" value=\"5.8.3\" \/>\n<input type=\"hidden\" name=\"_wpcf7_locale\" value=\"pt_BR\" \/>\n<input type=\"hidden\" name=\"_wpcf7_unit_tag\" value=\"wpcf7-f244-o1\" \/>\n<input type=\"hidden\" name=\"_wpcf7_container_post\" value=\"0\" \/>\n<input type=\"hidden\" name=\"_wpcf7_posted_data_hash\" value=\"\" \/>\n<input type=\"hidden\" name=\"_wpcf7_recaptcha_response\" value=\"\" \/>\n<\/div>\n<div class=\"container mt-5\">\n\t<div class=\"ui-md-12\">\n\t\t<div class=\"row\">\n\t\t\t<div class=\"mb-3 col-12 col-lg-6\">\n\t\t\t\t<p><label> Nome da empresa *<\/label><br \/>\n<span class=\"wpcf7-form-control-wrap\" data-name=\"empresa-name\"><input size=\"40\" class=\"wpcf7-form-control wpcf7-text wpcf7-validates-as-required form-control\" aria-required=\"true\" aria-invalid=\"false\" value=\"\" type=\"text\" name=\"empresa-name\" \/><\/span>\n\t\t\t\t<\/p>\n\t\t\t<\/div>\n\t\t\t<div class=\"mb-3 col-12 col-lg-6\">\n\t\t\t\t<p><label> CNPJ *<\/label><br \/>\n<span class=\"wpcf7-form-control-wrap\" data-name=\"cnpj\"><input size=\"40\" class=\"wpcf7-form-control wpcf7-text wpcf7-validates-as-required form-control\" aria-required=\"true\" aria-invalid=\"false\" value=\"\" type=\"text\" name=\"cnpj\" \/><\/span>\n\t\t\t\t<\/p>\n\t\t\t<\/div>\n\t\t\t<div class=\"mb-3 col-12 col-lg-6\">\n\t\t\t\t<p><label> Endere\u00e7o *<\/label><br \/>\n<span class=\"wpcf7-form-control-wrap\" data-name=\"endereco\"><input size=\"40\" class=\"wpcf7-form-control wpcf7-text wpcf7-validates-as-required form-control\" aria-required=\"true\" aria-invalid=\"false\" value=\"\" type=\"text\" name=\"endereco\" \/><\/span>\n\t\t\t\t<\/p>\n\t\t\t<\/div>\n\t\t\t<div class=\"mb-3 col-12 col-lg-3\">\n\t\t\t\t<p><label> Cidade * <\/label><br \/>\n<span class=\"wpcf7-form-control-wrap\" data-name=\"cidade\"><input size=\"40\" class=\"wpcf7-form-control wpcf7-text wpcf7-validates-as-required form-control\" aria-required=\"true\" aria-invalid=\"false\" value=\"\" type=\"text\" name=\"cidade\" \/><\/span>\n\t\t\t\t<\/p>\n\t\t\t<\/div>\n\t\t\t<div class=\"mb-3 col-12 col-lg-3\">\n\t\t\t\t<p><label> Bairro * <\/label><br \/>\n<span class=\"wpcf7-form-control-wrap\" data-name=\"bairro\"><input size=\"40\" class=\"wpcf7-form-control wpcf7-text wpcf7-validates-as-required form-control\" aria-required=\"true\" aria-invalid=\"false\" value=\"\" type=\"text\" name=\"bairro\" \/><\/span>\n\t\t\t\t<\/p>\n\t\t\t<\/div>\n\t\t\t<div class=\"mb-3 col-12 col-lg-6\">\n\t\t\t\t<p><label> Telefone *<\/label><br \/>\n<span class=\"wpcf7-form-control-wrap\" data-name=\"telefone\"><input size=\"40\" class=\"wpcf7-form-control wpcf7-text wpcf7-validates-as-required form-control\" aria-required=\"true\" aria-invalid=\"false\" value=\"\" type=\"text\" name=\"telefone\" \/><\/span>\n\t\t\t\t<\/p>\n\t\t\t<\/div>\n\t\t\t<div class=\"mb-3 col-12 col-lg-6\">\n\t\t\t\t<p><label> Seu e-mail *<\/label><br \/>\n<span class=\"wpcf7-form-control-wrap\" data-name=\"seu-email\"><input size=\"40\" class=\"wpcf7-form-control wpcf7-email wpcf7-validates-as-required wpcf7-text wpcf7-validates-as-email form-control\" aria-required=\"true\" aria-invalid=\"false\" value=\"\" type=\"email\" name=\"seu-email\" \/><\/span>\n\t\t\t\t<\/p>\n\t\t\t<\/div>\n\t\t\t<div class=\"mb-3 col-12 col-lg-6\">\n\t\t\t\t<p><label> Respons\u00e1vel pelo contato <\/label><br \/>\n<span class=\"wpcf7-form-control-wrap\" data-name=\"responsavel-contato\"><input size=\"40\" class=\"wpcf7-form-control wpcf7-text form-control\" aria-invalid=\"false\" value=\"\" type=\"text\" name=\"responsavel-contato\" \/><\/span>\n\t\t\t\t<\/p>\n\t\t\t<\/div>\n\t\t\t<div class=\"mb-3 col-12 col-lg-2\">\n\t\t\t\t<p><label> N\u00famero de funcion\u00e1rios *<\/label><br \/>\n<span class=\"wpcf7-form-control-wrap\" data-name=\"numero-funcionario\"><input class=\"wpcf7-form-control wpcf7-number wpcf7-validates-as-required wpcf7-validates-as-number form-control\" min=\"2\" aria-required=\"true\" aria-invalid=\"false\" value=\"2\" type=\"number\" name=\"numero-funcionario\" \/><\/span>\n\t\t\t\t<\/p>\n\t\t\t<\/div>\n\t\t\t<div class=\"mb-3 col-12 col-lg-4\">\n\t\t\t\t<p><label> Data desejada para visita<\/label><br \/>\n<span class=\"wpcf7-form-control-wrap\" data-name=\"data-visita\"><input class=\"wpcf7-form-control wpcf7-date wpcf7-validates-as-date form-control\" min=\"2023-08-17\" aria-invalid=\"false\" value=\"\" type=\"date\" name=\"data-visita\" \/><\/span>\n\t\t\t\t<\/p>\n\t\t\t\t<p class=\"mb-0 small\">Sujeito a disponibilidade de agenda da unidade.\n\t\t\t\t<\/p>\n\t\t\t<\/div>\n\t\t\t<p class=\"mb-0 small\">* Campos Obrigat\u00f3rios\n\t\t\t<\/p>\n\t\t\t<div class=\"d-flex justify-content-start mt-3 mb-3 w-100 text-center\">\n\t\t\t\t<div class=\"col-12 text-center\">\n\t\t\t\t\t<p><input class=\"wpcf7-form-control wpcf7-submit has-spinner btn btn-primary btn-lg px-5\" type=\"submit\" value=\"Enviar\" \/>\n\t\t\t\t\t<\/p>\n\t\t\t\t<\/div>\n\t\t\t<\/div>\n\t\t<\/div>\n\t<\/div>\n<\/div><div class=\"wpcf7-response-output\" aria-hidden=\"true\"><\/div>\n<\/form>\n<\/div>\n\n","protected":false},"excerpt":{"rendered":"<p> [&#8230;]<\/p>\n<p><a class=\"btn btn-secondary understrap-read-more-link\" href=\"https:\/\/www.sescpr.com.br\/credencial\/para-empresas\/\">Read More&#8230;<span class=\"screen-reader-text\"> from Solicita\u00e7\u00e3o de visita para empresas<\/span><\/a><\/p>\n","protected":false},"author":2607,"featured_media":0,"parent":0,"menu_order":0,"comment_status":"closed","ping_status":"closed","template":"","meta":{"footnotes":""},"yoast_head":"<!-- This site is optimized with the Yoast SEO plugin v19.10 - https:\/\/yoast.com\/wordpress\/plugins\/seo\/ -->\n<title>Solicita\u00e7\u00e3o de visita para empresas - Pe\u00e7a sua credencial: \u00e9 f\u00e1cil, digital e gratuita<\/title>\n<meta name=\"robots\" content=\"index, follow, max-snippet:-1, max-image-preview:large, max-video-preview:-1\" \/>\n<link rel=\"canonical\" href=\"https:\/\/www.sescpr.com.br\/credencial\/para-empresas\/\" \/>\n<meta property=\"og:locale\" content=\"pt_BR\" \/>\n<meta property=\"og:type\" content=\"article\" \/>\n<meta property=\"og:title\" content=\"Solicita\u00e7\u00e3o de visita para empresas - Pe\u00e7a sua credencial: \u00e9 f\u00e1cil, digital e gratuita\" \/>\n<meta property=\"og:description\" content=\"[...]Read More... from Solicita\u00e7\u00e3o de visita para empresas\" \/>\n<meta property=\"og:url\" content=\"https:\/\/www.sescpr.com.br\/credencial\/para-empresas\/\" \/>\n<meta property=\"og:site_name\" content=\"Pe\u00e7a sua credencial: \u00e9 f\u00e1cil, digital e gratuita\" \/>\n<meta property=\"article:modified_time\" content=\"2023-12-15T17:38:13+00:00\" \/>\n<meta name=\"twitter:card\" content=\"summary_large_image\" \/>\n<script type=\"application\/ld+json\" class=\"yoast-schema-graph\">{\"@context\":\"https:\/\/schema.org\",\"@graph\":[{\"@type\":\"WebPage\",\"@id\":\"https:\/\/www.sescpr.com.br\/credencial\/para-empresas\/\",\"url\":\"https:\/\/www.sescpr.com.br\/credencial\/para-empresas\/\",\"name\":\"Solicita\u00e7\u00e3o de visita para empresas - Pe\u00e7a sua credencial: \u00e9 f\u00e1cil, digital e gratuita\",\"isPartOf\":{\"@id\":\"https:\/\/www.sescpr.com.br\/credencial\/#website\"},\"datePublished\":\"2023-08-17T13:32:11+00:00\",\"dateModified\":\"2023-12-15T17:38:13+00:00\",\"breadcrumb\":{\"@id\":\"https:\/\/www.sescpr.com.br\/credencial\/para-empresas\/#breadcrumb\"},\"inLanguage\":\"pt-BR\",\"potentialAction\":[{\"@type\":\"ReadAction\",\"target\":[\"https:\/\/www.sescpr.com.br\/credencial\/para-empresas\/\"]}]},{\"@type\":\"BreadcrumbList\",\"@id\":\"https:\/\/www.sescpr.com.br\/credencial\/para-empresas\/#breadcrumb\",\"itemListElement\":[{\"@type\":\"ListItem\",\"position\":1,\"name\":\"In\u00edcio\",\"item\":\"https:\/\/www.sescpr.com.br\/credencial\/\"},{\"@type\":\"ListItem\",\"position\":2,\"name\":\"Solicita\u00e7\u00e3o de visita para empresas\"}]},{\"@type\":\"WebSite\",\"@id\":\"https:\/\/www.sescpr.com.br\/credencial\/#website\",\"url\":\"https:\/\/www.sescpr.com.br\/credencial\/\",\"name\":\"Pe\u00e7a sua credencial: \u00e9 f\u00e1cil, digital e gratuita\",\"description\":\"A carteirinha do Sesc ao alcance de um clique! Cursos, atividades e benef\u00edcios exclusivos para trabalhadores do com\u00e9rcio e seus  dependentes.\",\"potentialAction\":[{\"@type\":\"SearchAction\",\"target\":{\"@type\":\"EntryPoint\",\"urlTemplate\":\"https:\/\/www.sescpr.com.br\/credencial\/?s={search_term_string}\"},\"query-input\":\"required name=search_term_string\"}],\"inLanguage\":\"pt-BR\"}]}<\/script>\n<!-- \/ Yoast SEO plugin. -->","yoast_head_json":{"title":"Solicita\u00e7\u00e3o de visita para empresas - Pe\u00e7a sua credencial: \u00e9 f\u00e1cil, digital e gratuita","robots":{"index":"index","follow":"follow","max-snippet":"max-snippet:-1","max-image-preview":"max-image-preview:large","max-video-preview":"max-video-preview:-1"},"canonical":"https:\/\/www.sescpr.com.br\/credencial\/para-empresas\/","og_locale":"pt_BR","og_type":"article","og_title":"Solicita\u00e7\u00e3o de visita para empresas - Pe\u00e7a sua credencial: \u00e9 f\u00e1cil, digital e gratuita","og_description":"[...]Read More... from Solicita\u00e7\u00e3o de visita para empresas","og_url":"https:\/\/www.sescpr.com.br\/credencial\/para-empresas\/","og_site_name":"Pe\u00e7a sua credencial: \u00e9 f\u00e1cil, digital e gratuita","article_modified_time":"2023-12-15T17:38:13+00:00","twitter_card":"summary_large_image","schema":{"@context":"https:\/\/schema.org","@graph":[{"@type":"WebPage","@id":"https:\/\/www.sescpr.com.br\/credencial\/para-empresas\/","url":"https:\/\/www.sescpr.com.br\/credencial\/para-empresas\/","name":"Solicita\u00e7\u00e3o de visita para empresas - Pe\u00e7a sua credencial: \u00e9 f\u00e1cil, digital e gratuita","isPartOf":{"@id":"https:\/\/www.sescpr.com.br\/credencial\/#website"},"datePublished":"2023-08-17T13:32:11+00:00","dateModified":"2023-12-15T17:38:13+00:00","breadcrumb":{"@id":"https:\/\/www.sescpr.com.br\/credencial\/para-empresas\/#breadcrumb"},"inLanguage":"pt-BR","potentialAction":[{"@type":"ReadAction","target":["https:\/\/www.sescpr.com.br\/credencial\/para-empresas\/"]}]},{"@type":"BreadcrumbList","@id":"https:\/\/www.sescpr.com.br\/credencial\/para-empresas\/#breadcrumb","itemListElement":[{"@type":"ListItem","position":1,"name":"In\u00edcio","item":"https:\/\/www.sescpr.com.br\/credencial\/"},{"@type":"ListItem","position":2,"name":"Solicita\u00e7\u00e3o de visita para empresas"}]},{"@type":"WebSite","@id":"https:\/\/www.sescpr.com.br\/credencial\/#website","url":"https:\/\/www.sescpr.com.br\/credencial\/","name":"Pe\u00e7a sua credencial: \u00e9 f\u00e1cil, digital e gratuita","description":"A carteirinha do Sesc ao alcance de um clique! Cursos, atividades e benef\u00edcios exclusivos para trabalhadores do com\u00e9rcio e seus  dependentes.","potentialAction":[{"@type":"SearchAction","target":{"@type":"EntryPoint","urlTemplate":"https:\/\/www.sescpr.com.br\/credencial\/?s={search_term_string}"},"query-input":"required name=search_term_string"}],"inLanguage":"pt-BR"}]}},"_links":{"self":[{"href":"https:\/\/www.sescpr.com.br\/credencial\/wp-json\/wp\/v2\/pages\/248"}],"collection":[{"href":"https:\/\/www.sescpr.com.br\/credencial\/wp-json\/wp\/v2\/pages"}],"about":[{"href":"https:\/\/www.sescpr.com.br\/credencial\/wp-json\/wp\/v2\/types\/page"}],"author":[{"embeddable":true,"href":"https:\/\/www.sescpr.com.br\/credencial\/wp-json\/wp\/v2\/users\/2607"}],"replies":[{"embeddable":true,"href":"https:\/\/www.sescpr.com.br\/credencial\/wp-json\/wp\/v2\/comments?post=248"}],"version-history":[{"count":0,"href":"https:\/\/www.sescpr.com.br\/credencial\/wp-json\/wp\/v2\/pages\/248\/revisions"}],"wp:attachment":[{"href":"https:\/\/www.sescpr.com.br\/credencial\/wp-json\/wp\/v2\/media?parent=248"}],"curies":[{"name":"wp","href":"https:\/\/api.w.org\/{rel}","templated":true}]}}