
{"id":1222125,"date":"2024-01-31T14:53:36","date_gmt":"2024-01-31T17:53:36","guid":{"rendered":"https:\/\/www.sescpr.com.br\/contradengue\/?page_id=1222125"},"modified":"2026-02-11T14:13:40","modified_gmt":"2026-02-11T17:13:40","slug":"missoes","status":"publish","type":"page","link":"https:\/\/www.sescpr.com.br\/contradengue\/missoes\/","title":{"rendered":"Miss\u00f5es"},"content":{"rendered":"\n<h1 class=\"wp-block-heading mt-3 mt-md-5\"><strong>Miss\u00f5es<\/strong>&nbsp;<\/h1>\n\n\n\n<hr class=\"wp-block-separator has-alpha-channel-opacity\"\/>\n\n\n\n<h2 class=\"wp-block-heading mt-md-3\"><strong>O que s\u00e3o as miss\u00f5es?<\/strong>&nbsp;<\/h2>\n\n\n\n<p>As miss\u00f5es s\u00e3o atividades especiais, com data e hora para come\u00e7ar e terminar, que multiplicam os pontos dos participantes. Isso significa que, durante o per\u00edodo estipulado, registrar aquela atividade espec\u00edfica no aplicativo vai resultar em mais pontos para o participante. Assim como todas as fotos enviadas no aplicativo, as fotos das miss\u00f5es passam por uma verifica\u00e7\u00e3o antes dos pontos serem disponibilizados.&nbsp;<\/p>\n\n\n\n<h2 class=\"wp-block-heading mt-md-5\"><strong>Programa\u00e7\u00e3o das miss\u00f5es<\/strong>&nbsp;<\/h2>\n\n\n\n<p>As miss\u00f5es ser\u00e3o \u201clan\u00e7adas\u201d no aplicativo conforme orienta\u00e7\u00f5es das analistas de Educa\u00e7\u00e3o em Sa\u00fade \u00e0 equipe de Tecnologia e Informa\u00e7\u00e3o. A programa\u00e7\u00e3o das miss\u00f5es n\u00e3o \u00e9 fixa porque ser\u00e1 orientada pelo engajamento no aplicativo e tamb\u00e9m por fatores clim\u00e1ticos do estado. Al\u00e9m disso, podem ser utilizadas informa\u00e7\u00f5es do boletim epidemiol\u00f3gico para impulsionar a participa\u00e7\u00e3o nas miss\u00f5es.\u00a0<\/p>\n\n\n\n            <img decoding=\"async\" src=\"https:\/\/www.sescpr.com.br\/contradengue\/wp-content\/themes\/campanha-contra-dengue-2026\/assets\/img\/personagens\/sesquita\/fala-missao-proximas.png\" alt=\"sesquito\" class=\"col-12 col-md-5 mx-auto d-block\">\n    \n    <style>\n        .splide__arrow--next {\n            transform: translateX(22px);\n        }\n\n        .splide__arrow--prev {\n            transform: translateX(-22px);\n        }\n    <\/style>\n\n    <div class=\"container mt-2 mt-md-5 col-12 col-md-6 mx-auto d-block\">\n                \n\n\n        \n        \n        \n                    <div class=\"py-3 py-md-5\">\n                <h3>Encerrado(s)<\/h3>\n                <section class=\"splide splide-pass mt-md-3\" aria-labelledby=\"carousel-heading\">\n                    <div class=\"splide__track\">\n                        <ul class=\"splide__list\">\n                                                            <li class=\"splide__slide px-1 px-md-5\" style=\"opacity: 0.8\">\n                                    \n        <div class=\"d-flex d-md-block justify-content-center align-items-stretch bg-white rounded mx-4 overflow-hidden p-0 m-0\">\n                            <div class=\"col-4 col-md-12 bg-primary\">\n                    <img decoding=\"async\" class=\"h-100 w-100\" style=\"object-fit: cover;\" src=\"https:\/\/www.sescpr.com.br\/contradengue\/wp-content\/uploads\/sites\/165\/2026\/05\/Maes.jpg\" alt=\"\">\n                <\/div>\n                        <div class=\"col-8 col-md-12 p-3\">\n                <h5 class=\"card-title mb-3\">Dia das m\u00e3es<\/h5>\n\n                <div class=\"d-flex align-items-center gap-3\">\n                    <div class=\"bg-primary rounded-circle\" style=\"min-width: 50px; min-height: 50px;\">\n                        <h3 class=\"w-100 text-center p-0 mb-0 pt-1 text-white\" style=\"margin-top: -5px\">2<\/h3>\n                        <p class=\"w-100 text-center p-0 mb-0 text-white\" style=\"font-size: 0.6rem; margin-top: -5px;\">Pontos<\/p>\n                    <\/div>\n                    <div class=\"col-md-12\">\n                        <p class=\"p-0 m-0\" style=\"line-height: 1.3;\">\n                            De: <b>08\/05\/2026<\/b>\n                        <\/p>\n                        <p class=\"p-0 m-0\" style=\"line-height: 1.3;\">\n                            At\u00e9:<b>09\/05\/2026<\/b>\n                        <\/p>\n                    <\/div>\n\n                <\/div>\n\n                \n\n            <\/div>\n        <\/div>\n\n                                    <\/li>\n                                                            <li class=\"splide__slide px-1 px-md-5\" style=\"opacity: 0.8\">\n                                    \n        <div class=\"d-flex d-md-block justify-content-center align-items-stretch bg-white rounded mx-4 overflow-hidden p-0 m-0\">\n                            <div class=\"col-4 col-md-12 bg-primary\">\n                    <img decoding=\"async\" class=\"h-100 w-100\" style=\"object-fit: cover;\" src=\"https:\/\/www.sescpr.com.br\/contradengue\/wp-content\/uploads\/sites\/165\/2026\/04\/Pascoa.jpg\" alt=\"\">\n                <\/div>\n                        <div class=\"col-8 col-md-12 p-3\">\n                <h5 class=\"card-title mb-3\">Nesta P\u00e1scoa, s\u00f3 os ovos de chocolate s\u00e3o bem-vindos!<\/h5>\n\n                <div class=\"d-flex align-items-center gap-3\">\n                    <div class=\"bg-primary rounded-circle\" style=\"min-width: 50px; min-height: 50px;\">\n                        <h3 class=\"w-100 text-center p-0 mb-0 pt-1 text-white\" style=\"margin-top: -5px\">2<\/h3>\n                        <p class=\"w-100 text-center p-0 mb-0 text-white\" style=\"font-size: 0.6rem; margin-top: -5px;\">Pontos<\/p>\n                    <\/div>\n                    <div class=\"col-md-12\">\n                        <p class=\"p-0 m-0\" style=\"line-height: 1.3;\">\n                            De: <b>03\/04\/2026<\/b>\n                        <\/p>\n                        <p class=\"p-0 m-0\" style=\"line-height: 1.3;\">\n                            At\u00e9:<b>05\/04\/2026<\/b>\n                        <\/p>\n                    <\/div>\n\n                <\/div>\n\n                \n\n            <\/div>\n        <\/div>\n\n                                    <\/li>\n                                                            <li class=\"splide__slide px-1 px-md-5\" style=\"opacity: 0.8\">\n                                    \n        <div class=\"d-flex d-md-block justify-content-center align-items-stretch bg-white rounded mx-4 overflow-hidden p-0 m-0\">\n                            <div class=\"col-4 col-md-12 bg-primary\">\n                    <img decoding=\"async\" class=\"h-100 w-100\" style=\"object-fit: cover;\" src=\"https:\/\/www.sescpr.com.br\/contradengue\/wp-content\/uploads\/sites\/165\/2026\/02\/Carnaval.jpg\" alt=\"\">\n                <\/div>\n                        <div class=\"col-8 col-md-12 p-3\">\n                <h5 class=\"card-title mb-3\">N\u00e3o deixe o mosquito tomar conta do carnaval!<\/h5>\n\n                <div class=\"d-flex align-items-center gap-3\">\n                    <div class=\"bg-primary rounded-circle\" style=\"min-width: 50px; min-height: 50px;\">\n                        <h3 class=\"w-100 text-center p-0 mb-0 pt-1 text-white\" style=\"margin-top: -5px\">2<\/h3>\n                        <p class=\"w-100 text-center p-0 mb-0 text-white\" style=\"font-size: 0.6rem; margin-top: -5px;\">Pontos<\/p>\n                    <\/div>\n                    <div class=\"col-md-12\">\n                        <p class=\"p-0 m-0\" style=\"line-height: 1.3;\">\n                            De: <b>16\/02\/2026<\/b>\n                        <\/p>\n                        <p class=\"p-0 m-0\" style=\"line-height: 1.3;\">\n                            At\u00e9:<b>18\/02\/2026<\/b>\n                        <\/p>\n                    <\/div>\n\n                <\/div>\n\n                \n\n            <\/div>\n        <\/div>\n\n                                    <\/li>\n                                                    <\/ul>\n                    <\/div>\n                <\/section>\n            <\/div>\n        \n        <\/div>\n    <script>\n        document.addEventListener(\"DOMContentLoaded\", function() {\n            if (document.querySelector(\".splide-pass\")) {\n                var splidePass = new Splide(\".splide-pass\");\n                splidePass.mount();\n\n            }\n\n            if (document.querySelector(\".splide-prox\")) {\n                var splideProx = new Splide(\".splide-prox\");\n                splideProx.mount();\n\n            }\n        })\n    <\/script>\n\n\n\n\n","protected":false},"excerpt":{"rendered":"<p>Miss\u00f5es&nbsp; O que s\u00e3o as miss\u00f5es?&nbsp; As miss\u00f5es s\u00e3o atividades especiais, com data e hora para come\u00e7ar e terminar, que multiplicam os pontos dos participantes. Isso significa que, durante o per\u00edodo estipulado, registrar aquela atividade espec\u00edfica no aplicativo vai resultar em mais pontos para o participante. Assim como todas as fotos enviadas no aplicativo, as [&#8230;]<\/p>\n<p><a class=\"btn btn-secondary understrap-read-more-link\" href=\"https:\/\/www.sescpr.com.br\/contradengue\/missoes\/\">Read More&#8230;<span class=\"screen-reader-text\"> from Miss\u00f5es<\/span><\/a><\/p>\n","protected":false},"author":734,"featured_media":0,"parent":0,"menu_order":0,"comment_status":"closed","ping_status":"closed","template":"","meta":{"footnotes":""},"pp_force_visibility":null,"pp_subpost_visibility":null,"pp_inherited_force_visibility":null,"pp_inherited_subpost_visibility":null,"yoast_head":"<!-- This site is optimized with the Yoast SEO plugin v19.10 - https:\/\/yoast.com\/wordpress\/plugins\/seo\/ -->\n<title>Miss\u00f5es - Campanha contra a Dengue<\/title>\n<meta name=\"robots\" content=\"index, follow, max-snippet:-1, max-image-preview:large, max-video-preview:-1\" \/>\n<link rel=\"canonical\" href=\"https:\/\/www.sescpr.com.br\/contradengue\/missoes\/\" \/>\n<meta property=\"og:locale\" content=\"pt_BR\" \/>\n<meta property=\"og:type\" content=\"article\" \/>\n<meta property=\"og:title\" content=\"Miss\u00f5es - Campanha contra a Dengue\" \/>\n<meta property=\"og:description\" content=\"Miss\u00f5es&nbsp; O que s\u00e3o as miss\u00f5es?&nbsp; As miss\u00f5es s\u00e3o atividades especiais, com data e hora para come\u00e7ar e terminar, que multiplicam os pontos dos participantes. Isso significa que, durante o per\u00edodo estipulado, registrar aquela atividade espec\u00edfica no aplicativo vai resultar em mais pontos para o participante. Assim como todas as fotos enviadas no aplicativo, as [...]Read More... from Miss\u00f5es\" \/>\n<meta property=\"og:url\" content=\"https:\/\/www.sescpr.com.br\/contradengue\/missoes\/\" \/>\n<meta property=\"og:site_name\" content=\"Campanha contra a Dengue\" \/>\n<meta property=\"article:modified_time\" content=\"2026-02-11T17:13:40+00:00\" \/>\n<meta name=\"twitter:card\" content=\"summary_large_image\" \/>\n<meta name=\"twitter:label1\" content=\"Est. tempo de leitura\" \/>\n\t<meta name=\"twitter:data1\" content=\"1 minuto\" \/>\n<script type=\"application\/ld+json\" class=\"yoast-schema-graph\">{\"@context\":\"https:\/\/schema.org\",\"@graph\":[{\"@type\":\"WebPage\",\"@id\":\"https:\/\/www.sescpr.com.br\/contradengue\/missoes\/\",\"url\":\"https:\/\/www.sescpr.com.br\/contradengue\/missoes\/\",\"name\":\"Miss\u00f5es - Campanha contra a Dengue\",\"isPartOf\":{\"@id\":\"https:\/\/www.sescpr.com.br\/contradengue\/#website\"},\"datePublished\":\"2024-01-31T17:53:36+00:00\",\"dateModified\":\"2026-02-11T17:13:40+00:00\",\"breadcrumb\":{\"@id\":\"https:\/\/www.sescpr.com.br\/contradengue\/missoes\/#breadcrumb\"},\"inLanguage\":\"pt-BR\",\"potentialAction\":[{\"@type\":\"ReadAction\",\"target\":[\"https:\/\/www.sescpr.com.br\/contradengue\/missoes\/\"]}]},{\"@type\":\"BreadcrumbList\",\"@id\":\"https:\/\/www.sescpr.com.br\/contradengue\/missoes\/#breadcrumb\",\"itemListElement\":[{\"@type\":\"ListItem\",\"position\":1,\"name\":\"In\u00edcio\",\"item\":\"https:\/\/www.sescpr.com.br\/contradengue\/\"},{\"@type\":\"ListItem\",\"position\":2,\"name\":\"Miss\u00f5es\"}]},{\"@type\":\"WebSite\",\"@id\":\"https:\/\/www.sescpr.com.br\/contradengue\/#website\",\"url\":\"https:\/\/www.sescpr.com.br\/contradengue\/\",\"name\":\"Campanha contra a Dengue\",\"description\":\"Aqui o mosquito n\u00e3o entra\",\"potentialAction\":[{\"@type\":\"SearchAction\",\"target\":{\"@type\":\"EntryPoint\",\"urlTemplate\":\"https:\/\/www.sescpr.com.br\/contradengue\/?s={search_term_string}\"},\"query-input\":\"required name=search_term_string\"}],\"inLanguage\":\"pt-BR\"}]}<\/script>\n<!-- \/ Yoast SEO plugin. -->","yoast_head_json":{"title":"Miss\u00f5es - Campanha contra a Dengue","robots":{"index":"index","follow":"follow","max-snippet":"max-snippet:-1","max-image-preview":"max-image-preview:large","max-video-preview":"max-video-preview:-1"},"canonical":"https:\/\/www.sescpr.com.br\/contradengue\/missoes\/","og_locale":"pt_BR","og_type":"article","og_title":"Miss\u00f5es - Campanha contra a Dengue","og_description":"Miss\u00f5es&nbsp; O que s\u00e3o as miss\u00f5es?&nbsp; As miss\u00f5es s\u00e3o atividades especiais, com data e hora para come\u00e7ar e terminar, que multiplicam os pontos dos participantes. Isso significa que, durante o per\u00edodo estipulado, registrar aquela atividade espec\u00edfica no aplicativo vai resultar em mais pontos para o participante. Assim como todas as fotos enviadas no aplicativo, as [...]Read More... from Miss\u00f5es","og_url":"https:\/\/www.sescpr.com.br\/contradengue\/missoes\/","og_site_name":"Campanha contra a Dengue","article_modified_time":"2026-02-11T17:13:40+00:00","twitter_card":"summary_large_image","twitter_misc":{"Est. tempo de leitura":"1 minuto"},"schema":{"@context":"https:\/\/schema.org","@graph":[{"@type":"WebPage","@id":"https:\/\/www.sescpr.com.br\/contradengue\/missoes\/","url":"https:\/\/www.sescpr.com.br\/contradengue\/missoes\/","name":"Miss\u00f5es - Campanha contra a Dengue","isPartOf":{"@id":"https:\/\/www.sescpr.com.br\/contradengue\/#website"},"datePublished":"2024-01-31T17:53:36+00:00","dateModified":"2026-02-11T17:13:40+00:00","breadcrumb":{"@id":"https:\/\/www.sescpr.com.br\/contradengue\/missoes\/#breadcrumb"},"inLanguage":"pt-BR","potentialAction":[{"@type":"ReadAction","target":["https:\/\/www.sescpr.com.br\/contradengue\/missoes\/"]}]},{"@type":"BreadcrumbList","@id":"https:\/\/www.sescpr.com.br\/contradengue\/missoes\/#breadcrumb","itemListElement":[{"@type":"ListItem","position":1,"name":"In\u00edcio","item":"https:\/\/www.sescpr.com.br\/contradengue\/"},{"@type":"ListItem","position":2,"name":"Miss\u00f5es"}]},{"@type":"WebSite","@id":"https:\/\/www.sescpr.com.br\/contradengue\/#website","url":"https:\/\/www.sescpr.com.br\/contradengue\/","name":"Campanha contra a Dengue","description":"Aqui o mosquito n\u00e3o entra","potentialAction":[{"@type":"SearchAction","target":{"@type":"EntryPoint","urlTemplate":"https:\/\/www.sescpr.com.br\/contradengue\/?s={search_term_string}"},"query-input":"required name=search_term_string"}],"inLanguage":"pt-BR"}]}},"_links":{"self":[{"href":"https:\/\/www.sescpr.com.br\/contradengue\/wp-json\/wp\/v2\/pages\/1222125"}],"collection":[{"href":"https:\/\/www.sescpr.com.br\/contradengue\/wp-json\/wp\/v2\/pages"}],"about":[{"href":"https:\/\/www.sescpr.com.br\/contradengue\/wp-json\/wp\/v2\/types\/page"}],"author":[{"embeddable":true,"href":"https:\/\/www.sescpr.com.br\/contradengue\/wp-json\/wp\/v2\/users\/734"}],"replies":[{"embeddable":true,"href":"https:\/\/www.sescpr.com.br\/contradengue\/wp-json\/wp\/v2\/comments?post=1222125"}],"version-history":[{"count":16,"href":"https:\/\/www.sescpr.com.br\/contradengue\/wp-json\/wp\/v2\/pages\/1222125\/revisions"}],"predecessor-version":[{"id":1222296,"href":"https:\/\/www.sescpr.com.br\/contradengue\/wp-json\/wp\/v2\/pages\/1222125\/revisions\/1222296"}],"wp:attachment":[{"href":"https:\/\/www.sescpr.com.br\/contradengue\/wp-json\/wp\/v2\/media?parent=1222125"}],"curies":[{"name":"wp","href":"https:\/\/api.w.org\/{rel}","templated":true}]}}