{"id":780,"date":"2019-02-04T15:07:31","date_gmt":"2019-02-04T17:07:31","guid":{"rendered":"https:\/\/www.sescpr.com.br\/circuito\/?page_id=780"},"modified":"2023-12-22T13:42:20","modified_gmt":"2023-12-22T16:42:20","slug":"medalhas","status":"publish","type":"page","link":"https:\/\/www.sescpr.com.br\/circuito\/medalhas\/","title":{"rendered":"Trof\u00e9us e Medalhas"},"content":{"rendered":"\r\n<h2 class=\"has-text-align-center wp-block-heading\" style=\"text-align: center;\">MEDALHA DE PARTICIPA\u00c7\u00c3O &#8211; CORRIDA<\/h2>\r\n<p>&nbsp;<\/p>\r\n\r\n\r\n<div class=\"wp-block-image\">\r\n<figure class=\"aligncenter size-full is-resized\"><img loading=\"lazy\" decoding=\"async\" class=\"wp-image-3597 aligncenter\" src=\"https:\/\/www.sescpr.com.br\/circuito\/wp-content\/uploads\/sites\/10\/2022\/12\/m_corrida.png\" alt=\"\" width=\"617\" height=\"510\" srcset=\"https:\/\/www.sescpr.com.br\/circuito\/wp-content\/uploads\/sites\/10\/2022\/12\/m_corrida.png 967w, https:\/\/www.sescpr.com.br\/circuito\/wp-content\/uploads\/sites\/10\/2022\/12\/m_corrida-300x248.png 300w, https:\/\/www.sescpr.com.br\/circuito\/wp-content\/uploads\/sites\/10\/2022\/12\/m_corrida-768x635.png 768w, https:\/\/www.sescpr.com.br\/circuito\/wp-content\/uploads\/sites\/10\/2022\/12\/m_corrida-50x41.png 50w\" sizes=\"(max-width: 617px) 100vw, 617px\" \/><\/figure><\/div>\r\n\r\n<hr class=\"wp-block-separator has-css-opacity\" \/>\r\n\r\n\r\n<h2 class=\"has-text-align-center wp-block-heading\" style=\"text-align: center;\">MEDALHA DE PREMIA\u00c7\u00c3O &#8211; CATEGORIAS<\/h2>\r\n<p>&nbsp;<\/p>\r\n\r\n\r\n<div class=\"wp-block-image\">\r\n<figure class=\"aligncenter size-full is-resized\"><img loading=\"lazy\" decoding=\"async\" class=\"wp-image-3601 aligncenter\" src=\"https:\/\/www.sescpr.com.br\/circuito\/wp-content\/uploads\/sites\/10\/2022\/12\/m_categorias.png\" alt=\"\" width=\"672\" height=\"556\" srcset=\"https:\/\/www.sescpr.com.br\/circuito\/wp-content\/uploads\/sites\/10\/2022\/12\/m_categorias.png 967w, https:\/\/www.sescpr.com.br\/circuito\/wp-content\/uploads\/sites\/10\/2022\/12\/m_categorias-300x248.png 300w, https:\/\/www.sescpr.com.br\/circuito\/wp-content\/uploads\/sites\/10\/2022\/12\/m_categorias-768x635.png 768w, https:\/\/www.sescpr.com.br\/circuito\/wp-content\/uploads\/sites\/10\/2022\/12\/m_categorias-50x41.png 50w\" sizes=\"(max-width: 672px) 100vw, 672px\" \/><\/figure><\/div>\r\n\r\n<hr class=\"wp-block-separator has-css-opacity\" \/>\r\n\r\n\r\n<h2 class=\"has-text-align-center wp-block-heading\" style=\"text-align: center;\">MEDALHA DE PARTICIPA\u00c7\u00c3O &#8211; CAMINHADA<\/h2>\r\n<p>&nbsp;<\/p>\r\n\r\n\r\n<div class=\"wp-block-image\">\r\n<figure class=\"aligncenter size-full is-resized\"><img loading=\"lazy\" decoding=\"async\" class=\"wp-image-3594 aligncenter\" src=\"https:\/\/www.sescpr.com.br\/circuito\/wp-content\/uploads\/sites\/10\/2022\/12\/m_caminhada.png\" alt=\"\" width=\"632\" height=\"522\" srcset=\"https:\/\/www.sescpr.com.br\/circuito\/wp-content\/uploads\/sites\/10\/2022\/12\/m_caminhada.png 967w, https:\/\/www.sescpr.com.br\/circuito\/wp-content\/uploads\/sites\/10\/2022\/12\/m_caminhada-300x248.png 300w, https:\/\/www.sescpr.com.br\/circuito\/wp-content\/uploads\/sites\/10\/2022\/12\/m_caminhada-768x635.png 768w, https:\/\/www.sescpr.com.br\/circuito\/wp-content\/uploads\/sites\/10\/2022\/12\/m_caminhada-50x41.png 50w\" sizes=\"(max-width: 632px) 100vw, 632px\" \/><\/figure><\/div>\r\n\r\n<hr class=\"wp-block-separator has-css-opacity\" \/>\r\n\r\n\r\n<h2 class=\"has-text-align-center wp-block-heading\" style=\"text-align: center;\">TROF\u00c9U DE PREMIA\u00c7\u00c3O GERAL<\/h2>\r\n<p>&nbsp;<\/p>\r\n\r\n\r\n<div class=\"wp-block-image\">\r\n<figure class=\"aligncenter size-large is-resized\"><img loading=\"lazy\" decoding=\"async\" class=\"wp-image-3603 aligncenter\" src=\"https:\/\/www.sescpr.com.br\/circuito\/wp-content\/uploads\/sites\/10\/2022\/12\/trofeu-656x1024.png\" alt=\"\" width=\"316\" height=\"492\" srcset=\"https:\/\/www.sescpr.com.br\/circuito\/wp-content\/uploads\/sites\/10\/2022\/12\/trofeu-656x1024.png 656w, https:\/\/www.sescpr.com.br\/circuito\/wp-content\/uploads\/sites\/10\/2022\/12\/trofeu-192x300.png 192w, https:\/\/www.sescpr.com.br\/circuito\/wp-content\/uploads\/sites\/10\/2022\/12\/trofeu-768x1199.png 768w, https:\/\/www.sescpr.com.br\/circuito\/wp-content\/uploads\/sites\/10\/2022\/12\/trofeu-984x1536.png 984w, https:\/\/www.sescpr.com.br\/circuito\/wp-content\/uploads\/sites\/10\/2022\/12\/trofeu-32x50.png 32w, https:\/\/www.sescpr.com.br\/circuito\/wp-content\/uploads\/sites\/10\/2022\/12\/trofeu.png 1146w\" sizes=\"(max-width: 316px) 100vw, 316px\" \/><\/figure><\/div>\r\n\r\n<hr class=\"wp-block-separator has-css-opacity\" \/>\r\n\r\n\r\n<p class=\"has-text-align-center\" style=\"text-align: center;\">Para maiores informa\u00e7\u00f5es, acesse o regulamento:<\/p>\r\n\r\n\r\n\r\n<p class=\"has-text-align-center\" style=\"text-align: center;\"><a href=\"https:\/\/www.sescpr.com.br\/circuito\/regulamento\/\">www.sescpr.com.br\/circuito\/regulamento<\/a><\/p>\r\n","protected":false},"excerpt":{"rendered":"<p>MEDALHA DE PARTICIPA\u00c7\u00c3O &#8211; CORRIDA &nbsp; MEDALHA DE PREMIA\u00c7\u00c3O &#8211; CATEGORIAS &nbsp; MEDALHA DE PARTICIPA\u00c7\u00c3O &#8211; CAMINHADA &nbsp; TROF\u00c9U DE PREMIA\u00c7\u00c3O GERAL &nbsp; Para maiores informa\u00e7\u00f5es, acesse o regulamento: www.sescpr.com.br\/circuito\/regulamento<\/p>\n","protected":false},"author":10,"featured_media":0,"parent":0,"menu_order":0,"comment_status":"closed","ping_status":"closed","template":"","meta":{"footnotes":""},"_links":{"self":[{"href":"https:\/\/www.sescpr.com.br\/circuito\/wp-json\/wp\/v2\/pages\/780"}],"collection":[{"href":"https:\/\/www.sescpr.com.br\/circuito\/wp-json\/wp\/v2\/pages"}],"about":[{"href":"https:\/\/www.sescpr.com.br\/circuito\/wp-json\/wp\/v2\/types\/page"}],"author":[{"embeddable":true,"href":"https:\/\/www.sescpr.com.br\/circuito\/wp-json\/wp\/v2\/users\/10"}],"replies":[{"embeddable":true,"href":"https:\/\/www.sescpr.com.br\/circuito\/wp-json\/wp\/v2\/comments?post=780"}],"version-history":[{"count":41,"href":"https:\/\/www.sescpr.com.br\/circuito\/wp-json\/wp\/v2\/pages\/780\/revisions"}],"predecessor-version":[{"id":4253,"href":"https:\/\/www.sescpr.com.br\/circuito\/wp-json\/wp\/v2\/pages\/780\/revisions\/4253"}],"wp:attachment":[{"href":"https:\/\/www.sescpr.com.br\/circuito\/wp-json\/wp\/v2\/media?parent=780"}],"curies":[{"name":"wp","href":"https:\/\/api.w.org\/{rel}","templated":true}]}}