{"id":701,"date":"2018-12-28T09:21:07","date_gmt":"2018-12-28T11:21:07","guid":{"rendered":"https:\/\/www.sescpr.com.br\/circuito\/?page_id=701"},"modified":"2021-11-23T09:19:48","modified_gmt":"2021-11-23T12:19:48","slug":"kits","status":"publish","type":"page","link":"https:\/\/www.sescpr.com.br\/circuito\/kits\/","title":{"rendered":"Kits para 2022"},"content":{"rendered":"\n<div class=\"wp-block-columns has-2-columns coluna-kit is-layout-flex wp-container-core-columns-layout-1 wp-block-columns-is-layout-flex\">\n<div class=\"wp-block-column is-layout-flow wp-block-column-is-layout-flow\">\n<h2 class=\"wp-block-heading\"> Kit Prata<\/h2>\n\n\n\n<figure class=\"wp-block-image is-resized coluna_imagem\"><img loading=\"lazy\" decoding=\"async\" src=\"https:\/\/www.sescpr.com.br\/circuito\/wp-content\/uploads\/sites\/10\/2019\/12\/destaque_premium.png\" alt=\"\" class=\"wp-image-1428\" width=\"350\" height=\"320\" srcset=\"https:\/\/www.sescpr.com.br\/circuito\/wp-content\/uploads\/sites\/10\/2019\/12\/destaque_premium.png 467w, https:\/\/www.sescpr.com.br\/circuito\/wp-content\/uploads\/sites\/10\/2019\/12\/destaque_premium-300x274.png 300w\" sizes=\"(max-width: 350px) 100vw, 350px\" \/><figcaption> <br>*Imagem ilustrativa. Verifique a cor de camiseta dispon\u00edvel para cada etapa. <\/figcaption><\/figure>\n\n\n\n<p><\/p>\n<\/div>\n\n\n\n<div class=\"wp-block-column is-layout-flow wp-block-column-is-layout-flow\">\n<p> Kit Prata: Camiseta, Sacola T\u00e9rmica, Chip, Numeral <\/p>\n\n\n\n<h4 class=\"wp-block-heading\">Trabalhadores do Com\u00e9rcio e pessoas com 60 anos ou mais:<\/h4>\n\n\n\n<h1 class=\"wp-block-heading\">R$ <strong>45,00<\/strong><\/h1>\n\n\n\n<h4 class=\"wp-block-heading\">P\u00fablico em geral:<\/h4>\n\n\n\n<h1 class=\"wp-block-heading\">R$ <strong>60,00<\/strong><\/h1>\n<\/div>\n<\/div>\n\n\n\n<hr class=\"wp-block-separator\" \/>\n\n\n\n<div class=\"wp-block-columns has-2-columns coluna-kit is-layout-flex wp-container-core-columns-layout-2 wp-block-columns-is-layout-flex\">\n<div class=\"wp-block-column coluna_imagem is-layout-flow wp-block-column-is-layout-flow\">\n<h2 class=\"wp-block-heading\"> Kit Bronze <\/h2>\n\n\n\n<figure class=\"wp-block-image is-resized\"><img loading=\"lazy\" decoding=\"async\" src=\"https:\/\/www.sescpr.com.br\/circuito\/wp-content\/uploads\/sites\/10\/2019\/12\/destaque_smart.png\" alt=\"\" class=\"wp-image-1431\" width=\"326\" height=\"319\" srcset=\"https:\/\/www.sescpr.com.br\/circuito\/wp-content\/uploads\/sites\/10\/2019\/12\/destaque_smart.png 435w, https:\/\/www.sescpr.com.br\/circuito\/wp-content\/uploads\/sites\/10\/2019\/12\/destaque_smart-300x293.png 300w\" sizes=\"(max-width: 326px) 100vw, 326px\" \/><figcaption> <br>*Imagem ilustrativa. Verifique a cor de camiseta dispon\u00edvel para cada etapa. <\/figcaption><\/figure>\n<\/div>\n\n\n\n<div class=\"wp-block-column is-layout-flow wp-block-column-is-layout-flow\">\n<p>Kit Bronze: Camiseta, Sacola Ecobag, Chip, Numeral<\/p>\n\n\n\n<h4 class=\"wp-block-heading\">Trabalhadores do Com\u00e9rcio e pessoas com 60 anos ou mais:<\/h4>\n\n\n\n<h1 class=\"wp-block-heading\">R$ <strong>30,00<\/strong><\/h1>\n\n\n\n<h4 class=\"wp-block-heading\">P\u00fablico em geral:<\/h4>\n\n\n\n<h1 class=\"wp-block-heading\">R$ <strong>45,00<\/strong><\/h1>\n<\/div>\n<\/div>\n","protected":false},"excerpt":{"rendered":"<p>Kit Prata Kit Prata: Camiseta, Sacola T\u00e9rmica, Chip, Numeral Trabalhadores do Com\u00e9rcio e pessoas com 60 anos ou mais: R$ 45,00 P\u00fablico em geral: R$ 60,00 Kit Bronze Kit Bronze: Camiseta, Sacola Ecobag, Chip, Numeral Trabalhadores do Com\u00e9rcio e pessoas com 60 anos ou mais: R$ 30,00 P\u00fablico em geral: R$ 45,00<\/p>\n","protected":false},"author":10,"featured_media":0,"parent":0,"menu_order":0,"comment_status":"closed","ping_status":"closed","template":"","meta":{"footnotes":""},"_links":{"self":[{"href":"https:\/\/www.sescpr.com.br\/circuito\/wp-json\/wp\/v2\/pages\/701"}],"collection":[{"href":"https:\/\/www.sescpr.com.br\/circuito\/wp-json\/wp\/v2\/pages"}],"about":[{"href":"https:\/\/www.sescpr.com.br\/circuito\/wp-json\/wp\/v2\/types\/page"}],"author":[{"embeddable":true,"href":"https:\/\/www.sescpr.com.br\/circuito\/wp-json\/wp\/v2\/users\/10"}],"replies":[{"embeddable":true,"href":"https:\/\/www.sescpr.com.br\/circuito\/wp-json\/wp\/v2\/comments?post=701"}],"version-history":[{"count":7,"href":"https:\/\/www.sescpr.com.br\/circuito\/wp-json\/wp\/v2\/pages\/701\/revisions"}],"predecessor-version":[{"id":2355,"href":"https:\/\/www.sescpr.com.br\/circuito\/wp-json\/wp\/v2\/pages\/701\/revisions\/2355"}],"wp:attachment":[{"href":"https:\/\/www.sescpr.com.br\/circuito\/wp-json\/wp\/v2\/media?parent=701"}],"curies":[{"name":"wp","href":"https:\/\/api.w.org\/{rel}","templated":true}]}}