{"id":313,"date":"2015-12-22T10:32:18","date_gmt":"2015-12-22T13:32:18","guid":{"rendered":"https:\/\/www.sescpr.com.br\/circuito\/?page_id=313"},"modified":"2026-02-24T08:22:44","modified_gmt":"2026-02-24T11:22:44","slug":"parq-e-atestado-medico","status":"publish","type":"page","link":"https:\/\/www.sescpr.com.br\/circuito\/parq-e-atestado-medico\/","title":{"rendered":"PAR-Q ou Atestado M\u00e9dico"},"content":{"rendered":"<p>Para o Sesc PR, sua sa\u00fade e bem estar s\u00e3o de fundamental import\u00e2ncia. Com isso, antes de se inscrever em uma prova\u00a0de corrida ou caminhada fa\u00e7a uma avalia\u00e7\u00e3o m\u00e9dica e procure um profissional para avaliar sua aptid\u00e3o f\u00edsica.<\/p>\r\n<p>Informamos que ser\u00e1 obrigat\u00f3ria a apresenta\u00e7\u00e3o de <strong>PAR-Q<\/strong> ou atestado m\u00e9dico comprovando aptid\u00e3o para atividade f\u00edsica, sendo a validade do documento de, no m\u00e1ximo, 12 meses anteriores \u00e0 data da realiza\u00e7\u00e3o da prova para as corridas de 5km e 10km.<\/p>\r\n<p>PAR-Q <b>\u00e9 o nome dado para o question\u00e1rio que deve ser aplicado ao indiv\u00edduo antes que comece a praticar atividades f\u00edsicas regulares ou competitivas<\/b>. O principal objetivo do PAR-Q \u00e9 identificar poss\u00edveis limita\u00e7\u00f5es e restri\u00e7\u00f5es existentes na sa\u00fade da pessoa que tenciona fazer exerc\u00edcio f\u00edsicos.<\/p>\r\n<h6><strong>*Em caso de resposta &#8220;SIM&#8221; no Par-q ser\u00e1 obrigat\u00f3ria a apresenta\u00e7\u00e3o do atestado m\u00e9dico.<\/strong><\/h6>\r\n<h6><strong>**Ao finalizar sua inscri\u00e7\u00e3o disponibilizamos um modelo oficial de PAR-Q para preenchimento e envio para o e-mail indicado.<\/strong><\/h6>\r\n<hr \/>\r\n<h3><a href=\"https:\/\/www.sescpr.com.br\/circuito\/wp-content\/uploads\/sites\/10\/2026\/02\/Questionario-de-Aptidao-Fisica-2025.pdf\" target=\"_blank\" rel=\"noopener\">Modelo de PAR-Q<\/a><\/h3>\r\n<h3><a href=\"https:\/\/www.sescpr.com.br\/circuito\/wp-content\/uploads\/sites\/10\/2015\/12\/Modelo-de-Atestado-M\u00e9dico.pdf\" target=\"_blank\" rel=\"noopener\">Modelo de Atestado M\u00e9dico<\/a><\/h3>\r\n<p>O envio do PAR-Q e do atestado m\u00e9dico (em formato .pdf ou .jpg) dever\u00e1 seguir o endere\u00e7o do e-mail correspondente a cada etapa, conforme o detalhamento abaixo:<\/p>\r\n<table width=\"537\">\r\n<tbody>\r\n<tr>\r\n<td width=\"223\">Etapa<\/td>\r\n<td width=\"314\">E-mail<\/td>\r\n<\/tr>\r\n<tr>\r\n<td width=\"223\">Apucarana<\/td>\r\n<td width=\"314\">atestados.apucarana@sescpr.com.br<\/td>\r\n<\/tr>\r\n<tr>\r\n<td width=\"223\">Arapongas<\/td>\r\n<td width=\"314\"><a href=\"mailto:atestados.arapongas@sescpr.com.br\">atestados.arapongas@sescpr.com.br<\/a><\/td>\r\n<\/tr>\r\n<tr>\r\n<td width=\"223\">Campo Mour\u00e3o<\/td>\r\n<td width=\"314\">atestados.campomourao@sescpr.com.br<\/td>\r\n<\/tr>\r\n<tr>\r\n<td width=\"223\">Cascavel<\/td>\r\n<td width=\"314\">atestados.cascavel@sescpr.com.br<\/td>\r\n<\/tr>\r\n<tr>\r\n<td width=\"223\">Corn\u00e9lio Proc\u00f3pio<\/td>\r\n<td width=\"314\">atestados.cornelioprocopio@sescpr.com.br<\/td>\r\n<\/tr>\r\n<tr>\r\n<td width=\"223\">Curitiba<\/td>\r\n<td width=\"314\">atestados.curitiba@sescpr.com.br<\/td>\r\n<\/tr>\r\n<tr>\r\n<td width=\"223\">Francisco Beltr\u00e3o<\/td>\r\n<td width=\"314\">atestados.franciscobeltrao@sescpr.com.br<\/td>\r\n<\/tr>\r\n<tr>\r\n<td width=\"223\">Guarapuava<\/td>\r\n<td width=\"314\">atestados.guarapuava@sescpr.com.br<\/td>\r\n<\/tr>\r\n<tr>\r\n<td width=\"223\">Ivaipor\u00e3<\/td>\r\n<td width=\"314\">atestados.ivaipora@sescpr.com.br<\/td>\r\n<\/tr>\r\n<tr>\r\n<td width=\"223\">Jacarezinho<\/td>\r\n<td width=\"314\">atestados.jacarezinho@sescpr.com.br<\/td>\r\n<\/tr>\r\n<tr>\r\n<td width=\"223\">Londrina<\/td>\r\n<td width=\"314\">atestados.londrina@sescpr.com.br<\/td>\r\n<\/tr>\r\n<tr>\r\n<td width=\"223\">Maring\u00e1<\/td>\r\n<td width=\"314\">atestados.maringa@sescpr.com.br<\/td>\r\n<\/tr>\r\n<tr>\r\n<td width=\"223\">Marechal Candido Rondon<\/td>\r\n<td width=\"314\">atestados.mcrondon@sescpr.com.br<\/td>\r\n<\/tr>\r\n<tr>\r\n<td width=\"223\">Medianeira<\/td>\r\n<td width=\"314\">atestados.medianeira@sescpr.com.br<\/td>\r\n<\/tr>\r\n<tr>\r\n<td width=\"223\">Palmas<\/td>\r\n<td width=\"314\">atestados.palmas@sescpr.com.br<\/td>\r\n<\/tr>\r\n<tr>\r\n<td width=\"223\">Ponta Grossa<\/td>\r\n<td width=\"314\">atestados.pontagrossa@sescpr.com.br<\/td>\r\n<\/tr>\r\n<tr>\r\n<td width=\"223\">Paranava\u00ed<\/td>\r\n<td width=\"314\">atestados.paranavai@sescpr.com.br<\/td>\r\n<\/tr>\r\n<tr>\r\n<td width=\"223\">Pato Branco<\/td>\r\n<td width=\"314\">atestados.patobranco@sescpr.com.br<\/td>\r\n<\/tr>\r\n<tr>\r\n<td width=\"223\">Paranagu\u00e1<\/td>\r\n<td width=\"314\">atestados.paranagua@sescpr.com.br<\/td>\r\n<\/tr>\r\n<tr>\r\n<td width=\"223\">Rio Negro<\/td>\r\n<td width=\"314\">atestados.rionegro@sescpr.com.br<\/td>\r\n<\/tr>\r\n<tr>\r\n<td width=\"223\">Santo Ant\u00f4nio da Platina<\/td>\r\n<td width=\"314\">atestados.saplatina@sescpr.com.br<\/td>\r\n<\/tr>\r\n<tr>\r\n<td width=\"223\">Toledo<\/td>\r\n<td width=\"314\">atestados.toledo@sescpr.com.br<\/td>\r\n<\/tr>\r\n<tr>\r\n<td width=\"223\">Umuarama<\/td>\r\n<td width=\"314\">atestados.umuarama@sescpr.com.br<\/td>\r\n<\/tr>\r\n<tr>\r\n<td width=\"223\">Uni\u00e3o da Vit\u00f3ria<\/td>\r\n<td width=\"314\"><a href=\"mailto:atestados.uniaodavitoria@sescpr.com.br\">atestados.uniaodavitoria@sescpr.com.br<\/a><\/td>\r\n<\/tr>\r\n<\/tbody>\r\n<\/table>\r\n\r\n<p>Para a cidade de Curitiba o atestado \u00e9 obrigat\u00f3rio por lei para maiores de 60 anos e gestantes.<\/p>\r\n","protected":false},"excerpt":{"rendered":"<p>Para o Sesc PR, sua sa\u00fade e bem estar s\u00e3o de fundamental import\u00e2ncia. Com isso, antes de se inscrever em uma prova\u00a0de corrida ou caminhada fa\u00e7a uma avalia\u00e7\u00e3o m\u00e9dica e procure um profissional para avaliar sua aptid\u00e3o f\u00edsica. Informamos que ser\u00e1 obrigat\u00f3ria a apresenta\u00e7\u00e3o de PAR-Q ou atestado m\u00e9dico comprovando aptid\u00e3o para atividade f\u00edsica, sendo [&hellip;]<\/p>\n","protected":false},"author":10,"featured_media":0,"parent":0,"menu_order":0,"comment_status":"open","ping_status":"open","template":"","meta":{"footnotes":""},"_links":{"self":[{"href":"https:\/\/www.sescpr.com.br\/circuito\/wp-json\/wp\/v2\/pages\/313"}],"collection":[{"href":"https:\/\/www.sescpr.com.br\/circuito\/wp-json\/wp\/v2\/pages"}],"about":[{"href":"https:\/\/www.sescpr.com.br\/circuito\/wp-json\/wp\/v2\/types\/page"}],"author":[{"embeddable":true,"href":"https:\/\/www.sescpr.com.br\/circuito\/wp-json\/wp\/v2\/users\/10"}],"replies":[{"embeddable":true,"href":"https:\/\/www.sescpr.com.br\/circuito\/wp-json\/wp\/v2\/comments?post=313"}],"version-history":[{"count":20,"href":"https:\/\/www.sescpr.com.br\/circuito\/wp-json\/wp\/v2\/pages\/313\/revisions"}],"predecessor-version":[{"id":5477,"href":"https:\/\/www.sescpr.com.br\/circuito\/wp-json\/wp\/v2\/pages\/313\/revisions\/5477"}],"wp:attachment":[{"href":"https:\/\/www.sescpr.com.br\/circuito\/wp-json\/wp\/v2\/media?parent=313"}],"curies":[{"name":"wp","href":"https:\/\/api.w.org\/{rel}","templated":true}]}}