{"id":1796,"date":"2020-05-27T10:23:14","date_gmt":"2020-05-27T13:23:14","guid":{"rendered":"https:\/\/www.sescpr.com.br\/circuito\/?page_id=1796"},"modified":"2020-06-25T15:35:55","modified_gmt":"2020-06-25T18:35:55","slug":"em-casa","status":"publish","type":"page","link":"https:\/\/www.sescpr.com.br\/circuito\/em-casa\/","title":{"rendered":"Em Casa"},"content":{"rendered":"<h5><span style=\"color: #333333\"><strong>REGULAMENTO ETAPA EM CASA<\/strong><\/span><\/h5>\n<h5><span style=\"color: #333333\">O presente regulamento cont\u00e9m as disposi\u00e7\u00f5es gerais para a ETAPA EM CASA do Circuito Sesc de Corridas 2020, contemplando as informa\u00e7\u00f5es necess\u00e1rias para a realiza\u00e7\u00e3o. Sugerimos a leitura completa deste regulamento, para compreens\u00e3o geral de todo o processo que envolve o evento.<\/span><\/h5>\n<h5>\u00a0<\/h5>\n<h5><span style=\"color: #333333\"><strong>Corrida Estacion\u00e1ria<\/strong><\/span><\/h5>\n<h5><span style=\"color: #333333\">Marcha ou corrida estacion\u00e1ria \u00e9 basicamente simular uma corrida sem sair do lugar. O percurso simular\u00e1 uma corrida de aproximadamente 3km e ser\u00e1 transmitido aos espectadores digitalmente, com dura\u00e7\u00e3o aproximada de 15 minutos.<\/span><\/h5>\n<h5>\u00a0<\/h5>\n<h5><span style=\"color: #99cc00\"><strong>Data da Live: <\/strong>30\/06\/2020<\/span><\/h5>\n<h5>\u00a0<\/h5>\n<h5><span style=\"color: #99cc00\"><strong>Hor\u00e1rio:<\/strong>\u00a0 19h00 (hor\u00e1rio de Bras\u00edlia)<\/span><\/h5>\n<h5>\u00a0<\/h5>\n<h5><span style=\"color: #333333\"><strong>Hidrata\u00e7\u00e3o: <\/strong>recomendamos reserve uma garrafa de \u00e1gua pr\u00f3xima ao local onde ser\u00e1 realizada a atividade em sua casa.<\/span><\/h5>\n<h5>\u00a0<\/h5>\n<h5><span style=\"color: #333333\"><strong>Para a transmiss\u00e3o: <\/strong>o participante dever\u00e1 possuir conex\u00e3o com a internet, tablet, celular, smart tv, computador, notebook, entre outros.<\/span><\/h5>\n<p>\u00a0<\/p>\n<h5>TRANSMISS\u00c3O: YouTube\u00a0<\/h5>\n<p>\u00a0<\/p>\n<h3>Link: <a href=\"http:\/\/www.youtube.com\/sescpr\">www.youtube.com\/sescpr<\/a><\/h3>\n<p>\u00a0<\/p>\n<h5><span style=\"color: #333333\"><strong>Dica de Sa\u00fade<\/strong><\/span><\/h5>\n<h5><span style=\"color: #333333\">Para o Sesc PR sua sa\u00fade e bem estar s\u00e3o de fundamental import\u00e2ncia. Sendo assim, antes de se inscrever em uma prova, realize uma avalia\u00e7\u00e3o m\u00e9dica e procure um profissional para avaliar sua aptid\u00e3o f\u00edsica.<\/span><\/h5>\n<h5>\u00a0<\/h5>\n<h5><span style=\"color: #333333\"><strong>Inscri\u00e7\u00f5es\u00a0<\/strong><\/span><\/h5>\n<h5><span style=\"color: #333333\">Deve ser realizada pelo site <a style=\"color: #333333\" href=\"http:\/\/www.sescpr.com.br\/circuito\">www.sescpr.com.br\/circuito<\/a>, at\u00e9 a data limite estipulada pela organiza\u00e7\u00e3o ou at\u00e9 se esgotarem as vagas.<\/span><\/h5>\n<h5>\u00a0<\/h5>\n<h5><span style=\"color: #3366ff\"><strong>Inscri\u00e7\u00f5es Pagas (com retirada de kit)<\/strong><\/span><\/h5>\n<h5><span style=\"color: #333333\">Trabalhadores do Com\u00e9rcio e pessoas com 60 anos ou mais: R$ 25,00<\/span><\/h5>\n<h5><span style=\"color: #333333\">P\u00fablico em Geral: R$ 30,00<\/span><\/h5>\n<h5><span style=\"color: #333333\">O Kit \u00e9 composto por Sacola T\u00e9rmica e Camiseta de Alta Qualidade<\/span><\/h5>\n<h5>\u00a0<\/h5>\n<h5><span style=\"color: #000000\"><em><strong>***ATEN\u00c7\u00c3O***<\/strong><\/em><\/span><\/h5>\n<h5><span style=\"color: #000000\"><em>No momento da inscri\u00e7\u00e3o, o participante dever\u00e1 escolher o tamanho da camiseta. As camisetas ter\u00e3o suas quantidades por tamanho limitadas e as cores poder\u00e3o ser sortidas, n\u00e3o havendo possibilidade de escolha da cor, bem como as cores das sacolas t\u00e9rmicas.<\/em><\/span><\/h5>\n<h5>\u00a0<\/h5>\n<h5><span style=\"color: #333333\"><em>O Sesc PR reserva-se no direito de excluir inscri\u00e7\u00f5es que tenham seu pagamento pendente.<\/em><\/span><\/h5>\n<h5>\u00a0<\/h5>\n<h5><span style=\"color: #3366ff\"><strong>Inscri\u00e7\u00f5es gratuitas (sem o kit)<\/strong><\/span><\/h5>\n<h5><span style=\"color: #333333\">A inscri\u00e7\u00e3o gratuita n\u00e3o dar\u00e1 direito de retirada do kit.<\/span><\/h5>\n<h5>\u00a0<\/h5>\n<h5><span style=\"color: #333333\"><u>*O Sesc PR reserva-se no direito de excluir inscri\u00e7\u00f5es com boletos vencidos prazo estipulado (no caso de inscri\u00e7\u00f5es pagas).*<\/u><\/span><\/h5>\n<h5>\u00a0<\/h5>\n<h5><span style=\"color: #3366ff\"><strong>Retirada de Kits:<\/strong><\/span><\/h5>\n<h5><span style=\"color: #333333\"><strong>Data: 29\/06 e 30\/06 das 9h \u00e0s 17h\u00a0<\/strong><\/span><\/h5>\n<h5><span style=\"color: #333333\">A retirada de kits ser\u00e1 por meio de sistema Drive-Thru ou mediante a agendamento, a fim de evitar aglomera\u00e7\u00f5es.<\/span><\/h5>\n<h5>\u00a0<\/h5>\n<h5><span style=\"color: #333333\"><strong>A retirada de kits dever\u00e1 ser realizada exclusivamente nas Unidades escolhidas no ato da inscri\u00e7\u00e3o.<\/strong><\/span><\/h5>\n<h5><span style=\"color: #333333\">Em nenhuma hip\u00f3tese, os kits ser\u00e3o enviados por correspond\u00eancia.<\/span><\/h5>\n<h5>\u00a0<\/h5>\n<p><span style=\"color: #333333\">Locais de Retirada de Kits:<\/span><\/p>\n<p><span style=\"color: #333333\">SESC APUCARANA<\/span><\/p>\n<p>SESC CAMPO MOUR\u00c3O<\/p>\n<p>SESC CASCAVEL<\/p>\n<p>SESC CORN\u00c9LIO PROC\u00d3PIO<\/p>\n<p>SESC FRANCISCO BELTR\u00c3O<\/p>\n<p>SESC GUARAPUAVA<\/p>\n<p>SESC IVAIPOR\u00c3<\/p>\n<p>SESC JACAREZINHO<\/p>\n<p>SESC LONDRINA CENTRO<\/p>\n<p>SESC MARECHAL C\u00c2NDIDO RONDON<\/p>\n<p>SESC MARING\u00c1<\/p>\n<p>SESC MEDIANEIRA<\/p>\n<p>SESC PALMAS<\/p>\n<p>SESC PARANAGU\u00c1<\/p>\n<p>SESC PARANAVA\u00cd<\/p>\n<p>SESC PATO BRANCO<\/p>\n<p>SESC PONTA GROSSA<\/p>\n<p>SESC PORT\u00c3O &#8211; CURITIBA<\/p>\n<p>SESC RIO NEGRO<\/p>\n<p>SESC SANTO ANT\u00d4NIO DA PLATINA<\/p>\n<p>SESC TOLEDO<\/p>\n<p>SESC UMUARAMA<\/p>\n<p>SESC UNI\u00c3O DA VIT\u00d3RIA<\/p>\n<p>SESC S\u00c3O JOS\u00c9 DOS PINHAIS\u00a0<\/p>\n<p>SESC CAIOB\u00c1\u00a0<\/p>\n<p>SESC FOZ DO IGUA\u00c7U<\/p>\n<p>\u00a0<\/p>\n<h5><span style=\"color: #333333\">Todo atleta inscrito, seja na inscri\u00e7\u00e3o paga ou gratuita ter\u00e1 direito a impress\u00e3o do certificado digital, a ser impresso pelo pr\u00f3prio participante. O certificado poder\u00e1 ser impresso no sistema de inscri\u00e7\u00f5es (<a style=\"color: #333333\" href=\"http:\/\/www.sescpr.com.br\/circuito\">www.sescpr.com.br\/circuito<\/a><span style=\"font-size: 1em\">).\u00a0<\/span><strong>Certificado de Participa\u00e7\u00e3o<\/strong><\/span><\/h5>\n<h5><span style=\"color: #333333\"><strong>Obs.: N\u00e3o haver\u00e1 premia\u00e7\u00e3o com trof\u00e9us e medalhas.<\/strong><\/span><\/h5>\n<h5>\u00a0<\/h5>\n<h5><span style=\"color: #333333\"><u>Caso haja alguma d\u00favida, sugerimos entrar em contato na Unidade mais pr\u00f3xima.<\/u><\/span><\/h5>\n<p>\u00a0<\/p>\n<h5><span style=\"color: #333333\"><strong>Disposi\u00e7\u00f5es Gerais<\/strong><\/span><\/h5>\n<h5><span style=\"color: #333333\"><strong>A \u2013<\/strong>\u00a0No ato da inscri\u00e7\u00e3o, o atleta concordar\u00e1 com as condi\u00e7\u00f5es estipuladas neste regulamento e alegar\u00e1 suas perfeitas condi\u00e7\u00f5es f\u00edsicas e de sa\u00fade para participar da prova;<\/span><\/h5>\n<p>\u00a0<\/p>\n<h5><span style=\"color: #333333\"><strong>B \u2013<\/strong> As inscri\u00e7\u00f5es s\u00e3o pessoais e intransfer\u00edveis. Em caso de desist\u00eancia, a taxa de inscri\u00e7\u00e3o n\u00e3o ser\u00e1 reembolsada;<\/span><\/h5>\n<p>\u00a0<\/p>\n<h5><span style=\"color: #333333\"><strong>C \u2013<\/strong>\u00a0N\u00e3o ser\u00e3o realizadas devolu\u00e7\u00f5es de taxas de inscri\u00e7\u00e3o, exceto por motivo de for\u00e7a maior \u2013 les\u00e3o, acidente e cirurgia \u2013 comprovado por apresenta\u00e7\u00e3o de atestado m\u00e9dico que ser\u00e1 analisado pela comiss\u00e3o organizadora;<\/span><\/h5>\n<p>\u00a0<\/p>\n<h5><span style=\"color: #333333\"><strong>D \u2013<\/strong>\u00a0A organiza\u00e7\u00e3o da prova se reserva o direito de solicitar, a qualquer momento, a documenta\u00e7\u00e3o do atleta para fins de comprova\u00e7\u00e3o da idade do mesmo;<\/span><\/h5>\n<p>\u00a0<\/p>\n<h5><span style=\"color: #333333\"><strong>E \u2013<\/strong>\u00a0A organiza\u00e7\u00e3o da prova reserva-se o direito exclusivo de utilizar e comercializar fotos e filmagens oficiais da prova, com imagens dos participantes;<\/span><\/h5>\n<p>\u00a0<\/p>\n<h5><span style=\"color: #333333\"><strong>F \u2013<\/strong>\u00a0As camisetas estar\u00e3o \u00e0 disposi\u00e7\u00e3o dos atletas nos tamanhos PP, P, M, G, GG, em quantidade limitada;<\/span><\/h5>\n<p>\u00a0<\/p>\n<h5><span style=\"color: #333333\"><strong>G<\/strong> &#8211; O Sesc PR n\u00e3o se responsabiliza por quaisquer danos f\u00edsicos e materiais antes, durante e ap\u00f3s o evento;<\/span><\/h5>\n<p>\u00a0<\/p>\n<h5><span style=\"color: #333333\"><strong>H \u2013<\/strong>\u00a0Os casos omissos ser\u00e3o resolvidos pela comiss\u00e3o organizadora do evento.<\/span><\/h5>\n<h5>\u00a0<\/h5>\n\n\n<p><\/p>\n","protected":false},"excerpt":{"rendered":"<p>REGULAMENTO ETAPA EM CASA O presente regulamento cont\u00e9m as disposi\u00e7\u00f5es gerais para a ETAPA EM CASA do Circuito Sesc de Corridas 2020, contemplando as informa\u00e7\u00f5es necess\u00e1rias para a realiza\u00e7\u00e3o. Sugerimos a leitura completa deste regulamento, para compreens\u00e3o geral de todo o processo que envolve o evento. \u00a0 Corrida Estacion\u00e1ria Marcha ou corrida estacion\u00e1ria \u00e9 basicamente [&hellip;]<\/p>\n","protected":false},"author":734,"featured_media":0,"parent":0,"menu_order":0,"comment_status":"open","ping_status":"closed","template":"","meta":{"footnotes":""},"_links":{"self":[{"href":"https:\/\/www.sescpr.com.br\/circuito\/wp-json\/wp\/v2\/pages\/1796"}],"collection":[{"href":"https:\/\/www.sescpr.com.br\/circuito\/wp-json\/wp\/v2\/pages"}],"about":[{"href":"https:\/\/www.sescpr.com.br\/circuito\/wp-json\/wp\/v2\/types\/page"}],"author":[{"embeddable":true,"href":"https:\/\/www.sescpr.com.br\/circuito\/wp-json\/wp\/v2\/users\/734"}],"replies":[{"embeddable":true,"href":"https:\/\/www.sescpr.com.br\/circuito\/wp-json\/wp\/v2\/comments?post=1796"}],"version-history":[{"count":42,"href":"https:\/\/www.sescpr.com.br\/circuito\/wp-json\/wp\/v2\/pages\/1796\/revisions"}],"predecessor-version":[{"id":1919,"href":"https:\/\/www.sescpr.com.br\/circuito\/wp-json\/wp\/v2\/pages\/1796\/revisions\/1919"}],"wp:attachment":[{"href":"https:\/\/www.sescpr.com.br\/circuito\/wp-json\/wp\/v2\/media?parent=1796"}],"curies":[{"name":"wp","href":"https:\/\/api.w.org\/{rel}","templated":true}]}}