{"id":2889,"date":"2023-12-19T14:22:07","date_gmt":"2023-12-19T17:22:07","guid":{"rendered":"https:\/\/www.sescpr.com.br\/caioba-v2\/?page_id=2889"},"modified":"2024-10-17T09:37:32","modified_gmt":"2024-10-17T12:37:32","slug":"excursoes","status":"publish","type":"page","link":"https:\/\/www.sescpr.com.br\/caioba\/excursoes\/","title":{"rendered":"Excurs\u00f5es"},"content":{"rendered":"\n<div class=\"wp-block-group alignfull mt-0 full-width has-background is-layout-constrained wp-block-group-is-layout-constrained\" style=\"background:linear-gradient(0deg,rgba(56,213,252,0) 34%,rgb(55,213,253) 100%)\"><div class=\"wp-block-group__inner-container\">\n<div class=\"wp-block-group container-md mt-0 is-layout-constrained wp-block-group-is-layout-constrained\"><div class=\"wp-block-group__inner-container\">    <style> #sesc-69f272f31b0dc .sescpr-col-simple-content{display:flex !important;flex-direction:column !important;width:100% !important;} #sesc-69f272f31b0dc .image-simple{object-fit:cover !important;width:100% !important;display:block !important;position:relative !important;} #sesc-69f272f31b0dc .image-simple.size-variable{object-fit:contain !important;object-position:center right !important;height:30vh !important;} #sesc-69f272f31b0dc .sesc-col-1{width:100% !important;display:flex !important;flex-direction:column !important;align-items:center !important;justify-content:center !important;background:transparent !important;} #sesc-69f272f31b0dc .sesc-col-2{display:flex !important;align-items:center !important;width:100% !important;background:transparent !important;} @media (min-width: 992px) {  #sesc-69f272f31b0dc .image-simple.size-variable{height:60vh !important;} #sesc-69f272f31b0dc .sescpr-col-simple-content{flex-direction:row !important;} #sesc-69f272f31b0dc .sesc-col-1{width:58.333333333333% !important;} #sesc-69f272f31b0dc .sesc-col-2{width:41.666666666667% !important;}}<\/style>\n\n    <div id=\"sesc-69f272f31b0dc\" class=\"mb-md-5 p-3 pt-5\">\n\n        <div class=\"sescpr-col-simple-content\">\n\n            <div class=\"sesc-col-1\">\n                <img decoding=\"async\" src=\"https:\/\/www.sescpr.com.br\/caioba\/wp-content\/uploads\/sites\/217\/2024\/05\/excursoescaioba.png\" width=\"1200\" width=\"1200\" heigth=\"829\" alt=\"excursoescaioba\" class=\"image-simple size-variable tests\" loading=\"lazy\" \/>\n                            <\/div>\n\n            <div class=\"sesc-col-2\" style=\"z-index:2;\">\n                <div class=\"p-2 py-md-4 pt-8\">\n                    \n<div><div class=\"wp-block-image p-1\">\n<figure class=\"aligncenter size-large is-resized\"><img loading=\"lazy\" decoding=\"async\" width=\"1024\" height=\"226\" src=\"https:\/\/www.sescpr.com.br\/caioba\/wp-content\/uploads\/sites\/217\/2024\/03\/excursoes1-1024x226.png\" alt=\"\" class=\"wp-image-3850\" style=\"width:350px\" srcset=\"https:\/\/www.sescpr.com.br\/caioba\/wp-content\/uploads\/sites\/217\/2024\/03\/excursoes1-1024x226.png 1024w, https:\/\/www.sescpr.com.br\/caioba\/wp-content\/uploads\/sites\/217\/2024\/03\/excursoes1-300x66.png 300w, https:\/\/www.sescpr.com.br\/caioba\/wp-content\/uploads\/sites\/217\/2024\/03\/excursoes1-768x170.png 768w, https:\/\/www.sescpr.com.br\/caioba\/wp-content\/uploads\/sites\/217\/2024\/03\/excursoes1.png 1404w\" sizes=\"(max-width: 1024px) 100vw, 1024px\" \/><\/figure><\/div>\n\n\n<p class=\"has-text-align-center col-12 col-md-6 mx-auto\">As viagens organizadas pelo Sesc Paran\u00e1 contam com guia de turismo e seguro viagem para voc\u00ea aproveitar toda a infraestrutura do Hotel Sesc Caiob\u00e1 com ainda mais comodidade. Confira a data das pr\u00f3ximas excurs\u00f5es e agende j\u00e1 sua viagem!<\/p>\n<\/div>\n                <\/div>\n            <\/div>\n        <\/div>\n\n    <\/div>\n\n\n\n        \r\n\n\n    <a href=\"https:\/\/www.sescpr.com.br\/parana\/turismo\/#{%22post_type%22:%22excursao%22,%22s%22:%22%22,%22date-range%22:%22%22,%22cidade%22:%22%22,%22valor-range%22:%220;3165.00%22,%22destino%22:%22caioba-pr%22,%22paged%22:%221%22}\" class=\"btn px-4 py-3 mx-auto d-block btn-outline-tertiary \" style=\"max-width: max-content; min-width: 100px\">\r\n        Veja mais    <\/a>\r\n\r\n<\/div><\/div>\n<\/div><\/div>\n\n\n\n<hr class=\"wp-block-separator has-alpha-channel-opacity\"\/>\n\n\n    <style> #sesc-69f272f327403 .sescpr-col-simple-content{display:flex !important;flex-direction:column !important;width:100% !important;} #sesc-69f272f327403 .image-simple{object-fit:cover !important;width:100% !important;display:block !important;position:relative !important;} #sesc-69f272f327403 .image-simple.size-variable{object-fit:contain !important;object-position:center center !important;height:30vh !important;} #sesc-69f272f327403 .sesc-col-1{width:100% !important;display:flex !important;flex-direction:column !important;align-items:center !important;justify-content:center !important;background:#fff !important;} #sesc-69f272f327403 .sesc-col-2{display:flex !important;align-items:center !important;width:100% !important;background:#fff !important;} @media (min-width: 992px) {  #sesc-69f272f327403 .image-simple.size-variable{height:50vh !important;} #sesc-69f272f327403 .sescpr-col-simple-content{flex-direction:row !important;} #sesc-69f272f327403 .sesc-col-1{width:50% !important;} #sesc-69f272f327403 .sesc-col-2{width:50% !important;}}<\/style>\n\n    <div id=\"sesc-69f272f327403\" class=\"mb-md-5\">\n\n        <div class=\"sescpr-col-simple-content\">\n\n            <div class=\"sesc-col-1\">\n                <img decoding=\"async\" src=\"https:\/\/www.sescpr.com.br\/caioba\/wp-content\/uploads\/sites\/217\/2024\/05\/pacotes_caioba.png\" width=\"1200\" width=\"1200\" heigth=\"1140\" alt=\"pacotes_caioba\" class=\"image-simple size-variable \" loading=\"lazy\" \/>\n                            <\/div>\n\n            <div class=\"sesc-col-2\" style=\"z-index:2;\">\n                <div class=\"p-2 p-md-4\">\n                    \n<div>\n<figure class=\"wp-block-image size-large is-resized p-1\" id=\"pacotes\"><img loading=\"lazy\" decoding=\"async\" width=\"1024\" height=\"195\" src=\"https:\/\/www.sescpr.com.br\/caioba\/wp-content\/uploads\/sites\/217\/2024\/03\/pacotes-1-1024x195.png\" alt=\"\" class=\"wp-image-3894\" style=\"width:350px\" srcset=\"https:\/\/www.sescpr.com.br\/caioba\/wp-content\/uploads\/sites\/217\/2024\/03\/pacotes-1-1024x195.png 1024w, https:\/\/www.sescpr.com.br\/caioba\/wp-content\/uploads\/sites\/217\/2024\/03\/pacotes-1-300x57.png 300w, https:\/\/www.sescpr.com.br\/caioba\/wp-content\/uploads\/sites\/217\/2024\/03\/pacotes-1-768x146.png 768w, https:\/\/www.sescpr.com.br\/caioba\/wp-content\/uploads\/sites\/217\/2024\/03\/pacotes-1.png 1135w\" sizes=\"(max-width: 1024px) 100vw, 1024px\" \/><\/figure>\n\n\n\n<p>Na alta temporada, entre os meses de dezembro e fevereiro, a reserva \u00e9 exclusiva para trabalhadores e empres\u00e1rios do setor do com\u00e9rcio de bens, servi\u00e7os e turismo com a credencial Sesc atualizada.&nbsp;<\/p>\n\n\n\n<p>Para hospedagem no per\u00edodo que vai do Natal at\u00e9 o fim do Carnaval, o cliente deve escolher um dos pacotes dispon\u00edveis com n\u00famero de di\u00e1rias pr\u00e9-definido. Confira os crit\u00e9rios de distribui\u00e7\u00e3o das vagas e acompanhe a divulga\u00e7\u00e3o das datas de abertura das pr\u00e9-reservas pela nossa p\u00e1gina principal.&nbsp;&nbsp;<\/p>\n<\/div>\n                <\/div>\n            <\/div>\n        <\/div>\n\n    <\/div>\n\n\n\n    <a href=\"https:\/\/www.sescpr.com.br\/caioba\/reservas\/#pacotes\" class=\"btn px-4 py-3 mx-auto d-block btn-outline-tertiary \" style=\"max-width: max-content; min-width: 100px\">\r\n        Veja mais    <\/a>\r\n\r\n\n\n\n<div class=\"wp-block-group py-5 is-layout-constrained wp-block-group-is-layout-constrained\"><div class=\"wp-block-group__inner-container\">\n<h2 class=\"wp-block-heading has-text-align-center mt-2 mt-md-5\">Comodidades<\/h2>\n\n\n\n<p class=\"has-text-align-center\">Servi\u00e7os oferecidos pelo Hotel Sesc Caiob\u00e1 para que voc\u00ea tenha uma estadia inesquec\u00edvel<\/p>\n\n\n\r\n<style>\r\n#sesc-flipcar-69f272f327c0c .sesc-block-flipcard {\r\n    width: 50%\r\n}\r\n\r\n#sesc-flipcar-69f272f327c0c .sesc-block-flipcard-content,\r\n#sesc-flipcar-69f272f327c0c .sesc-block-flipcard-content div,\r\n#sesc-flipcar-69f272f327c0c .sesc-block-flipcard-content p,\r\n#sesc-flipcar-69f272f327c0c .sesc-block-flipcard-content a,\r\n#sesc-flipcar-69f272f327c0c .sesc-block-flipcard-content strong,\r\n#sesc-flipcar-69f272f327c0c .sesc-block-flipcard-content span {\r\n    color: #000}\r\n\r\n@media (min-width: 576px) {\r\n    #sesc-flipcar-69f272f327c0c .sesc-block-flipcard {\r\n        width: 20%\r\n    }\r\n}\r\n<\/style>\r\n<div id=\"sesc-flipcar-69f272f327c0c\">\r\n\r\n        <div class=\"w-100 d-flex flex-wrap\">\r\n        \r\n<div class=\"sesc-block-flipcard  p-0\">\r\n    <div class=\"p-0 p-md-6 m-0  \">\r\n                <a href=\"https:\/\/www.sescpr.com.br\/caioba\/comodidades\/#recepcao\" >\r\n                        <div class=\"position-relative\" style=\"aspect-ratio: 1\/1;\">\r\n                <img decoding=\"async\" src=\"https:\/\/www.sescpr.com.br\/caioba\/wp-content\/uploads\/sites\/217\/2023\/11\/recepcao-hotelcaioba-1-1024x741.jpg\" class=\"w-100 h-100 position-absolute top-0\" style=\"object-fit: cover\">                <div class=\"position-absolute bottom-0 w-100 h-100\" style=\"background: linear-gradient(180deg,rgba(184,89,0,0.33) 54%,rgb(159,58,0) 100%)\">\r\n                <\/div>\r\n                <h5 class=\"position-absolute bottom-0 text-center w-100\"\r\n                    style=\"color: #fefefe\">Recep\u00e7\u00e3o 24h<\/h5>\r\n            <\/div>\r\n\r\n                                <\/a>\r\n            <\/div>\r\n<\/div>\r\n\r\n\r\n<div class=\"sesc-block-flipcard  p-0\">\r\n    <div class=\"p-0 p-md-6 m-0  \">\r\n                <a href=\"https:\/\/www.sescpr.com.br\/caioba\/comodidades\/#estacionamento\" >\r\n                        <div class=\"position-relative\" style=\"aspect-ratio: 1\/1;\">\r\n                <img decoding=\"async\" src=\"https:\/\/www.sescpr.com.br\/caioba\/wp-content\/uploads\/sites\/217\/2023\/10\/estacionamento-sesc-caioba-1024x684.jpg\" class=\"w-100 h-100 position-absolute top-0\" style=\"object-fit: cover\">                <div class=\"position-absolute bottom-0 w-100 h-100\" style=\"background: linear-gradient(180deg,rgba(184,89,0,0.33) 54%,rgb(159,58,0) 100%)\">\r\n                <\/div>\r\n                <h5 class=\"position-absolute bottom-0 text-center w-100\"\r\n                    style=\"color: #fefefe\">Estacionamento<\/h5>\r\n            <\/div>\r\n\r\n                                <\/a>\r\n            <\/div>\r\n<\/div>\r\n\r\n\r\n<div class=\"sesc-block-flipcard  p-0\">\r\n    <div class=\"p-0 p-md-6 m-0  \">\r\n                <a href=\"https:\/\/www.sescpr.com.br\/caioba\/comodidades\/#academia\" >\r\n                        <div class=\"position-relative\" style=\"aspect-ratio: 1\/1;\">\r\n                <img decoding=\"async\" src=\"https:\/\/www.sescpr.com.br\/caioba\/wp-content\/uploads\/sites\/217\/2023\/10\/academia-sesc-caioba-1024x684.jpg\" class=\"w-100 h-100 position-absolute top-0\" style=\"object-fit: cover\">                <div class=\"position-absolute bottom-0 w-100 h-100\" style=\"background: linear-gradient(180deg,rgba(184,89,0,0.33) 54%,rgb(159,58,0) 100%)\">\r\n                <\/div>\r\n                <h5 class=\"position-absolute bottom-0 text-center w-100\"\r\n                    style=\"color: #fefefe\">Academia<\/h5>\r\n            <\/div>\r\n\r\n                                <\/a>\r\n            <\/div>\r\n<\/div>\r\n\r\n\r\n<div class=\"sesc-block-flipcard  p-0\">\r\n    <div class=\"p-0 p-md-6 m-0  \">\r\n                <a href=\"https:\/\/www.sescpr.com.br\/caioba\/comodidades\/#loja-de-souvenirs\" >\r\n                        <div class=\"position-relative\" style=\"aspect-ratio: 1\/1;\">\r\n                <img decoding=\"async\" src=\"https:\/\/www.sescpr.com.br\/caioba\/wp-content\/uploads\/sites\/217\/2023\/10\/loja-artesanato-sesccaioba-1024x683.jpg\" class=\"w-100 h-100 position-absolute top-0\" style=\"object-fit: cover\">                <div class=\"position-absolute bottom-0 w-100 h-100\" style=\"background: linear-gradient(180deg,rgba(184,89,0,0.33) 54%,rgb(159,58,0) 100%)\">\r\n                <\/div>\r\n                <h5 class=\"position-absolute bottom-0 text-center w-100\"\r\n                    style=\"color: #fefefe\">Loja Sesc Canoa Cai\u00e7ara<\/h5>\r\n            <\/div>\r\n\r\n                                <\/a>\r\n            <\/div>\r\n<\/div>\r\n\r\n\r\n<div class=\"sesc-block-flipcard  p-0\">\r\n    <div class=\"p-0 p-md-6 m-0  \">\r\n                <a href=\"https:\/\/www.sescpr.com.br\/caioba\/comodidades\/#capela-ecumenica\" >\r\n                        <div class=\"position-relative\" style=\"aspect-ratio: 1\/1;\">\r\n                <img decoding=\"async\" src=\"https:\/\/www.sescpr.com.br\/caioba\/wp-content\/uploads\/sites\/217\/2023\/10\/capela-sesccaioba.jpg\" class=\"w-100 h-100 position-absolute top-0\" style=\"object-fit: cover\">                <div class=\"position-absolute bottom-0 w-100 h-100\" style=\"background: linear-gradient(180deg,rgba(184,89,0,0.33) 54%,rgb(159,58,0) 100%)\">\r\n                <\/div>\r\n                <h5 class=\"position-absolute bottom-0 text-center w-100\"\r\n                    style=\"color: #fefefe\">Capela ecum\u00eanica<\/h5>\r\n            <\/div>\r\n\r\n                                <\/a>\r\n            <\/div>\r\n<\/div>\r\n\r\n    <\/div>\r\n    \r\n<\/div>\r\n\r\n\r\n<\/div><\/div>\n\n\n    <style> #sesc-69f272f32aacc .sescpr-col-simple-content{display:flex !important;flex-direction:column !important;width:100% !important;} #sesc-69f272f32aacc .image-simple{object-fit:cover !important;width:100% !important;display:block !important;position:relative !important;} #sesc-69f272f32aacc .image-simple.size-variable{object-fit:cover !important;object-position:top center !important;height:38vh !important;} #sesc-69f272f32aacc .sesc-col-1{width:100% !important;display:flex !important;flex-direction:column !important;align-items:center !important;justify-content:flex-start !important;background:linear-gradient(0deg,rgb(33,197,232) 0%,rgb(0,136,213) 80%) !important;} #sesc-69f272f32aacc .sesc-col-2{display:flex !important;align-items:center !important;width:100% !important;background:linear-gradient(180deg,rgb(31,56,91) 9%,rgb(0,76,153) 100%) !important;} @media (min-width: 992px) {  #sesc-69f272f32aacc .image-simple.size-variable{height:65vh !important;} #sesc-69f272f32aacc .sescpr-col-simple-content{flex-direction:row !important;} #sesc-69f272f32aacc .sesc-col-1{width:50% !important;} #sesc-69f272f32aacc .sesc-col-2{width:50% !important;}}<\/style>\n\n    <div id=\"sesc-69f272f32aacc\" class=\"my-3 my-md-plus   d-none\">\n\n        <div class=\"sescpr-col-simple-content\">\n\n            <div class=\"sesc-col-1\">\n                <img decoding=\"async\" src=\"https:\/\/www.sescpr.com.br\/caioba\/wp-content\/uploads\/sites\/217\/2023\/10\/como-adquirir-section-img-left.png\" width=\"676\" width=\"676\" heigth=\"676\" alt=\"como-adquirir-section-img-left\" class=\"image-simple size-variable overflow-hidden  rounded-end\" loading=\"lazy\" \/>\n                            <\/div>\n\n            <div class=\"sesc-col-2\" style=\"z-index:2;\">\n                <div class=\"p-2 p-md-4\">\n                    \n<div>\n<div class=\"wp-block-group p-2 p-md-5 is-layout-constrained wp-block-group-is-layout-constrained\"><div class=\"wp-block-group__inner-container\">    <style> #sesc-69f272f32a6d6 .sescpr-col-simple-content{display:flex !important;flex-direction:column-reverse !important;width:100% !important;} #sesc-69f272f32a6d6 .image-simple{object-fit:cover !important;width:100% !important;display:block !important;position:relative !important;} #sesc-69f272f32a6d6 .image-simple.size-variable{object-fit:contain !important;object-position:center center !important;height:100px !important;} #sesc-69f272f32a6d6 .sesc-col-1{width:100% !important;display:flex !important;flex-direction:column !important;align-items:center !important;justify-content:center !important;background:transparent !important;} #sesc-69f272f32a6d6 .sesc-col-2{display:flex !important;align-items:center !important;width:100% !important;background:transparent !important;} @media (min-width: 992px) {  #sesc-69f272f32a6d6 .image-simple.size-variable{height:100px !important;} #sesc-69f272f32a6d6 .sescpr-col-simple-content{flex-direction:row-reverse !important;} #sesc-69f272f32a6d6 .sesc-col-1{width:33.333333333333% !important;} #sesc-69f272f32a6d6 .sesc-col-2{width:66.666666666667% !important;}}<\/style>\n\n    <div id=\"sesc-69f272f32a6d6\" class=\"mb-2\">\n\n        <div class=\"sescpr-col-simple-content\">\n\n            <div class=\"sesc-col-1\">\n                <img decoding=\"async\" src=\"https:\/\/www.sescpr.com.br\/caioba\/wp-content\/uploads\/sites\/217\/2023\/10\/enfeite-titulo-como-adquirir.png\" width=\"900\" width=\"900\" heigth=\"181\" alt=\"enfeite-titulo-como-adquirir\" class=\"image-simple \" loading=\"lazy\" \/>\n                            <\/div>\n\n            <div class=\"sesc-col-2\" style=\"z-index:2;\">\n                <div class=\"\">\n                    \n<div>\n<h2 class=\"wp-block-heading h1 p-0 has-white-color has-text-color\" style=\"font-style:normal;font-weight:800\">Vem viver o Sesc Paran\u00e1<\/h2>\n<\/div>\n                <\/div>\n            <\/div>\n        <\/div>\n\n    <\/div>\n\n\n\n\n<h3 class=\"wp-block-heading mb-3 mb-md-5 has-white-color has-text-color\">Trabalhador do com\u00e9rcio tem prioridade para reserva na alta temporada e aproveita nossos hot\u00e9is pagando menos<\/h3>\n\n\n\n<p class=\"has-white-color has-text-color\">Fa\u00e7a sua credencial para aproveitar a rede de hot\u00e9is e pousadas do Sesc em todo o pa\u00eds, nossos passeios e excurs\u00f5es para destinos incr\u00edveis.<\/p>\n\n\n    <a href=\"https:\/\/www.sescpr.com.br\/credencial\/?sdscred\" class=\"btn px-4 py-3 mx-auto d-block btn-tertiary rounded-pill mt-2 mt-md-5 text-white\" style=\"max-width: max-content; min-width: 100px\">\r\n        Quero minha credencial gratuita    <\/a>\r\n\r\n<\/div><\/div>\n<\/div>\n                <\/div>\n            <\/div>\n        <\/div>\n\n    <\/div>\n\n","protected":false},"excerpt":{"rendered":"<p> [&#8230;]<\/p>\n<p><small> <a class=\"btn btn-outline-primary p-0 px-3 rounded-1\" style=\"font-size: .8rem\"  href=\"https:\/\/www.sescpr.com.br\/caioba\/excursoes\/\">Leia mais.<span class=\"screen-reader-text\"> from Excurs\u00f5es<\/span><\/a><\/small><\/p>\n","protected":false},"author":734,"featured_media":0,"parent":0,"menu_order":0,"comment_status":"closed","ping_status":"closed","template":"","meta":{"hoteis_localizacao_acomodacao":"","hoteis_galeria_imgs":[],"hoteis_cardapio":"","hoteis_administracao_restaurante":"","hoteis_localizacao_informacao":"","footnotes":""},"yoast_head":"<!-- This site is optimized with the Yoast SEO plugin v19.10 - https:\/\/yoast.com\/wordpress\/plugins\/seo\/ -->\n<title>Excurs\u00f5es - Sesc Caiob\u00e1 - Centro de Turismo e Lazer<\/title>\n<meta name=\"robots\" content=\"index, follow, max-snippet:-1, max-image-preview:large, max-video-preview:-1\" \/>\n<link rel=\"canonical\" href=\"https:\/\/www.sescpr.com.br\/caioba\/excursoes\/\" \/>\n<meta property=\"og:locale\" content=\"pt_BR\" \/>\n<meta property=\"og:type\" content=\"article\" \/>\n<meta property=\"og:title\" content=\"Excurs\u00f5es - Sesc Caiob\u00e1 - Centro de Turismo e Lazer\" \/>\n<meta property=\"og:description\" content=\"[...] Leia mais. from Excurs\u00f5es\" \/>\n<meta property=\"og:url\" content=\"https:\/\/www.sescpr.com.br\/caioba\/excursoes\/\" \/>\n<meta property=\"og:site_name\" content=\"Sesc Caiob\u00e1 - Centro de Turismo e Lazer\" \/>\n<meta property=\"article:modified_time\" content=\"2024-10-17T12:37:32+00:00\" \/>\n<meta property=\"og:image\" content=\"https:\/\/www.sescpr.com.br\/caioba\/wp-content\/uploads\/sites\/217\/2024\/03\/excursoes1-1024x226.png\" \/>\n<meta name=\"twitter:card\" content=\"summary_large_image\" \/>\n<meta name=\"twitter:label1\" content=\"Est. tempo de leitura\" \/>\n\t<meta name=\"twitter:data1\" content=\"1 minuto\" \/>\n<script type=\"application\/ld+json\" class=\"yoast-schema-graph\">{\"@context\":\"https:\/\/schema.org\",\"@graph\":[{\"@type\":\"WebPage\",\"@id\":\"https:\/\/www.sescpr.com.br\/caioba\/excursoes\/\",\"url\":\"https:\/\/www.sescpr.com.br\/caioba\/excursoes\/\",\"name\":\"Excurs\u00f5es - Sesc Caiob\u00e1 - Centro de Turismo e Lazer\",\"isPartOf\":{\"@id\":\"https:\/\/www.sescpr.com.br\/caioba\/#website\"},\"datePublished\":\"2023-12-19T17:22:07+00:00\",\"dateModified\":\"2024-10-17T12:37:32+00:00\",\"breadcrumb\":{\"@id\":\"https:\/\/www.sescpr.com.br\/caioba\/excursoes\/#breadcrumb\"},\"inLanguage\":\"pt-BR\",\"potentialAction\":[{\"@type\":\"ReadAction\",\"target\":[\"https:\/\/www.sescpr.com.br\/caioba\/excursoes\/\"]}]},{\"@type\":\"BreadcrumbList\",\"@id\":\"https:\/\/www.sescpr.com.br\/caioba\/excursoes\/#breadcrumb\",\"itemListElement\":[{\"@type\":\"ListItem\",\"position\":1,\"name\":\"In\u00edcio\",\"item\":\"https:\/\/www.sescpr.com.br\/caioba\/\"},{\"@type\":\"ListItem\",\"position\":2,\"name\":\"Excurs\u00f5es\"}]},{\"@type\":\"WebSite\",\"@id\":\"https:\/\/www.sescpr.com.br\/caioba\/#website\",\"url\":\"https:\/\/www.sescpr.com.br\/caioba\/\",\"name\":\"Sesc Caiob\u00e1 - Centro de Turismo e Lazer\",\"description\":\"Hotel Sesc Caiob\u00e1 - Hospedagem e Lazer o Ano Inteiro\",\"potentialAction\":[{\"@type\":\"SearchAction\",\"target\":{\"@type\":\"EntryPoint\",\"urlTemplate\":\"https:\/\/www.sescpr.com.br\/caioba\/?s={search_term_string}\"},\"query-input\":\"required name=search_term_string\"}],\"inLanguage\":\"pt-BR\"}]}<\/script>\n<!-- \/ Yoast SEO plugin. -->","yoast_head_json":{"title":"Excurs\u00f5es - Sesc Caiob\u00e1 - Centro de Turismo e Lazer","robots":{"index":"index","follow":"follow","max-snippet":"max-snippet:-1","max-image-preview":"max-image-preview:large","max-video-preview":"max-video-preview:-1"},"canonical":"https:\/\/www.sescpr.com.br\/caioba\/excursoes\/","og_locale":"pt_BR","og_type":"article","og_title":"Excurs\u00f5es - Sesc Caiob\u00e1 - Centro de Turismo e Lazer","og_description":"[...] Leia mais. from Excurs\u00f5es","og_url":"https:\/\/www.sescpr.com.br\/caioba\/excursoes\/","og_site_name":"Sesc Caiob\u00e1 - Centro de Turismo e Lazer","article_modified_time":"2024-10-17T12:37:32+00:00","og_image":[{"url":"https:\/\/www.sescpr.com.br\/caioba\/wp-content\/uploads\/sites\/217\/2024\/03\/excursoes1-1024x226.png"}],"twitter_card":"summary_large_image","twitter_misc":{"Est. tempo de leitura":"1 minuto"},"schema":{"@context":"https:\/\/schema.org","@graph":[{"@type":"WebPage","@id":"https:\/\/www.sescpr.com.br\/caioba\/excursoes\/","url":"https:\/\/www.sescpr.com.br\/caioba\/excursoes\/","name":"Excurs\u00f5es - Sesc Caiob\u00e1 - Centro de Turismo e Lazer","isPartOf":{"@id":"https:\/\/www.sescpr.com.br\/caioba\/#website"},"datePublished":"2023-12-19T17:22:07+00:00","dateModified":"2024-10-17T12:37:32+00:00","breadcrumb":{"@id":"https:\/\/www.sescpr.com.br\/caioba\/excursoes\/#breadcrumb"},"inLanguage":"pt-BR","potentialAction":[{"@type":"ReadAction","target":["https:\/\/www.sescpr.com.br\/caioba\/excursoes\/"]}]},{"@type":"BreadcrumbList","@id":"https:\/\/www.sescpr.com.br\/caioba\/excursoes\/#breadcrumb","itemListElement":[{"@type":"ListItem","position":1,"name":"In\u00edcio","item":"https:\/\/www.sescpr.com.br\/caioba\/"},{"@type":"ListItem","position":2,"name":"Excurs\u00f5es"}]},{"@type":"WebSite","@id":"https:\/\/www.sescpr.com.br\/caioba\/#website","url":"https:\/\/www.sescpr.com.br\/caioba\/","name":"Sesc Caiob\u00e1 - Centro de Turismo e Lazer","description":"Hotel Sesc Caiob\u00e1 - Hospedagem e Lazer o Ano Inteiro","potentialAction":[{"@type":"SearchAction","target":{"@type":"EntryPoint","urlTemplate":"https:\/\/www.sescpr.com.br\/caioba\/?s={search_term_string}"},"query-input":"required name=search_term_string"}],"inLanguage":"pt-BR"}]}},"_links":{"self":[{"href":"https:\/\/www.sescpr.com.br\/caioba\/wp-json\/wp\/v2\/pages\/2889"}],"collection":[{"href":"https:\/\/www.sescpr.com.br\/caioba\/wp-json\/wp\/v2\/pages"}],"about":[{"href":"https:\/\/www.sescpr.com.br\/caioba\/wp-json\/wp\/v2\/types\/page"}],"author":[{"embeddable":true,"href":"https:\/\/www.sescpr.com.br\/caioba\/wp-json\/wp\/v2\/users\/734"}],"replies":[{"embeddable":true,"href":"https:\/\/www.sescpr.com.br\/caioba\/wp-json\/wp\/v2\/comments?post=2889"}],"version-history":[{"count":0,"href":"https:\/\/www.sescpr.com.br\/caioba\/wp-json\/wp\/v2\/pages\/2889\/revisions"}],"wp:attachment":[{"href":"https:\/\/www.sescpr.com.br\/caioba\/wp-json\/wp\/v2\/media?parent=2889"}],"curies":[{"name":"wp","href":"https:\/\/api.w.org\/{rel}","templated":true}]}}