{"id":1552,"date":"2023-11-16T13:48:12","date_gmt":"2023-11-16T16:48:12","guid":{"rendered":"https:\/\/www.sescpr.com.br\/caioba-v2\/?page_id=1552"},"modified":"2024-05-07T17:13:57","modified_gmt":"2024-05-07T20:13:57","slug":"comodidades","status":"publish","type":"page","link":"https:\/\/www.sescpr.com.br\/caioba\/comodidades\/","title":{"rendered":"Comodidades"},"content":{"rendered":"\n    <style>\n        #sesc-69f7a67b56182 {\n            z-index: 2\n        }\n\n        #sesc-69f7a67b56182 .img-full {\n            object-fit: cover;\n            z-index: -1;\n            height: 100%;\n            height:30vh !important;\n        }\n\n        #sesc-69f7a67b56182 .col-bg {\n            z-index: 2;\n            background: ;background:linear-gradient(90deg,rgba(17,62,92,0) 0%,rgb(6,27,120) 20%)        }\n\n        @media (min-width: 576px) {\n            #sesc-69f7a67b56182 {\n                height:40vh !important;\n            }\n\n            #sesc-69f7a67b56182 .img-full {\n                height:40vh !important;\n                position: absolute;\n                top: 0;\n                left: 0;\n            }\n\n        }\n    <\/style>\n\n    <div id=\"sesc-69f7a67b56182\" class=\"sescpr-colfull-img overflow-hidden full-width bg-primary\">\n\n        <div class=\"w-100 h-100 d-md-flex position-relative col-12 col-md-6 flex-column flex-md-row-reverse \">\n            <img decoding=\"async\" src=\"https:\/\/www.sescpr.com.br\/caioba\/wp-content\/uploads\/sites\/217\/2023\/12\/footer.png\" class=\"w-100 d-md-block img-full\" style=\"object-position: center; object-fit: cover\">\n\n            <div class=\"col-bg position-relative col-12 col-md-6 d-flex align-items-center p-2 p-md-5\">\n                <div class=\"p-2 p-md-4\">\n                    \n<div>\n<div class=\"wp-block-group col-12 col-md-8 ms-md-5 ps-md-5 is-layout-constrained wp-block-group-is-layout-constrained\"><div class=\"wp-block-group__inner-container\">\n<h2 class=\"wp-block-heading mt-md-4 has-white-color has-text-color has-link-color wp-elements-65b858b92d9886954b768c3b80825549\">Comodidades<\/h2>\n\n\n\n<p class=\"has-white-color has-text-color has-link-color wp-elements-0cfecdaa7f9587ce57da3261b50fa6aa\">Conhe\u00e7a a estrutura e os servi\u00e7os oferecidos pelo Hotel Sesc Caiob\u00e1 para que voc\u00ea tenha uma estadia inesquec\u00edvel<\/p>\n<\/div><\/div>\n<\/div>\n                <\/div>\n            <\/div>\n        <\/div>\n\n\n\n\n    <\/div>\n\n\n<style>\n.sesc-col-query-69f7a67b561c7 .splide__list{height: 30vh !important;}@media (min-width: 576px) {\n    .sesc-col-query-69f7a67b561c7 .splide__list{height: 100% !important;}.sesc-col-query-69f7a67b561c7 .splide__pagination{height: auto !important;}.sesc-col-query-69f7a67b561c7{height: 70vh!important;}}\n<\/style>\n\n\n\n<div class=' mt-2 mt-md-5 '>\n\n<div id=\"recepcao\"\n    class=\"d-md-flex w-100 gap-5 sesc-col-query sesc-col-query-69f7a67b561c7 my-0 my-md-5 py-2 py-md-5 border-bottom  flex-row \">\n        <div class=\"col-12 col-md-6 img-content\">\n        <img decoding=\"async\" class=\"\" src=\"https:\/\/www.sescpr.com.br\/caioba\/wp-content\/uploads\/sites\/217\/2023\/11\/recepcao-hotelcaioba-1.jpg\" alt=\"\" style=\"width: 100%; height: 100%; position: relative; object-fit: cover;\" >    <\/div>\n    \n    <div\n        class=\"overflow-auto col-12 col-md-6 d-flex flex-column  justify-content-center pt-4 pt-md-0 px-2 px-md-0\">\n        <div>\n                        \n                        <h2 class=\"\">Recep\u00e7\u00e3o 24h<\/h2>\n            \n\n        <\/div>\n\n        <div class=\"align-items-center \">\n            <p><!-- wp:heading {\"level\":5} --><\/p>\n<h4 class=\"wp-block-heading\">A recep\u00e7\u00e3o do Hotel Sesc Caiob\u00e1 funciona 24 horas por dia, nos sete dias da semana<\/h4>\n<p><!-- \/wp:heading --><\/p>\n<p><!-- wp:paragraph --><\/p>\n<p>Nossa equipe est\u00e1 a disposi\u00e7\u00e3o para te receber com respeito e empatia e te ajudar a aproveitar cada minuto da sua estadia por aqui com informa\u00e7\u00f5es sobre a programa\u00e7\u00e3o e comodidades dispon\u00edveis no hotel e sobre as atra\u00e7\u00f5es tur\u00edsticas da regi\u00e3o.<\/p>\n<p><!-- \/wp:paragraph --><\/p>\n<p><!-- wp:heading {\"level\":6} --><\/p>\n<h6 class=\"wp-block-heading\">Hor\u00e1rio de entrada e sa\u00edda:<\/h6>\n<p><!-- \/wp:heading --><\/p>\n<p><!-- wp:paragraph --><\/p>\n<p>Check-in (entrada): \u00e0s <strong>16h<\/strong><br \/>Check-out (sa\u00edda): \u00e0s <strong>13h<\/strong><\/p>\n<p><!-- \/wp:paragraph --><\/p>\n        <\/div>\n\n\n            <\/div>\n<\/div>\n\n\n\n<script>\ndocument.addEventListener('DOMContentLoaded', function() {\n    new Splide('.splide1982', {\n        type: 'loop',\n        autoPlay: true,\n        perPage: 1,\n        arrow: true,\n        cover: true,\n        pagination: true\n    }).mount();\n}, false);\n<\/script>\n\n\n\n<div id=\"estacionamento\"\n    class=\"d-md-flex w-100 gap-5 sesc-col-query sesc-col-query-69f7a67b561c7 my-0 my-md-5 py-2 py-md-5 border-bottom  flex-row-reverse \">\n        <div class=\"col-12 col-md-6 img-content\">\n        <img decoding=\"async\" class=\"\" src=\"https:\/\/www.sescpr.com.br\/caioba\/wp-content\/uploads\/sites\/217\/2023\/10\/estacionamento-sesc-caioba.jpg\" alt=\"\" style=\"width: 100%; height: 100%; position: relative; object-fit: cover;\" >    <\/div>\n    \n    <div\n        class=\"overflow-auto col-12 col-md-6 d-flex flex-column  justify-content-center pt-4 pt-md-0 px-2 px-md-0\">\n        <div>\n                        \n                        <h2 class=\"\">Estacionamento<\/h2>\n            \n\n        <\/div>\n\n        <div class=\"align-items-center \">\n            <p><!-- wp:heading {\"level\":5} --><\/p>\n<h4 class=\"wp-block-heading\">Estacionamento anexo ao Hotel para voc\u00ea aproveitar o litoral com conforto e seguran\u00e7a<\/h4>\n<p><!-- \/wp:heading --><\/p>\n<p><!-- wp:paragraph --><\/p>\n<p>O Hotel Sesc Caiob\u00e1 tem duas \u00e1reas de estacionamento privativo com monitoramento 24h dispon\u00edvel para h\u00f3spedes e convidados dos eventos realizados em nossas instala\u00e7\u00f5es.<\/p>\n<p>Nossos h\u00f3spedes t\u00eam uma vaga dispon\u00edvel no estacionamento e a pagam um valor especial na di\u00e1ria de R$ 8,00 para carros e R$ 5,00 para motos. A tarifa \u00e9 paga no momento do check-in. \u00a0<\/p>\n<p><!-- \/wp:paragraph --><\/p>\n<p><!-- wp:paragraph --><\/p>\n<p>&nbsp;<\/p>\n<p><!-- \/wp:paragraph --><\/p>\n        <\/div>\n\n\n            <\/div>\n<\/div>\n\n\n\n<script>\ndocument.addEventListener('DOMContentLoaded', function() {\n    new Splide('.splide568', {\n        type: 'loop',\n        autoPlay: true,\n        perPage: 1,\n        arrow: true,\n        cover: true,\n        pagination: true\n    }).mount();\n}, false);\n<\/script>\n\n\n\n<div id=\"academia\"\n    class=\"d-md-flex w-100 gap-5 sesc-col-query sesc-col-query-69f7a67b561c7 my-0 my-md-5 py-2 py-md-5 border-bottom  flex-row \">\n        <div class=\"col-12 col-md-6 img-content\">\n        <img decoding=\"async\" class=\"\" src=\"https:\/\/www.sescpr.com.br\/caioba\/wp-content\/uploads\/sites\/217\/2023\/10\/academia-sesc-caioba.jpg\" alt=\"\" style=\"width: 100%; height: 100%; position: relative; object-fit: cover;\" >    <\/div>\n    \n    <div\n        class=\"overflow-auto col-12 col-md-6 d-flex flex-column  justify-content-center pt-4 pt-md-0 px-2 px-md-0\">\n        <div>\n                        \n                        <h2 class=\"\">Academia<\/h2>\n            \n\n        <\/div>\n\n        <div class=\"align-items-center \">\n            <h4>N\u00e3o perca o ritmo do cuidado com a sa\u00fade nas f\u00e9rias<\/h4>\n<p>Nossa academia fica dentro do Espa\u00e7o Bem Estar e oferece equipamentos de muscula\u00e7\u00e3o, pesos livres, esteiras e bicicletas ergom\u00e9tricas. Mantenha-se ativo mesmo no seu per\u00edodo de f\u00e9rias!<\/p>\n<p><strong>Hor\u00e1rio de funcionamento<\/strong>: 8h \u00e0s 22h.<\/p>\n<p><!-- wp:paragraph --><\/p>\n<p><!-- \/wp:paragraph --><\/p>\n        <\/div>\n\n\n            <\/div>\n<\/div>\n\n\n\n<script>\ndocument.addEventListener('DOMContentLoaded', function() {\n    new Splide('.splide560', {\n        type: 'loop',\n        autoPlay: true,\n        perPage: 1,\n        arrow: true,\n        cover: true,\n        pagination: true\n    }).mount();\n}, false);\n<\/script>\n\n\n\n<div id=\"loja-de-souvenirs\"\n    class=\"d-md-flex w-100 gap-5 sesc-col-query sesc-col-query-69f7a67b561c7 my-0 my-md-5 py-2 py-md-5 border-bottom  flex-row-reverse \">\n        <div class=\"col-12 col-md-6 img-content\">\n        <img decoding=\"async\" class=\"\" src=\"https:\/\/www.sescpr.com.br\/caioba\/wp-content\/uploads\/sites\/217\/2023\/10\/loja-artesanato-sesccaioba.jpg\" alt=\"\" style=\"width: 100%; height: 100%; position: relative; object-fit: cover;\" >    <\/div>\n    \n    <div\n        class=\"overflow-auto col-12 col-md-6 d-flex flex-column  justify-content-center pt-4 pt-md-0 px-2 px-md-0\">\n        <div>\n                        \n                        <h2 class=\"\">Loja Sesc Canoa Cai\u00e7ara<\/h2>\n            \n\n        <\/div>\n\n        <div class=\"align-items-center \">\n            <h4>Leve para casa um pedacinho do litoral e do Hotel Sesc Caiob\u00e1<\/h4>\n<p>Aproveite sua estadia para conhecer os produtos dispon\u00edveis na Loja Sesc Canoa Cai\u00e7ara, que funciona no andar t\u00e9rreo do Hotel. Aqui voc\u00ea encontra brinquedos, lembran\u00e7as da viagem para decorar sua casa ou presentar algu\u00e9m e colecion\u00e1veis produzidos por artistas e artes\u00e3os no litoral do Paran\u00e1.<\/p>\n<p>&nbsp;<\/p>\n<p><!-- wp:paragraph --><\/p>\n<p>&nbsp;<\/p>\n<p><!-- \/wp:paragraph --><\/p>\n        <\/div>\n\n\n            <\/div>\n<\/div>\n\n\n\n<script>\ndocument.addEventListener('DOMContentLoaded', function() {\n    new Splide('.splide599', {\n        type: 'loop',\n        autoPlay: true,\n        perPage: 1,\n        arrow: true,\n        cover: true,\n        pagination: true\n    }).mount();\n}, false);\n<\/script>\n\n\n\n<div id=\"capela-ecumenica\"\n    class=\"d-md-flex w-100 gap-5 sesc-col-query sesc-col-query-69f7a67b561c7 my-0 my-md-5 py-2 py-md-5 border-bottom  flex-row \">\n        <div class=\"col-12 col-md-6 img-content\">\n        <img decoding=\"async\" class=\"\" src=\"https:\/\/www.sescpr.com.br\/caioba\/wp-content\/uploads\/sites\/217\/2023\/10\/capela-sesccaioba.jpg\" alt=\"\" style=\"width: 100%; height: 100%; position: relative; object-fit: cover;\" >    <\/div>\n    \n    <div\n        class=\"overflow-auto col-12 col-md-6 d-flex flex-column  justify-content-center pt-4 pt-md-0 px-2 px-md-0\">\n        <div>\n                        \n                        <h2 class=\"\">Capela ecum\u00eanica<\/h2>\n            \n\n        <\/div>\n\n        <div class=\"align-items-center \">\n            <p><!-- wp:heading --><\/p>\n<h4>Um cantinho dedicado \u00e0 reflex\u00e3o e conex\u00e3o<\/h4>\n<p><!-- \/wp:heading --><\/p>\n<p><!-- wp:paragraph --><\/p>\n<p>Nossos hospedes t\u00eam um charmoso espa\u00e7o de ora\u00e7\u00e3o e acolhimento no Hotel Sesc Caiob\u00e1. A capela ecum\u00eanica foi constru\u00edda nos jardins e sua bela fachada pode ser apreciada por quem caminha pelos jardins.<\/p>\n<p><!-- \/wp:paragraph --><\/p>\n<p><!-- wp:paragraph --><!-- \/wp:paragraph --><\/p>\n        <\/div>\n\n\n            <\/div>\n<\/div>\n\n\n\n<script>\ndocument.addEventListener('DOMContentLoaded', function() {\n    new Splide('.splide584', {\n        type: 'loop',\n        autoPlay: true,\n        perPage: 1,\n        arrow: true,\n        cover: true,\n        pagination: true\n    }).mount();\n}, false);\n<\/script>\n\n<\/div>\n\n            <div class=\"container row row-cols-md-3\">\r\n                                            <div class=\"p-2 m-0\" style=\"aspect-ratio: 4\/2;\" style=\"z-index: 2\">\r\n                    <a href=\"https:\/\/www.sescpr.com.br\/caioba\/gastronomia\/\">\r\n                        <div class=\"position-relative w-100 h-100 border border-tertiary border-1 rounded overflow-hidden\">\r\n                            <img decoding=\"async\" src=\"https:\/\/www.sescpr.com.br\/caioba\/wp-content\/uploads\/sites\/217\/2023\/12\/drinks_caioba.jpg\" alt=\"\" class=\"position-absolute top-0 w-100 h-100\" style=\"object-fit: cover; z-index: -1\">\r\n                            <h4 class=\"w-100 text-center bg-tertiary py-1 py-md-2 position-absolute bottom-0 m-0 text-white\" style=\"z-index: 3\"> Gastronomia <\/h4>\r\n                        <\/div>\r\n                    <\/a>\r\n                <\/div>\r\n                                            <div class=\"p-2 m-0\" style=\"aspect-ratio: 4\/2;\" style=\"z-index: 2\">\r\n                    <a href=\"https:\/\/www.sescpr.com.br\/caioba\/parqueaquatico\/\">\r\n                        <div class=\"position-relative w-100 h-100 border border-tertiary border-1 rounded overflow-hidden\">\r\n                            <img decoding=\"async\" src=\"https:\/\/www.sescpr.com.br\/caioba\/wp-content\/uploads\/sites\/217\/2024\/05\/emfrentepraia-1.jpg\" alt=\"\" class=\"position-absolute top-0 w-100 h-100\" style=\"object-fit: cover; z-index: -1\">\r\n                            <h4 class=\"w-100 text-center bg-tertiary py-1 py-md-2 position-absolute bottom-0 m-0 text-white\" style=\"z-index: 3\"> Parque Aqu\u00e1tico <\/h4>\r\n                        <\/div>\r\n                    <\/a>\r\n                <\/div>\r\n                                            <div class=\"p-2 m-0\" style=\"aspect-ratio: 4\/2;\" style=\"z-index: 2\">\r\n                    <a href=\"https:\/\/www.sescpr.com.br\/caioba\/acomodacoes\/\">\r\n                        <div class=\"position-relative w-100 h-100 border border-tertiary border-1 rounded overflow-hidden\">\r\n                            <img decoding=\"async\" src=\"https:\/\/www.sescpr.com.br\/caioba\/wp-content\/uploads\/sites\/217\/2023\/10\/apartamento-superior-sesc-caioba-ivo-lima-4.jpg\" alt=\"\" class=\"position-absolute top-0 w-100 h-100\" style=\"object-fit: cover; z-index: -1\">\r\n                            <h4 class=\"w-100 text-center bg-tertiary py-1 py-md-2 position-absolute bottom-0 m-0 text-white\" style=\"z-index: 3\"> Acomoda\u00e7\u00f5es <\/h4>\r\n                        <\/div>\r\n                    <\/a>\r\n                <\/div>\r\n                    <\/div>\r\n    \r\n\r\n","protected":false},"excerpt":{"rendered":"<p> [&#8230;]<\/p>\n<p><small> <a class=\"btn btn-outline-primary p-0 px-3 rounded-1\" style=\"font-size: .8rem\"  href=\"https:\/\/www.sescpr.com.br\/caioba\/comodidades\/\">Leia mais.<span class=\"screen-reader-text\"> from Comodidades<\/span><\/a><\/small><\/p>\n","protected":false},"author":734,"featured_media":1249,"parent":0,"menu_order":0,"comment_status":"closed","ping_status":"closed","template":"","meta":{"hoteis_localizacao_acomodacao":"","hoteis_galeria_imgs":[],"hoteis_cardapio":"","hoteis_administracao_restaurante":"","hoteis_localizacao_informacao":"","footnotes":""},"yoast_head":"<!-- This site is optimized with the Yoast SEO plugin v19.10 - https:\/\/yoast.com\/wordpress\/plugins\/seo\/ -->\n<title>Hotel Sesc Caiob\u00e1: conhe\u00e7a as comodidades e servi\u00e7os oferecidos<\/title>\n<meta name=\"description\" content=\"Hotel em frente ao mar, com quatro piscinas, academia e tudo o que voc\u00ea precisa para uma estadia inesquec\u00edvel\" \/>\n<meta name=\"robots\" content=\"index, follow, max-snippet:-1, max-image-preview:large, max-video-preview:-1\" \/>\n<link rel=\"canonical\" href=\"https:\/\/www.sescpr.com.br\/caioba\/comodidades\/\" \/>\n<meta property=\"og:locale\" content=\"pt_BR\" \/>\n<meta property=\"og:type\" content=\"article\" \/>\n<meta property=\"og:title\" content=\"Hotel Sesc Caiob\u00e1: conhe\u00e7a as comodidades e servi\u00e7os oferecidos\" \/>\n<meta property=\"og:description\" content=\"Hotel em frente ao mar, com quatro piscinas, academia e tudo o que voc\u00ea precisa para uma estadia inesquec\u00edvel\" \/>\n<meta property=\"og:url\" content=\"https:\/\/www.sescpr.com.br\/caioba\/comodidades\/\" \/>\n<meta property=\"og:site_name\" content=\"Sesc Caiob\u00e1 - Centro de Turismo e Lazer\" \/>\n<meta property=\"article:modified_time\" content=\"2024-05-07T20:13:57+00:00\" \/>\n<meta property=\"og:image\" content=\"https:\/\/www.sescpr.com.br\/caioba\/wp-content\/uploads\/sites\/217\/2023\/10\/indice-1.jpg\" \/>\n\t<meta property=\"og:image:width\" content=\"1839\" \/>\n\t<meta property=\"og:image:height\" content=\"907\" \/>\n\t<meta property=\"og:image:type\" content=\"image\/jpeg\" \/>\n<meta name=\"twitter:card\" content=\"summary_large_image\" \/>\n<meta name=\"twitter:title\" content=\"Hotel Sesc Caiob\u00e1: conhe\u00e7a as comodidades e servi\u00e7os oferecidos\" \/>\n<meta name=\"twitter:description\" content=\"Hotel em frente ao mar, com quatro piscinas, academia e tudo o que voc\u00ea precisa para uma estadia inesquec\u00edvel\" \/>\n<meta name=\"twitter:image\" content=\"https:\/\/www.sescpr.com.br\/caioba\/wp-content\/uploads\/sites\/217\/2023\/10\/indice-1.jpg\" \/>\n<script type=\"application\/ld+json\" class=\"yoast-schema-graph\">{\"@context\":\"https:\/\/schema.org\",\"@graph\":[{\"@type\":\"WebPage\",\"@id\":\"https:\/\/www.sescpr.com.br\/caioba\/comodidades\/\",\"url\":\"https:\/\/www.sescpr.com.br\/caioba\/comodidades\/\",\"name\":\"Hotel Sesc Caiob\u00e1: conhe\u00e7a as comodidades e servi\u00e7os oferecidos\",\"isPartOf\":{\"@id\":\"https:\/\/www.sescpr.com.br\/caioba\/#website\"},\"datePublished\":\"2023-11-16T16:48:12+00:00\",\"dateModified\":\"2024-05-07T20:13:57+00:00\",\"description\":\"Hotel em frente ao mar, com quatro piscinas, academia e tudo o que voc\u00ea precisa para uma estadia inesquec\u00edvel\",\"breadcrumb\":{\"@id\":\"https:\/\/www.sescpr.com.br\/caioba\/comodidades\/#breadcrumb\"},\"inLanguage\":\"pt-BR\",\"potentialAction\":[{\"@type\":\"ReadAction\",\"target\":[\"https:\/\/www.sescpr.com.br\/caioba\/comodidades\/\"]}]},{\"@type\":\"BreadcrumbList\",\"@id\":\"https:\/\/www.sescpr.com.br\/caioba\/comodidades\/#breadcrumb\",\"itemListElement\":[{\"@type\":\"ListItem\",\"position\":1,\"name\":\"In\u00edcio\",\"item\":\"https:\/\/www.sescpr.com.br\/caioba\/\"},{\"@type\":\"ListItem\",\"position\":2,\"name\":\"Comodidades\"}]},{\"@type\":\"WebSite\",\"@id\":\"https:\/\/www.sescpr.com.br\/caioba\/#website\",\"url\":\"https:\/\/www.sescpr.com.br\/caioba\/\",\"name\":\"Sesc Caiob\u00e1 - Centro de Turismo e Lazer\",\"description\":\"Hotel Sesc Caiob\u00e1 - Hospedagem e Lazer o Ano Inteiro\",\"potentialAction\":[{\"@type\":\"SearchAction\",\"target\":{\"@type\":\"EntryPoint\",\"urlTemplate\":\"https:\/\/www.sescpr.com.br\/caioba\/?s={search_term_string}\"},\"query-input\":\"required name=search_term_string\"}],\"inLanguage\":\"pt-BR\"}]}<\/script>\n<!-- \/ Yoast SEO plugin. -->","yoast_head_json":{"title":"Hotel Sesc Caiob\u00e1: conhe\u00e7a as comodidades e servi\u00e7os oferecidos","description":"Hotel em frente ao mar, com quatro piscinas, academia e tudo o que voc\u00ea precisa para uma estadia inesquec\u00edvel","robots":{"index":"index","follow":"follow","max-snippet":"max-snippet:-1","max-image-preview":"max-image-preview:large","max-video-preview":"max-video-preview:-1"},"canonical":"https:\/\/www.sescpr.com.br\/caioba\/comodidades\/","og_locale":"pt_BR","og_type":"article","og_title":"Hotel Sesc Caiob\u00e1: conhe\u00e7a as comodidades e servi\u00e7os oferecidos","og_description":"Hotel em frente ao mar, com quatro piscinas, academia e tudo o que voc\u00ea precisa para uma estadia inesquec\u00edvel","og_url":"https:\/\/www.sescpr.com.br\/caioba\/comodidades\/","og_site_name":"Sesc Caiob\u00e1 - Centro de Turismo e Lazer","article_modified_time":"2024-05-07T20:13:57+00:00","og_image":[{"width":1839,"height":907,"url":"https:\/\/www.sescpr.com.br\/caioba\/wp-content\/uploads\/sites\/217\/2023\/10\/indice-1.jpg","type":"image\/jpeg"}],"twitter_card":"summary_large_image","twitter_title":"Hotel Sesc Caiob\u00e1: conhe\u00e7a as comodidades e servi\u00e7os oferecidos","twitter_description":"Hotel em frente ao mar, com quatro piscinas, academia e tudo o que voc\u00ea precisa para uma estadia inesquec\u00edvel","twitter_image":"https:\/\/www.sescpr.com.br\/caioba\/wp-content\/uploads\/sites\/217\/2023\/10\/indice-1.jpg","schema":{"@context":"https:\/\/schema.org","@graph":[{"@type":"WebPage","@id":"https:\/\/www.sescpr.com.br\/caioba\/comodidades\/","url":"https:\/\/www.sescpr.com.br\/caioba\/comodidades\/","name":"Hotel Sesc Caiob\u00e1: conhe\u00e7a as comodidades e servi\u00e7os oferecidos","isPartOf":{"@id":"https:\/\/www.sescpr.com.br\/caioba\/#website"},"datePublished":"2023-11-16T16:48:12+00:00","dateModified":"2024-05-07T20:13:57+00:00","description":"Hotel em frente ao mar, com quatro piscinas, academia e tudo o que voc\u00ea precisa para uma estadia inesquec\u00edvel","breadcrumb":{"@id":"https:\/\/www.sescpr.com.br\/caioba\/comodidades\/#breadcrumb"},"inLanguage":"pt-BR","potentialAction":[{"@type":"ReadAction","target":["https:\/\/www.sescpr.com.br\/caioba\/comodidades\/"]}]},{"@type":"BreadcrumbList","@id":"https:\/\/www.sescpr.com.br\/caioba\/comodidades\/#breadcrumb","itemListElement":[{"@type":"ListItem","position":1,"name":"In\u00edcio","item":"https:\/\/www.sescpr.com.br\/caioba\/"},{"@type":"ListItem","position":2,"name":"Comodidades"}]},{"@type":"WebSite","@id":"https:\/\/www.sescpr.com.br\/caioba\/#website","url":"https:\/\/www.sescpr.com.br\/caioba\/","name":"Sesc Caiob\u00e1 - Centro de Turismo e Lazer","description":"Hotel Sesc Caiob\u00e1 - Hospedagem e Lazer o Ano Inteiro","potentialAction":[{"@type":"SearchAction","target":{"@type":"EntryPoint","urlTemplate":"https:\/\/www.sescpr.com.br\/caioba\/?s={search_term_string}"},"query-input":"required name=search_term_string"}],"inLanguage":"pt-BR"}]}},"_links":{"self":[{"href":"https:\/\/www.sescpr.com.br\/caioba\/wp-json\/wp\/v2\/pages\/1552"}],"collection":[{"href":"https:\/\/www.sescpr.com.br\/caioba\/wp-json\/wp\/v2\/pages"}],"about":[{"href":"https:\/\/www.sescpr.com.br\/caioba\/wp-json\/wp\/v2\/types\/page"}],"author":[{"embeddable":true,"href":"https:\/\/www.sescpr.com.br\/caioba\/wp-json\/wp\/v2\/users\/734"}],"replies":[{"embeddable":true,"href":"https:\/\/www.sescpr.com.br\/caioba\/wp-json\/wp\/v2\/comments?post=1552"}],"version-history":[{"count":0,"href":"https:\/\/www.sescpr.com.br\/caioba\/wp-json\/wp\/v2\/pages\/1552\/revisions"}],"wp:featuredmedia":[{"embeddable":true,"href":"https:\/\/www.sescpr.com.br\/caioba\/wp-json\/wp\/v2\/media\/1249"}],"wp:attachment":[{"href":"https:\/\/www.sescpr.com.br\/caioba\/wp-json\/wp\/v2\/media?parent=1552"}],"curies":[{"name":"wp","href":"https:\/\/api.w.org\/{rel}","templated":true}]}}