{"id":952,"date":"2025-03-06T16:10:50","date_gmt":"2025-03-06T19:10:50","guid":{"rendered":"https:\/\/www.sescpr.com.br\/basquete3x3\/?page_id=952"},"modified":"2026-05-07T15:51:48","modified_gmt":"2026-05-07T18:51:48","slug":"notas-oficiais","status":"publish","type":"page","link":"https:\/\/www.sescpr.com.br\/basquete3x3\/notas-oficiais\/","title":{"rendered":"Notas Oficiais"},"content":{"rendered":"\n<h1 class=\"wp-block-heading\">Notas Oficiais<\/h1>\n\n\n\n<div style=\"height:50px\" aria-hidden=\"true\" class=\"wp-block-spacer\"><\/div>\n\n\n\n<p>Bem-vindo \u00e0 p\u00e1gina de notas oficiais do <strong>Basquete 3X3<\/strong> . Aqui voc\u00ea encontrar\u00e1 os documentos oficiais e comunicados relacionados ao evento, com todas as informa\u00e7\u00f5es importantes e atualiza\u00e7\u00f5es.<\/p>\n\n\n\n<h4 class=\"wp-block-heading has-text-align-left\"> <a href=\"https:\/\/www.sescpr.com.br\/basquete3x3\/wp-content\/uploads\/sites\/185\/2026\/05\/Nota-oficial-01.2026-3x3-2026.pdf\" target=\"_blank\" rel=\"noreferrer noopener\">Nota oficial 01\/2026<\/a><br><br><a href=\"https:\/\/www.sescpr.com.br\/basquete3x3\/wp-content\/uploads\/sites\/185\/2026\/05\/Nota-oficial-02.2026-3x3-2026-1.pdf\" target=\"_blank\" rel=\"noreferrer noopener\">Nota Oficial 02\/2026<\/a><\/h4>\n","protected":false},"excerpt":{"rendered":"<p>Notas Oficiais Bem-vindo \u00e0 p\u00e1gina de notas oficiais do Basquete 3X3 . Aqui voc\u00ea encontrar\u00e1 os documentos oficiais e comunicados relacionados ao evento, com todas as informa\u00e7\u00f5es importantes e atualiza\u00e7\u00f5es. Nota oficial 01\/2026Nota Oficial 02\/2026<\/p>\n","protected":false},"author":734,"featured_media":0,"parent":0,"menu_order":0,"comment_status":"closed","ping_status":"closed","template":"","meta":{"footnotes":""},"_links":{"self":[{"href":"https:\/\/www.sescpr.com.br\/basquete3x3\/wp-json\/wp\/v2\/pages\/952"}],"collection":[{"href":"https:\/\/www.sescpr.com.br\/basquete3x3\/wp-json\/wp\/v2\/pages"}],"about":[{"href":"https:\/\/www.sescpr.com.br\/basquete3x3\/wp-json\/wp\/v2\/types\/page"}],"author":[{"embeddable":true,"href":"https:\/\/www.sescpr.com.br\/basquete3x3\/wp-json\/wp\/v2\/users\/734"}],"replies":[{"embeddable":true,"href":"https:\/\/www.sescpr.com.br\/basquete3x3\/wp-json\/wp\/v2\/comments?post=952"}],"version-history":[{"count":0,"href":"https:\/\/www.sescpr.com.br\/basquete3x3\/wp-json\/wp\/v2\/pages\/952\/revisions"}],"wp:attachment":[{"href":"https:\/\/www.sescpr.com.br\/basquete3x3\/wp-json\/wp\/v2\/media?parent=952"}],"curies":[{"name":"wp","href":"https:\/\/api.w.org\/{rel}","templated":true}]}}