{"id":104,"date":"2022-08-25T13:40:45","date_gmt":"2022-08-25T16:40:45","guid":{"rendered":"https:\/\/www.sescpr.com.br\/basquete3x3\/?page_id=104"},"modified":"2022-08-25T13:40:45","modified_gmt":"2022-08-25T16:40:45","slug":"login","status":"publish","type":"page","link":"https:\/\/www.sescpr.com.br\/basquete3x3\/login\/","title":{"rendered":"login"},"content":{"rendered":" <div id='sesc-form-content' class='w-100'> <div class=\"d-block d-md-flex px-2 gap-2\"> <div class=\"col-12 col-lg-6 border-1\"> <div id=\"tab-login\" class=\"fv-form-wrapper form-container\"> <form id=\"sesc-form-login\" method=\"POST\" class=\"fv-form enablers\"> <div class=\"container form-container\"> <div class=\"row\"> <div class=\"col-12 text-center\"> <h4 class=\"mt-2\">Fa\u00e7a seu login com sua conta Sesc para se Inscrever. <\/h4> <\/div> <!-- TIPO LOGIN --> <div class=\"form-group col-12 mb-md-1 text-center\"> <label class=\" form-label d-block d-none\" for=\"sesc-form-login-option\">Op\u00e7\u00f5es<span class=\"required\">*<\/span> <\/label> <div class=\"form-check form-check-inline\"> <input id=\"sesc-form-login-option-login\" value=\"login\" autocomplete=\"off\" class=\"form-check-input\" checked=\"\" name=\"sesc-form-login-type\" type=\"radio\" data-required=\"1\" data-is-enabler=\"true\"> <label class=\"form-check-label\" for=\"sesc-form-login-option-login\">Login<\/label> <\/div> <div class=\"form-check form-check-inline 2\"> <input id=\"sesc-form-login-option-matricula\" value=\"matricula\" autocomplete=\"off\" class=\"form-check-input\" name=\"sesc-form-login-type\" type=\"radio\" data-required=\"1\" data-is-enabler=\"true\"> <label class=\"form-check-label\" for=\"sesc-form-login-option-matricula\">Matr\u00edcula<\/label> <\/div> <div class=\"form-check form-check-inline\"> <input id=\"sesc-form-login-option-cpf\" value=\"cpf\" autocomplete=\"off\" class=\"form-check-input\" name=\"sesc-form-login-type\" type=\"radio\" data-required=\"1\" data-is-enabler=\"true\"> <label class=\"form-check-label\" for=\"sesc-form-login-option-cpf\">CPF<\/label> <\/div> <div class=\"invalid-tooltip\">Informe a op\u00e7\u00e3o para realizar o login<\/div> <\/div> <!-- LOGIN --> <div class=\"form-group col-12 mb-3 mb-2\"> <label id=\"sesc-form-label-type\" class=\" form-label d-block label-data\" for=\"form-matricula\"> Login <\/label> <input id='sesc-form-log-login' name=\"sesc-form-login-n\" type=\"text\" class=\"form-control input-data\"> <div id=\"sesc-form-label-toll\" class=\"tool-login\"><\/div> <\/div> <!-- SENHA --> <div class=\"form-group col-12\"> <label class=\"form-label d-block\" for=\"form-senha\">Senha<span class=\"required\">*<\/span> <\/label> <input id=\"sesc-form-log-senha\" name=\"sesc-form-login-senha\" type=\"password\" class=\"form-control\" data-required=\"1\"> <div class=\"tool-senha\"><\/div> <\/div> <div id=\"sesc-form-resp-content\" class=\"col-12 form-msg-wrapper input-data\"><\/div> <div class=\"col-12 mt-4 mb-2 text-center\"> <!-- <div id=\"recaptcha-login\" class=\"g-recaptcha\" ><\/div> --> <button id=\"btn-submit-login\" type=\"submit\" role=\"button\" class=\"btn btn-lg btn-secondary px-3\">Entrar<\/button> <br> <a href=\"#\" class=\"call-reset-senha mt-4 btn btn-lg btn-secondary px-3\">Esqueci minha senha<\/a> <input id=\"sesc-form-id\" name=\"form-id\" value=\"89\" type=\"hidden\"> <\/div> <\/div> <\/div> <\/form> <div class=\"form-success\" style=\"display: none;\"><\/div> <\/div> <div id=\"tab-reset-senha\" class=\"card p-3 pb-4 fv-form-wrapper form-container\" style=\"display: none;\"> <form id=\"reset-senha\" method=\"POST\" class=\"fv-form enablers\"> <div class=\"container form-container\"> <div class=\"row\"> <div class=\"col-12 text-center\"> <h4 class=\"mt-2\">Recuperar senha <\/h4> <h5 class=\"mt-2 font-weight-light fs-6\">Insira abaixo seu login cadastrado ou o n\u00ba da sua Credencial Sesc para receber por e-mail o link e as instru\u00e7\u00f5es de como criar uma nova senha.<\/h5> <\/div> <!-- TIPO LOGIN --> <div class=\"form-group col-12 mb-md-1 text-center\"> <label class=\" form-label d-block d-none\" for=\"sesc-form-login-option\">Op\u00e7\u00f5es<span class=\"required\">*<\/span> <\/label> <div class=\"form-check form-check-inline\"> <input id=\"sesc-form-login-option-login-recupera\" value=\"login\" autocomplete=\"off\" class=\"form-check-input\" checked=\"\" name=\"sesc-form-login-type\" type=\"radio\" data-required=\"1\" data-is-enabler=\"true\"> <label class=\"form-check-label\" for=\"sesc-form-login-option-login-recupera\">Login<\/label> <\/div> <div class=\"form-check form-check-inline 2\"> <input id=\"sesc-form-login-option-matricula-recupera\" value=\"matricula\" autocomplete=\"off\" class=\"form-check-input\" name=\"sesc-form-login-type\" type=\"radio\" data-required=\"1\" data-is-enabler=\"true\"> <label class=\"form-check-label\" for=\"sesc-form-login-option-matricula-recupera\">Matr\u00edcula<\/label> <\/div> <div class=\"invalid-tooltip\">Informe a op\u00e7\u00e3o para realizar o login<\/div> <\/div> <!-- LOGIN --> <div class=\"form-group col-12 mb-3 mb-2\"> <label id=\"sesc-form-label-type\" class=\" form-label d-block label-data\" for=\"form-matricula\"> Login <\/label> <input id='sesc-form-log-login' name=\"sesc-form-login-n\" type=\"text\" class=\"form-control input-data\"> <div id=\"sesc-form-label-toll\" class=\"tool-login\"><\/div> <\/div> <div id=\"sesc-form-resp-content-reset\" class=\"col-12 form-msg-wrapper input-data\"><\/div> <div class=\"col-12 mt-4 mb-2 text-center\"> <!-- <div id=\"recaptcha-reset-senha\" class=\"g-recaptcha\" ><\/div> --> <button id=\"btn-submit-reset-senha\" type=\"submit\" role=\"button\" class=\"btn btn-lg btn-secondary px-3\" data-enabler=\"reset-login-option\" data-enabler-values=\"[&quot;matricula&quot;,&quot;login&quot;]\">Continuar<\/button> <div class=\"form-success\" style=\"display: none;\"><\/div> <div class=\"w-100\"><\/div> <a href=\"#\" class=\"call-login mt-4 btn btn-lg btn-secondary px-3\">Voltar<\/a> <\/div> <\/div> <\/div> <\/form> <\/div> <\/div> <div class=\"col-12 col-lg-6 border-1 p-0\"> <div class=\"fv-form-wrapper form-container text-center d-flex flex-column\" style=\"height: 100%\"> <div class=\"w-100 my-auto\"> <h4 class=\"mt-0 mt-md-2\"> N\u00e3o tenho login em Meu Sesc e desejo me cadastrar<\/h4> <div class=\"mt-3\"> <a href=\"https:\/\/www.sescpr.com.br\/basquete3x3\/inscricao\/??login=1&#038;v=1\"> <button class=\"btn btn-lg btn-secondary px-3\">Cadastre-se<\/button> <\/a> <\/div> <\/div> <\/div> <\/div> <\/div> <\/div> ","protected":false},"excerpt":{"rendered":"<p>Fa\u00e7a seu login com sua conta Sesc para se Inscrever. Op\u00e7\u00f5es* Login Matr\u00edcula CPF Informe a op\u00e7\u00e3o para realizar o login Login Senha* Entrar Esqueci minha senha Recuperar senha Insira abaixo seu login cadastrado ou o n\u00ba da sua Credencial Sesc para receber por e-mail o link e as instru\u00e7\u00f5es de como criar uma nova<\/p>\n","protected":false},"author":734,"featured_media":0,"parent":0,"menu_order":0,"comment_status":"closed","ping_status":"closed","template":"","meta":{"footnotes":""},"_links":{"self":[{"href":"https:\/\/www.sescpr.com.br\/basquete3x3\/wp-json\/wp\/v2\/pages\/104"}],"collection":[{"href":"https:\/\/www.sescpr.com.br\/basquete3x3\/wp-json\/wp\/v2\/pages"}],"about":[{"href":"https:\/\/www.sescpr.com.br\/basquete3x3\/wp-json\/wp\/v2\/types\/page"}],"author":[{"embeddable":true,"href":"https:\/\/www.sescpr.com.br\/basquete3x3\/wp-json\/wp\/v2\/users\/734"}],"replies":[{"embeddable":true,"href":"https:\/\/www.sescpr.com.br\/basquete3x3\/wp-json\/wp\/v2\/comments?post=104"}],"version-history":[{"count":1,"href":"https:\/\/www.sescpr.com.br\/basquete3x3\/wp-json\/wp\/v2\/pages\/104\/revisions"}],"predecessor-version":[{"id":107,"href":"https:\/\/www.sescpr.com.br\/basquete3x3\/wp-json\/wp\/v2\/pages\/104\/revisions\/107"}],"wp:attachment":[{"href":"https:\/\/www.sescpr.com.br\/basquete3x3\/wp-json\/wp\/v2\/media?parent=104"}],"curies":[{"name":"wp","href":"https:\/\/api.w.org\/{rel}","templated":true}]}}